{"id":3,"date":"2023-11-11T10:42:44","date_gmt":"2023-11-11T10:42:44","guid":{"rendered":"https:\/\/cammatch.io\/?page_id=3"},"modified":"2024-04-11T17:30:02","modified_gmt":"2024-04-11T17:30:02","slug":"privacy-policy","status":"publish","type":"page","link":"https:\/\/cammatch.io\/cs\/privacy-policy\/","title":{"rendered":"Z\u00e1sady ochrany osobn\u00edch \u00fadaj\u016f"},"content":{"rendered":"<h2 class=\"wp-block-heading\">Kdo jsme<\/h2>\n\n\n\n<p>Adresa na\u0161ich webov\u00fdch str\u00e1nek je: https:\/\/cammatch.io.<\/p>\n\n\n\n<h2 class=\"wp-block-heading\">Koment\u00e1\u0159e<\/h2>\n\n\n\n<p>Kdy\u017e n\u00e1v\u0161t\u011bvn\u00edci zanechaj\u00ed na webu koment\u00e1\u0159e, shroma\u017e\u010fujeme data zobrazen\u00e1 ve formul\u00e1\u0159i koment\u00e1\u0159\u016f a tak\u00e9 IP adresu n\u00e1v\u0161t\u011bvn\u00edka a \u0159et\u011bzec user-agent prohl\u00ed\u017ee\u010de, abychom pomohli s detekc\u00ed spamu.<\/p>\n\n\n\n<p>Slu\u017eb\u011b Gravatar m\u016f\u017ee b\u00fdt poskytnut anonymizovan\u00fd \u0159et\u011bzec vytvo\u0159en\u00fd z va\u0161\u00ed e-mailov\u00e9 adresy (naz\u00fdvan\u00fd tak\u00e9 hash), aby se zjistilo, zda ji pou\u017e\u00edv\u00e1te. Z\u00e1sady ochrany osobn\u00edch \u00fadaj\u016f slu\u017eby Gravatar jsou k dispozici zde: https:\/\/automattic.com\/privacy\/. Po schv\u00e1len\u00ed va\u0161eho koment\u00e1\u0159e bude v\u00e1\u0161 profilov\u00fd obr\u00e1zek viditeln\u00fd ve\u0159ejnosti v kontextu va\u0161eho koment\u00e1\u0159e.<\/p>\n\n\n\n<h2 class=\"wp-block-heading\">M\u00e9dia<\/h2>\n\n\n\n<p>Pokud nahr\u00e1v\u00e1te obr\u00e1zky na webov\u00e9 str\u00e1nky, m\u011bli byste se vyhnout nahr\u00e1v\u00e1n\u00ed obr\u00e1zk\u016f s vlo\u017een\u00fdmi \u00fadaji o poloze (EXIF GPS). N\u00e1v\u0161t\u011bvn\u00edci webov\u00fdch str\u00e1nek si mohou st\u00e1hnout a extrahovat jak\u00e9koli \u00fadaje o poloze z obr\u00e1zk\u016f na webov\u00fdch str\u00e1nk\u00e1ch.<\/p>\n\n\n\n<h2 class=\"wp-block-heading\">Soubory cookie<\/h2>\n\n\n\n<p>Pokud na na\u0161ich str\u00e1nk\u00e1ch zanech\u00e1te koment\u00e1\u0159, m\u016f\u017eete se p\u0159ihl\u00e1sit k ukl\u00e1d\u00e1n\u00ed sv\u00e9ho jm\u00e9na, e-mailov\u00e9 adresy a webov\u00fdch str\u00e1nek do soubor\u016f cookie. Tyto soubory slou\u017e\u00ed k va\u0161emu pohodl\u00ed, abyste nemuseli znovu vypl\u0148ovat sv\u00e9 \u00fadaje, kdy\u017e zanech\u00e1te dal\u0161\u00ed koment\u00e1\u0159. Tyto soubory cookie z\u016fstanou uchov\u00e1v\u00e1ny jeden rok.<\/p>\n\n\n\n<p>Pokud nav\u0161t\u00edv\u00edte na\u0161i p\u0159ihla\u0161ovac\u00ed str\u00e1nku, nastav\u00edme do\u010dasn\u00fd soubor cookie, abychom zjistili, zda v\u00e1\u0161 prohl\u00ed\u017ee\u010d soubory cookie akceptuje. Tento soubor cookie neobsahuje \u017e\u00e1dn\u00e9 osobn\u00ed \u00fadaje a po zav\u0159en\u00ed prohl\u00ed\u017ee\u010de se zama\u017ee.<\/p>\n\n\n\n<p>Po p\u0159ihl\u00e1\u0161en\u00ed tak\u00e9 nastav\u00edme n\u011bkolik soubor\u016f cookie, kter\u00e9 ukl\u00e1daj\u00ed va\u0161e p\u0159ihla\u0161ovac\u00ed \u00fadaje a va\u0161e volby zobrazen\u00ed obrazovky. P\u0159ihla\u0161ovac\u00ed soubory cookie plat\u00ed dva dny a soubory cookie s mo\u017enostmi zobrazen\u00ed plat\u00ed jeden rok. Pokud vyberete mo\u017enost \u201eZapamatovat si m\u011b\u201c, va\u0161e p\u0159ihl\u00e1\u0161en\u00ed bude platit dva t\u00fddny. Pokud se odhl\u00e1s\u00edte ze sv\u00e9ho \u00fa\u010dtu, p\u0159ihla\u0161ovac\u00ed soubory cookie budou odstran\u011bny.<\/p>\n\n\n\n<p>Pokud uprav\u00edte nebo publikujete \u010dl\u00e1nek, bude ve va\u0161em prohl\u00ed\u017ee\u010di ulo\u017een dal\u0161\u00ed soubor cookie. Tento soubor cookie neobsahuje \u017e\u00e1dn\u00e9 osobn\u00ed \u00fadaje a pouze uv\u00e1d\u00ed ID p\u0159\u00edsp\u011bvku, kter\u00fd jste pr\u00e1v\u011b upravili. Jeho platnost vypr\u0161\u00ed po 1 dni.<\/p>\n\n\n\n<h2 class=\"wp-block-heading\">Vlo\u017een\u00fd obsah z jin\u00fdch webov\u00fdch str\u00e1nek<\/h2>\n\n\n\n<p>\u010cl\u00e1nky na tomto webu mohou obsahovat vlo\u017een\u00fd obsah (nap\u0159. videa, obr\u00e1zky, \u010dl\u00e1nky atd.). Vlo\u017een\u00fd obsah z jin\u00fdch webov\u00fdch str\u00e1nek se chov\u00e1 \u00fapln\u011b stejn\u011b, jako kdyby n\u00e1v\u0161t\u011bvn\u00edk nav\u0161t\u00edvil dan\u00fd web.<\/p>\n\n\n\n<p>Tyto webov\u00e9 str\u00e1nky mohou shroma\u017e\u010fovat \u00fadaje o v\u00e1s, pou\u017e\u00edvat soubory cookie, vkl\u00e1dat dal\u0161\u00ed sledov\u00e1n\u00ed t\u0159et\u00edch stran a monitorovat va\u0161i interakci s t\u00edmto vlo\u017een\u00fdm obsahem, v\u010detn\u011b sledov\u00e1n\u00ed va\u0161\u00ed interakce s vlo\u017een\u00fdm obsahem, pokud m\u00e1te \u00fa\u010det a jste na dan\u00fdch webov\u00fdch str\u00e1nk\u00e1ch p\u0159ihl\u00e1\u0161eni.<\/p>\n\n\n\n<h2 class=\"wp-block-heading\">S k\u00fdm sd\u00edl\u00edme va\u0161e data<\/h2>\n\n\n\n<p>Pokud po\u017e\u00e1d\u00e1te o resetov\u00e1n\u00ed hesla, bude va\u0161e IP adresa uvedena v e-mailu s \u017e\u00e1dost\u00ed o resetov\u00e1n\u00ed.<\/p>\n\n\n\n<h2 class=\"wp-block-heading\">Jak dlouho uchov\u00e1v\u00e1me va\u0161e \u00fadaje<\/h2>\n\n\n\n<p>Pokud zanech\u00e1te koment\u00e1\u0159, koment\u00e1\u0159 a jeho metadata z\u016fstanou uchov\u00e1v\u00e1ny na dobu neur\u010ditou. To proto, abychom mohli automaticky rozpoznat a schv\u00e1lit ve\u0161ker\u00e9 n\u00e1sledn\u00e9 koment\u00e1\u0159e, m\u00edsto abychom je dr\u017eeli ve front\u011b na moderov\u00e1n\u00ed.<\/p>\n\n\n\n<p>Pro u\u017eivatele, kte\u0159\u00ed se zaregistruj\u00ed na na\u0161ich webov\u00fdch str\u00e1nk\u00e1ch (pokud existuj\u00ed), ukl\u00e1d\u00e1me tak\u00e9 osobn\u00ed \u00fadaje, kter\u00e9 poskytnou, do jejich u\u017eivatelsk\u00e9ho profilu. V\u0161ichni u\u017eivatel\u00e9 si mohou sv\u00e9 osobn\u00ed \u00fadaje kdykoli prohl\u00ed\u017eet, upravovat nebo mazat (s v\u00fdjimkou mo\u017enosti zm\u011bnit si u\u017eivatelsk\u00e9 jm\u00e9no). Tyto informace mohou prohl\u00ed\u017eet a upravovat i spr\u00e1vci webov\u00fdch str\u00e1nek.<\/p>\n\n\n\n<h2 class=\"wp-block-heading\">Jak\u00e1 m\u00e1te pr\u00e1va ohledn\u011b sv\u00fdch \u00fadaj\u016f<\/h2>\n\n\n\n<p>Pokud m\u00e1te na tomto webu \u00fa\u010det nebo jste zanechali koment\u00e1\u0159e, m\u016f\u017eete po\u017e\u00e1dat o exportovan\u00fd soubor s osobn\u00edmi \u00fadaji, kter\u00e9 o v\u00e1s uchov\u00e1v\u00e1me, v\u010detn\u011b \u00fadaj\u016f, kter\u00e9 jste n\u00e1m poskytli. M\u016f\u017eete tak\u00e9 po\u017e\u00e1dat o vymaz\u00e1n\u00ed ve\u0161ker\u00fdch osobn\u00edch \u00fadaj\u016f, kter\u00e9 o v\u00e1s uchov\u00e1v\u00e1me. To nezahrnuje \u017e\u00e1dn\u00e9 \u00fadaje, kter\u00e9 jsme povinni uchov\u00e1vat pro administrativn\u00ed, pr\u00e1vn\u00ed nebo bezpe\u010dnostn\u00ed \u00fa\u010dely.<\/p>\n\n\n\n<h2 class=\"wp-block-heading\">Kam jsou va\u0161e data odes\u00edl\u00e1na<\/h2>\n\n\n\n<p>Koment\u00e1\u0159e n\u00e1v\u0161t\u011bvn\u00edk\u016f mohou b\u00fdt kontrolov\u00e1ny pomoc\u00ed automatizovan\u00e9 slu\u017eby pro detekci spamu.<\/p>","protected":false},"excerpt":{"rendered":"<p>Who we are Our website address is: https:\/\/cammatch.io. Comments When visitors leave comments on the site we collect the data shown in the comments form, and also the visitor\u2019s IP address and browser user agent string to help spam detection. An anonymized string created from your email address (also called a hash) may be provided [&hellip;]<\/p>","protected":false},"author":1,"featured_media":0,"parent":0,"menu_order":0,"comment_status":"closed","ping_status":"open","template":"","meta":{"footnotes":""},"class_list":["post-3","page","type-page","status-publish","hentry"],"yoast_head":"<!-- This site is optimized with the Yoast SEO plugin v26.8 - https:\/\/yoast.com\/product\/yoast-seo-wordpress\/ -->\n<title>Privacy Policy - Cam Match<\/title>\n<meta name=\"description\" content=\"Discover how we safeguard your information and ensure confidentiality throughout your online journey with us!\" \/>\n<meta name=\"robots\" content=\"index, follow, max-snippet:-1, max-image-preview:large, max-video-preview:-1\" \/>\n<link rel=\"canonical\" href=\"https:\/\/cammatch.io\/cs\/privacy-policy\/\" \/>\n<meta property=\"og:locale\" content=\"cs_CZ\" \/>\n<meta property=\"og:type\" content=\"article\" \/>\n<meta property=\"og:title\" content=\"Privacy Policy - Cam Match\" \/>\n<meta property=\"og:description\" content=\"Discover how we safeguard your information and ensure confidentiality throughout your online journey with us!\" \/>\n<meta property=\"og:url\" content=\"https:\/\/cammatch.io\/cs\/privacy-policy\/\" \/>\n<meta property=\"og:site_name\" content=\"Cam Match\" \/>\n<meta property=\"article:modified_time\" content=\"2024-04-11T17:30:02+00:00\" \/>\n<meta name=\"twitter:card\" content=\"summary_large_image\" \/>\n<meta name=\"twitter:label1\" content=\"Odhadovan\u00e1 doba \u010dten\u00ed\" \/>\n\t<meta name=\"twitter:data1\" content=\"3 minuty\" \/>\n<script type=\"application\/ld+json\" class=\"yoast-schema-graph\">{\"@context\":\"https:\/\/schema.org\",\"@graph\":[{\"@type\":\"WebPage\",\"@id\":\"https:\/\/cammatch.io\/privacy-policy\/\",\"url\":\"https:\/\/cammatch.io\/privacy-policy\/\",\"name\":\"Privacy Policy - Cam Match\",\"isPartOf\":{\"@id\":\"https:\/\/cammatch.io\/#website\"},\"datePublished\":\"2023-11-11T10:42:44+00:00\",\"dateModified\":\"2024-04-11T17:30:02+00:00\",\"description\":\"Discover how we safeguard your information and ensure confidentiality throughout your online journey with us!\",\"breadcrumb\":{\"@id\":\"https:\/\/cammatch.io\/privacy-policy\/#breadcrumb\"},\"inLanguage\":\"cs\",\"potentialAction\":[{\"@type\":\"ReadAction\",\"target\":[\"https:\/\/cammatch.io\/privacy-policy\/\"]}]},{\"@type\":\"BreadcrumbList\",\"@id\":\"https:\/\/cammatch.io\/privacy-policy\/#breadcrumb\",\"itemListElement\":[{\"@type\":\"ListItem\",\"position\":1,\"name\":\"Home\",\"item\":\"https:\/\/cammatch.io\/\"},{\"@type\":\"ListItem\",\"position\":2,\"name\":\"Privacy Policy\"}]},{\"@type\":\"WebSite\",\"@id\":\"https:\/\/cammatch.io\/#website\",\"url\":\"https:\/\/cammatch.io\/\",\"name\":\"Cam Match\",\"description\":\"\",\"potentialAction\":[{\"@type\":\"SearchAction\",\"target\":{\"@type\":\"EntryPoint\",\"urlTemplate\":\"https:\/\/cammatch.io\/?s={search_term_string}\"},\"query-input\":{\"@type\":\"PropertyValueSpecification\",\"valueRequired\":true,\"valueName\":\"search_term_string\"}}],\"inLanguage\":\"cs\"}]}<\/script>\n<!-- \/ Yoast SEO plugin. -->","yoast_head_json":{"title":"Z\u00e1sady ochrany osobn\u00edch \u00fadaj\u016f \u2013 Cam Match","description":"Zjist\u011bte, jak chr\u00e1n\u00edme va\u0161e informace a zaji\u0161\u0165ujeme d\u016fv\u011brnost b\u011bhem va\u0161eho online nakupov\u00e1n\u00ed u n\u00e1s!","robots":{"index":"index","follow":"follow","max-snippet":"max-snippet:-1","max-image-preview":"max-image-preview:large","max-video-preview":"max-video-preview:-1"},"canonical":"https:\/\/cammatch.io\/cs\/privacy-policy\/","og_locale":"cs_CZ","og_type":"article","og_title":"Privacy Policy - Cam Match","og_description":"Discover how we safeguard your information and ensure confidentiality throughout your online journey with us!","og_url":"https:\/\/cammatch.io\/cs\/privacy-policy\/","og_site_name":"Cam Match","article_modified_time":"2024-04-11T17:30:02+00:00","twitter_card":"summary_large_image","twitter_misc":{"Odhadovan\u00e1 doba \u010dten\u00ed":"3 minuty"},"schema":{"@context":"https:\/\/schema.org","@graph":[{"@type":"WebPage","@id":"https:\/\/cammatch.io\/privacy-policy\/","url":"https:\/\/cammatch.io\/privacy-policy\/","name":"Z\u00e1sady ochrany osobn\u00edch \u00fadaj\u016f \u2013 Cam Match","isPartOf":{"@id":"https:\/\/cammatch.io\/#website"},"datePublished":"2023-11-11T10:42:44+00:00","dateModified":"2024-04-11T17:30:02+00:00","description":"Zjist\u011bte, jak chr\u00e1n\u00edme va\u0161e informace a zaji\u0161\u0165ujeme d\u016fv\u011brnost b\u011bhem va\u0161eho online nakupov\u00e1n\u00ed u n\u00e1s!","breadcrumb":{"@id":"https:\/\/cammatch.io\/privacy-policy\/#breadcrumb"},"inLanguage":"cs","potentialAction":[{"@type":"ReadAction","target":["https:\/\/cammatch.io\/privacy-policy\/"]}]},{"@type":"BreadcrumbList","@id":"https:\/\/cammatch.io\/privacy-policy\/#breadcrumb","itemListElement":[{"@type":"ListItem","position":1,"name":"Home","item":"https:\/\/cammatch.io\/"},{"@type":"ListItem","position":2,"name":"Privacy Policy"}]},{"@type":"WebSite","@id":"https:\/\/cammatch.io\/#website","url":"https:\/\/cammatch.io\/","name":"Shoda s kamerou","description":"","potentialAction":[{"@type":"SearchAction","target":{"@type":"EntryPoint","urlTemplate":"https:\/\/cammatch.io\/?s={search_term_string}"},"query-input":{"@type":"PropertyValueSpecification","valueRequired":true,"valueName":"search_term_string"}}],"inLanguage":"cs"}]}},"_links":{"self":[{"href":"https:\/\/cammatch.io\/cs\/wp-json\/wp\/v2\/pages\/3","targetHints":{"allow":["GET"]}}],"collection":[{"href":"https:\/\/cammatch.io\/cs\/wp-json\/wp\/v2\/pages"}],"about":[{"href":"https:\/\/cammatch.io\/cs\/wp-json\/wp\/v2\/types\/page"}],"author":[{"embeddable":true,"href":"https:\/\/cammatch.io\/cs\/wp-json\/wp\/v2\/users\/1"}],"replies":[{"embeddable":true,"href":"https:\/\/cammatch.io\/cs\/wp-json\/wp\/v2\/comments?post=3"}],"version-history":[{"count":1,"href":"https:\/\/cammatch.io\/cs\/wp-json\/wp\/v2\/pages\/3\/revisions"}],"predecessor-version":[{"id":335,"href":"https:\/\/cammatch.io\/cs\/wp-json\/wp\/v2\/pages\/3\/revisions\/335"}],"wp:attachment":[{"href":"https:\/\/cammatch.io\/cs\/wp-json\/wp\/v2\/media?parent=3"}],"curies":[{"name":"wp","href":"https:\/\/api.w.org\/{rel}","templated":true}]}}