{"id":309,"date":"2022-11-06T19:44:28","date_gmt":"2022-11-06T19:44:28","guid":{"rendered":"https:\/\/export.mercurytheme.com\/001\/?page_id=2"},"modified":"2025-11-21T07:23:09","modified_gmt":"2025-11-21T07:23:09","slug":"home","status":"publish","type":"page","link":"https:\/\/cammatch.io\/cs\/","title":{"rendered":"Domov"},"content":{"rendered":"<div class=\"wp-block-cover alignfull is-light\" style=\"min-height:600px;aspect-ratio:unset;\"><span aria-hidden=\"true\" class=\"wp-block-cover__background has-background-dim\"><\/span><img loading=\"lazy\" decoding=\"async\" width=\"1024\" height=\"1024\" class=\"wp-block-cover__image-background wp-image-315\" alt=\"\" src=\"https:\/\/cammatch.io\/wp-content\/uploads\/2023\/11\/cam-match.jpg\" data-object-fit=\"cover\" srcset=\"https:\/\/cammatch.io\/wp-content\/uploads\/2023\/11\/cam-match.jpg 1024w, https:\/\/cammatch.io\/wp-content\/uploads\/2023\/11\/cam-match-300x300.jpg 300w, https:\/\/cammatch.io\/wp-content\/uploads\/2023\/11\/cam-match-150x150.jpg 150w, https:\/\/cammatch.io\/wp-content\/uploads\/2023\/11\/cam-match-768x768.jpg 768w, https:\/\/cammatch.io\/wp-content\/uploads\/2023\/11\/cam-match-40x40.jpg 40w, https:\/\/cammatch.io\/wp-content\/uploads\/2023\/11\/cam-match-50x50.jpg 50w, https:\/\/cammatch.io\/wp-content\/uploads\/2023\/11\/cam-match-100x100.jpg 100w, https:\/\/cammatch.io\/wp-content\/uploads\/2023\/11\/cam-match-120x120.jpg 120w, https:\/\/cammatch.io\/wp-content\/uploads\/2023\/11\/cam-match-135x135.jpg 135w, https:\/\/cammatch.io\/wp-content\/uploads\/2023\/11\/cam-match-270x270.jpg 270w, https:\/\/cammatch.io\/wp-content\/uploads\/2023\/11\/cam-match-450x450.jpg 450w, https:\/\/cammatch.io\/wp-content\/uploads\/2023\/11\/cam-match-479x479.jpg 479w, https:\/\/cammatch.io\/wp-content\/uploads\/2023\/11\/cam-match-570x570.jpg 570w, https:\/\/cammatch.io\/wp-content\/uploads\/2023\/11\/cam-match-767x767.jpg 767w, https:\/\/cammatch.io\/wp-content\/uploads\/2023\/11\/cam-match-32x32.jpg 32w, https:\/\/cammatch.io\/wp-content\/uploads\/2023\/11\/cam-match-80x80.jpg 80w\" sizes=\"auto, (max-width: 1024px) 100vw, 1024px\" \/><div class=\"wp-block-cover__inner-container is-layout-flow wp-block-cover-is-layout-flow\">\n<div style=\"height:100px\" aria-hidden=\"true\" class=\"wp-block-spacer\"><\/div>\n\n\n\n<h2 class=\"wp-block-heading has-text-align-center\" style=\"font-size:51px;font-style:italic;font-weight:900\">N\u00e1hodn\u00fd videochat 1v1<\/h2>\n\n\n\n<p class=\"has-text-align-center\" style=\"font-style:normal;font-weight:100\">Shoda s <a href=\"https:\/\/cammatch.io\/cs\/talkwithstranger\/\">N\u00e1hodn\u00ed cizinci<\/a> z cel\u00e9ho sv\u011bta prost\u0159ednictv\u00edm <a href=\"https:\/\/cammatch.io\/cs\/wireclub\/\">videochat<\/a>.<\/p>\n\n\n\n<div class=\"wp-block-buttons is-layout-flex wp-block-buttons-is-layout-flex\">\n<div class=\"wp-block-button aligncenter\"><a class=\"wp-block-button__link has-mercury-white-color has-luminous-vivid-amber-background-color has-text-color has-background wp-element-button\" href=\"https:\/\/cammatch.io\/cs\/coomeet\/\">Za\u010d\u00edt s p\u00e1rov\u00e1n\u00edm<\/a><\/div>\n<\/div>\n\n\n\n<div style=\"height:100px\" aria-hidden=\"true\" class=\"wp-block-spacer\"><\/div>\n<\/div><\/div>\n\n\n\n\n\n<div style=\"height:30px\" aria-hidden=\"true\" class=\"wp-block-spacer\"><\/div>\n\n\n\n<p class=\"has-text-align-center has-text-color has-small-font-size\" style=\"color:#7f8c8d\">Tyto str\u00e1nky jsou ur\u010deny v\u00fdhradn\u011b pro u\u017eivatele star\u0161\u00ed 18 let. P\u0159\u00edstupem na tyto str\u00e1nky a jejich pou\u017e\u00edv\u00e1n\u00edm potvrzujete, \u017ee v\u00e1m je alespo\u0148 18 let.<\/p>\n\n\n\n<div style=\"height:30px\" aria-hidden=\"true\" class=\"wp-block-spacer\"><\/div>\n\n\n\n<h2 class=\"wp-block-heading\"><strong>V\u00edtejte na Cam Match \u2013 dokonal\u00e9m z\u00e1\u017eitku z videochatu!<\/strong><\/h2>\n\n\n\n<p><strong>\ud83c\udf10 Okam\u017eit\u00e9 spojen\u00ed po cel\u00e9m sv\u011bt\u011b:<\/strong> V Cam Match bo\u0159\u00edme geografick\u00e9 bari\u00e9ry. <a href=\"https:\/\/cammatch.io\/cs\/bazoocam\/\">P\u0159ipojit<\/a> s lidmi ze v\u0161ech kout\u016f sv\u011bta jedin\u00fdm kliknut\u00edm. A\u0165 u\u017e hled\u00e1te p\u0159\u00e1telsk\u00e9 <a href=\"https:\/\/cammatch.io\/cs\/tohla\/\">pov\u00edd\u00e1n\u00ed<\/a>, kulturn\u00ed v\u00fdm\u011bna nebo n\u011bco v\u00edc, Cam Match v\u00e1m okam\u017eit\u011b p\u0159inese sv\u011bt na obrazovku.<\/p>\n\n\n\n<p><strong>\ud83c\udfad Absolutn\u00ed anonymita:<\/strong> Va\u0161e soukrom\u00ed je na\u0161\u00ed prioritou. U\u017eijte si konverzaci bez obav z odhalen\u00ed va\u0161\u00ed identity. Na\u0161e platforma zaji\u0161\u0165uje naprostou anonymitu \u2013 \u017e\u00e1dn\u00e9 osobn\u00ed \u00fadaje, \u017e\u00e1dn\u00e9 profily, pouze \u010dist\u00e1, spont\u00e1nn\u00ed interakce.<\/p>\n\n\n\n<p><strong>\ud83c\udf1f Snadn\u00e9 a dostupn\u00e9:<\/strong> \u017d\u00e1dn\u00e9 slo\u017eit\u00e9 registrace ani stahov\u00e1n\u00ed. P\u0159\u00edstup k Cam Match z jak\u00e9hokoli za\u0159\u00edzen\u00ed s p\u0159ipojen\u00edm k internetu. Na\u0161e u\u017eivatelsky p\u0159\u00edv\u011btiv\u00e9 rozhran\u00ed usnad\u0148uje videochatov\u00e1n\u00ed pro ka\u017ed\u00e9ho.<\/p>\n\n\n\n<p><strong>\ud83d\udd12 Bezpe\u010dn\u00e9 a chr\u00e1n\u011bn\u00e9:<\/strong> Va\u0161i bezpe\u010dnost klademe d\u016fraz na na\u0161e nejmodern\u011bj\u0161\u00ed \u0161ifrov\u00e1n\u00ed a moderov\u00e1n\u00ed. Bu\u010fte v bezpe\u010d\u00ed s v\u011bdom\u00edm, \u017ee va\u0161e konverzace a data jsou chr\u00e1n\u011bny.<\/p>\n\n\n\n<p><strong>\ud83c\udf08 Rozmanit\u00e1 komunita:<\/strong> S tis\u00edci u\u017eivatel\u016f online v dan\u00e9m okam\u017eiku budete <a href=\"https:\/\/cammatch.io\/cs\/meetskip\/\">setkat se<\/a> \u0161irok\u00e9 spektrum lid\u00ed z r\u016fzn\u00e9ho prost\u0159ed\u00ed, z\u00e1jm\u016f a kultur. Ka\u017ed\u00fd chat je p\u0159\u00edle\u017eitost\u00ed k jedine\u010dn\u00e9mu a obohacuj\u00edc\u00edmu z\u00e1\u017eitku.<\/p>\n\n\n\n<p><strong>\ud83c\udfa5 Vysoce kvalitn\u00ed video a zvuk:<\/strong> Za\u017eijte k\u0159i\u0161\u0165\u00e1lov\u011b \u010distou kvalitu videa a zvuku. Na\u0161e platforma zaji\u0161\u0165uje, \u017ee va\u0161e konverzace budou co nejrealisti\u010dt\u011bj\u0161\u00ed a neru\u0161en\u00e9.<\/p>\n\n\n\n<p><strong>\ud83c\udfb2 N\u00e1hodn\u00e9 <a href=\"https:\/\/cammatch.io\/cs\/luckycrush\/\">Vhodn\u00fd<\/a> Algoritmus:<\/strong> Nechte osud vybrat va\u0161eho dal\u0161\u00edho partnera pro konverzaci. N\u00e1\u0161 algoritmus n\u00e1hodn\u00e9ho p\u00e1rov\u00e1n\u00ed v\u00e1s spoj\u00ed s nov\u00fdmi a zaj\u00edmav\u00fdmi lidmi poka\u017ed\u00e9, kdy\u017e kliknete na tla\u010d\u00edtko \u201eDal\u0161\u00ed\u201c.<\/p>\n\n\n\n<p><strong>\ud83e\udd16 Funkce s um\u011blou inteligenc\u00ed:<\/strong> Vyu\u017eijte pokro\u010dil\u00e9 funkce, jako jsou filtry obli\u010deje s um\u011blou inteligenc\u00ed a p\u0159eklad jazyk\u016f. P\u0159ekonejte jazykov\u00e9 bari\u00e9ry a dodejte sv\u00fdm konverzac\u00edm z\u00e1bavn\u00fd n\u00e1dech.<\/p>\n\n\n\n<p><strong>\ud83d\udcf1 Optimalizovan\u00e9 pro mobiln\u00ed za\u0159\u00edzen\u00ed:<\/strong> Vezm\u011bte si Cam Match s sebou! Na\u0161e platforma je optimalizov\u00e1na pro mobiln\u00ed za\u0159\u00edzen\u00ed, co\u017e zaji\u0161\u0165uje bezprobl\u00e9mov\u00fd chat, a\u0165 jste kdekoli.<\/p>\n\n\n\n<div style=\"height:60px\" aria-hidden=\"true\" class=\"wp-block-spacer\"><\/div>\n\n\n\n<div class=\"wp-block-cover alignfull\"><img loading=\"lazy\" decoding=\"async\" width=\"1254\" height=\"836\" class=\"wp-block-cover__image-background wp-image-313\" alt=\"\" src=\"https:\/\/cammatch.io\/wp-content\/uploads\/2023\/11\/chatting.jpg\" data-object-fit=\"cover\" srcset=\"https:\/\/cammatch.io\/wp-content\/uploads\/2023\/11\/chatting.jpg 1254w, https:\/\/cammatch.io\/wp-content\/uploads\/2023\/11\/chatting-300x200.jpg 300w, https:\/\/cammatch.io\/wp-content\/uploads\/2023\/11\/chatting-1024x683.jpg 1024w, https:\/\/cammatch.io\/wp-content\/uploads\/2023\/11\/chatting-768x512.jpg 768w, https:\/\/cammatch.io\/wp-content\/uploads\/2023\/11\/chatting-60x40.jpg 60w, https:\/\/cammatch.io\/wp-content\/uploads\/2023\/11\/chatting-48x32.jpg 48w, https:\/\/cammatch.io\/wp-content\/uploads\/2023\/11\/chatting-120x80.jpg 120w, https:\/\/cammatch.io\/wp-content\/uploads\/2023\/11\/chatting-203x135.jpg 203w\" sizes=\"auto, (max-width: 1254px) 100vw, 1254px\" \/><span aria-hidden=\"true\" class=\"wp-block-cover__background has-background-dim-70 has-background-dim\"><\/span><div class=\"wp-block-cover__inner-container is-layout-flow wp-block-cover-is-layout-flow\">\n<div style=\"height:60px\" aria-hidden=\"true\" class=\"wp-block-spacer\"><\/div>\n\n\n\n<div style=\"height:60px\" aria-hidden=\"true\" class=\"wp-block-spacer\"><\/div>\n\n\n\n<h3 class=\"wp-block-heading\"><strong>Cam Match \u2013 Kde je ka\u017ed\u00e9 kliknut\u00ed nov\u00fdm dobrodru\u017estv\u00edm!<\/strong><\/h3>\n\n\n\n<p>Vydejte se na cestu za pozn\u00e1v\u00e1n\u00edm a objevov\u00e1n\u00edm je\u0161t\u011b dnes. P\u0159ipojte se ke Cam Match \u2013 je to zdarma, z\u00e1bavn\u00e9 a jen jedno kliknut\u00ed daleko!<\/p>\n<\/div><\/div>\n\n\n\n<div style=\"height:60px\" aria-hidden=\"true\" class=\"wp-block-spacer\"><\/div>\n\n\n\n<h3 class=\"wp-block-heading\">Okam\u017eit\u011b se spojte, chatujte voln\u011b<\/h3>\n\n\n\n<p><strong>CamMatch.io<\/strong> je bezprobl\u00e9mov\u00fd port\u00e1l pro spont\u00e1nn\u00ed, individu\u00e1ln\u00ed setk\u00e1n\u00ed <a href=\"https:\/\/cammatch.io\/cs\/tandoo\/\">videohovory<\/a>Zapome\u0148te na slo\u017eitosti modern\u00edch soci\u00e1ln\u00edch m\u00e9di\u00ed a osvojte si jednoduch\u00fd zp\u016fsob, jak se sezn\u00e1mit s nov\u00fdmi lidmi z cel\u00e9ho sv\u011bta. Snadn\u00fd a p\u0159\u00edmo\u010dar\u00fd proces, bez z\u00e1vazk\u016f \u2013 jen skute\u010dn\u00e9 lidsk\u00e9 spojen\u00ed.<\/p>\n\n\n\n<h4 class=\"wp-block-heading\">Pro\u010d CamMatch.io?<\/h4>\n\n\n\n<ul class=\"wp-block-list\">\n<li><strong>Okam\u017eit\u00e9 p\u0159ipojen\u00ed:<\/strong> Sko\u010dit rovnou do <a href=\"https:\/\/cammatch.io\/cs\/1v1-video-chat\/\">1v1<\/a> chaty bez nutnosti zdlouhav\u00e9 registrace.<\/li>\n\n\n\n<li><strong>Bezpe\u010dn\u00e9 a zabezpe\u010den\u00e9:<\/strong> U\u017eijte si soukrom\u00fd prostor navr\u017een\u00fd s ohledem na va\u0161i bezpe\u010dnost.<\/li>\n\n\n\n<li><strong>Snadn\u00e9 pou\u017eit\u00ed:<\/strong> Na\u0161e intuitivn\u00ed platforma znamen\u00e1 \u017e\u00e1dn\u00e9 slo\u017eit\u00e9 kroky \u2013 sta\u010d\u00ed kliknout a p\u0159ipojit se.<\/li>\n\n\n\n<li><strong>Glob\u00e1ln\u00ed komunita:<\/strong> Seznamte se s r\u016fznorod\u00fdmi a zaj\u00edmav\u00fdmi lidmi, kte\u0159\u00ed jsou p\u0159ipraveni si popov\u00eddat kdykoli a kdekoli.<\/li>\n<\/ul>\n\n\n\n<h4 class=\"wp-block-heading\">Jak to funguje<\/h4>\n\n\n\n<ol class=\"wp-block-list\">\n<li><strong>Klikn\u011bte pro chat:<\/strong> Stiskn\u011bte tla\u010d\u00edtko \u201eZah\u00e1jit chat\u201c a okam\u017eit\u011b se sp\u00e1rujte s n\u011bk\u00fdm nov\u00fdm.<\/li>\n\n\n\n<li><strong>Okam\u017eit\u00e9 p\u0159ipojen\u00ed:<\/strong> U\u017eijte si bezprobl\u00e9mov\u00fd videochat s minim\u00e1ln\u00edm zpo\u017ed\u011bn\u00edm.<\/li>\n\n\n\n<li><strong>Poj\u010f d\u00e1l nebo se spoj hloub\u011bji:<\/strong> Ukon\u010dete konverzaci kdykoli nebo z\u016fsta\u0148te pro smyslupln\u00e9 spojen\u00ed.<\/li>\n<\/ol>\n\n\n\n<h4 class=\"wp-block-heading\">P\u0159ipojte se k revoluci<\/h4>\n\n\n\n<p>Odstupte od p\u0159edem naprogramovan\u00fdch interakc\u00ed a pono\u0159te se do skute\u010dn\u00fdch konverzac\u00ed. A\u0165 u\u017e hled\u00e1te rychl\u00e9 pozdraven\u00ed nebo hlub\u0161\u00ed spojen\u00ed, <strong>CamMatch.io<\/strong> je va\u0161\u00edm obl\u00edben\u00fdm m\u00edstem pro bezprobl\u00e9mov\u00e9 videochaty 1 na 1. Za\u010dn\u011bte s n\u00e1mi svou cestu je\u0161t\u011b dnes a za\u017eijte svobodu skute\u010dn\u00e9ho a nefiltrovan\u00e9ho spojen\u00ed.<\/p>\n\n\n\n<p><strong>Jste p\u0159ipraveni si popov\u00eddat? Klikn\u011bte n\u00ed\u017ee a za\u010dn\u011bte sv\u00e9 dobrodru\u017estv\u00ed!<\/strong><\/p>\n\n\n\n<hr class=\"wp-block-separator has-alpha-channel-opacity\"\/>\n\n\n\n<p>Za\u017eijte budoucnost n\u00e1hodn\u00e9ho videochatov\u00e1n\u00ed na <strong>CamMatch.io<\/strong> \u2013 kde ka\u017ed\u00e1 konverzace je novou mo\u017enost\u00ed.<\/p>\n\n\n\n<p><strong>Z\u0159eknut\u00ed se odpov\u011bdnosti za<\/strong> Shoda s kamerou<\/p>\n\n\n\n<ol class=\"wp-block-list\">\n<li><strong>V\u011bkov\u00e9 omezen\u00ed<\/strong>Tyto str\u00e1nky jsou ur\u010deny v\u00fdhradn\u011b pro u\u017eivatele star\u0161\u00ed 18 let. P\u0159\u00edstupem na tyto str\u00e1nky a jejich pou\u017e\u00edv\u00e1n\u00edm potvrzujete, \u017ee v\u00e1m je alespo\u0148 18 let.<\/li>\n\n\n\n<li><strong>\u017d\u00e1dn\u00e1 odpov\u011bdnost za interakce s u\u017eivateli<\/strong>Cam Match je platforma pro dosp\u011bl\u00e9 u\u017eivatele, kte\u0159\u00ed se mohou zapojit do videochatu. Nejsme zodpov\u011bdn\u00ed za chov\u00e1n\u00ed \u017e\u00e1dn\u00e9ho u\u017eivatele na webu ani mimo n\u011bj. U\u017eivatel\u00e9 interaguj\u00ed na vlastn\u00ed nebezpe\u010d\u00ed.<\/li>\n\n\n\n<li>Monitorov\u00e1n\u00ed a odstra\u0148ov\u00e1n\u00ed obsahu: Pe\u010dliv\u011b monitorujeme a neprodlen\u011b odstra\u0148ujeme jak\u00fdkoli obsah, kter\u00fd je v rozporu s na\u0161imi podm\u00ednkami slu\u017eby nebo je pova\u017eov\u00e1n za nevhodn\u00fd \u010di nez\u00e1konn\u00fd. D\u016fv\u011b\u0159ujte na\u0161emu z\u00e1vazku udr\u017eovat bezpe\u010dn\u00e9 a respektuj\u00edc\u00ed online prost\u0159ed\u00ed.<\/li>\n\n\n\n<li><strong>Smlouva o podm\u00ednk\u00e1ch slu\u017eby<\/strong>Pou\u017e\u00edv\u00e1n\u00edm t\u011bchto str\u00e1nek souhlas\u00edte s na\u0161imi Podm\u00ednkami slu\u017eby. Je va\u0161\u00ed odpov\u011bdnost\u00ed tyto podm\u00ednky pravideln\u011b kontrolovat.<\/li>\n\n\n\n<li><strong><a href=\"https:\/\/cammatch.io\/cs\/privacy-policy\/\">Z\u00e1sady ochrany osobn\u00edch \u00fadaj\u016f<\/a><\/strong>Va\u0161e soukrom\u00ed je pro n\u00e1s d\u016fle\u017eit\u00e9. Prostudujte si pros\u00edm na\u0161e Z\u00e1sady ochrany osobn\u00edch \u00fadaj\u016f, abyste pochopili, jak jsou va\u0161e informace pou\u017e\u00edv\u00e1ny a chr\u00e1n\u011bny.<\/li>\n\n\n\n<li><strong>Hl\u00e1\u0161en\u00ed a vym\u00e1h\u00e1n\u00ed<\/strong>U\u017eivatel\u00e9 jsou vyz\u00fdv\u00e1ni, aby nahl\u00e1sili jak\u00e9koli chov\u00e1n\u00ed nebo obsah, kter\u00fd poru\u0161uje na\u0161e z\u00e1sady. V p\u0159\u00edpad\u011b pot\u0159eby podnikneme p\u0159\u00edslu\u0161n\u00e9 kroky.<\/li>\n\n\n\n<li><strong>Bez z\u00e1ruky slu\u017eby<\/strong>Nezaru\u010dujeme nep\u0159eru\u0161ovan\u00fd ani bezchybn\u00fd provoz str\u00e1nek a neneseme odpov\u011bdnost za \u017e\u00e1dn\u00e9 technick\u00e9 probl\u00e9my ani v\u00fdpadky.<\/li>\n\n\n\n<li><strong>Zm\u011bny<\/strong>Toto prohl\u00e1\u0161en\u00ed o vylou\u010den\u00ed odpov\u011bdnosti se m\u016f\u017ee zm\u011bnit bez p\u0159edchoz\u00edho upozorn\u011bn\u00ed a je odpov\u011bdnost\u00ed u\u017eivatele z\u016fstat informov\u00e1n o v\u0161ech zm\u011bn\u00e1ch.<\/li>\n<\/ol>\n\n\n\n<p><strong>Pou\u017e\u00edvejte tyto str\u00e1nky zodpov\u011bdn\u011b a na vlastn\u00ed nebezpe\u010d\u00ed.<\/strong><\/p>","protected":false},"excerpt":{"rendered":"<p>Tyto str\u00e1nky jsou ur\u010deny v\u00fdhradn\u011b pro u\u017eivatele star\u0161\u00ed 18 let. P\u0159\u00edstupem na tyto str\u00e1nky a jejich pou\u017e\u00edv\u00e1n\u00edm potvrzujete, \u017ee v\u00e1m je alespo\u0148 18 let. V\u00edtejte na Cam Match \u2013 dokonal\u00e9m z\u00e1\u017eitku z videochatu! \ud83c\udf10 Okam\u017eit\u00e9 spojen\u00ed po cel\u00e9m sv\u011bt\u011b: V Cam Match bo\u0159\u00edme geografick\u00e9 bari\u00e9ry. Spojte se s lidmi ze v\u0161ech [\u2026]<\/p>","protected":false},"author":1,"featured_media":0,"parent":0,"menu_order":0,"comment_status":"closed","ping_status":"open","template":"page-without-title.php","meta":{"footnotes":""},"class_list":["post-309","page","type-page","status-publish","hentry"],"yoast_head":"<!-- This site is optimized with the Yoast SEO plugin v26.8 - https:\/\/yoast.com\/product\/yoast-seo-wordpress\/ -->\n<title>CamMatch - Talk to Strangers Through Random Video Chat<\/title>\n<meta name=\"description\" content=\"Discover Cam Match \u2013 Your Gateway to Global Connections! Talk to strangers from across the world through random video chat.\" \/>\n<meta name=\"robots\" content=\"index, follow, max-snippet:-1, max-image-preview:large, max-video-preview:-1\" \/>\n<link rel=\"canonical\" href=\"https:\/\/cammatch.io\/cs\/\" \/>\n<meta property=\"og:locale\" content=\"cs_CZ\" \/>\n<meta property=\"og:type\" content=\"article\" \/>\n<meta property=\"og:title\" content=\"CamMatch - Talk to Strangers Through Random Video Chat\" \/>\n<meta property=\"og:description\" content=\"Discover Cam Match \u2013 Your Gateway to Global Connections! Talk to strangers from across the world through random video chat.\" \/>\n<meta property=\"og:url\" content=\"https:\/\/cammatch.io\/cs\/\" \/>\n<meta property=\"og:site_name\" content=\"Cam Match\" \/>\n<meta property=\"article:modified_time\" content=\"2025-11-21T07:23:09+00:00\" \/>\n<meta property=\"og:image\" content=\"https:\/\/cammatch.io\/wp-content\/uploads\/2023\/11\/cam-match.jpg\" \/>\n\t<meta property=\"og:image:width\" content=\"1024\" \/>\n\t<meta property=\"og:image:height\" content=\"1024\" \/>\n\t<meta property=\"og:image:type\" content=\"image\/jpeg\" \/>\n<meta name=\"twitter:card\" content=\"summary_large_image\" \/>\n<meta name=\"twitter:label1\" content=\"Odhadovan\u00e1 doba \u010dten\u00ed\" \/>\n\t<meta name=\"twitter:data1\" content=\"4 minuty\" \/>\n<script type=\"application\/ld+json\" class=\"yoast-schema-graph\">{\"@context\":\"https:\/\/schema.org\",\"@graph\":[{\"@type\":\"WebPage\",\"@id\":\"https:\/\/cammatch.io\/\",\"url\":\"https:\/\/cammatch.io\/\",\"name\":\"CamMatch - Talk to Strangers Through Random Video Chat\",\"isPartOf\":{\"@id\":\"https:\/\/cammatch.io\/#website\"},\"primaryImageOfPage\":{\"@id\":\"https:\/\/cammatch.io\/#primaryimage\"},\"image\":{\"@id\":\"https:\/\/cammatch.io\/#primaryimage\"},\"thumbnailUrl\":\"https:\/\/cammatch.io\/wp-content\/uploads\/2023\/11\/cam-match.jpg\",\"datePublished\":\"2022-11-06T19:44:28+00:00\",\"dateModified\":\"2025-11-21T07:23:09+00:00\",\"description\":\"Discover Cam Match \u2013 Your Gateway to Global Connections! Talk to strangers from across the world through random video chat.\",\"breadcrumb\":{\"@id\":\"https:\/\/cammatch.io\/#breadcrumb\"},\"inLanguage\":\"cs\",\"potentialAction\":[{\"@type\":\"ReadAction\",\"target\":[\"https:\/\/cammatch.io\/\"]}]},{\"@type\":\"ImageObject\",\"inLanguage\":\"cs\",\"@id\":\"https:\/\/cammatch.io\/#primaryimage\",\"url\":\"https:\/\/cammatch.io\/wp-content\/uploads\/2023\/11\/cam-match.jpg\",\"contentUrl\":\"https:\/\/cammatch.io\/wp-content\/uploads\/2023\/11\/cam-match.jpg\"},{\"@type\":\"BreadcrumbList\",\"@id\":\"https:\/\/cammatch.io\/#breadcrumb\",\"itemListElement\":[{\"@type\":\"ListItem\",\"position\":1,\"name\":\"Home\",\"item\":\"https:\/\/cammatch.io\/\"},{\"@type\":\"ListItem\",\"position\":2,\"name\":\"Home\"}]},{\"@type\":\"WebSite\",\"@id\":\"https:\/\/cammatch.io\/#website\",\"url\":\"https:\/\/cammatch.io\/\",\"name\":\"Cam Match\",\"description\":\"\",\"potentialAction\":[{\"@type\":\"SearchAction\",\"target\":{\"@type\":\"EntryPoint\",\"urlTemplate\":\"https:\/\/cammatch.io\/?s={search_term_string}\"},\"query-input\":{\"@type\":\"PropertyValueSpecification\",\"valueRequired\":true,\"valueName\":\"search_term_string\"}}],\"inLanguage\":\"cs\"}]}<\/script>\n<!-- \/ Yoast SEO plugin. -->","yoast_head_json":{"title":"CamMatch - Mluvte s ciz\u00edmi lidmi prost\u0159ednictv\u00edm n\u00e1hodn\u00e9ho videochatu","description":"Objevte Cam Match \u2013 Va\u0161i br\u00e1nu ke glob\u00e1ln\u00edm kontakt\u016fm! Promluvte si s ciz\u00edmi lidmi z cel\u00e9ho sv\u011bta prost\u0159ednictv\u00edm n\u00e1hodn\u00e9ho videochatu.","robots":{"index":"index","follow":"follow","max-snippet":"max-snippet:-1","max-image-preview":"max-image-preview:large","max-video-preview":"max-video-preview:-1"},"canonical":"https:\/\/cammatch.io\/cs\/","og_locale":"cs_CZ","og_type":"article","og_title":"CamMatch - Talk to Strangers Through Random Video Chat","og_description":"Discover Cam Match \u2013 Your Gateway to Global Connections! Talk to strangers from across the world through random video chat.","og_url":"https:\/\/cammatch.io\/cs\/","og_site_name":"Cam Match","article_modified_time":"2025-11-21T07:23:09+00:00","og_image":[{"width":1024,"height":1024,"url":"https:\/\/cammatch.io\/wp-content\/uploads\/2023\/11\/cam-match.jpg","type":"image\/jpeg"}],"twitter_card":"summary_large_image","twitter_misc":{"Odhadovan\u00e1 doba \u010dten\u00ed":"4 minuty"},"schema":{"@context":"https:\/\/schema.org","@graph":[{"@type":"WebPage","@id":"https:\/\/cammatch.io\/","url":"https:\/\/cammatch.io\/","name":"CamMatch - Mluvte s ciz\u00edmi lidmi prost\u0159ednictv\u00edm n\u00e1hodn\u00e9ho videochatu","isPartOf":{"@id":"https:\/\/cammatch.io\/#website"},"primaryImageOfPage":{"@id":"https:\/\/cammatch.io\/#primaryimage"},"image":{"@id":"https:\/\/cammatch.io\/#primaryimage"},"thumbnailUrl":"https:\/\/cammatch.io\/wp-content\/uploads\/2023\/11\/cam-match.jpg","datePublished":"2022-11-06T19:44:28+00:00","dateModified":"2025-11-21T07:23:09+00:00","description":"Objevte Cam Match \u2013 Va\u0161i br\u00e1nu ke glob\u00e1ln\u00edm kontakt\u016fm! Promluvte si s ciz\u00edmi lidmi z cel\u00e9ho sv\u011bta prost\u0159ednictv\u00edm n\u00e1hodn\u00e9ho videochatu.","breadcrumb":{"@id":"https:\/\/cammatch.io\/#breadcrumb"},"inLanguage":"cs","potentialAction":[{"@type":"ReadAction","target":["https:\/\/cammatch.io\/"]}]},{"@type":"ImageObject","inLanguage":"cs","@id":"https:\/\/cammatch.io\/#primaryimage","url":"https:\/\/cammatch.io\/wp-content\/uploads\/2023\/11\/cam-match.jpg","contentUrl":"https:\/\/cammatch.io\/wp-content\/uploads\/2023\/11\/cam-match.jpg"},{"@type":"BreadcrumbList","@id":"https:\/\/cammatch.io\/#breadcrumb","itemListElement":[{"@type":"ListItem","position":1,"name":"Home","item":"https:\/\/cammatch.io\/"},{"@type":"ListItem","position":2,"name":"Home"}]},{"@type":"WebSite","@id":"https:\/\/cammatch.io\/#website","url":"https:\/\/cammatch.io\/","name":"Shoda s kamerou","description":"","potentialAction":[{"@type":"SearchAction","target":{"@type":"EntryPoint","urlTemplate":"https:\/\/cammatch.io\/?s={search_term_string}"},"query-input":{"@type":"PropertyValueSpecification","valueRequired":true,"valueName":"search_term_string"}}],"inLanguage":"cs"}]}},"_links":{"self":[{"href":"https:\/\/cammatch.io\/cs\/wp-json\/wp\/v2\/pages\/309","targetHints":{"allow":["GET"]}}],"collection":[{"href":"https:\/\/cammatch.io\/cs\/wp-json\/wp\/v2\/pages"}],"about":[{"href":"https:\/\/cammatch.io\/cs\/wp-json\/wp\/v2\/types\/page"}],"author":[{"embeddable":true,"href":"https:\/\/cammatch.io\/cs\/wp-json\/wp\/v2\/users\/1"}],"replies":[{"embeddable":true,"href":"https:\/\/cammatch.io\/cs\/wp-json\/wp\/v2\/comments?post=309"}],"version-history":[{"count":5,"href":"https:\/\/cammatch.io\/cs\/wp-json\/wp\/v2\/pages\/309\/revisions"}],"predecessor-version":[{"id":928,"href":"https:\/\/cammatch.io\/cs\/wp-json\/wp\/v2\/pages\/309\/revisions\/928"}],"wp:attachment":[{"href":"https:\/\/cammatch.io\/cs\/wp-json\/wp\/v2\/media?parent=309"}],"curies":[{"name":"wp","href":"https:\/\/api.w.org\/{rel}","templated":true}]}}