{"id":802,"date":"2024-09-25T01:30:40","date_gmt":"2024-09-25T01:30:40","guid":{"rendered":"https:\/\/cammatch.io\/?page_id=802"},"modified":"2024-09-25T01:30:42","modified_gmt":"2024-09-25T01:30:42","slug":"about-us","status":"publish","type":"page","link":"https:\/\/cammatch.io\/cs\/about-us\/","title":{"rendered":"O n\u00e1s"},"content":{"rendered":"<p>V\u00edtejte v <strong>Shoda s kamerou<\/strong>\u2014prvn\u00ed platforma navr\u017een\u00e1 pro <a href=\"https:\/\/cammatch.io\/cs\/bazoocam\/\">p\u0159ipojit<\/a> ty s t\u00edm nejlep\u0161\u00edm <a href=\"https:\/\/cammatch.io\/cs\/wireclub\/\">chat s kamerou<\/a> str\u00e1nky p\u0159izp\u016fsoben\u00e9 va\u0161im preferenc\u00edm. V dne\u0161n\u00ed digit\u00e1ln\u00ed dob\u011b jsou smyslupln\u00e1 spojen\u00ed jen jedno kliknut\u00ed daleko. A\u0165 u\u017e hled\u00e1te nov\u00e1 p\u0159\u00e1telstv\u00ed, poutav\u00e9 konverzace nebo prozkoum\u00e1v\u00e1te sv\u011bt online video komunikace, Cam Match je tu, aby v\u00e1s provedl.<\/p>\n\n\n\n<p><strong>Na\u0161e posl\u00e1n\u00ed<\/strong><\/p>\n\n\n\n<p>V Cam Match je na\u0161\u00edm posl\u00e1n\u00edm zjednodu\u0161it v\u00e1m hled\u00e1n\u00ed perfektn\u00ed kamery. <a href=\"https:\/\/cammatch.io\/cs\/tohla\/\">pov\u00edd\u00e1n\u00ed<\/a> zku\u0161enosti. Ch\u00e1peme, \u017ee s nespo\u010dtem dostupn\u00fdch mo\u017enost\u00ed m\u016f\u017ee b\u00fdt nalezen\u00ed t\u00e9 spr\u00e1vn\u00e9 platformy ohromuj\u00edc\u00ed. Proto jsme vytvo\u0159ili bezprobl\u00e9mov\u00fd <a href=\"https:\/\/cammatch.io\/cs\/luckycrush\/\">vhodn\u00fd<\/a> syst\u00e9m, kter\u00fd v\u00e1s propoj\u00ed s webov\u00fdmi str\u00e1nkami s kamerami, kter\u00e9 odpov\u00eddaj\u00ed va\u0161im z\u00e1jm\u016fm a pot\u0159eb\u00e1m.<\/p>\n\n\n\n<p><strong>Co d\u011bl\u00e1me<\/strong><\/p>\n\n\n\n<ul class=\"wp-block-list\">\n<li><strong>Personalizovan\u00e9 p\u00e1rov\u00e1n\u00ed<\/strong>Na\u0161e pokro\u010dil\u00e9 algoritmy berou v \u00favahu va\u0161e preference, aby v\u00e1m pomohly naj\u00edt weby s chatem p\u0159es kameru, kter\u00e9 nab\u00edzej\u00ed z\u00e1\u017eitky, kter\u00e9 hled\u00e1te.<\/li>\n\n\n\n<li><strong>Vybran\u00e9 polo\u017eky<\/strong>Spolupracujeme s \u0159adou renomovan\u00fdch platforem pro chat s kamerami, abychom v\u00e1m zajistili p\u0159\u00edstup k bezpe\u010dn\u00fdm, poutav\u00fdm a vysoce kvalitn\u00edm slu\u017eb\u00e1m.<\/li>\n\n\n\n<li><strong>U\u017eivatelsk\u00e9 recenze a hodnocen\u00ed<\/strong>Vyu\u017eijte poznatky na\u0161\u00ed komunity. P\u0159e\u010dt\u011bte si skute\u010dn\u00e9 u\u017eivatelsk\u00e9 recenze a hodnocen\u00ed, abyste se mohli informovan\u011b rozhodovat.<\/li>\n<\/ul>\n\n\n\n<p><strong>Pro\u010d si vybrat Cam Match<\/strong><\/p>\n\n\n\n<ul class=\"wp-block-list\">\n<li><strong>Odborn\u00e9 poradenstv\u00ed<\/strong>N\u00e1\u0161 t\u00fdm se v\u011bnuje v\u00fdzkumu a spolupr\u00e1ci pouze s t\u011bmi nejlep\u0161\u00edmi webov\u00fdmi str\u00e1nkami pro chat s kamerami.<\/li>\n\n\n\n<li><strong>P\u0159\u00edstup zam\u011b\u0159en\u00fd na u\u017eivatele<\/strong>Va\u0161e spokojenost je na\u0161\u00ed prioritou. N\u00e1\u0161 proces p\u00e1rov\u00e1n\u00ed neust\u00e1le vylep\u0161ujeme na z\u00e1klad\u011b zp\u011btn\u00e9 vazby od u\u017eivatel\u016f.<\/li>\n\n\n\n<li><strong>Bezpe\u010dn\u00e9 a d\u016fv\u011bryhodn\u00e9<\/strong>Va\u0161i bezpe\u010dnost klademe d\u016fraz na spolupr\u00e1ci s platformami, kter\u00e9 dodr\u017euj\u00ed p\u0159\u00edsn\u00e9 standardy zabezpe\u010den\u00ed a ochrany osobn\u00edch \u00fadaj\u016f.<\/li>\n<\/ul>\n\n\n\n<p><strong>P\u0159ipojte se k na\u0161\u00ed komunit\u011b<\/strong><\/p>\n\n\n\n<p>Vydejte se na cestu a objevte vzru\u0161uj\u00edc\u00ed z\u00e1\u017eitky z cam chatu. S Cam Match m\u016f\u017eete s jistotou prozkoum\u00e1vat nov\u00e9 platformy s v\u011bdom\u00edm, \u017ee jsme ud\u011blali v\u0161e pro zaji\u0161t\u011bn\u00ed kvality a spolehlivosti.<\/p>\n\n\n\n<p><strong>Spojte se po sv\u00e9m<\/strong><\/p>\n\n\n\n<p>A\u0165 u\u017e m\u00e1te z\u00e1jem o nez\u00e1vazn\u00e9 chatov\u00e1n\u00ed, hlubok\u00e9 konverzace nebo setk\u00e1v\u00e1n\u00ed s lidmi z cel\u00e9ho sv\u011bta, Cam Match v\u00e1m otev\u00edr\u00e1 dve\u0159e do sv\u011bta mo\u017enost\u00ed. Pom\u016f\u017eeme v\u00e1m naj\u00edt perfektn\u00ed web pro chat s kamerami, kter\u00fd v\u00e1m bude vyhovovat.<\/p>\n\n\n\n<p><strong>Za\u010dn\u011bte je\u0161t\u011b dnes<\/strong><\/p>\n\n\n\n<p>Jste p\u0159ipraveni naj\u00edt ide\u00e1ln\u00ed platformu pro cam chat? Za\u010dn\u011bte s procesem personalizovan\u00e9ho p\u00e1rov\u00e1n\u00ed a za\u010dn\u011bte se spojovat jako nikdy p\u0159edt\u00edm!<\/p>\n\n\n\n<hr class=\"wp-block-separator has-alpha-channel-opacity\"\/>\n\n\n\n<p>D\u011bkujeme, \u017ee jste si vybrali Cam Match. Jsme r\u00e1di, \u017ee m\u016f\u017eeme b\u00fdt sou\u010d\u00e1st\u00ed va\u0161\u00ed cesty k smyslupln\u00fdm a p\u0159\u00edjemn\u00fdm online interakc\u00edm!<\/p>","protected":false},"excerpt":{"rendered":"<p>V\u00edtejte na Cam Match \u2013 p\u0159edn\u00ed platform\u011b, kter\u00e1 v\u00e1m pom\u016f\u017ee naj\u00edt ty nejlep\u0161\u00ed str\u00e1nky pro chat p\u0159es kameru, p\u0159izp\u016fsoben\u00e9 va\u0161im preferenc\u00edm. V dne\u0161n\u00ed digit\u00e1ln\u00ed dob\u011b jsou smyslupln\u00e1 spojen\u00ed jen na jedno kliknut\u00ed. A\u0165 u\u017e hled\u00e1te nov\u00e1 p\u0159\u00e1telstv\u00ed, poutav\u00e9 konverzace nebo prozkoum\u00e1v\u00e1te sv\u011bt online video komunikace, Cam Match je tu, aby v\u00e1s provedl. Na\u0161e posl\u00e1n\u00ed [\u2026]<\/p>","protected":false},"author":1,"featured_media":0,"parent":0,"menu_order":0,"comment_status":"closed","ping_status":"closed","template":"page-no-sidebar.php","meta":{"footnotes":""},"class_list":["post-802","page","type-page","status-publish","hentry"],"yoast_head":"<!-- This site is optimized with the Yoast SEO plugin v26.8 - https:\/\/yoast.com\/product\/yoast-seo-wordpress\/ -->\n<title>About Us - Cam Match<\/title>\n<meta name=\"robots\" content=\"index, follow, max-snippet:-1, max-image-preview:large, max-video-preview:-1\" \/>\n<link rel=\"canonical\" href=\"https:\/\/cammatch.io\/cs\/about-us\/\" \/>\n<meta property=\"og:locale\" content=\"cs_CZ\" \/>\n<meta property=\"og:type\" content=\"article\" \/>\n<meta property=\"og:title\" content=\"About Us - Cam Match\" \/>\n<meta property=\"og:description\" content=\"Welcome to Cam Match\u2014the premier platform designed to connect you with the best cam chat sites tailored to your preferences. In today&#8217;s digital age, meaningful connections are just a click away. Whether you&#8217;re seeking new friendships, engaging conversations, or exploring the world of online video communication, Cam Match is here to guide you. Our Mission [&hellip;]\" \/>\n<meta property=\"og:url\" content=\"https:\/\/cammatch.io\/cs\/about-us\/\" \/>\n<meta property=\"og:site_name\" content=\"Cam Match\" \/>\n<meta property=\"article:modified_time\" content=\"2024-09-25T01:30:42+00:00\" \/>\n<meta name=\"twitter:card\" content=\"summary_large_image\" \/>\n<meta name=\"twitter:label1\" content=\"Odhadovan\u00e1 doba \u010dten\u00ed\" \/>\n\t<meta name=\"twitter:data1\" content=\"2 minuty\" \/>\n<script type=\"application\/ld+json\" class=\"yoast-schema-graph\">{\"@context\":\"https:\/\/schema.org\",\"@graph\":[{\"@type\":\"WebPage\",\"@id\":\"https:\/\/cammatch.io\/about-us\/\",\"url\":\"https:\/\/cammatch.io\/about-us\/\",\"name\":\"About Us - Cam Match\",\"isPartOf\":{\"@id\":\"https:\/\/cammatch.io\/#website\"},\"datePublished\":\"2024-09-25T01:30:40+00:00\",\"dateModified\":\"2024-09-25T01:30:42+00:00\",\"breadcrumb\":{\"@id\":\"https:\/\/cammatch.io\/about-us\/#breadcrumb\"},\"inLanguage\":\"cs\",\"potentialAction\":[{\"@type\":\"ReadAction\",\"target\":[\"https:\/\/cammatch.io\/about-us\/\"]}]},{\"@type\":\"BreadcrumbList\",\"@id\":\"https:\/\/cammatch.io\/about-us\/#breadcrumb\",\"itemListElement\":[{\"@type\":\"ListItem\",\"position\":1,\"name\":\"Home\",\"item\":\"https:\/\/cammatch.io\/\"},{\"@type\":\"ListItem\",\"position\":2,\"name\":\"About Us\"}]},{\"@type\":\"WebSite\",\"@id\":\"https:\/\/cammatch.io\/#website\",\"url\":\"https:\/\/cammatch.io\/\",\"name\":\"Cam Match\",\"description\":\"\",\"potentialAction\":[{\"@type\":\"SearchAction\",\"target\":{\"@type\":\"EntryPoint\",\"urlTemplate\":\"https:\/\/cammatch.io\/?s={search_term_string}\"},\"query-input\":{\"@type\":\"PropertyValueSpecification\",\"valueRequired\":true,\"valueName\":\"search_term_string\"}}],\"inLanguage\":\"cs\"}]}<\/script>\n<!-- \/ Yoast SEO plugin. -->","yoast_head_json":{"title":"O n\u00e1s - Cam Match","robots":{"index":"index","follow":"follow","max-snippet":"max-snippet:-1","max-image-preview":"max-image-preview:large","max-video-preview":"max-video-preview:-1"},"canonical":"https:\/\/cammatch.io\/cs\/about-us\/","og_locale":"cs_CZ","og_type":"article","og_title":"About Us - Cam Match","og_description":"Welcome to Cam Match\u2014the premier platform designed to connect you with the best cam chat sites tailored to your preferences. In today&#8217;s digital age, meaningful connections are just a click away. Whether you&#8217;re seeking new friendships, engaging conversations, or exploring the world of online video communication, Cam Match is here to guide you. Our Mission [&hellip;]","og_url":"https:\/\/cammatch.io\/cs\/about-us\/","og_site_name":"Cam Match","article_modified_time":"2024-09-25T01:30:42+00:00","twitter_card":"summary_large_image","twitter_misc":{"Odhadovan\u00e1 doba \u010dten\u00ed":"2 minuty"},"schema":{"@context":"https:\/\/schema.org","@graph":[{"@type":"WebPage","@id":"https:\/\/cammatch.io\/about-us\/","url":"https:\/\/cammatch.io\/about-us\/","name":"O n\u00e1s - Cam Match","isPartOf":{"@id":"https:\/\/cammatch.io\/#website"},"datePublished":"2024-09-25T01:30:40+00:00","dateModified":"2024-09-25T01:30:42+00:00","breadcrumb":{"@id":"https:\/\/cammatch.io\/about-us\/#breadcrumb"},"inLanguage":"cs","potentialAction":[{"@type":"ReadAction","target":["https:\/\/cammatch.io\/about-us\/"]}]},{"@type":"BreadcrumbList","@id":"https:\/\/cammatch.io\/about-us\/#breadcrumb","itemListElement":[{"@type":"ListItem","position":1,"name":"Home","item":"https:\/\/cammatch.io\/"},{"@type":"ListItem","position":2,"name":"About Us"}]},{"@type":"WebSite","@id":"https:\/\/cammatch.io\/#website","url":"https:\/\/cammatch.io\/","name":"Shoda s kamerou","description":"","potentialAction":[{"@type":"SearchAction","target":{"@type":"EntryPoint","urlTemplate":"https:\/\/cammatch.io\/?s={search_term_string}"},"query-input":{"@type":"PropertyValueSpecification","valueRequired":true,"valueName":"search_term_string"}}],"inLanguage":"cs"}]}},"_links":{"self":[{"href":"https:\/\/cammatch.io\/cs\/wp-json\/wp\/v2\/pages\/802","targetHints":{"allow":["GET"]}}],"collection":[{"href":"https:\/\/cammatch.io\/cs\/wp-json\/wp\/v2\/pages"}],"about":[{"href":"https:\/\/cammatch.io\/cs\/wp-json\/wp\/v2\/types\/page"}],"author":[{"embeddable":true,"href":"https:\/\/cammatch.io\/cs\/wp-json\/wp\/v2\/users\/1"}],"replies":[{"embeddable":true,"href":"https:\/\/cammatch.io\/cs\/wp-json\/wp\/v2\/comments?post=802"}],"version-history":[{"count":1,"href":"https:\/\/cammatch.io\/cs\/wp-json\/wp\/v2\/pages\/802\/revisions"}],"predecessor-version":[{"id":803,"href":"https:\/\/cammatch.io\/cs\/wp-json\/wp\/v2\/pages\/802\/revisions\/803"}],"wp:attachment":[{"href":"https:\/\/cammatch.io\/cs\/wp-json\/wp\/v2\/media?parent=802"}],"curies":[{"name":"wp","href":"https:\/\/api.w.org\/{rel}","templated":true}]}}