{"id":309,"date":"2022-11-06T19:44:28","date_gmt":"2022-11-06T19:44:28","guid":{"rendered":"https:\/\/export.mercurytheme.com\/001\/?page_id=2"},"modified":"2025-11-21T07:23:09","modified_gmt":"2025-11-21T07:23:09","slug":"home","status":"publish","type":"page","link":"https:\/\/cammatch.io\/de\/","title":{"rendered":"Startseite"},"content":{"rendered":"<div class=\"wp-block-cover alignfull is-light\" style=\"min-height:600px;aspect-ratio:unset;\"><span aria-hidden=\"true\" class=\"wp-block-cover__background has-background-dim\"><\/span><img loading=\"lazy\" decoding=\"async\" width=\"1024\" height=\"1024\" class=\"wp-block-cover__image-background wp-image-315\" alt=\"\" src=\"https:\/\/cammatch.io\/wp-content\/uploads\/2023\/11\/cam-match.jpg\" data-object-fit=\"cover\" srcset=\"https:\/\/cammatch.io\/wp-content\/uploads\/2023\/11\/cam-match.jpg 1024w, https:\/\/cammatch.io\/wp-content\/uploads\/2023\/11\/cam-match-300x300.jpg 300w, https:\/\/cammatch.io\/wp-content\/uploads\/2023\/11\/cam-match-150x150.jpg 150w, https:\/\/cammatch.io\/wp-content\/uploads\/2023\/11\/cam-match-768x768.jpg 768w, https:\/\/cammatch.io\/wp-content\/uploads\/2023\/11\/cam-match-40x40.jpg 40w, https:\/\/cammatch.io\/wp-content\/uploads\/2023\/11\/cam-match-50x50.jpg 50w, https:\/\/cammatch.io\/wp-content\/uploads\/2023\/11\/cam-match-100x100.jpg 100w, https:\/\/cammatch.io\/wp-content\/uploads\/2023\/11\/cam-match-120x120.jpg 120w, https:\/\/cammatch.io\/wp-content\/uploads\/2023\/11\/cam-match-135x135.jpg 135w, https:\/\/cammatch.io\/wp-content\/uploads\/2023\/11\/cam-match-270x270.jpg 270w, https:\/\/cammatch.io\/wp-content\/uploads\/2023\/11\/cam-match-450x450.jpg 450w, https:\/\/cammatch.io\/wp-content\/uploads\/2023\/11\/cam-match-479x479.jpg 479w, https:\/\/cammatch.io\/wp-content\/uploads\/2023\/11\/cam-match-570x570.jpg 570w, https:\/\/cammatch.io\/wp-content\/uploads\/2023\/11\/cam-match-767x767.jpg 767w, https:\/\/cammatch.io\/wp-content\/uploads\/2023\/11\/cam-match-32x32.jpg 32w, https:\/\/cammatch.io\/wp-content\/uploads\/2023\/11\/cam-match-80x80.jpg 80w\" sizes=\"auto, (max-width: 1024px) 100vw, 1024px\" \/><div class=\"wp-block-cover__inner-container is-layout-flow wp-block-cover-is-layout-flow\">\n<div style=\"height:100px\" aria-hidden=\"true\" class=\"wp-block-spacer\"><\/div>\n\n\n\n<h2 class=\"wp-block-heading has-text-align-center\" style=\"font-size:51px;font-style:italic;font-weight:900\">Zuf\u00e4lliger 1v1-Video-Chat<\/h2>\n\n\n\n<p class=\"has-text-align-center\" style=\"font-style:normal;font-weight:100\">Spiel mit <a href=\"https:\/\/cammatch.io\/de\/talkwithstranger\/\">Zuf\u00e4llige Fremde<\/a> aus allen Teilen der Welt durch <a href=\"https:\/\/cammatch.io\/de\/wireclub\/\">Video-Chat<\/a>.<\/p>\n\n\n\n<div class=\"wp-block-buttons is-layout-flex wp-block-buttons-is-layout-flex\">\n<div class=\"wp-block-button aligncenter\"><a class=\"wp-block-button__link has-mercury-white-color has-luminous-vivid-amber-background-color has-text-color has-background wp-element-button\" href=\"https:\/\/cammatch.io\/de\/coomeet\/\">Start Matching<\/a><\/div>\n<\/div>\n\n\n\n<div style=\"height:100px\" aria-hidden=\"true\" class=\"wp-block-spacer\"><\/div>\n<\/div><\/div>\n\n\n\n\n\n<div style=\"height:30px\" aria-hidden=\"true\" class=\"wp-block-spacer\"><\/div>\n\n\n\n<p class=\"has-text-align-center has-text-color has-small-font-size\" style=\"color:#7f8c8d\">Diese Website ist ausschlie\u00dflich f\u00fcr Benutzer ab 18 Jahren bestimmt. Durch den Zugriff auf diese Website und ihre Nutzung best\u00e4tigen Sie, dass Sie mindestens 18 Jahre alt sind.<\/p>\n\n\n\n<div style=\"height:30px\" aria-hidden=\"true\" class=\"wp-block-spacer\"><\/div>\n\n\n\n<h2 class=\"wp-block-heading\"><strong>Willkommen bei Cam Match - Das ultimative Video-Chat-Erlebnis!<\/strong><\/h2>\n\n\n\n<p><strong>\ud83c\udf10 Sofortige Verbindungen weltweit:<\/strong> Bei Cam Match \u00fcberwinden wir geografische Barrieren. <a href=\"https:\/\/cammatch.io\/de\/bazoocam\/\">Verbinden Sie<\/a> mit einem Klick mit Menschen aus allen Teilen der Welt in Kontakt treten. Egal, ob Sie nach einem freundlichen <a href=\"https:\/\/cammatch.io\/de\/tohla\/\">Chat<\/a>Ob es sich um einen kulturellen Austausch oder um etwas anderes handelt, Cam Match bringt die Welt sofort auf Ihren Bildschirm.<\/p>\n\n\n\n<p><strong>\ud83c\udfad Absolute Anonymit\u00e4t:<\/strong> Ihre Privatsph\u00e4re ist unsere Priorit\u00e4t. Genie\u00dfen Sie Unterhaltungen ohne die Sorge, Ihre Identit\u00e4t preiszugeben. Unsere Plattform gew\u00e4hrleistet v\u00f6llige Anonymit\u00e4t - keine pers\u00f6nlichen Informationen, keine Profile, nur reine, spontane Interaktion.<\/p>\n\n\n\n<p><strong>\ud83c\udf1f Einfach und leicht zug\u00e4nglich:<\/strong> Keine komplizierten Anmeldungen oder Downloads. Greifen Sie von jedem Ger\u00e4t mit einer Internetverbindung auf Cam Match zu. Unsere benutzerfreundliche Oberfl\u00e4che macht den Videochat zu einem Kinderspiel f\u00fcr alle.<\/p>\n\n\n\n<p><strong>\ud83d\udd12 Sicher und gesch\u00fctzt:<\/strong> Mit unserer hochmodernen Verschl\u00fcsselung und Moderation stellen wir Ihre Sicherheit in den Vordergrund. F\u00fchlen Sie sich sicher, dass Ihre Unterhaltungen und Daten gesch\u00fctzt sind.<\/p>\n\n\n\n<p><strong>\ud83c\udf08 Vielf\u00e4ltige Gemeinschaft:<\/strong> Bei Tausenden von Nutzern, die jederzeit online sind, werden Sie <a href=\"https:\/\/cammatch.io\/de\/meetskip\/\">treffen<\/a> ein breites Spektrum von Menschen mit unterschiedlichen Hintergr\u00fcnden, Interessen und Kulturen. Jeder Chat ist eine Chance f\u00fcr eine einzigartige und bereichernde Erfahrung.<\/p>\n\n\n\n<p><strong>\ud83c\udfa5 Hochwertiges Video und Audio:<\/strong> Erleben Sie kristallklare Video- und Audioqualit\u00e4t. Unsere Plattform sorgt daf\u00fcr, dass Ihre Gespr\u00e4che so real und ungest\u00f6rt wie m\u00f6glich sind.<\/p>\n\n\n\n<p><strong>\ud83c\udfb2 Zuf\u00e4llig <a href=\"https:\/\/cammatch.io\/de\/luckycrush\/\">Passend dazu<\/a> Algorithmus:<\/strong> Lassen Sie das Schicksal \u00fcber Ihren n\u00e4chsten Gespr\u00e4chspartner entscheiden. Unser zuf\u00e4lliger Matching-Algorithmus verbindet Sie jedes Mal mit neuen und interessanten Menschen, wenn Sie auf \"Weiter\" klicken.<\/p>\n\n\n\n<p><strong>\ud83e\udd16 KI-gesteuerte Funktionen:<\/strong> Genie\u00dfen Sie erweiterte Funktionen wie KI-Gesichtsfilter und Sprach\u00fcbersetzung. \u00dcberwinden Sie Sprachbarrieren und geben Sie Ihren Unterhaltungen eine lustige Wendung.<\/p>\n\n\n\n<p><strong>\ud83d\udcf1 Freundlich f\u00fcr Mobilger\u00e4te:<\/strong> Nehmen Sie Cam Match mit auf Reisen! Unsere Plattform ist f\u00fcr mobile Ger\u00e4te optimiert, um ein nahtloses Chatterlebnis zu gew\u00e4hrleisten, egal wo du bist.<\/p>\n\n\n\n<div style=\"height:60px\" aria-hidden=\"true\" class=\"wp-block-spacer\"><\/div>\n\n\n\n<div class=\"wp-block-cover alignfull\"><img loading=\"lazy\" decoding=\"async\" width=\"1254\" height=\"836\" class=\"wp-block-cover__image-background wp-image-313\" alt=\"\" src=\"https:\/\/cammatch.io\/wp-content\/uploads\/2023\/11\/chatting.jpg\" data-object-fit=\"cover\" srcset=\"https:\/\/cammatch.io\/wp-content\/uploads\/2023\/11\/chatting.jpg 1254w, https:\/\/cammatch.io\/wp-content\/uploads\/2023\/11\/chatting-300x200.jpg 300w, https:\/\/cammatch.io\/wp-content\/uploads\/2023\/11\/chatting-1024x683.jpg 1024w, https:\/\/cammatch.io\/wp-content\/uploads\/2023\/11\/chatting-768x512.jpg 768w, https:\/\/cammatch.io\/wp-content\/uploads\/2023\/11\/chatting-60x40.jpg 60w, https:\/\/cammatch.io\/wp-content\/uploads\/2023\/11\/chatting-48x32.jpg 48w, https:\/\/cammatch.io\/wp-content\/uploads\/2023\/11\/chatting-120x80.jpg 120w, https:\/\/cammatch.io\/wp-content\/uploads\/2023\/11\/chatting-203x135.jpg 203w\" sizes=\"auto, (max-width: 1254px) 100vw, 1254px\" \/><span aria-hidden=\"true\" class=\"wp-block-cover__background has-background-dim-70 has-background-dim\"><\/span><div class=\"wp-block-cover__inner-container is-layout-flow wp-block-cover-is-layout-flow\">\n<div style=\"height:60px\" aria-hidden=\"true\" class=\"wp-block-spacer\"><\/div>\n\n\n\n<div style=\"height:60px\" aria-hidden=\"true\" class=\"wp-block-spacer\"><\/div>\n\n\n\n<h3 class=\"wp-block-heading\"><strong>Cam Match - Wo jeder Klick ein neues Abenteuer ist!<\/strong><\/h3>\n\n\n\n<p>Begib dich noch heute auf eine Reise der Begegnung und Entdeckung. Melde dich bei Cam Match an - es ist kostenlos, es macht Spa\u00df und es ist nur einen Klick entfernt!<\/p>\n<\/div><\/div>\n\n\n\n<div style=\"height:60px\" aria-hidden=\"true\" class=\"wp-block-spacer\"><\/div>\n\n\n\n<h3 class=\"wp-block-heading\">Sofortige Verbindung, kostenloser Chat<\/h3>\n\n\n\n<p><strong>CamMatch.io<\/strong> ist ein unkompliziertes Portal f\u00fcr spontane, pers\u00f6nliche <a href=\"https:\/\/cammatch.io\/de\/tandoo\/\">Video-Chats<\/a>. Vergessen Sie die Komplexit\u00e4t moderner sozialer Medien und nutzen Sie eine unkomplizierte M\u00f6glichkeit, neue Menschen aus aller Welt kennenzulernen. Einfacher und unkomplizierter Prozess, keine Bedingungen - nur echte menschliche Kontakte.<\/p>\n\n\n\n<h4 class=\"wp-block-heading\">Warum CamMatch.io?<\/h4>\n\n\n\n<ul class=\"wp-block-list\">\n<li><strong>Sofortige Verbindung:<\/strong> Springen Sie direkt in <a href=\"https:\/\/cammatch.io\/de\/1v1-video-chat\/\">1v1<\/a> Chats ohne langwierige Registrierung.<\/li>\n\n\n\n<li><strong>Sicher und gesch\u00fctzt:<\/strong> Genie\u00dfen Sie einen privaten Raum, in dem Ihre Sicherheit im Vordergrund steht.<\/li>\n\n\n\n<li><strong>Einfach zu benutzen:<\/strong> Unsere intuitive Plattform bedeutet keine komplizierten Schritte - einfach anklicken und verbinden.<\/li>\n\n\n\n<li><strong>Globale Gemeinschaft:<\/strong> Treffen Sie unterschiedliche, interessante Menschen, die jederzeit und \u00fcberall zum Chatten bereit sind.<\/li>\n<\/ul>\n\n\n\n<h4 class=\"wp-block-heading\">Wie es funktioniert<\/h4>\n\n\n\n<ol class=\"wp-block-list\">\n<li><strong>Zum Chatten klicken:<\/strong> Klicken Sie auf die Schaltfl\u00e4che \"Chat starten\", und Sie werden sofort mit einem neuen Partner zusammengebracht.<\/li>\n\n\n\n<li><strong>Sofortige Verbindung:<\/strong> Genie\u00dfen Sie ein nahtloses Videochaterlebnis mit minimalen Verz\u00f6gerungen.<\/li>\n\n\n\n<li><strong>Weitergehen oder tiefer verbinden:<\/strong> Beenden Sie das Gespr\u00e4ch jederzeit oder bleiben Sie, um eine sinnvolle Verbindung herzustellen.<\/li>\n<\/ol>\n\n\n\n<h4 class=\"wp-block-heading\">Schlie\u00dfen Sie sich der Revolution an<\/h4>\n\n\n\n<p>L\u00f6sen Sie sich von geskripteten Interaktionen und tauchen Sie in echte Gespr\u00e4che ein. Ob Sie ein kurzes Hallo oder eine tiefere Verbindung suchen, <strong>CamMatch.io<\/strong> ist Ihre erste Anlaufstelle f\u00fcr unkomplizierte 1v1-Videochats. Beginnen Sie Ihre Reise mit uns heute und erleben Sie die Freiheit einer echten, ungefilterten Verbindung.<\/p>\n\n\n\n<p><strong>Bereit zum Chatten? Klicken Sie unten, um Ihr Abenteuer zu beginnen!<\/strong><\/p>\n\n\n\n<hr class=\"wp-block-separator has-alpha-channel-opacity\"\/>\n\n\n\n<p>Erleben Sie die Zukunft des zuf\u00e4lligen Videochats bei <strong>CamMatch.io<\/strong> - wo jedes Gespr\u00e4ch eine neue M\u00f6glichkeit darstellt.<\/p>\n\n\n\n<p><strong>Haftungsausschluss f\u00fcr<\/strong> Nockenspiel<\/p>\n\n\n\n<ol class=\"wp-block-list\">\n<li><strong>Altersbeschr\u00e4nkung<\/strong>: Diese Website ist ausschlie\u00dflich f\u00fcr Benutzer ab 18 Jahren bestimmt. Indem Sie auf diese Website zugreifen und sie nutzen, best\u00e4tigen Sie, dass Sie mindestens 18 Jahre alt sind.<\/li>\n\n\n\n<li><strong>Keine Haftung f\u00fcr Benutzerinteraktionen<\/strong>: Cam Match ist eine Plattform f\u00fcr erwachsene Nutzer, die einen Videochat f\u00fchren m\u00f6chten. Wir sind nicht verantwortlich f\u00fcr das Verhalten eines Nutzers auf oder au\u00dferhalb der Seite. Die Nutzer interagieren auf eigenes Risiko.<\/li>\n\n\n\n<li>\u00dcberwachung und Entfernung von Inhalten: Wir \u00fcberwachen sorgf\u00e4ltig alle Inhalte, die gegen unsere Nutzungsbedingungen versto\u00dfen oder als unangemessen oder illegal erachtet werden, und entfernen sie umgehend. Vertrauen Sie auf unser Engagement f\u00fcr die Aufrechterhaltung einer sicheren und respektvollen Online-Umgebung.<\/li>\n\n\n\n<li><strong>Dienstleistungsvertrag<\/strong>: Durch die Nutzung dieser Website erkl\u00e4ren Sie sich mit unseren Nutzungsbedingungen einverstanden. Es liegt in Ihrer Verantwortung, diese Bedingungen regelm\u00e4\u00dfig zu \u00fcberpr\u00fcfen.<\/li>\n\n\n\n<li><strong><a href=\"https:\/\/cammatch.io\/de\/privacy-policy\/\">Datenschutzbestimmungen<\/a><\/strong>: Ihre Privatsph\u00e4re ist uns wichtig. Bitte lesen Sie unsere Datenschutzrichtlinie, um zu verstehen, wie Ihre Daten verwendet und gesch\u00fctzt werden.<\/li>\n\n\n\n<li><strong>Berichterstattung und Durchsetzung<\/strong>: Die Nutzer sind aufgefordert, jedes Verhalten oder jeden Inhalt, der gegen unsere Richtlinien verst\u00f6\u00dft, zu melden. Wir werden bei Bedarf geeignete Ma\u00dfnahmen ergreifen.<\/li>\n\n\n\n<li><strong>Keine Garantie f\u00fcr Service<\/strong>: Wir garantieren keinen ununterbrochenen oder fehlerfreien Betrieb der Website und haften nicht f\u00fcr technische Probleme oder Ausfallzeiten.<\/li>\n\n\n\n<li><strong>\u00c4nderungsantr\u00e4ge<\/strong>: Dieser Haftungsausschluss kann ohne vorherige Ank\u00fcndigung ge\u00e4ndert werden, und es liegt in der Verantwortung des Nutzers, sich \u00fcber etwaige \u00c4nderungen zu informieren.<\/li>\n<\/ol>\n\n\n\n<p><strong>Die Nutzung dieser Website erfolgt verantwortungsbewusst und auf eigene Gefahr.<\/strong><\/p>","protected":false},"excerpt":{"rendered":"<p>Diese Website ist ausschlie\u00dflich f\u00fcr Benutzer ab 18 Jahren bestimmt. Durch den Zugriff und die Nutzung dieser Seite best\u00e4tigen Sie, dass Sie mindestens 18 Jahre alt sind. Willkommen bei Cam Match - Das ultimative Video-Chat-Erlebnis! \ud83c\udf10 Sofortige Verbindungen weltweit: Bei Cam Match \u00fcberwinden wir geografische Barrieren. Verbinde dich mit Menschen aus allen [...]<\/p>","protected":false},"author":1,"featured_media":0,"parent":0,"menu_order":0,"comment_status":"closed","ping_status":"open","template":"page-without-title.php","meta":{"footnotes":""},"class_list":["post-309","page","type-page","status-publish","hentry"],"yoast_head":"<!-- This site is optimized with the Yoast SEO plugin v26.8 - https:\/\/yoast.com\/product\/yoast-seo-wordpress\/ -->\n<title>CamMatch - Talk to Strangers Through Random Video Chat<\/title>\n<meta name=\"description\" content=\"Discover Cam Match \u2013 Your Gateway to Global Connections! Talk to strangers from across the world through random video chat.\" \/>\n<meta name=\"robots\" content=\"index, follow, max-snippet:-1, max-image-preview:large, max-video-preview:-1\" \/>\n<link rel=\"canonical\" href=\"https:\/\/cammatch.io\/de\/\" \/>\n<meta property=\"og:locale\" content=\"de_DE\" \/>\n<meta property=\"og:type\" content=\"article\" \/>\n<meta property=\"og:title\" content=\"CamMatch - Talk to Strangers Through Random Video Chat\" \/>\n<meta property=\"og:description\" content=\"Discover Cam Match \u2013 Your Gateway to Global Connections! Talk to strangers from across the world through random video chat.\" \/>\n<meta property=\"og:url\" content=\"https:\/\/cammatch.io\/de\/\" \/>\n<meta property=\"og:site_name\" content=\"Cam Match\" \/>\n<meta property=\"article:modified_time\" content=\"2025-11-21T07:23:09+00:00\" \/>\n<meta property=\"og:image\" content=\"https:\/\/cammatch.io\/wp-content\/uploads\/2023\/11\/cam-match.jpg\" \/>\n\t<meta property=\"og:image:width\" content=\"1024\" \/>\n\t<meta property=\"og:image:height\" content=\"1024\" \/>\n\t<meta property=\"og:image:type\" content=\"image\/jpeg\" \/>\n<meta name=\"twitter:card\" content=\"summary_large_image\" \/>\n<meta name=\"twitter:label1\" content=\"Gesch\u00e4tzte Lesezeit\" \/>\n\t<meta name=\"twitter:data1\" content=\"4\u00a0Minuten\" \/>\n<script type=\"application\/ld+json\" class=\"yoast-schema-graph\">{\"@context\":\"https:\/\/schema.org\",\"@graph\":[{\"@type\":\"WebPage\",\"@id\":\"https:\/\/cammatch.io\/\",\"url\":\"https:\/\/cammatch.io\/\",\"name\":\"CamMatch - Talk to Strangers Through Random Video Chat\",\"isPartOf\":{\"@id\":\"https:\/\/cammatch.io\/#website\"},\"primaryImageOfPage\":{\"@id\":\"https:\/\/cammatch.io\/#primaryimage\"},\"image\":{\"@id\":\"https:\/\/cammatch.io\/#primaryimage\"},\"thumbnailUrl\":\"https:\/\/cammatch.io\/wp-content\/uploads\/2023\/11\/cam-match.jpg\",\"datePublished\":\"2022-11-06T19:44:28+00:00\",\"dateModified\":\"2025-11-21T07:23:09+00:00\",\"description\":\"Discover Cam Match \u2013 Your Gateway to Global Connections! Talk to strangers from across the world through random video chat.\",\"breadcrumb\":{\"@id\":\"https:\/\/cammatch.io\/#breadcrumb\"},\"inLanguage\":\"de\",\"potentialAction\":[{\"@type\":\"ReadAction\",\"target\":[\"https:\/\/cammatch.io\/\"]}]},{\"@type\":\"ImageObject\",\"inLanguage\":\"de\",\"@id\":\"https:\/\/cammatch.io\/#primaryimage\",\"url\":\"https:\/\/cammatch.io\/wp-content\/uploads\/2023\/11\/cam-match.jpg\",\"contentUrl\":\"https:\/\/cammatch.io\/wp-content\/uploads\/2023\/11\/cam-match.jpg\"},{\"@type\":\"BreadcrumbList\",\"@id\":\"https:\/\/cammatch.io\/#breadcrumb\",\"itemListElement\":[{\"@type\":\"ListItem\",\"position\":1,\"name\":\"Home\",\"item\":\"https:\/\/cammatch.io\/\"},{\"@type\":\"ListItem\",\"position\":2,\"name\":\"Home\"}]},{\"@type\":\"WebSite\",\"@id\":\"https:\/\/cammatch.io\/#website\",\"url\":\"https:\/\/cammatch.io\/\",\"name\":\"Cam Match\",\"description\":\"\",\"potentialAction\":[{\"@type\":\"SearchAction\",\"target\":{\"@type\":\"EntryPoint\",\"urlTemplate\":\"https:\/\/cammatch.io\/?s={search_term_string}\"},\"query-input\":{\"@type\":\"PropertyValueSpecification\",\"valueRequired\":true,\"valueName\":\"search_term_string\"}}],\"inLanguage\":\"de\"}]}<\/script>\n<!-- \/ Yoast SEO plugin. -->","yoast_head_json":{"title":"CamMatch - Sprich mit Fremden durch zuf\u00e4lligen Video-Chat","description":"Entdecken Sie Cam Match - Ihr Tor zu globalen Kontakten! Sprechen Sie mit Fremden aus der ganzen Welt \u00fcber einen zuf\u00e4lligen Video-Chat.","robots":{"index":"index","follow":"follow","max-snippet":"max-snippet:-1","max-image-preview":"max-image-preview:large","max-video-preview":"max-video-preview:-1"},"canonical":"https:\/\/cammatch.io\/de\/","og_locale":"de_DE","og_type":"article","og_title":"CamMatch - Talk to Strangers Through Random Video Chat","og_description":"Discover Cam Match \u2013 Your Gateway to Global Connections! Talk to strangers from across the world through random video chat.","og_url":"https:\/\/cammatch.io\/de\/","og_site_name":"Cam Match","article_modified_time":"2025-11-21T07:23:09+00:00","og_image":[{"width":1024,"height":1024,"url":"https:\/\/cammatch.io\/wp-content\/uploads\/2023\/11\/cam-match.jpg","type":"image\/jpeg"}],"twitter_card":"summary_large_image","twitter_misc":{"Gesch\u00e4tzte Lesezeit":"4\u00a0Minuten"},"schema":{"@context":"https:\/\/schema.org","@graph":[{"@type":"WebPage","@id":"https:\/\/cammatch.io\/","url":"https:\/\/cammatch.io\/","name":"CamMatch - Sprich mit Fremden durch zuf\u00e4lligen Video-Chat","isPartOf":{"@id":"https:\/\/cammatch.io\/#website"},"primaryImageOfPage":{"@id":"https:\/\/cammatch.io\/#primaryimage"},"image":{"@id":"https:\/\/cammatch.io\/#primaryimage"},"thumbnailUrl":"https:\/\/cammatch.io\/wp-content\/uploads\/2023\/11\/cam-match.jpg","datePublished":"2022-11-06T19:44:28+00:00","dateModified":"2025-11-21T07:23:09+00:00","description":"Entdecken Sie Cam Match - Ihr Tor zu globalen Kontakten! Sprechen Sie mit Fremden aus der ganzen Welt \u00fcber einen zuf\u00e4lligen Video-Chat.","breadcrumb":{"@id":"https:\/\/cammatch.io\/#breadcrumb"},"inLanguage":"de","potentialAction":[{"@type":"ReadAction","target":["https:\/\/cammatch.io\/"]}]},{"@type":"ImageObject","inLanguage":"de","@id":"https:\/\/cammatch.io\/#primaryimage","url":"https:\/\/cammatch.io\/wp-content\/uploads\/2023\/11\/cam-match.jpg","contentUrl":"https:\/\/cammatch.io\/wp-content\/uploads\/2023\/11\/cam-match.jpg"},{"@type":"BreadcrumbList","@id":"https:\/\/cammatch.io\/#breadcrumb","itemListElement":[{"@type":"ListItem","position":1,"name":"Home","item":"https:\/\/cammatch.io\/"},{"@type":"ListItem","position":2,"name":"Home"}]},{"@type":"WebSite","@id":"https:\/\/cammatch.io\/#website","url":"https:\/\/cammatch.io\/","name":"Nockenspiel","description":"","potentialAction":[{"@type":"SearchAction","target":{"@type":"EntryPoint","urlTemplate":"https:\/\/cammatch.io\/?s={search_term_string}"},"query-input":{"@type":"PropertyValueSpecification","valueRequired":true,"valueName":"search_term_string"}}],"inLanguage":"de"}]}},"_links":{"self":[{"href":"https:\/\/cammatch.io\/de\/wp-json\/wp\/v2\/pages\/309","targetHints":{"allow":["GET"]}}],"collection":[{"href":"https:\/\/cammatch.io\/de\/wp-json\/wp\/v2\/pages"}],"about":[{"href":"https:\/\/cammatch.io\/de\/wp-json\/wp\/v2\/types\/page"}],"author":[{"embeddable":true,"href":"https:\/\/cammatch.io\/de\/wp-json\/wp\/v2\/users\/1"}],"replies":[{"embeddable":true,"href":"https:\/\/cammatch.io\/de\/wp-json\/wp\/v2\/comments?post=309"}],"version-history":[{"count":5,"href":"https:\/\/cammatch.io\/de\/wp-json\/wp\/v2\/pages\/309\/revisions"}],"predecessor-version":[{"id":928,"href":"https:\/\/cammatch.io\/de\/wp-json\/wp\/v2\/pages\/309\/revisions\/928"}],"wp:attachment":[{"href":"https:\/\/cammatch.io\/de\/wp-json\/wp\/v2\/media?parent=309"}],"curies":[{"name":"wp","href":"https:\/\/api.w.org\/{rel}","templated":true}]}}