{"id":802,"date":"2024-09-25T01:30:40","date_gmt":"2024-09-25T01:30:40","guid":{"rendered":"https:\/\/cammatch.io\/?page_id=802"},"modified":"2024-09-25T01:30:42","modified_gmt":"2024-09-25T01:30:42","slug":"about-us","status":"publish","type":"page","link":"https:\/\/cammatch.io\/de\/about-us\/","title":{"rendered":"\u00dcber uns"},"content":{"rendered":"<p>Willkommen bei <strong>Nockenspiel<\/strong>-die f\u00fchrende Plattform, die entwickelt wurde, um <a href=\"https:\/\/cammatch.io\/de\/bazoocam\/\">verbinden<\/a> Sie mit den besten <a href=\"https:\/\/cammatch.io\/de\/wireclub\/\">Cam-Chat<\/a> Websites, die auf Ihre Vorlieben zugeschnitten sind. Im heutigen digitalen Zeitalter sind bedeutungsvolle Verbindungen nur einen Klick entfernt. Egal, ob Sie neue Freundschaften suchen, sich unterhalten wollen oder die Welt der Online-Videokommunikation erkunden m\u00f6chten, Cam Match ist hier, um Sie zu begleiten.<\/p>\n\n\n\n<p><strong>Unser Auftrag<\/strong><\/p>\n\n\n\n<p>Wir von Cam Match haben es uns zur Aufgabe gemacht, deine Suche nach der perfekten Cam zu vereinfachen. <a href=\"https:\/\/cammatch.io\/de\/tohla\/\">Chat<\/a> Erfahrung. Wir wissen, dass die Suche nach der richtigen Plattform angesichts der unz\u00e4hligen Optionen \u00fcberw\u00e4ltigend sein kann. Aus diesem Grund haben wir eine nahtlose <a href=\"https:\/\/cammatch.io\/de\/luckycrush\/\">passend zu<\/a> System, das dich mit Cam-Chat-Seiten verbindet, die deinen Interessen und Bed\u00fcrfnissen entsprechen.<\/p>\n\n\n\n<p><strong>Was wir tun<\/strong><\/p>\n\n\n\n<ul class=\"wp-block-list\">\n<li><strong>Personalisiertes Matching<\/strong>: Unsere fortschrittlichen Algorithmen ber\u00fccksichtigen deine Vorlieben, um dich mit Cam-Chat-Seiten zusammenzubringen, die die Erfahrungen bieten, die du suchst.<\/li>\n\n\n\n<li><strong>Kuratierte Auswahlen<\/strong>: Wir arbeiten mit einer Vielzahl von seri\u00f6sen Cam-Chat-Plattformen zusammen, um sicherzustellen, dass Sie Zugang zu sicheren, ansprechenden und hochwertigen Diensten haben.<\/li>\n\n\n\n<li><strong>Anwenderberichte und Bewertungen<\/strong>: Profitieren Sie von den Erfahrungen unserer Community. Lesen Sie echte Nutzerberichte und Bewertungen, um fundierte Entscheidungen zu treffen.<\/li>\n<\/ul>\n\n\n\n<p><strong>Warum Cam Match w\u00e4hlen?<\/strong><\/p>\n\n\n\n<ul class=\"wp-block-list\">\n<li><strong>Beratung durch Experten<\/strong>: Unser Team hat es sich zur Aufgabe gemacht, nur die besten Cam-Chat-Seiten zu recherchieren und mit ihnen zusammenzuarbeiten.<\/li>\n\n\n\n<li><strong>Nutzerzentrierter Ansatz<\/strong>: Ihre Zufriedenheit ist unsere Priorit\u00e4t. Wir verfeinern unser Matching-Verfahren kontinuierlich auf der Grundlage von Nutzer-Feedback.<\/li>\n\n\n\n<li><strong>Sicher und vertrauensw\u00fcrdig<\/strong>: Wir legen Wert auf Ihre Sicherheit und arbeiten mit Plattformen zusammen, die strenge Sicherheits- und Datenschutzstandards einhalten.<\/li>\n<\/ul>\n\n\n\n<p><strong>Werden Sie Mitglied unserer Gemeinschaft<\/strong><\/p>\n\n\n\n<p>Machen Sie sich auf die Reise, um aufregende Cam-Chat-Erlebnisse zu entdecken. Mit Cam Match k\u00f6nnen Sie vertrauensvoll neue Plattformen erkunden, denn Sie wissen, dass wir die Basisarbeit geleistet haben, um Qualit\u00e4t und Zuverl\u00e4ssigkeit zu gew\u00e4hrleisten.<\/p>\n\n\n\n<p><strong>Verbinden Sie Ihren Weg<\/strong><\/p>\n\n\n\n<p>Egal, ob du an zwanglosen Chats, tiefgr\u00fcndigen Gespr\u00e4chen oder daran interessiert bist, Menschen aus der ganzen Welt kennenzulernen - Cam Match \u00f6ffnet dir die T\u00fcr zu einer Welt voller M\u00f6glichkeiten. Lassen Sie uns Ihnen helfen, die perfekte Cam-Chat-Seite zu finden, die zu Ihnen passt.<\/p>\n\n\n\n<p><strong>Beginnen Sie heute<\/strong><\/p>\n\n\n\n<p>Bist du bereit, deine ideale Cam-Chat-Plattform zu finden? Beginnen Sie Ihren pers\u00f6nlichen Matching-Prozess und starten Sie eine Verbindung wie nie zuvor!<\/p>\n\n\n\n<hr class=\"wp-block-separator has-alpha-channel-opacity\"\/>\n\n\n\n<p>Danke, dass du dich f\u00fcr Cam Match entschieden hast. Wir freuen uns darauf, Teil deiner Reise zu sinnvollen und angenehmen Online-Interaktionen zu sein!<\/p>","protected":false},"excerpt":{"rendered":"<p>Willkommen bei Cam Match - der f\u00fchrenden Plattform, die dich mit den besten Cam-Chat-Seiten verbindet, die auf deine Vorlieben zugeschnitten sind. Im heutigen digitalen Zeitalter sind bedeutungsvolle Verbindungen nur einen Klick entfernt. Egal, ob Sie auf der Suche nach neuen Freundschaften, anregenden Gespr\u00e4chen oder der Erkundung der Welt der Online-Videokommunikation sind, Cam Match ist hier, um Sie zu begleiten. Unsere Mission [...]<\/p>","protected":false},"author":1,"featured_media":0,"parent":0,"menu_order":0,"comment_status":"closed","ping_status":"closed","template":"page-no-sidebar.php","meta":{"footnotes":""},"class_list":["post-802","page","type-page","status-publish","hentry"],"yoast_head":"<!-- This site is optimized with the Yoast SEO plugin v26.8 - https:\/\/yoast.com\/product\/yoast-seo-wordpress\/ -->\n<title>About Us - Cam Match<\/title>\n<meta name=\"robots\" content=\"index, follow, max-snippet:-1, max-image-preview:large, max-video-preview:-1\" \/>\n<link rel=\"canonical\" href=\"https:\/\/cammatch.io\/de\/about-us\/\" \/>\n<meta property=\"og:locale\" content=\"de_DE\" \/>\n<meta property=\"og:type\" content=\"article\" \/>\n<meta property=\"og:title\" content=\"About Us - Cam Match\" \/>\n<meta property=\"og:description\" content=\"Welcome to Cam Match\u2014the premier platform designed to connect you with the best cam chat sites tailored to your preferences. In today&#8217;s digital age, meaningful connections are just a click away. Whether you&#8217;re seeking new friendships, engaging conversations, or exploring the world of online video communication, Cam Match is here to guide you. Our Mission [&hellip;]\" \/>\n<meta property=\"og:url\" content=\"https:\/\/cammatch.io\/de\/about-us\/\" \/>\n<meta property=\"og:site_name\" content=\"Cam Match\" \/>\n<meta property=\"article:modified_time\" content=\"2024-09-25T01:30:42+00:00\" \/>\n<meta name=\"twitter:card\" content=\"summary_large_image\" \/>\n<meta name=\"twitter:label1\" content=\"Gesch\u00e4tzte Lesezeit\" \/>\n\t<meta name=\"twitter:data1\" content=\"2\u00a0Minuten\" \/>\n<script type=\"application\/ld+json\" class=\"yoast-schema-graph\">{\"@context\":\"https:\/\/schema.org\",\"@graph\":[{\"@type\":\"WebPage\",\"@id\":\"https:\/\/cammatch.io\/about-us\/\",\"url\":\"https:\/\/cammatch.io\/about-us\/\",\"name\":\"About Us - Cam Match\",\"isPartOf\":{\"@id\":\"https:\/\/cammatch.io\/#website\"},\"datePublished\":\"2024-09-25T01:30:40+00:00\",\"dateModified\":\"2024-09-25T01:30:42+00:00\",\"breadcrumb\":{\"@id\":\"https:\/\/cammatch.io\/about-us\/#breadcrumb\"},\"inLanguage\":\"de\",\"potentialAction\":[{\"@type\":\"ReadAction\",\"target\":[\"https:\/\/cammatch.io\/about-us\/\"]}]},{\"@type\":\"BreadcrumbList\",\"@id\":\"https:\/\/cammatch.io\/about-us\/#breadcrumb\",\"itemListElement\":[{\"@type\":\"ListItem\",\"position\":1,\"name\":\"Home\",\"item\":\"https:\/\/cammatch.io\/\"},{\"@type\":\"ListItem\",\"position\":2,\"name\":\"About Us\"}]},{\"@type\":\"WebSite\",\"@id\":\"https:\/\/cammatch.io\/#website\",\"url\":\"https:\/\/cammatch.io\/\",\"name\":\"Cam Match\",\"description\":\"\",\"potentialAction\":[{\"@type\":\"SearchAction\",\"target\":{\"@type\":\"EntryPoint\",\"urlTemplate\":\"https:\/\/cammatch.io\/?s={search_term_string}\"},\"query-input\":{\"@type\":\"PropertyValueSpecification\",\"valueRequired\":true,\"valueName\":\"search_term_string\"}}],\"inLanguage\":\"de\"}]}<\/script>\n<!-- \/ Yoast SEO plugin. -->","yoast_head_json":{"title":"\u00dcber uns - Cam Match","robots":{"index":"index","follow":"follow","max-snippet":"max-snippet:-1","max-image-preview":"max-image-preview:large","max-video-preview":"max-video-preview:-1"},"canonical":"https:\/\/cammatch.io\/de\/about-us\/","og_locale":"de_DE","og_type":"article","og_title":"About Us - Cam Match","og_description":"Welcome to Cam Match\u2014the premier platform designed to connect you with the best cam chat sites tailored to your preferences. In today&#8217;s digital age, meaningful connections are just a click away. Whether you&#8217;re seeking new friendships, engaging conversations, or exploring the world of online video communication, Cam Match is here to guide you. Our Mission [&hellip;]","og_url":"https:\/\/cammatch.io\/de\/about-us\/","og_site_name":"Cam Match","article_modified_time":"2024-09-25T01:30:42+00:00","twitter_card":"summary_large_image","twitter_misc":{"Gesch\u00e4tzte Lesezeit":"2\u00a0Minuten"},"schema":{"@context":"https:\/\/schema.org","@graph":[{"@type":"WebPage","@id":"https:\/\/cammatch.io\/about-us\/","url":"https:\/\/cammatch.io\/about-us\/","name":"\u00dcber uns - Cam Match","isPartOf":{"@id":"https:\/\/cammatch.io\/#website"},"datePublished":"2024-09-25T01:30:40+00:00","dateModified":"2024-09-25T01:30:42+00:00","breadcrumb":{"@id":"https:\/\/cammatch.io\/about-us\/#breadcrumb"},"inLanguage":"de","potentialAction":[{"@type":"ReadAction","target":["https:\/\/cammatch.io\/about-us\/"]}]},{"@type":"BreadcrumbList","@id":"https:\/\/cammatch.io\/about-us\/#breadcrumb","itemListElement":[{"@type":"ListItem","position":1,"name":"Home","item":"https:\/\/cammatch.io\/"},{"@type":"ListItem","position":2,"name":"About Us"}]},{"@type":"WebSite","@id":"https:\/\/cammatch.io\/#website","url":"https:\/\/cammatch.io\/","name":"Nockenspiel","description":"","potentialAction":[{"@type":"SearchAction","target":{"@type":"EntryPoint","urlTemplate":"https:\/\/cammatch.io\/?s={search_term_string}"},"query-input":{"@type":"PropertyValueSpecification","valueRequired":true,"valueName":"search_term_string"}}],"inLanguage":"de"}]}},"_links":{"self":[{"href":"https:\/\/cammatch.io\/de\/wp-json\/wp\/v2\/pages\/802","targetHints":{"allow":["GET"]}}],"collection":[{"href":"https:\/\/cammatch.io\/de\/wp-json\/wp\/v2\/pages"}],"about":[{"href":"https:\/\/cammatch.io\/de\/wp-json\/wp\/v2\/types\/page"}],"author":[{"embeddable":true,"href":"https:\/\/cammatch.io\/de\/wp-json\/wp\/v2\/users\/1"}],"replies":[{"embeddable":true,"href":"https:\/\/cammatch.io\/de\/wp-json\/wp\/v2\/comments?post=802"}],"version-history":[{"count":1,"href":"https:\/\/cammatch.io\/de\/wp-json\/wp\/v2\/pages\/802\/revisions"}],"predecessor-version":[{"id":803,"href":"https:\/\/cammatch.io\/de\/wp-json\/wp\/v2\/pages\/802\/revisions\/803"}],"wp:attachment":[{"href":"https:\/\/cammatch.io\/de\/wp-json\/wp\/v2\/media?parent=802"}],"curies":[{"name":"wp","href":"https:\/\/api.w.org\/{rel}","templated":true}]}}