{"id":309,"date":"2022-11-06T19:44:28","date_gmt":"2022-11-06T19:44:28","guid":{"rendered":"https:\/\/export.mercurytheme.com\/001\/?page_id=2"},"modified":"2025-11-21T07:23:09","modified_gmt":"2025-11-21T07:23:09","slug":"home","status":"publish","type":"page","link":"https:\/\/cammatch.io\/es\/","title":{"rendered":"Inicio"},"content":{"rendered":"<div class=\"wp-block-cover alignfull is-light\" style=\"min-height:600px;aspect-ratio:unset;\"><span aria-hidden=\"true\" class=\"wp-block-cover__background has-background-dim\"><\/span><img loading=\"lazy\" decoding=\"async\" width=\"1024\" height=\"1024\" class=\"wp-block-cover__image-background wp-image-315\" alt=\"\" src=\"https:\/\/cammatch.io\/wp-content\/uploads\/2023\/11\/cam-match.jpg\" data-object-fit=\"cover\" srcset=\"https:\/\/cammatch.io\/wp-content\/uploads\/2023\/11\/cam-match.jpg 1024w, https:\/\/cammatch.io\/wp-content\/uploads\/2023\/11\/cam-match-300x300.jpg 300w, https:\/\/cammatch.io\/wp-content\/uploads\/2023\/11\/cam-match-150x150.jpg 150w, https:\/\/cammatch.io\/wp-content\/uploads\/2023\/11\/cam-match-768x768.jpg 768w, https:\/\/cammatch.io\/wp-content\/uploads\/2023\/11\/cam-match-40x40.jpg 40w, https:\/\/cammatch.io\/wp-content\/uploads\/2023\/11\/cam-match-50x50.jpg 50w, https:\/\/cammatch.io\/wp-content\/uploads\/2023\/11\/cam-match-100x100.jpg 100w, https:\/\/cammatch.io\/wp-content\/uploads\/2023\/11\/cam-match-120x120.jpg 120w, https:\/\/cammatch.io\/wp-content\/uploads\/2023\/11\/cam-match-135x135.jpg 135w, https:\/\/cammatch.io\/wp-content\/uploads\/2023\/11\/cam-match-270x270.jpg 270w, https:\/\/cammatch.io\/wp-content\/uploads\/2023\/11\/cam-match-450x450.jpg 450w, https:\/\/cammatch.io\/wp-content\/uploads\/2023\/11\/cam-match-479x479.jpg 479w, https:\/\/cammatch.io\/wp-content\/uploads\/2023\/11\/cam-match-570x570.jpg 570w, https:\/\/cammatch.io\/wp-content\/uploads\/2023\/11\/cam-match-767x767.jpg 767w, https:\/\/cammatch.io\/wp-content\/uploads\/2023\/11\/cam-match-32x32.jpg 32w, https:\/\/cammatch.io\/wp-content\/uploads\/2023\/11\/cam-match-80x80.jpg 80w\" sizes=\"auto, (max-width: 1024px) 100vw, 1024px\" \/><div class=\"wp-block-cover__inner-container is-layout-flow wp-block-cover-is-layout-flow\">\n<div style=\"height:100px\" aria-hidden=\"true\" class=\"wp-block-spacer\"><\/div>\n\n\n\n<h2 class=\"wp-block-heading has-text-align-center\" style=\"font-size:51px;font-style:italic;font-weight:900\">Videochat aleatorio 1v1<\/h2>\n\n\n\n<p class=\"has-text-align-center\" style=\"font-style:normal;font-weight:100\">Coincidir con <a href=\"https:\/\/cammatch.io\/es\/talkwithstranger\/\">Extra\u00f1os al azar<\/a> de todo el mundo a trav\u00e9s de <a href=\"https:\/\/cammatch.io\/es\/wireclub\/\">chat de v\u00eddeo<\/a>.<\/p>\n\n\n\n<div class=\"wp-block-buttons is-layout-flex wp-block-buttons-is-layout-flex\">\n<div class=\"wp-block-button aligncenter\"><a class=\"wp-block-button__link has-mercury-white-color has-luminous-vivid-amber-background-color has-text-color has-background wp-element-button\" href=\"https:\/\/cammatch.io\/es\/coomeet\/\">Empezar a emparejar<\/a><\/div>\n<\/div>\n\n\n\n<div style=\"height:100px\" aria-hidden=\"true\" class=\"wp-block-spacer\"><\/div>\n<\/div><\/div>\n\n\n\n\n\n<div style=\"height:30px\" aria-hidden=\"true\" class=\"wp-block-spacer\"><\/div>\n\n\n\n<p class=\"has-text-align-center has-text-color has-small-font-size\" style=\"color:#7f8c8d\">Este sitio est\u00e1 destinado exclusivamente a usuarios mayores de 18 a\u00f1os. Al acceder y utilizar este sitio, usted certifica que tiene al menos 18 a\u00f1os.<\/p>\n\n\n\n<div style=\"height:30px\" aria-hidden=\"true\" class=\"wp-block-spacer\"><\/div>\n\n\n\n<h2 class=\"wp-block-heading\"><strong>Bienvenido a Cam Match - \u00a1La Experiencia de Video Chat Definitiva!<\/strong><\/h2>\n\n\n\n<p><strong>\ud83c\udf10 Conexiones instant\u00e1neas en todo el mundo:<\/strong> En Cam Match rompemos las barreras geogr\u00e1ficas. <a href=\"https:\/\/cammatch.io\/es\/bazoocam\/\">Conectar<\/a> con gente de todos los rincones del planeta con s\u00f3lo un clic. Tanto si busca un amistoso <a href=\"https:\/\/cammatch.io\/es\/tohla\/\">chat<\/a>ya sea un intercambio cultural o algo m\u00e1s, Cam Match lleva el mundo a tu pantalla al instante.<\/p>\n\n\n\n<p><strong>\ud83c\udfad Anonimato absoluto:<\/strong> Su privacidad es nuestra prioridad. Disfruta de las conversaciones sin preocuparte de revelar tu identidad. Nuestra plataforma garantiza el anonimato total: sin informaci\u00f3n personal, sin perfiles, solo interacci\u00f3n pura y espont\u00e1nea.<\/p>\n\n\n\n<p><strong>\ud83c\udf1f F\u00e1cil y accesible:<\/strong> Sin registros ni descargas complicadas. Accede a Cam Match desde cualquier dispositivo con conexi\u00f3n a Internet. Nuestra interfaz f\u00e1cil de usar hace que el videochat sea pan comido para todos.<\/p>\n\n\n\n<p><strong>\ud83d\udd12 Seguro y protegido:<\/strong> Damos prioridad a tu seguridad con nuestro cifrado y moderaci\u00f3n de \u00faltima generaci\u00f3n. Si\u00e9ntete seguro sabiendo que tus conversaciones y datos est\u00e1n protegidos.<\/p>\n\n\n\n<p><strong>\ud83c\udf08 Comunidad diversa:<\/strong> Con miles de usuarios conectados en todo momento, podr\u00e1s <a href=\"https:\/\/cammatch.io\/es\/meetskip\/\">conozca<\/a> un amplio abanico de personas de distintas procedencias, intereses y culturas. Cada charla es una oportunidad para vivir una experiencia \u00fanica y enriquecedora.<\/p>\n\n\n\n<p><strong>\ud83c\udfa5 V\u00eddeo y audio de alta calidad:<\/strong> Disfrute de una calidad de v\u00eddeo y audio cristalina. Nuestra plataforma garantiza que sus conversaciones sean lo m\u00e1s reales e ininterrumpidas posible.<\/p>\n\n\n\n<p><strong>\ud83c\udfb2 Aleatorio <a href=\"https:\/\/cammatch.io\/es\/luckycrush\/\">A juego<\/a> Algoritmo:<\/strong> Deja que el destino decida tu pr\u00f3ximo compa\u00f1ero de conversaci\u00f3n. Nuestro algoritmo de emparejamiento aleatorio te conecta con gente nueva e interesante cada vez que haces clic en \"Siguiente\".<\/p>\n\n\n\n<p><strong>\ud83e\udd16 Funciones impulsadas por IA:<\/strong> Disfruta de funciones avanzadas como los filtros faciales de IA y la traducci\u00f3n de idiomas. Rompe las barreras ling\u00fc\u00edsticas y a\u00f1ade un toque divertido a tus conversaciones.<\/p>\n\n\n\n<p><strong>\ud83d\udcf1 Mobile-Friendly:<\/strong> Ll\u00e9vate Cam Match a todas partes Nuestra plataforma est\u00e1 optimizada para dispositivos m\u00f3viles, lo que garantiza una experiencia de chat perfecta est\u00e9s donde est\u00e9s.<\/p>\n\n\n\n<div style=\"height:60px\" aria-hidden=\"true\" class=\"wp-block-spacer\"><\/div>\n\n\n\n<div class=\"wp-block-cover alignfull\"><img loading=\"lazy\" decoding=\"async\" width=\"1254\" height=\"836\" class=\"wp-block-cover__image-background wp-image-313\" alt=\"\" src=\"https:\/\/cammatch.io\/wp-content\/uploads\/2023\/11\/chatting.jpg\" data-object-fit=\"cover\" srcset=\"https:\/\/cammatch.io\/wp-content\/uploads\/2023\/11\/chatting.jpg 1254w, https:\/\/cammatch.io\/wp-content\/uploads\/2023\/11\/chatting-300x200.jpg 300w, https:\/\/cammatch.io\/wp-content\/uploads\/2023\/11\/chatting-1024x683.jpg 1024w, https:\/\/cammatch.io\/wp-content\/uploads\/2023\/11\/chatting-768x512.jpg 768w, https:\/\/cammatch.io\/wp-content\/uploads\/2023\/11\/chatting-60x40.jpg 60w, https:\/\/cammatch.io\/wp-content\/uploads\/2023\/11\/chatting-48x32.jpg 48w, https:\/\/cammatch.io\/wp-content\/uploads\/2023\/11\/chatting-120x80.jpg 120w, https:\/\/cammatch.io\/wp-content\/uploads\/2023\/11\/chatting-203x135.jpg 203w\" sizes=\"auto, (max-width: 1254px) 100vw, 1254px\" \/><span aria-hidden=\"true\" class=\"wp-block-cover__background has-background-dim-70 has-background-dim\"><\/span><div class=\"wp-block-cover__inner-container is-layout-flow wp-block-cover-is-layout-flow\">\n<div style=\"height:60px\" aria-hidden=\"true\" class=\"wp-block-spacer\"><\/div>\n\n\n\n<div style=\"height:60px\" aria-hidden=\"true\" class=\"wp-block-spacer\"><\/div>\n\n\n\n<h3 class=\"wp-block-heading\"><strong>Cam Match - \u00a1Cada clic es una nueva aventura!<\/strong><\/h3>\n\n\n\n<p>Emprende hoy mismo tu viaje de conexi\u00f3n y exploraci\u00f3n. \u00danete a Cam Match: \u00a1es gratis, divertido y est\u00e1 a un solo clic!<\/p>\n<\/div><\/div>\n\n\n\n<div style=\"height:60px\" aria-hidden=\"true\" class=\"wp-block-spacer\"><\/div>\n\n\n\n<h3 class=\"wp-block-heading\">Con\u00e9ctese al instante, chatee libremente<\/h3>\n\n\n\n<p><strong>CamMatch.io<\/strong> es un portal sin complicaciones para organizar reuniones espont\u00e1neas e individuales. <a href=\"https:\/\/cammatch.io\/es\/tandoo\/\">chats de v\u00eddeo<\/a>. Olv\u00eddese de las complejidades de las redes sociales modernas y adopte una forma sencilla de conocer gente nueva de todo el mundo. Un proceso sencillo y directo, sin ataduras, solo una aut\u00e9ntica conexi\u00f3n humana.<\/p>\n\n\n\n<h4 class=\"wp-block-heading\">\u00bfPor qu\u00e9 CamMatch.io?<\/h4>\n\n\n\n<ul class=\"wp-block-list\">\n<li><strong>Conexi\u00f3n instant\u00e1nea:<\/strong> Salta directamente a <a href=\"https:\/\/cammatch.io\/es\/1v1-video-chat\/\">1v1<\/a> chats sin necesidad de largos registros.<\/li>\n\n\n\n<li><strong>Seguro y protegido:<\/strong> Disfrute de un espacio privado dise\u00f1ado pensando en su seguridad.<\/li>\n\n\n\n<li><strong>F\u00e1cil de usar:<\/strong> Nuestra intuitiva plataforma permite prescindir de pasos complicados: basta con hacer clic y conectarse.<\/li>\n\n\n\n<li><strong>Comunidad mundial:<\/strong> Conoce a gente diversa e interesante dispuesta a chatear en cualquier momento y lugar.<\/li>\n<\/ul>\n\n\n\n<h4 class=\"wp-block-heading\">C\u00f3mo funciona<\/h4>\n\n\n\n<ol class=\"wp-block-list\">\n<li><strong>Haz clic para chatear:<\/strong> Pulsa el bot\u00f3n \"Iniciar chat\" y te emparejar\u00e1s inmediatamente con alguien nuevo.<\/li>\n\n\n\n<li><strong>Con\u00e9ctate al instante:<\/strong> Disfrute de una experiencia de videoconferencia fluida con retrasos m\u00ednimos.<\/li>\n\n\n\n<li><strong>Seguir adelante o conectar m\u00e1s profundamente:<\/strong> Termina la conversaci\u00f3n en cualquier momento o qu\u00e9date para establecer una conexi\u00f3n significativa.<\/li>\n<\/ol>\n\n\n\n<h4 class=\"wp-block-heading\">\u00danete a la revoluci\u00f3n<\/h4>\n\n\n\n<p>Al\u00e9jese de las interacciones preestablecidas y sum\u00e9rjase en conversaciones reales. Tanto si buscas un saludo r\u00e1pido como una conexi\u00f3n m\u00e1s profunda, <strong>CamMatch.io<\/strong> es tu destino para chatear por v\u00eddeo 1v1 sin complicaciones. Comienza tu viaje con nosotros hoy mismo y experimenta la libertad de una conexi\u00f3n genuina y sin filtros.<\/p>\n\n\n\n<p><strong>\u00bfListo para chatear? Haga clic a continuaci\u00f3n para comenzar su aventura.<\/strong><\/p>\n\n\n\n<hr class=\"wp-block-separator has-alpha-channel-opacity\"\/>\n\n\n\n<p>Experimenta el futuro del videochat aleatorio en <strong>CamMatch.io<\/strong> - donde cada conversaci\u00f3n es una nueva posibilidad.<\/p>\n\n\n\n<p><strong>Descargo de responsabilidad para<\/strong> Cam Match<\/p>\n\n\n\n<ol class=\"wp-block-list\">\n<li><strong>Restricci\u00f3n de edad<\/strong>: Este sitio est\u00e1 destinado exclusivamente a usuarios mayores de 18 a\u00f1os. Al acceder y utilizar este sitio, usted certifica que tiene al menos 18 a\u00f1os.<\/li>\n\n\n\n<li><strong>Sin responsabilidad por las interacciones de los usuarios<\/strong>: Cam Match es una plataforma para que usuarios adultos participen en videochats. No somos responsables de la conducta de ning\u00fan usuario dentro o fuera del sitio. Los usuarios interact\u00faan bajo su propia responsabilidad.<\/li>\n\n\n\n<li>Supervisi\u00f3n y eliminaci\u00f3n de contenidos: supervisamos con diligencia y eliminamos r\u00e1pidamente cualquier contenido que contravenga nuestras condiciones de servicio o se considere inapropiado o ilegal. Conf\u00eda en nuestro compromiso de mantener un entorno online seguro y respetuoso.<\/li>\n\n\n\n<li><strong>Condiciones de servicio<\/strong>: Al utilizar este sitio, usted acepta nuestras Condiciones de servicio. Es su responsabilidad revisar estos t\u00e9rminos con regularidad.<\/li>\n\n\n\n<li><strong><a href=\"https:\/\/cammatch.io\/es\/privacy-policy\/\">Pol\u00edtica de privacidad<\/a><\/strong>: Su privacidad es importante para nosotros. Consulte nuestra Pol\u00edtica de privacidad para saber c\u00f3mo se utiliza y protege su informaci\u00f3n.<\/li>\n\n\n\n<li><strong>Notificaci\u00f3n y ejecuci\u00f3n<\/strong>: Animamos a los usuarios a denunciar cualquier comportamiento o contenido que infrinja nuestras pol\u00edticas. Tomaremos las medidas oportunas cuando sea necesario.<\/li>\n\n\n\n<li><strong>Sin garant\u00eda de servicio<\/strong>: No garantizamos el funcionamiento ininterrumpido o sin errores del sitio y no somos responsables de ning\u00fan problema t\u00e9cnico o tiempo de inactividad.<\/li>\n\n\n\n<li><strong>Enmiendas<\/strong>: Esta cl\u00e1usula de exenci\u00f3n de responsabilidad est\u00e1 sujeta a cambios sin previo aviso, y es responsabilidad del usuario mantenerse informado sobre cualquier modificaci\u00f3n.<\/li>\n<\/ol>\n\n\n\n<p><strong>Utilice este sitio de forma responsable y por su cuenta y riesgo.<\/strong><\/p>","protected":false},"excerpt":{"rendered":"<p>Este sitio est\u00e1 destinado exclusivamente a usuarios mayores de 18 a\u00f1os. Al acceder y utilizar este sitio, usted certifica que tiene al menos 18 a\u00f1os de edad. Bienvenido a Cam Match: \u00a1la experiencia de videochat definitiva! \ud83c\udf10 Conexiones instant\u00e1neas en todo el mundo: En Cam Match, rompemos las barreras geogr\u00e1ficas. Con\u00e9ctate con personas de todas [...]<\/p>","protected":false},"author":1,"featured_media":0,"parent":0,"menu_order":0,"comment_status":"closed","ping_status":"open","template":"page-without-title.php","meta":{"footnotes":""},"class_list":["post-309","page","type-page","status-publish","hentry"],"yoast_head":"<!-- This site is optimized with the Yoast SEO plugin v26.8 - https:\/\/yoast.com\/product\/yoast-seo-wordpress\/ -->\n<title>CamMatch - Talk to Strangers Through Random Video Chat<\/title>\n<meta name=\"description\" content=\"Discover Cam Match \u2013 Your Gateway to Global Connections! Talk to strangers from across the world through random video chat.\" \/>\n<meta name=\"robots\" content=\"index, follow, max-snippet:-1, max-image-preview:large, max-video-preview:-1\" \/>\n<link rel=\"canonical\" href=\"https:\/\/cammatch.io\/es\/\" \/>\n<meta property=\"og:locale\" content=\"es_ES\" \/>\n<meta property=\"og:type\" content=\"article\" \/>\n<meta property=\"og:title\" content=\"CamMatch - Talk to Strangers Through Random Video Chat\" \/>\n<meta property=\"og:description\" content=\"Discover Cam Match \u2013 Your Gateway to Global Connections! Talk to strangers from across the world through random video chat.\" \/>\n<meta property=\"og:url\" content=\"https:\/\/cammatch.io\/es\/\" \/>\n<meta property=\"og:site_name\" content=\"Cam Match\" \/>\n<meta property=\"article:modified_time\" content=\"2025-11-21T07:23:09+00:00\" \/>\n<meta property=\"og:image\" content=\"https:\/\/cammatch.io\/wp-content\/uploads\/2023\/11\/cam-match.jpg\" \/>\n\t<meta property=\"og:image:width\" content=\"1024\" \/>\n\t<meta property=\"og:image:height\" content=\"1024\" \/>\n\t<meta property=\"og:image:type\" content=\"image\/jpeg\" \/>\n<meta name=\"twitter:card\" content=\"summary_large_image\" \/>\n<meta name=\"twitter:label1\" content=\"Tiempo de lectura\" \/>\n\t<meta name=\"twitter:data1\" content=\"4 minutos\" \/>\n<script type=\"application\/ld+json\" class=\"yoast-schema-graph\">{\"@context\":\"https:\/\/schema.org\",\"@graph\":[{\"@type\":\"WebPage\",\"@id\":\"https:\/\/cammatch.io\/\",\"url\":\"https:\/\/cammatch.io\/\",\"name\":\"CamMatch - Talk to Strangers Through Random Video Chat\",\"isPartOf\":{\"@id\":\"https:\/\/cammatch.io\/#website\"},\"primaryImageOfPage\":{\"@id\":\"https:\/\/cammatch.io\/#primaryimage\"},\"image\":{\"@id\":\"https:\/\/cammatch.io\/#primaryimage\"},\"thumbnailUrl\":\"https:\/\/cammatch.io\/wp-content\/uploads\/2023\/11\/cam-match.jpg\",\"datePublished\":\"2022-11-06T19:44:28+00:00\",\"dateModified\":\"2025-11-21T07:23:09+00:00\",\"description\":\"Discover Cam Match \u2013 Your Gateway to Global Connections! Talk to strangers from across the world through random video chat.\",\"breadcrumb\":{\"@id\":\"https:\/\/cammatch.io\/#breadcrumb\"},\"inLanguage\":\"es\",\"potentialAction\":[{\"@type\":\"ReadAction\",\"target\":[\"https:\/\/cammatch.io\/\"]}]},{\"@type\":\"ImageObject\",\"inLanguage\":\"es\",\"@id\":\"https:\/\/cammatch.io\/#primaryimage\",\"url\":\"https:\/\/cammatch.io\/wp-content\/uploads\/2023\/11\/cam-match.jpg\",\"contentUrl\":\"https:\/\/cammatch.io\/wp-content\/uploads\/2023\/11\/cam-match.jpg\"},{\"@type\":\"BreadcrumbList\",\"@id\":\"https:\/\/cammatch.io\/#breadcrumb\",\"itemListElement\":[{\"@type\":\"ListItem\",\"position\":1,\"name\":\"Home\",\"item\":\"https:\/\/cammatch.io\/\"},{\"@type\":\"ListItem\",\"position\":2,\"name\":\"Home\"}]},{\"@type\":\"WebSite\",\"@id\":\"https:\/\/cammatch.io\/#website\",\"url\":\"https:\/\/cammatch.io\/\",\"name\":\"Cam Match\",\"description\":\"\",\"potentialAction\":[{\"@type\":\"SearchAction\",\"target\":{\"@type\":\"EntryPoint\",\"urlTemplate\":\"https:\/\/cammatch.io\/?s={search_term_string}\"},\"query-input\":{\"@type\":\"PropertyValueSpecification\",\"valueRequired\":true,\"valueName\":\"search_term_string\"}}],\"inLanguage\":\"es\"}]}<\/script>\n<!-- \/ Yoast SEO plugin. -->","yoast_head_json":{"title":"CamMatch - Habla con desconocidos a trav\u00e9s de un chat de v\u00eddeo aleatorio","description":"Descubre Cam Match - \u00a1Tu puerta a las conexiones globales! Habla con desconocidos de todo el mundo a trav\u00e9s del chat de v\u00eddeo aleatorio.","robots":{"index":"index","follow":"follow","max-snippet":"max-snippet:-1","max-image-preview":"max-image-preview:large","max-video-preview":"max-video-preview:-1"},"canonical":"https:\/\/cammatch.io\/es\/","og_locale":"es_ES","og_type":"article","og_title":"CamMatch - Talk to Strangers Through Random Video Chat","og_description":"Discover Cam Match \u2013 Your Gateway to Global Connections! Talk to strangers from across the world through random video chat.","og_url":"https:\/\/cammatch.io\/es\/","og_site_name":"Cam Match","article_modified_time":"2025-11-21T07:23:09+00:00","og_image":[{"width":1024,"height":1024,"url":"https:\/\/cammatch.io\/wp-content\/uploads\/2023\/11\/cam-match.jpg","type":"image\/jpeg"}],"twitter_card":"summary_large_image","twitter_misc":{"Tiempo de lectura":"4 minutos"},"schema":{"@context":"https:\/\/schema.org","@graph":[{"@type":"WebPage","@id":"https:\/\/cammatch.io\/","url":"https:\/\/cammatch.io\/","name":"CamMatch - Habla con desconocidos a trav\u00e9s de un chat de v\u00eddeo aleatorio","isPartOf":{"@id":"https:\/\/cammatch.io\/#website"},"primaryImageOfPage":{"@id":"https:\/\/cammatch.io\/#primaryimage"},"image":{"@id":"https:\/\/cammatch.io\/#primaryimage"},"thumbnailUrl":"https:\/\/cammatch.io\/wp-content\/uploads\/2023\/11\/cam-match.jpg","datePublished":"2022-11-06T19:44:28+00:00","dateModified":"2025-11-21T07:23:09+00:00","description":"Descubre Cam Match - \u00a1Tu puerta a las conexiones globales! Habla con desconocidos de todo el mundo a trav\u00e9s del chat de v\u00eddeo aleatorio.","breadcrumb":{"@id":"https:\/\/cammatch.io\/#breadcrumb"},"inLanguage":"es","potentialAction":[{"@type":"ReadAction","target":["https:\/\/cammatch.io\/"]}]},{"@type":"ImageObject","inLanguage":"es","@id":"https:\/\/cammatch.io\/#primaryimage","url":"https:\/\/cammatch.io\/wp-content\/uploads\/2023\/11\/cam-match.jpg","contentUrl":"https:\/\/cammatch.io\/wp-content\/uploads\/2023\/11\/cam-match.jpg"},{"@type":"BreadcrumbList","@id":"https:\/\/cammatch.io\/#breadcrumb","itemListElement":[{"@type":"ListItem","position":1,"name":"Home","item":"https:\/\/cammatch.io\/"},{"@type":"ListItem","position":2,"name":"Home"}]},{"@type":"WebSite","@id":"https:\/\/cammatch.io\/#website","url":"https:\/\/cammatch.io\/","name":"Cam Match","description":"","potentialAction":[{"@type":"SearchAction","target":{"@type":"EntryPoint","urlTemplate":"https:\/\/cammatch.io\/?s={search_term_string}"},"query-input":{"@type":"PropertyValueSpecification","valueRequired":true,"valueName":"search_term_string"}}],"inLanguage":"es"}]}},"_links":{"self":[{"href":"https:\/\/cammatch.io\/es\/wp-json\/wp\/v2\/pages\/309","targetHints":{"allow":["GET"]}}],"collection":[{"href":"https:\/\/cammatch.io\/es\/wp-json\/wp\/v2\/pages"}],"about":[{"href":"https:\/\/cammatch.io\/es\/wp-json\/wp\/v2\/types\/page"}],"author":[{"embeddable":true,"href":"https:\/\/cammatch.io\/es\/wp-json\/wp\/v2\/users\/1"}],"replies":[{"embeddable":true,"href":"https:\/\/cammatch.io\/es\/wp-json\/wp\/v2\/comments?post=309"}],"version-history":[{"count":5,"href":"https:\/\/cammatch.io\/es\/wp-json\/wp\/v2\/pages\/309\/revisions"}],"predecessor-version":[{"id":928,"href":"https:\/\/cammatch.io\/es\/wp-json\/wp\/v2\/pages\/309\/revisions\/928"}],"wp:attachment":[{"href":"https:\/\/cammatch.io\/es\/wp-json\/wp\/v2\/media?parent=309"}],"curies":[{"name":"wp","href":"https:\/\/api.w.org\/{rel}","templated":true}]}}