{"id":802,"date":"2024-09-25T01:30:40","date_gmt":"2024-09-25T01:30:40","guid":{"rendered":"https:\/\/cammatch.io\/?page_id=802"},"modified":"2024-09-25T01:30:42","modified_gmt":"2024-09-25T01:30:42","slug":"about-us","status":"publish","type":"page","link":"https:\/\/cammatch.io\/es\/about-us\/","title":{"rendered":"Qui\u00e9nes somos"},"content":{"rendered":"<p>Bienvenido a <strong>Cam Match<\/strong>-la principal plataforma dise\u00f1ada para <a href=\"https:\/\/cammatch.io\/es\/bazoocam\/\">conecte<\/a> con los mejores <a href=\"https:\/\/cammatch.io\/es\/wireclub\/\">cam chat<\/a> sitios web adaptados a sus preferencias. En la era digital de hoy, las conexiones significativas est\u00e1n a s\u00f3lo un clic de distancia. Si est\u00e1s buscando nuevas amistades, conversaciones interesantes o explorar el mundo de la comunicaci\u00f3n por v\u00eddeo en l\u00ednea, Cam Match est\u00e1 aqu\u00ed para guiarte.<\/p>\n\n\n\n<p><strong>Nuestra misi\u00f3n<\/strong><\/p>\n\n\n\n<p>En Cam Match, nuestra misi\u00f3n es simplificar tu b\u00fasqueda de la c\u00e1mara perfecta. <a href=\"https:\/\/cammatch.io\/es\/tohla\/\">chat<\/a> experiencia. Somos conscientes de que, con las innumerables opciones disponibles, encontrar la plataforma adecuada puede resultar abrumador. Por eso hemos creado una plataforma <a href=\"https:\/\/cammatch.io\/es\/luckycrush\/\">a juego<\/a> para ponerte en contacto con sitios de chat con c\u00e1maras que se ajusten a tus intereses y necesidades.<\/p>\n\n\n\n<p><strong>Qu\u00e9 hacemos<\/strong><\/p>\n\n\n\n<ul class=\"wp-block-list\">\n<li><strong>Emparejamiento personalizado<\/strong>: Nuestros avanzados algoritmos tienen en cuenta tus preferencias para ponerte en contacto con los sitios de chat con c\u00e1maras que ofrecen las experiencias que est\u00e1s buscando.<\/li>\n\n\n\n<li><strong>Selecciones<\/strong>: Nos asociamos con varias plataformas de chat con c\u00e1mara de buena reputaci\u00f3n para garantizarte el acceso a servicios seguros, atractivos y de alta calidad.<\/li>\n\n\n\n<li><strong>Opiniones y valoraciones de los usuarios<\/strong>: Benef\u00edciese de las opiniones de nuestra comunidad. Lee las opiniones y valoraciones de usuarios reales para tomar decisiones informadas.<\/li>\n<\/ul>\n\n\n\n<p><strong>Por qu\u00e9 elegir Cam Match<\/strong><\/p>\n\n\n\n<ul class=\"wp-block-list\">\n<li><strong>Orientaci\u00f3n experta<\/strong>: Nuestro equipo se dedica a investigar y asociarse s\u00f3lo con los mejores sitios de chat con c\u00e1mara.<\/li>\n\n\n\n<li><strong>Enfoque centrado en el usuario<\/strong>: Su satisfacci\u00f3n es nuestra prioridad. Perfeccionamos continuamente nuestro proceso de emparejamiento bas\u00e1ndonos en los comentarios de los usuarios.<\/li>\n\n\n\n<li><strong>Seguridad y confianza<\/strong>: Damos prioridad a su seguridad colaborando con plataformas que mantienen estrictas normas de seguridad y privacidad.<\/li>\n<\/ul>\n\n\n\n<p><strong>\u00danete a nuestra comunidad<\/strong><\/p>\n\n\n\n<p>Emb\u00e1rcate en tu viaje para descubrir excitantes experiencias de cam chat. Con Cam Match, puedes explorar nuevas plataformas con confianza, sabiendo que hemos hecho el trabajo preliminar para garantizar la calidad y la fiabilidad.<\/p>\n\n\n\n<p><strong>Con\u00e9ctate a tu manera<\/strong><\/p>\n\n\n\n<p>Si est\u00e1s interesado en chats casuales, conversaciones profundas o conocer gente de todo el mundo, Cam Match te abre las puertas a un mundo de posibilidades. Perm\u00edtenos ayudarte a encontrar el sitio de chat con c\u00e1mara perfecto que resuene contigo.<\/p>\n\n\n\n<p><strong>Empiece hoy mismo<\/strong><\/p>\n\n\n\n<p>\u00bfListo para encontrar tu plataforma de chat por webcam ideal? Comienza tu proceso de emparejamiento personalizado y empieza a conectar como nunca.<\/p>\n\n\n\n<hr class=\"wp-block-separator has-alpha-channel-opacity\"\/>\n\n\n\n<p>Gracias por elegir Cam Match. Estamos encantados de formar parte de tu viaje hacia interacciones en l\u00ednea significativas y agradables.<\/p>","protected":false},"excerpt":{"rendered":"<p>Bienvenido a Cam Match, la principal plataforma dise\u00f1ada para conectarte con los mejores sitios de chat por webcam adaptados a tus preferencias. En la era digital de hoy, las conexiones significativas est\u00e1n a s\u00f3lo un clic de distancia. Ya sea que est\u00e9s buscando nuevas amistades, conversaciones interesantes o explorar el mundo de la comunicaci\u00f3n por video en l\u00ednea, Cam Match est\u00e1 aqu\u00ed para guiarte. Nuestra Misi\u00f3n [...]<\/p>","protected":false},"author":1,"featured_media":0,"parent":0,"menu_order":0,"comment_status":"closed","ping_status":"closed","template":"page-no-sidebar.php","meta":{"footnotes":""},"class_list":["post-802","page","type-page","status-publish","hentry"],"yoast_head":"<!-- This site is optimized with the Yoast SEO plugin v26.8 - https:\/\/yoast.com\/product\/yoast-seo-wordpress\/ -->\n<title>About Us - Cam Match<\/title>\n<meta name=\"robots\" content=\"index, follow, max-snippet:-1, max-image-preview:large, max-video-preview:-1\" \/>\n<link rel=\"canonical\" href=\"https:\/\/cammatch.io\/es\/about-us\/\" \/>\n<meta property=\"og:locale\" content=\"es_ES\" \/>\n<meta property=\"og:type\" content=\"article\" \/>\n<meta property=\"og:title\" content=\"About Us - Cam Match\" \/>\n<meta property=\"og:description\" content=\"Welcome to Cam Match\u2014the premier platform designed to connect you with the best cam chat sites tailored to your preferences. In today&#8217;s digital age, meaningful connections are just a click away. Whether you&#8217;re seeking new friendships, engaging conversations, or exploring the world of online video communication, Cam Match is here to guide you. Our Mission [&hellip;]\" \/>\n<meta property=\"og:url\" content=\"https:\/\/cammatch.io\/es\/about-us\/\" \/>\n<meta property=\"og:site_name\" content=\"Cam Match\" \/>\n<meta property=\"article:modified_time\" content=\"2024-09-25T01:30:42+00:00\" \/>\n<meta name=\"twitter:card\" content=\"summary_large_image\" \/>\n<meta name=\"twitter:label1\" content=\"Tiempo de lectura\" \/>\n\t<meta name=\"twitter:data1\" content=\"2 minutos\" \/>\n<script type=\"application\/ld+json\" class=\"yoast-schema-graph\">{\"@context\":\"https:\/\/schema.org\",\"@graph\":[{\"@type\":\"WebPage\",\"@id\":\"https:\/\/cammatch.io\/about-us\/\",\"url\":\"https:\/\/cammatch.io\/about-us\/\",\"name\":\"About Us - Cam Match\",\"isPartOf\":{\"@id\":\"https:\/\/cammatch.io\/#website\"},\"datePublished\":\"2024-09-25T01:30:40+00:00\",\"dateModified\":\"2024-09-25T01:30:42+00:00\",\"breadcrumb\":{\"@id\":\"https:\/\/cammatch.io\/about-us\/#breadcrumb\"},\"inLanguage\":\"es\",\"potentialAction\":[{\"@type\":\"ReadAction\",\"target\":[\"https:\/\/cammatch.io\/about-us\/\"]}]},{\"@type\":\"BreadcrumbList\",\"@id\":\"https:\/\/cammatch.io\/about-us\/#breadcrumb\",\"itemListElement\":[{\"@type\":\"ListItem\",\"position\":1,\"name\":\"Home\",\"item\":\"https:\/\/cammatch.io\/\"},{\"@type\":\"ListItem\",\"position\":2,\"name\":\"About Us\"}]},{\"@type\":\"WebSite\",\"@id\":\"https:\/\/cammatch.io\/#website\",\"url\":\"https:\/\/cammatch.io\/\",\"name\":\"Cam Match\",\"description\":\"\",\"potentialAction\":[{\"@type\":\"SearchAction\",\"target\":{\"@type\":\"EntryPoint\",\"urlTemplate\":\"https:\/\/cammatch.io\/?s={search_term_string}\"},\"query-input\":{\"@type\":\"PropertyValueSpecification\",\"valueRequired\":true,\"valueName\":\"search_term_string\"}}],\"inLanguage\":\"es\"}]}<\/script>\n<!-- \/ Yoast SEO plugin. -->","yoast_head_json":{"title":"Sobre nosotros - Cam Match","robots":{"index":"index","follow":"follow","max-snippet":"max-snippet:-1","max-image-preview":"max-image-preview:large","max-video-preview":"max-video-preview:-1"},"canonical":"https:\/\/cammatch.io\/es\/about-us\/","og_locale":"es_ES","og_type":"article","og_title":"About Us - Cam Match","og_description":"Welcome to Cam Match\u2014the premier platform designed to connect you with the best cam chat sites tailored to your preferences. In today&#8217;s digital age, meaningful connections are just a click away. Whether you&#8217;re seeking new friendships, engaging conversations, or exploring the world of online video communication, Cam Match is here to guide you. Our Mission [&hellip;]","og_url":"https:\/\/cammatch.io\/es\/about-us\/","og_site_name":"Cam Match","article_modified_time":"2024-09-25T01:30:42+00:00","twitter_card":"summary_large_image","twitter_misc":{"Tiempo de lectura":"2 minutos"},"schema":{"@context":"https:\/\/schema.org","@graph":[{"@type":"WebPage","@id":"https:\/\/cammatch.io\/about-us\/","url":"https:\/\/cammatch.io\/about-us\/","name":"Sobre nosotros - Cam Match","isPartOf":{"@id":"https:\/\/cammatch.io\/#website"},"datePublished":"2024-09-25T01:30:40+00:00","dateModified":"2024-09-25T01:30:42+00:00","breadcrumb":{"@id":"https:\/\/cammatch.io\/about-us\/#breadcrumb"},"inLanguage":"es","potentialAction":[{"@type":"ReadAction","target":["https:\/\/cammatch.io\/about-us\/"]}]},{"@type":"BreadcrumbList","@id":"https:\/\/cammatch.io\/about-us\/#breadcrumb","itemListElement":[{"@type":"ListItem","position":1,"name":"Home","item":"https:\/\/cammatch.io\/"},{"@type":"ListItem","position":2,"name":"About Us"}]},{"@type":"WebSite","@id":"https:\/\/cammatch.io\/#website","url":"https:\/\/cammatch.io\/","name":"Cam Match","description":"","potentialAction":[{"@type":"SearchAction","target":{"@type":"EntryPoint","urlTemplate":"https:\/\/cammatch.io\/?s={search_term_string}"},"query-input":{"@type":"PropertyValueSpecification","valueRequired":true,"valueName":"search_term_string"}}],"inLanguage":"es"}]}},"_links":{"self":[{"href":"https:\/\/cammatch.io\/es\/wp-json\/wp\/v2\/pages\/802","targetHints":{"allow":["GET"]}}],"collection":[{"href":"https:\/\/cammatch.io\/es\/wp-json\/wp\/v2\/pages"}],"about":[{"href":"https:\/\/cammatch.io\/es\/wp-json\/wp\/v2\/types\/page"}],"author":[{"embeddable":true,"href":"https:\/\/cammatch.io\/es\/wp-json\/wp\/v2\/users\/1"}],"replies":[{"embeddable":true,"href":"https:\/\/cammatch.io\/es\/wp-json\/wp\/v2\/comments?post=802"}],"version-history":[{"count":1,"href":"https:\/\/cammatch.io\/es\/wp-json\/wp\/v2\/pages\/802\/revisions"}],"predecessor-version":[{"id":803,"href":"https:\/\/cammatch.io\/es\/wp-json\/wp\/v2\/pages\/802\/revisions\/803"}],"wp:attachment":[{"href":"https:\/\/cammatch.io\/es\/wp-json\/wp\/v2\/media?parent=802"}],"curies":[{"name":"wp","href":"https:\/\/api.w.org\/{rel}","templated":true}]}}