{"id":309,"date":"2022-11-06T19:44:28","date_gmt":"2022-11-06T19:44:28","guid":{"rendered":"https:\/\/export.mercurytheme.com\/001\/?page_id=2"},"modified":"2025-11-21T07:23:09","modified_gmt":"2025-11-21T07:23:09","slug":"home","status":"publish","type":"page","link":"https:\/\/cammatch.io\/fi\/","title":{"rendered":"Kotiin"},"content":{"rendered":"<div class=\"wp-block-cover alignfull is-light\" style=\"min-height:600px;aspect-ratio:unset;\"><span aria-hidden=\"true\" class=\"wp-block-cover__background has-background-dim\"><\/span><img loading=\"lazy\" decoding=\"async\" width=\"1024\" height=\"1024\" class=\"wp-block-cover__image-background wp-image-315\" alt=\"\" src=\"https:\/\/cammatch.io\/wp-content\/uploads\/2023\/11\/cam-match.jpg\" data-object-fit=\"cover\" srcset=\"https:\/\/cammatch.io\/wp-content\/uploads\/2023\/11\/cam-match.jpg 1024w, https:\/\/cammatch.io\/wp-content\/uploads\/2023\/11\/cam-match-300x300.jpg 300w, https:\/\/cammatch.io\/wp-content\/uploads\/2023\/11\/cam-match-150x150.jpg 150w, https:\/\/cammatch.io\/wp-content\/uploads\/2023\/11\/cam-match-768x768.jpg 768w, https:\/\/cammatch.io\/wp-content\/uploads\/2023\/11\/cam-match-40x40.jpg 40w, https:\/\/cammatch.io\/wp-content\/uploads\/2023\/11\/cam-match-50x50.jpg 50w, https:\/\/cammatch.io\/wp-content\/uploads\/2023\/11\/cam-match-100x100.jpg 100w, https:\/\/cammatch.io\/wp-content\/uploads\/2023\/11\/cam-match-120x120.jpg 120w, https:\/\/cammatch.io\/wp-content\/uploads\/2023\/11\/cam-match-135x135.jpg 135w, https:\/\/cammatch.io\/wp-content\/uploads\/2023\/11\/cam-match-270x270.jpg 270w, https:\/\/cammatch.io\/wp-content\/uploads\/2023\/11\/cam-match-450x450.jpg 450w, https:\/\/cammatch.io\/wp-content\/uploads\/2023\/11\/cam-match-479x479.jpg 479w, https:\/\/cammatch.io\/wp-content\/uploads\/2023\/11\/cam-match-570x570.jpg 570w, https:\/\/cammatch.io\/wp-content\/uploads\/2023\/11\/cam-match-767x767.jpg 767w, https:\/\/cammatch.io\/wp-content\/uploads\/2023\/11\/cam-match-32x32.jpg 32w, https:\/\/cammatch.io\/wp-content\/uploads\/2023\/11\/cam-match-80x80.jpg 80w\" sizes=\"auto, (max-width: 1024px) 100vw, 1024px\" \/><div class=\"wp-block-cover__inner-container is-layout-flow wp-block-cover-is-layout-flow\">\n<div style=\"height:100px\" aria-hidden=\"true\" class=\"wp-block-spacer\"><\/div>\n\n\n\n<h2 class=\"wp-block-heading has-text-align-center\" style=\"font-size:51px;font-style:italic;font-weight:900\">Satunnainen 1v1-videokeskustelu<\/h2>\n\n\n\n<p class=\"has-text-align-center\" style=\"font-style:normal;font-weight:100\">Ottelu <a href=\"https:\/\/cammatch.io\/fi\/talkwithstranger\/\">Satunnaisia muukalaisia<\/a> kaikkialta maailmasta kautta <a href=\"https:\/\/cammatch.io\/fi\/wireclub\/\">videokeskustelu<\/a>.<\/p>\n\n\n\n<div class=\"wp-block-buttons is-layout-flex wp-block-buttons-is-layout-flex\">\n<div class=\"wp-block-button aligncenter\"><a class=\"wp-block-button__link has-mercury-white-color has-luminous-vivid-amber-background-color has-text-color has-background wp-element-button\" href=\"https:\/\/cammatch.io\/fi\/coomeet\/\">Aloita yhdist\u00e4minen<\/a><\/div>\n<\/div>\n\n\n\n<div style=\"height:100px\" aria-hidden=\"true\" class=\"wp-block-spacer\"><\/div>\n<\/div><\/div>\n\n\n\n\n\n<div style=\"height:30px\" aria-hidden=\"true\" class=\"wp-block-spacer\"><\/div>\n\n\n\n<p class=\"has-text-align-center has-text-color has-small-font-size\" style=\"color:#7f8c8d\">T\u00e4m\u00e4 sivusto on tarkoitettu yksinomaan 18-vuotiaille ja sit\u00e4 vanhemmille k\u00e4ytt\u00e4jille. K\u00e4ytt\u00e4m\u00e4ll\u00e4 t\u00e4t\u00e4 sivustoa vahvistat olevasi v\u00e4hint\u00e4\u00e4n 18-vuotias.<\/p>\n\n\n\n<div style=\"height:30px\" aria-hidden=\"true\" class=\"wp-block-spacer\"><\/div>\n\n\n\n<h2 class=\"wp-block-heading\"><strong>Tervetuloa Cam Matchiin \u2013 \u00e4\u00e4rimm\u00e4iseen videokeskustelukokemukseen!<\/strong><\/h2>\n\n\n\n<p><strong>\ud83c\udf10 Pikayhteydet maailmanlaajuisesti:<\/strong> Cam Matchilla murramme maantieteellisi\u00e4 esteit\u00e4. <a href=\"https:\/\/cammatch.io\/fi\/bazoocam\/\">Yhdist\u00e4<\/a> ihmisten kanssa kaikkialta maailmasta vain yhdell\u00e4 napsautuksella. Etsitp\u00e4 sitten yst\u00e4v\u00e4llist\u00e4 seuraa <a href=\"https:\/\/cammatch.io\/fi\/tohla\/\">jutella<\/a>, kulttuurivaihto tai jokin muu, Cam Match tuo maailman ruudullesi v\u00e4litt\u00f6m\u00e4sti.<\/p>\n\n\n\n<p><strong>\ud83c\udfad T\u00e4ydellinen anonymiteetti:<\/strong> Yksityisyytesi on meille t\u00e4rke\u00e4\u00e4. Nauti keskusteluista ilman huolta henkil\u00f6llisyytesi paljastamisesta. Alustamme takaa t\u00e4ydellisen anonymiteetin \u2013 ei henkil\u00f6tietoja, ei profiileja, vain puhdasta, spontaania vuorovaikutusta.<\/p>\n\n\n\n<p><strong>\ud83c\udf1f Helppo ja saavutettava:<\/strong> Ei monimutkaisia rekister\u00f6itymisi\u00e4 tai latauksia. K\u00e4yt\u00e4 Cam Matchia milt\u00e4 tahansa laitteelta, jossa on internetyhteys. K\u00e4ytt\u00e4j\u00e4yst\u00e4v\u00e4llinen k\u00e4ytt\u00f6liittym\u00e4mme tekee videokeskustelusta helppoa kaikille.<\/p>\n\n\n\n<p><strong>\ud83d\udd12 Turvallinen ja suojattu:<\/strong> Huippuluokan salaus- ja moderointimenetelmill\u00e4mme turvallisuutesi on meille etusijalla. Voit olla varma, ett\u00e4 keskustelusi ja tietosi ovat suojattuja.<\/p>\n\n\n\n<p><strong>\ud83c\udf08 Monimuotoinen yhteis\u00f6:<\/strong> Kun verkossa on tuhansia k\u00e4ytt\u00e4ji\u00e4 mill\u00e4 tahansa hetkell\u00e4, tulet <a href=\"https:\/\/cammatch.io\/fi\/meetskip\/\">tavata<\/a> laaja joukko ihmisi\u00e4 erilaisista taustoista, kiinnostuksen kohteista ja kulttuureista. Jokainen keskustelu on mahdollisuus ainutlaatuiseen ja rikastuttavaan kokemukseen.<\/p>\n\n\n\n<p><strong>\ud83c\udfa5 Korkealaatuinen video ja \u00e4\u00e4ni:<\/strong> Koe kristallinkirkas video- ja \u00e4\u00e4nilaatu. Alustamme varmistaa, ett\u00e4 keskustelusi ovat mahdollisimman aitoja ja keskeytym\u00e4tt\u00f6mi\u00e4.<\/p>\n\n\n\n<p><strong>\ud83c\udfb2 Satunnainen <a href=\"https:\/\/cammatch.io\/fi\/luckycrush\/\">Vastaavat<\/a> Algoritmi:<\/strong> Anna kohtalon p\u00e4\u00e4tt\u00e4\u00e4 seuraava keskustelukumppanisi. Satunnainen yhdist\u00e4misalgoritmimme yhdist\u00e4\u00e4 sinut uusiin ja mielenkiintoisiin ihmisiin joka kerta, kun napsautat &quot;Seuraava&quot;.<\/p>\n\n\n\n<p><strong>\ud83e\udd16 Teko\u00e4lyll\u00e4 toimivat ominaisuudet:<\/strong> Nauti edistyneist\u00e4 ominaisuuksista, kuten teko\u00e4lypohjaisista kasvonsuodattimista ja kielenk\u00e4\u00e4nn\u00f6ksist\u00e4. Rikkoa kielimuurit ja lis\u00e4\u00e4 hauska k\u00e4\u00e4nne keskusteluihisi.<\/p>\n\n\n\n<p><strong>\ud83d\udcf1 Mobiiliyst\u00e4v\u00e4llinen:<\/strong> Ota Cam Match mukaasi! Alustamme on optimoitu mobiililaitteille, mik\u00e4 varmistaa saumattoman chat-kokemuksen miss\u00e4 tahansa oletkin.<\/p>\n\n\n\n<div style=\"height:60px\" aria-hidden=\"true\" class=\"wp-block-spacer\"><\/div>\n\n\n\n<div class=\"wp-block-cover alignfull\"><img loading=\"lazy\" decoding=\"async\" width=\"1254\" height=\"836\" class=\"wp-block-cover__image-background wp-image-313\" alt=\"\" src=\"https:\/\/cammatch.io\/wp-content\/uploads\/2023\/11\/chatting.jpg\" data-object-fit=\"cover\" srcset=\"https:\/\/cammatch.io\/wp-content\/uploads\/2023\/11\/chatting.jpg 1254w, https:\/\/cammatch.io\/wp-content\/uploads\/2023\/11\/chatting-300x200.jpg 300w, https:\/\/cammatch.io\/wp-content\/uploads\/2023\/11\/chatting-1024x683.jpg 1024w, https:\/\/cammatch.io\/wp-content\/uploads\/2023\/11\/chatting-768x512.jpg 768w, https:\/\/cammatch.io\/wp-content\/uploads\/2023\/11\/chatting-60x40.jpg 60w, https:\/\/cammatch.io\/wp-content\/uploads\/2023\/11\/chatting-48x32.jpg 48w, https:\/\/cammatch.io\/wp-content\/uploads\/2023\/11\/chatting-120x80.jpg 120w, https:\/\/cammatch.io\/wp-content\/uploads\/2023\/11\/chatting-203x135.jpg 203w\" sizes=\"auto, (max-width: 1254px) 100vw, 1254px\" \/><span aria-hidden=\"true\" class=\"wp-block-cover__background has-background-dim-70 has-background-dim\"><\/span><div class=\"wp-block-cover__inner-container is-layout-flow wp-block-cover-is-layout-flow\">\n<div style=\"height:60px\" aria-hidden=\"true\" class=\"wp-block-spacer\"><\/div>\n\n\n\n<div style=\"height:60px\" aria-hidden=\"true\" class=\"wp-block-spacer\"><\/div>\n\n\n\n<h3 class=\"wp-block-heading\"><strong>Cam Match \u2013 Jokainen klikkaus on uusi seikkailu!<\/strong><\/h3>\n\n\n\n<p>L\u00e4hde yhteyden ja tutkimusmatkasi matkalle jo t\u00e4n\u00e4\u00e4n. Liity Cam Matchiin \u2013 se on ilmainen, hauska ja vain klikkauksen p\u00e4\u00e4ss\u00e4!<\/p>\n<\/div><\/div>\n\n\n\n<div style=\"height:60px\" aria-hidden=\"true\" class=\"wp-block-spacer\"><\/div>\n\n\n\n<h3 class=\"wp-block-heading\">Yhdist\u00e4 v\u00e4litt\u00f6m\u00e4sti, keskustele vapaasti<\/h3>\n\n\n\n<p><strong>CamMatch.io<\/strong> on vaivaton portaali spontaaneille kahdenkeskisille keskusteluille <a href=\"https:\/\/cammatch.io\/fi\/tandoo\/\">videokeskustelut<\/a>Unohda modernin sosiaalisen median monimutkaisuus ja omaksu suoraviivainen tapa tavata uusia ihmisi\u00e4 ymp\u00e4ri maailmaa. Helppo ja suoraviivainen prosessi, ei sidottuja sitoumuksia \u2013 vain aitoa inhimillist\u00e4 yhteytt\u00e4.<\/p>\n\n\n\n<h4 class=\"wp-block-heading\">Miksi CamMatch.io?<\/h4>\n\n\n\n<ul class=\"wp-block-list\">\n<li><strong>Pikayhteys:<\/strong> Hypp\u00e4\u00e4 suoraan sis\u00e4\u00e4n <a href=\"https:\/\/cammatch.io\/fi\/1v1-video-chat\/\">1v1<\/a> keskusteluja ilman pitk\u00e4\u00e4 rekister\u00f6itymist\u00e4.<\/li>\n\n\n\n<li><strong>Turvallinen ja suojattu:<\/strong> Nauti yksityisest\u00e4 tilasta, joka on suunniteltu turvallisuuttasi ajatellen.<\/li>\n\n\n\n<li><strong>Helppok\u00e4ytt\u00f6inen:<\/strong> Intuitiivinen alustamme tarkoittaa, ettei monimutkaisia vaiheita synny \u2013 klikkaa ja muodosta yhteys.<\/li>\n\n\n\n<li><strong>Globaali yhteis\u00f6:<\/strong> Tapaa monipuolisia, mielenkiintoisia ihmisi\u00e4, jotka ovat valmiita keskustelemaan milloin ja miss\u00e4 tahansa.<\/li>\n<\/ul>\n\n\n\n<h4 class=\"wp-block-heading\">Miten se toimii<\/h4>\n\n\n\n<ol class=\"wp-block-list\">\n<li><strong>Klikkaa keskustellaksesi:<\/strong> Paina \u201cAloita keskustelu\u201d -painiketta ja saat heti yhteyden uuteen henkil\u00f6\u00f6n.<\/li>\n\n\n\n<li><strong>Yhdist\u00e4 heti:<\/strong> Nauti saumattomasta videokeskustelukokemuksesta minimaalisilla viiveill\u00e4.<\/li>\n\n\n\n<li><strong>Jatka eteenp\u00e4in tai yhdist\u00e4 syvemm\u00e4lle:<\/strong> Lopeta keskustelu milloin tahansa tai j\u00e4\u00e4 mukaan merkityksellisen yhteyden luomiseksi.<\/li>\n<\/ol>\n\n\n\n<h4 class=\"wp-block-heading\">Liity vallankumoukseen<\/h4>\n\n\n\n<p>Astu pois k\u00e4sikirjoitetuista vuorovaikutuksista ja sukella oikeisiin keskusteluihin. Etsitp\u00e4 sitten nopeaa tervehdyst\u00e4 tai syvemp\u00e4\u00e4 yhteytt\u00e4, <strong>CamMatch.io<\/strong> on oikea paikka vaivattomiin 1v1-videokeskusteluihin. Aloita matkasi kanssamme jo t\u00e4n\u00e4\u00e4n ja koe aidon, suodattamattoman yhteyden vapaus.<\/p>\n\n\n\n<p><strong>Valmiina keskustelemaan? Aloita seikkailusi napsauttamalla alla!<\/strong><\/p>\n\n\n\n<hr class=\"wp-block-separator has-alpha-channel-opacity\"\/>\n\n\n\n<p>Koe satunnaisen videokeskustelun tulevaisuus osoitteessa <strong>CamMatch.io<\/strong> \u2013 jossa jokainen keskustelu on uusi mahdollisuus.<\/p>\n\n\n\n<p><strong>Vastuuvapauslauseke<\/strong> Kameramatch<\/p>\n\n\n\n<ol class=\"wp-block-list\">\n<li><strong>Ik\u00e4rajoitus<\/strong>T\u00e4m\u00e4 sivusto on tarkoitettu yksinomaan 18-vuotiaille ja sit\u00e4 vanhemmille k\u00e4ytt\u00e4jille. K\u00e4ytt\u00e4m\u00e4ll\u00e4 t\u00e4t\u00e4 sivustoa vahvistat olevasi v\u00e4hint\u00e4\u00e4n 18-vuotias.<\/li>\n\n\n\n<li><strong>Ei vastuuta k\u00e4ytt\u00e4jien vuorovaikutuksesta<\/strong>Cam Match on aikuisille tarkoitettu videokeskustelualusta. Emme ole vastuussa kenenk\u00e4\u00e4n k\u00e4ytt\u00e4j\u00e4n toiminnasta sivustolla tai sen ulkopuolella. K\u00e4ytt\u00e4j\u00e4t ovat vuorovaikutuksessa omalla vastuullaan.<\/li>\n\n\n\n<li>Sis\u00e4ll\u00f6n valvonta ja poistaminen: valvomme huolellisesti ja poistamme viipym\u00e4tt\u00e4 kaiken sis\u00e4ll\u00f6n, joka on vastoin palveluehtojamme tai jota pidet\u00e4\u00e4n sopimattomana tai laittomana. Luota sitoutumiseemme yll\u00e4pit\u00e4\u00e4 turvallista ja kunnioittavaa verkkoymp\u00e4rist\u00f6\u00e4.<\/li>\n\n\n\n<li><strong>Palveluehtosopimus<\/strong>K\u00e4ytt\u00e4m\u00e4ll\u00e4 t\u00e4t\u00e4 sivustoa hyv\u00e4ksyt k\u00e4ytt\u00f6ehtomme. On sinun vastuullasi tarkistaa n\u00e4m\u00e4 ehdot s\u00e4\u00e4nn\u00f6llisesti.<\/li>\n\n\n\n<li><strong><a href=\"https:\/\/cammatch.io\/fi\/privacy-policy\/\">Tietosuojak\u00e4yt\u00e4nt\u00f6<\/a><\/strong>Tietosuojasi on meille t\u00e4rke\u00e4\u00e4. Tutustu tietosuojak\u00e4yt\u00e4nt\u00f6\u00f6mme ymm\u00e4rt\u00e4\u00e4ksesi, miten tietojasi k\u00e4ytet\u00e4\u00e4n ja suojataan.<\/li>\n\n\n\n<li><strong>Raportointi ja t\u00e4yt\u00e4nt\u00f6\u00f6npano<\/strong>K\u00e4ytt\u00e4ji\u00e4 kannustetaan ilmoittamaan kaikesta k\u00e4yt\u00e4nt\u00f6j\u00e4mme rikkovasta toiminnasta tai sis\u00e4ll\u00f6st\u00e4. Ryhdymme tarvittaessa asianmukaisiin toimiin.<\/li>\n\n\n\n<li><strong>Ei palvelutakuuta<\/strong>Emme takaa sivuston keskeytym\u00e4t\u00f6nt\u00e4 tai virheet\u00f6nt\u00e4 toimintaa emmek\u00e4 ole vastuussa mist\u00e4\u00e4n teknisist\u00e4 ongelmista tai k\u00e4ytt\u00f6katkoksista.<\/li>\n\n\n\n<li><strong>Muutokset<\/strong>Vastuuvapauslauseke: T\u00e4t\u00e4 vastuuvapauslauseketta voidaan muuttaa ilman erillist\u00e4 ilmoitusta, ja k\u00e4ytt\u00e4j\u00e4n vastuulla on pysy\u00e4 ajan tasalla kaikista muutoksista.<\/li>\n<\/ol>\n\n\n\n<p><strong>K\u00e4yt\u00e4 t\u00e4t\u00e4 sivustoa vastuullisesti ja omalla vastuullasi.<\/strong><\/p>","protected":false},"excerpt":{"rendered":"<p>T\u00e4m\u00e4 sivusto on tarkoitettu yksinomaan 18-vuotiaille ja sit\u00e4 vanhemmille k\u00e4ytt\u00e4jille. K\u00e4ytt\u00e4m\u00e4ll\u00e4 t\u00e4t\u00e4 sivustoa vakuutat olevasi v\u00e4hint\u00e4\u00e4n 18-vuotias. Tervetuloa Cam Matchiin \u2013 parhaaseen videokeskustelukokemukseen! \ud83c\udf10 V\u00e4litt\u00f6mi\u00e4 yhteyksi\u00e4 maailmanlaajuisesti: Cam Matchilla murramme maantieteellisi\u00e4 esteit\u00e4. Yhdist\u00e4 ihmisiin kaikista [\u2026]<\/p>","protected":false},"author":1,"featured_media":0,"parent":0,"menu_order":0,"comment_status":"closed","ping_status":"open","template":"page-without-title.php","meta":{"footnotes":""},"class_list":["post-309","page","type-page","status-publish","hentry"],"yoast_head":"<!-- This site is optimized with the Yoast SEO plugin v26.8 - https:\/\/yoast.com\/product\/yoast-seo-wordpress\/ -->\n<title>CamMatch - Talk to Strangers Through Random Video Chat<\/title>\n<meta name=\"description\" content=\"Discover Cam Match \u2013 Your Gateway to Global Connections! Talk to strangers from across the world through random video chat.\" \/>\n<meta name=\"robots\" content=\"index, follow, max-snippet:-1, max-image-preview:large, max-video-preview:-1\" \/>\n<link rel=\"canonical\" href=\"https:\/\/cammatch.io\/fi\/\" \/>\n<meta property=\"og:locale\" content=\"fi_FI\" \/>\n<meta property=\"og:type\" content=\"article\" \/>\n<meta property=\"og:title\" content=\"CamMatch - Talk to Strangers Through Random Video Chat\" \/>\n<meta property=\"og:description\" content=\"Discover Cam Match \u2013 Your Gateway to Global Connections! Talk to strangers from across the world through random video chat.\" \/>\n<meta property=\"og:url\" content=\"https:\/\/cammatch.io\/fi\/\" \/>\n<meta property=\"og:site_name\" content=\"Cam Match\" \/>\n<meta property=\"article:modified_time\" content=\"2025-11-21T07:23:09+00:00\" \/>\n<meta property=\"og:image\" content=\"https:\/\/cammatch.io\/wp-content\/uploads\/2023\/11\/cam-match.jpg\" \/>\n\t<meta property=\"og:image:width\" content=\"1024\" \/>\n\t<meta property=\"og:image:height\" content=\"1024\" \/>\n\t<meta property=\"og:image:type\" content=\"image\/jpeg\" \/>\n<meta name=\"twitter:card\" content=\"summary_large_image\" \/>\n<meta name=\"twitter:label1\" content=\"Arvioitu lukuaika\" \/>\n\t<meta name=\"twitter:data1\" content=\"4 minuuttia\" \/>\n<script type=\"application\/ld+json\" class=\"yoast-schema-graph\">{\"@context\":\"https:\/\/schema.org\",\"@graph\":[{\"@type\":\"WebPage\",\"@id\":\"https:\/\/cammatch.io\/\",\"url\":\"https:\/\/cammatch.io\/\",\"name\":\"CamMatch - Talk to Strangers Through Random Video Chat\",\"isPartOf\":{\"@id\":\"https:\/\/cammatch.io\/#website\"},\"primaryImageOfPage\":{\"@id\":\"https:\/\/cammatch.io\/#primaryimage\"},\"image\":{\"@id\":\"https:\/\/cammatch.io\/#primaryimage\"},\"thumbnailUrl\":\"https:\/\/cammatch.io\/wp-content\/uploads\/2023\/11\/cam-match.jpg\",\"datePublished\":\"2022-11-06T19:44:28+00:00\",\"dateModified\":\"2025-11-21T07:23:09+00:00\",\"description\":\"Discover Cam Match \u2013 Your Gateway to Global Connections! Talk to strangers from across the world through random video chat.\",\"breadcrumb\":{\"@id\":\"https:\/\/cammatch.io\/#breadcrumb\"},\"inLanguage\":\"fi\",\"potentialAction\":[{\"@type\":\"ReadAction\",\"target\":[\"https:\/\/cammatch.io\/\"]}]},{\"@type\":\"ImageObject\",\"inLanguage\":\"fi\",\"@id\":\"https:\/\/cammatch.io\/#primaryimage\",\"url\":\"https:\/\/cammatch.io\/wp-content\/uploads\/2023\/11\/cam-match.jpg\",\"contentUrl\":\"https:\/\/cammatch.io\/wp-content\/uploads\/2023\/11\/cam-match.jpg\"},{\"@type\":\"BreadcrumbList\",\"@id\":\"https:\/\/cammatch.io\/#breadcrumb\",\"itemListElement\":[{\"@type\":\"ListItem\",\"position\":1,\"name\":\"Home\",\"item\":\"https:\/\/cammatch.io\/\"},{\"@type\":\"ListItem\",\"position\":2,\"name\":\"Home\"}]},{\"@type\":\"WebSite\",\"@id\":\"https:\/\/cammatch.io\/#website\",\"url\":\"https:\/\/cammatch.io\/\",\"name\":\"Cam Match\",\"description\":\"\",\"potentialAction\":[{\"@type\":\"SearchAction\",\"target\":{\"@type\":\"EntryPoint\",\"urlTemplate\":\"https:\/\/cammatch.io\/?s={search_term_string}\"},\"query-input\":{\"@type\":\"PropertyValueSpecification\",\"valueRequired\":true,\"valueName\":\"search_term_string\"}}],\"inLanguage\":\"fi\"}]}<\/script>\n<!-- \/ Yoast SEO plugin. -->","yoast_head_json":{"title":"CamMatch - Keskustele tuntemattomien kanssa satunnaisen videokeskustelun kautta","description":"Tutustu Cam Matchiin \u2013 porttisi globaaleihin yhteyksiin! Keskustele tuntemattomien kanssa ymp\u00e4ri maailmaa satunnaisen videokeskustelun kautta.","robots":{"index":"index","follow":"follow","max-snippet":"max-snippet:-1","max-image-preview":"max-image-preview:large","max-video-preview":"max-video-preview:-1"},"canonical":"https:\/\/cammatch.io\/fi\/","og_locale":"fi_FI","og_type":"article","og_title":"CamMatch - Talk to Strangers Through Random Video Chat","og_description":"Discover Cam Match \u2013 Your Gateway to Global Connections! Talk to strangers from across the world through random video chat.","og_url":"https:\/\/cammatch.io\/fi\/","og_site_name":"Cam Match","article_modified_time":"2025-11-21T07:23:09+00:00","og_image":[{"width":1024,"height":1024,"url":"https:\/\/cammatch.io\/wp-content\/uploads\/2023\/11\/cam-match.jpg","type":"image\/jpeg"}],"twitter_card":"summary_large_image","twitter_misc":{"Arvioitu lukuaika":"4 minuuttia"},"schema":{"@context":"https:\/\/schema.org","@graph":[{"@type":"WebPage","@id":"https:\/\/cammatch.io\/","url":"https:\/\/cammatch.io\/","name":"CamMatch - Keskustele tuntemattomien kanssa satunnaisen videokeskustelun kautta","isPartOf":{"@id":"https:\/\/cammatch.io\/#website"},"primaryImageOfPage":{"@id":"https:\/\/cammatch.io\/#primaryimage"},"image":{"@id":"https:\/\/cammatch.io\/#primaryimage"},"thumbnailUrl":"https:\/\/cammatch.io\/wp-content\/uploads\/2023\/11\/cam-match.jpg","datePublished":"2022-11-06T19:44:28+00:00","dateModified":"2025-11-21T07:23:09+00:00","description":"Tutustu Cam Matchiin \u2013 porttisi globaaleihin yhteyksiin! Keskustele tuntemattomien kanssa ymp\u00e4ri maailmaa satunnaisen videokeskustelun kautta.","breadcrumb":{"@id":"https:\/\/cammatch.io\/#breadcrumb"},"inLanguage":"fi","potentialAction":[{"@type":"ReadAction","target":["https:\/\/cammatch.io\/"]}]},{"@type":"ImageObject","inLanguage":"fi","@id":"https:\/\/cammatch.io\/#primaryimage","url":"https:\/\/cammatch.io\/wp-content\/uploads\/2023\/11\/cam-match.jpg","contentUrl":"https:\/\/cammatch.io\/wp-content\/uploads\/2023\/11\/cam-match.jpg"},{"@type":"BreadcrumbList","@id":"https:\/\/cammatch.io\/#breadcrumb","itemListElement":[{"@type":"ListItem","position":1,"name":"Home","item":"https:\/\/cammatch.io\/"},{"@type":"ListItem","position":2,"name":"Home"}]},{"@type":"WebSite","@id":"https:\/\/cammatch.io\/#website","url":"https:\/\/cammatch.io\/","name":"Kameramatch","description":"","potentialAction":[{"@type":"SearchAction","target":{"@type":"EntryPoint","urlTemplate":"https:\/\/cammatch.io\/?s={search_term_string}"},"query-input":{"@type":"PropertyValueSpecification","valueRequired":true,"valueName":"search_term_string"}}],"inLanguage":"fi"}]}},"_links":{"self":[{"href":"https:\/\/cammatch.io\/fi\/wp-json\/wp\/v2\/pages\/309","targetHints":{"allow":["GET"]}}],"collection":[{"href":"https:\/\/cammatch.io\/fi\/wp-json\/wp\/v2\/pages"}],"about":[{"href":"https:\/\/cammatch.io\/fi\/wp-json\/wp\/v2\/types\/page"}],"author":[{"embeddable":true,"href":"https:\/\/cammatch.io\/fi\/wp-json\/wp\/v2\/users\/1"}],"replies":[{"embeddable":true,"href":"https:\/\/cammatch.io\/fi\/wp-json\/wp\/v2\/comments?post=309"}],"version-history":[{"count":5,"href":"https:\/\/cammatch.io\/fi\/wp-json\/wp\/v2\/pages\/309\/revisions"}],"predecessor-version":[{"id":928,"href":"https:\/\/cammatch.io\/fi\/wp-json\/wp\/v2\/pages\/309\/revisions\/928"}],"wp:attachment":[{"href":"https:\/\/cammatch.io\/fi\/wp-json\/wp\/v2\/media?parent=309"}],"curies":[{"name":"wp","href":"https:\/\/api.w.org\/{rel}","templated":true}]}}