{"id":802,"date":"2024-09-25T01:30:40","date_gmt":"2024-09-25T01:30:40","guid":{"rendered":"https:\/\/cammatch.io\/?page_id=802"},"modified":"2024-09-25T01:30:42","modified_gmt":"2024-09-25T01:30:42","slug":"about-us","status":"publish","type":"page","link":"https:\/\/cammatch.io\/fi\/about-us\/","title":{"rendered":"Tietoa meist\u00e4"},"content":{"rendered":"<p>Tervetuloa <strong>Kameramatch<\/strong>\u2014ensisijainen alusta, joka on suunniteltu <a href=\"https:\/\/cammatch.io\/fi\/bazoocam\/\">yhdist\u00e4\u00e4<\/a> sinulle parhaiden kanssa <a href=\"https:\/\/cammatch.io\/fi\/wireclub\/\">kamerakeskustelu<\/a> sivustoja, jotka on r\u00e4\u00e4t\u00e4l\u00f6ity mieltymystesi mukaan. Nykyp\u00e4iv\u00e4n digitaalisella aikakaudella merkitykselliset yhteydet ovat vain klikkauksen p\u00e4\u00e4ss\u00e4. Etsitp\u00e4 sitten uusia yst\u00e4vyyssuhteita, mukaansatempaavia keskusteluja tai tutustut online-videoviestinn\u00e4n maailmaan, Cam Match on t\u00e4\u00e4ll\u00e4 opastamassa sinua.<\/p>\n\n\n\n<p><strong>Missiomme<\/strong><\/p>\n\n\n\n<p>Cam Matchilla teht\u00e4v\u00e4mme on yksinkertaistaa t\u00e4ydellisen kameran etsint\u00e4\u00e4. <a href=\"https:\/\/cammatch.io\/fi\/tohla\/\">jutella<\/a> kokemus. Ymm\u00e4rr\u00e4mme, ett\u00e4 lukemattomien vaihtoehtojen keskell\u00e4 oikean alustan l\u00f6yt\u00e4minen voi olla h\u00e4mment\u00e4v\u00e4\u00e4. Siksi olemme luoneet saumattoman <a href=\"https:\/\/cammatch.io\/fi\/luckycrush\/\">vastaavuus<\/a> j\u00e4rjestelm\u00e4, joka yhdist\u00e4\u00e4 sinut kamerachat-sivustoille, jotka vastaavat kiinnostuksen kohteitasi ja tarpeitasi.<\/p>\n\n\n\n<p><strong>Mit\u00e4 me teemme<\/strong><\/p>\n\n\n\n<ul class=\"wp-block-list\">\n<li><strong>Henkil\u00f6kohtainen yhteensovitus<\/strong>Edistykselliset algoritmimme ottavat huomioon mieltymyksesi ja yhdist\u00e4v\u00e4t sinut kamerachat-sivustoihin, jotka tarjoavat etsimi\u00e4si kokemuksia.<\/li>\n\n\n\n<li><strong>Kuratoituja valintoja<\/strong>Teemme yhteisty\u00f6t\u00e4 useiden hyv\u00e4maineisten kamerachat-alustojen kanssa varmistaaksemme, ett\u00e4 sinulla on p\u00e4\u00e4sy turvallisiin, mukaansatempaaviin ja korkealaatuisiin palveluihin.<\/li>\n\n\n\n<li><strong>K\u00e4ytt\u00e4jien arvostelut ja arviot<\/strong>Hy\u00f6dynn\u00e4 yhteis\u00f6mme n\u00e4kemyksi\u00e4. Lue oikeita k\u00e4ytt\u00e4j\u00e4arvosteluja ja arvioita tehd\u00e4ksesi tietoon perustuvia p\u00e4\u00e4t\u00f6ksi\u00e4.<\/li>\n<\/ul>\n\n\n\n<p><strong>Miksi valita Cam Match<\/strong><\/p>\n\n\n\n<ul class=\"wp-block-list\">\n<li><strong>Asiantuntijan ohjaus<\/strong>Tiimimme on omistautunut tutkimaan ja tekem\u00e4\u00e4n yhteisty\u00f6t\u00e4 vain parhaiden kamerachat-sivustojen kanssa.<\/li>\n\n\n\n<li><strong>K\u00e4ytt\u00e4j\u00e4keskeinen l\u00e4hestymistapa<\/strong>Tyytyv\u00e4isyytesi on meille t\u00e4rke\u00e4\u00e4. Parannamme jatkuvasti yhdist\u00e4misprosessiamme k\u00e4ytt\u00e4j\u00e4palautteen perusteella.<\/li>\n\n\n\n<li><strong>Turvallinen ja luotettava<\/strong>Turvallisuutesi on meille etusijalla tekem\u00e4ll\u00e4 yhteisty\u00f6t\u00e4 alustojen kanssa, jotka noudattavat tiukkoja turvallisuus- ja yksityisyysstandardeja.<\/li>\n<\/ul>\n\n\n\n<p><strong>Liity yhteis\u00f6\u00f6mme<\/strong><\/p>\n\n\n\n<p>L\u00e4hde matkallesi l\u00f6yt\u00e4\u00e4ksesi j\u00e4nnitt\u00e4vi\u00e4 kamerachat-kokemuksia. Cam Matchin avulla voit tutustua uusiin alustoihin luottavaisin mielin tiet\u00e4en, ett\u00e4 olemme tehneet pohjaty\u00f6n laadun ja luotettavuuden varmistamiseksi.<\/p>\n\n\n\n<p><strong>Yhdist\u00e4 omalla tavallasi<\/strong><\/p>\n\n\n\n<p>Olitpa sitten kiinnostunut rentoista keskustelusta, syv\u00e4llisist\u00e4 keskusteluista tai ihmisten tapaamisesta ymp\u00e4ri maailmaa, Cam Match avaa oven mahdollisuuksien maailmaan. Anna meid\u00e4n auttaa sinua l\u00f6yt\u00e4m\u00e4\u00e4n t\u00e4ydellinen kamerachat-sivusto, joka resonoi kanssasi.<\/p>\n\n\n\n<p><strong>Aloita t\u00e4n\u00e4\u00e4n<\/strong><\/p>\n\n\n\n<p>Oletko valmis l\u00f6yt\u00e4m\u00e4\u00e4n ihanteellisen kamerachat-alustan? Aloita henkil\u00f6kohtainen parinmuodostusprosessi ja aloita yhteydenpito ennenn\u00e4kem\u00e4tt\u00f6m\u00e4ll\u00e4 tavalla!<\/p>\n\n\n\n<hr class=\"wp-block-separator has-alpha-channel-opacity\"\/>\n\n\n\n<p>Kiitos, ett\u00e4 valitsit Cam Matchin. Olemme innoissamme voidessamme olla osa matkaasi kohti merkityksellisi\u00e4 ja nautinnollisia online-vuorovaikutuksia!<\/p>","protected":false},"excerpt":{"rendered":"<p>Tervetuloa Cam Matchiin \u2014 ensiluokkaiseen alustaan, joka on suunniteltu yhdist\u00e4m\u00e4\u00e4n sinut parhaisiin kamerachat-sivustoihin, jotka on r\u00e4\u00e4t\u00e4l\u00f6ity mieltymystesi mukaan. Nykyajan digitaalisella aikakaudella merkitykselliset yhteydet ovat vain klikkauksen p\u00e4\u00e4ss\u00e4. Etsitp\u00e4 sitten uusia yst\u00e4vyyssuhteita, mukaansatempaavia keskusteluja tai tutustut online-videoviestinn\u00e4n maailmaan, Cam Match on t\u00e4\u00e4ll\u00e4 opastamassa sinua. Missiomme [\u2026]<\/p>","protected":false},"author":1,"featured_media":0,"parent":0,"menu_order":0,"comment_status":"closed","ping_status":"closed","template":"page-no-sidebar.php","meta":{"footnotes":""},"class_list":["post-802","page","type-page","status-publish","hentry"],"yoast_head":"<!-- This site is optimized with the Yoast SEO plugin v26.8 - https:\/\/yoast.com\/product\/yoast-seo-wordpress\/ -->\n<title>About Us - Cam Match<\/title>\n<meta name=\"robots\" content=\"index, follow, max-snippet:-1, max-image-preview:large, max-video-preview:-1\" \/>\n<link rel=\"canonical\" href=\"https:\/\/cammatch.io\/fi\/about-us\/\" \/>\n<meta property=\"og:locale\" content=\"fi_FI\" \/>\n<meta property=\"og:type\" content=\"article\" \/>\n<meta property=\"og:title\" content=\"About Us - Cam Match\" \/>\n<meta property=\"og:description\" content=\"Welcome to Cam Match\u2014the premier platform designed to connect you with the best cam chat sites tailored to your preferences. In today&#8217;s digital age, meaningful connections are just a click away. Whether you&#8217;re seeking new friendships, engaging conversations, or exploring the world of online video communication, Cam Match is here to guide you. Our Mission [&hellip;]\" \/>\n<meta property=\"og:url\" content=\"https:\/\/cammatch.io\/fi\/about-us\/\" \/>\n<meta property=\"og:site_name\" content=\"Cam Match\" \/>\n<meta property=\"article:modified_time\" content=\"2024-09-25T01:30:42+00:00\" \/>\n<meta name=\"twitter:card\" content=\"summary_large_image\" \/>\n<meta name=\"twitter:label1\" content=\"Arvioitu lukuaika\" \/>\n\t<meta name=\"twitter:data1\" content=\"2 minuuttia\" \/>\n<script type=\"application\/ld+json\" class=\"yoast-schema-graph\">{\"@context\":\"https:\/\/schema.org\",\"@graph\":[{\"@type\":\"WebPage\",\"@id\":\"https:\/\/cammatch.io\/about-us\/\",\"url\":\"https:\/\/cammatch.io\/about-us\/\",\"name\":\"About Us - Cam Match\",\"isPartOf\":{\"@id\":\"https:\/\/cammatch.io\/#website\"},\"datePublished\":\"2024-09-25T01:30:40+00:00\",\"dateModified\":\"2024-09-25T01:30:42+00:00\",\"breadcrumb\":{\"@id\":\"https:\/\/cammatch.io\/about-us\/#breadcrumb\"},\"inLanguage\":\"fi\",\"potentialAction\":[{\"@type\":\"ReadAction\",\"target\":[\"https:\/\/cammatch.io\/about-us\/\"]}]},{\"@type\":\"BreadcrumbList\",\"@id\":\"https:\/\/cammatch.io\/about-us\/#breadcrumb\",\"itemListElement\":[{\"@type\":\"ListItem\",\"position\":1,\"name\":\"Home\",\"item\":\"https:\/\/cammatch.io\/\"},{\"@type\":\"ListItem\",\"position\":2,\"name\":\"About Us\"}]},{\"@type\":\"WebSite\",\"@id\":\"https:\/\/cammatch.io\/#website\",\"url\":\"https:\/\/cammatch.io\/\",\"name\":\"Cam Match\",\"description\":\"\",\"potentialAction\":[{\"@type\":\"SearchAction\",\"target\":{\"@type\":\"EntryPoint\",\"urlTemplate\":\"https:\/\/cammatch.io\/?s={search_term_string}\"},\"query-input\":{\"@type\":\"PropertyValueSpecification\",\"valueRequired\":true,\"valueName\":\"search_term_string\"}}],\"inLanguage\":\"fi\"}]}<\/script>\n<!-- \/ Yoast SEO plugin. -->","yoast_head_json":{"title":"Tietoa meist\u00e4 - Cam Match","robots":{"index":"index","follow":"follow","max-snippet":"max-snippet:-1","max-image-preview":"max-image-preview:large","max-video-preview":"max-video-preview:-1"},"canonical":"https:\/\/cammatch.io\/fi\/about-us\/","og_locale":"fi_FI","og_type":"article","og_title":"About Us - Cam Match","og_description":"Welcome to Cam Match\u2014the premier platform designed to connect you with the best cam chat sites tailored to your preferences. In today&#8217;s digital age, meaningful connections are just a click away. Whether you&#8217;re seeking new friendships, engaging conversations, or exploring the world of online video communication, Cam Match is here to guide you. Our Mission [&hellip;]","og_url":"https:\/\/cammatch.io\/fi\/about-us\/","og_site_name":"Cam Match","article_modified_time":"2024-09-25T01:30:42+00:00","twitter_card":"summary_large_image","twitter_misc":{"Arvioitu lukuaika":"2 minuuttia"},"schema":{"@context":"https:\/\/schema.org","@graph":[{"@type":"WebPage","@id":"https:\/\/cammatch.io\/about-us\/","url":"https:\/\/cammatch.io\/about-us\/","name":"Tietoa meist\u00e4 - Cam Match","isPartOf":{"@id":"https:\/\/cammatch.io\/#website"},"datePublished":"2024-09-25T01:30:40+00:00","dateModified":"2024-09-25T01:30:42+00:00","breadcrumb":{"@id":"https:\/\/cammatch.io\/about-us\/#breadcrumb"},"inLanguage":"fi","potentialAction":[{"@type":"ReadAction","target":["https:\/\/cammatch.io\/about-us\/"]}]},{"@type":"BreadcrumbList","@id":"https:\/\/cammatch.io\/about-us\/#breadcrumb","itemListElement":[{"@type":"ListItem","position":1,"name":"Home","item":"https:\/\/cammatch.io\/"},{"@type":"ListItem","position":2,"name":"About Us"}]},{"@type":"WebSite","@id":"https:\/\/cammatch.io\/#website","url":"https:\/\/cammatch.io\/","name":"Kameramatch","description":"","potentialAction":[{"@type":"SearchAction","target":{"@type":"EntryPoint","urlTemplate":"https:\/\/cammatch.io\/?s={search_term_string}"},"query-input":{"@type":"PropertyValueSpecification","valueRequired":true,"valueName":"search_term_string"}}],"inLanguage":"fi"}]}},"_links":{"self":[{"href":"https:\/\/cammatch.io\/fi\/wp-json\/wp\/v2\/pages\/802","targetHints":{"allow":["GET"]}}],"collection":[{"href":"https:\/\/cammatch.io\/fi\/wp-json\/wp\/v2\/pages"}],"about":[{"href":"https:\/\/cammatch.io\/fi\/wp-json\/wp\/v2\/types\/page"}],"author":[{"embeddable":true,"href":"https:\/\/cammatch.io\/fi\/wp-json\/wp\/v2\/users\/1"}],"replies":[{"embeddable":true,"href":"https:\/\/cammatch.io\/fi\/wp-json\/wp\/v2\/comments?post=802"}],"version-history":[{"count":1,"href":"https:\/\/cammatch.io\/fi\/wp-json\/wp\/v2\/pages\/802\/revisions"}],"predecessor-version":[{"id":803,"href":"https:\/\/cammatch.io\/fi\/wp-json\/wp\/v2\/pages\/802\/revisions\/803"}],"wp:attachment":[{"href":"https:\/\/cammatch.io\/fi\/wp-json\/wp\/v2\/media?parent=802"}],"curies":[{"name":"wp","href":"https:\/\/api.w.org\/{rel}","templated":true}]}}