{"id":309,"date":"2022-11-06T19:44:28","date_gmt":"2022-11-06T19:44:28","guid":{"rendered":"https:\/\/export.mercurytheme.com\/001\/?page_id=2"},"modified":"2025-11-21T07:23:09","modified_gmt":"2025-11-21T07:23:09","slug":"home","status":"publish","type":"page","link":"https:\/\/cammatch.io\/fr\/","title":{"rendered":"Accueil"},"content":{"rendered":"<div class=\"wp-block-cover alignfull is-light\" style=\"min-height:600px;aspect-ratio:unset;\"><span aria-hidden=\"true\" class=\"wp-block-cover__background has-background-dim\"><\/span><img loading=\"lazy\" decoding=\"async\" width=\"1024\" height=\"1024\" class=\"wp-block-cover__image-background wp-image-315\" alt=\"\" src=\"https:\/\/cammatch.io\/wp-content\/uploads\/2023\/11\/cam-match.jpg\" data-object-fit=\"cover\" srcset=\"https:\/\/cammatch.io\/wp-content\/uploads\/2023\/11\/cam-match.jpg 1024w, https:\/\/cammatch.io\/wp-content\/uploads\/2023\/11\/cam-match-300x300.jpg 300w, https:\/\/cammatch.io\/wp-content\/uploads\/2023\/11\/cam-match-150x150.jpg 150w, https:\/\/cammatch.io\/wp-content\/uploads\/2023\/11\/cam-match-768x768.jpg 768w, https:\/\/cammatch.io\/wp-content\/uploads\/2023\/11\/cam-match-40x40.jpg 40w, https:\/\/cammatch.io\/wp-content\/uploads\/2023\/11\/cam-match-50x50.jpg 50w, https:\/\/cammatch.io\/wp-content\/uploads\/2023\/11\/cam-match-100x100.jpg 100w, https:\/\/cammatch.io\/wp-content\/uploads\/2023\/11\/cam-match-120x120.jpg 120w, https:\/\/cammatch.io\/wp-content\/uploads\/2023\/11\/cam-match-135x135.jpg 135w, https:\/\/cammatch.io\/wp-content\/uploads\/2023\/11\/cam-match-270x270.jpg 270w, https:\/\/cammatch.io\/wp-content\/uploads\/2023\/11\/cam-match-450x450.jpg 450w, https:\/\/cammatch.io\/wp-content\/uploads\/2023\/11\/cam-match-479x479.jpg 479w, https:\/\/cammatch.io\/wp-content\/uploads\/2023\/11\/cam-match-570x570.jpg 570w, https:\/\/cammatch.io\/wp-content\/uploads\/2023\/11\/cam-match-767x767.jpg 767w, https:\/\/cammatch.io\/wp-content\/uploads\/2023\/11\/cam-match-32x32.jpg 32w, https:\/\/cammatch.io\/wp-content\/uploads\/2023\/11\/cam-match-80x80.jpg 80w\" sizes=\"auto, (max-width: 1024px) 100vw, 1024px\" \/><div class=\"wp-block-cover__inner-container is-layout-flow wp-block-cover-is-layout-flow\">\n<div style=\"height:100px\" aria-hidden=\"true\" class=\"wp-block-spacer\"><\/div>\n\n\n\n<h2 class=\"wp-block-heading has-text-align-center\" style=\"font-size:51px;font-style:italic;font-weight:900\">Chat vid\u00e9o al\u00e9atoire 1v1<\/h2>\n\n\n\n<p class=\"has-text-align-center\" style=\"font-style:normal;font-weight:100\">Correspondance avec <a href=\"https:\/\/cammatch.io\/fr\/talkwithstranger\/\">\u00c9trangers au hasard<\/a> du monde entier par le biais de <a href=\"https:\/\/cammatch.io\/fr\/wireclub\/\">chat vid\u00e9o<\/a>.<\/p>\n\n\n\n<div class=\"wp-block-buttons is-layout-flex wp-block-buttons-is-layout-flex\">\n<div class=\"wp-block-button aligncenter\"><a class=\"wp-block-button__link has-mercury-white-color has-luminous-vivid-amber-background-color has-text-color has-background wp-element-button\" href=\"https:\/\/cammatch.io\/fr\/coomeet\/\">Commencer l'appariement<\/a><\/div>\n<\/div>\n\n\n\n<div style=\"height:100px\" aria-hidden=\"true\" class=\"wp-block-spacer\"><\/div>\n<\/div><\/div>\n\n\n\n\n\n<div style=\"height:30px\" aria-hidden=\"true\" class=\"wp-block-spacer\"><\/div>\n\n\n\n<p class=\"has-text-align-center has-text-color has-small-font-size\" style=\"color:#7f8c8d\">Ce site est destin\u00e9 exclusivement aux utilisateurs \u00e2g\u00e9s de 18 ans ou plus. En acc\u00e9dant \u00e0 ce site et en l'utilisant, vous certifiez que vous avez au moins 18 ans.<\/p>\n\n\n\n<div style=\"height:30px\" aria-hidden=\"true\" class=\"wp-block-spacer\"><\/div>\n\n\n\n<h2 class=\"wp-block-heading\"><strong>Bienvenue sur Cam Match - L'exp\u00e9rience ultime du chat vid\u00e9o !<\/strong><\/h2>\n\n\n\n<p><strong>\ud83c\udf10 Connexions instantan\u00e9es dans le monde entier :<\/strong> Chez Cam Match, nous faisons tomber les barri\u00e8res g\u00e9ographiques. <a href=\"https:\/\/cammatch.io\/fr\/bazoocam\/\">Connecter<\/a> avec des personnes des quatre coins du monde en un seul clic. Que vous soyez \u00e0 la recherche d'une <a href=\"https:\/\/cammatch.io\/fr\/tohla\/\">chat<\/a>Qu'il s'agisse d'un \u00e9change culturel ou d'autre chose, Cam Match vous permet de d\u00e9couvrir le monde instantan\u00e9ment sur votre \u00e9cran.<\/p>\n\n\n\n<p><strong>\ud83c\udfad Anonymat absolu :<\/strong> Votre vie priv\u00e9e est notre priorit\u00e9. Profitez des conversations sans vous soucier de r\u00e9v\u00e9ler votre identit\u00e9. Notre plateforme garantit un anonymat total - pas d'informations personnelles, pas de profils, juste une interaction pure et spontan\u00e9e.<\/p>\n\n\n\n<p><strong>\ud83c\udf1f Facile et accessible :<\/strong> Pas d'inscription compliqu\u00e9e ni de t\u00e9l\u00e9chargement. Acc\u00e9dez \u00e0 Cam Match depuis n'importe quel appareil disposant d'une connexion Internet. Notre interface conviviale fait du chat vid\u00e9o un jeu d'enfant pour tout le monde.<\/p>\n\n\n\n<p><strong>\ud83d\udd12 S\u00e9curis\u00e9 et s\u00fbr :<\/strong> Nous donnons la priorit\u00e9 \u00e0 votre s\u00e9curit\u00e9 gr\u00e2ce \u00e0 notre cryptage et \u00e0 notre mod\u00e9ration de pointe. Sachez que vos conversations et vos donn\u00e9es sont prot\u00e9g\u00e9es.<\/p>\n\n\n\n<p><strong>\ud83c\udf08 Communaut\u00e9 diversifi\u00e9e :<\/strong> Avec des milliers d'utilisateurs en ligne \u00e0 tout moment, vous pourrez <a href=\"https:\/\/cammatch.io\/fr\/meetskip\/\">rencontrer<\/a> un large \u00e9ventail de personnes issues de milieux, d'int\u00e9r\u00eats et de cultures diff\u00e9rents. Chaque discussion est l'occasion de vivre une exp\u00e9rience unique et enrichissante.<\/p>\n\n\n\n<p><strong>\ud83c\udfa5 Vid\u00e9o et audio de haute qualit\u00e9 :<\/strong> B\u00e9n\u00e9ficiez d'une qualit\u00e9 vid\u00e9o et audio cristalline. Notre plateforme veille \u00e0 ce que vos conversations soient aussi r\u00e9elles et ininterrompues que possible.<\/p>\n\n\n\n<p><strong>\ud83c\udfb2 Al\u00e9atoire <a href=\"https:\/\/cammatch.io\/fr\/luckycrush\/\">Correspondance<\/a> Algorithme :<\/strong> Laissez le destin d\u00e9cider de votre prochain interlocuteur. Notre algorithme d'appariement al\u00e9atoire vous met en contact avec de nouvelles personnes int\u00e9ressantes chaque fois que vous cliquez sur \"Suivant\".<\/p>\n\n\n\n<p><strong>\ud83e\udd16 Fonctionnalit\u00e9s aliment\u00e9es par l'IA :<\/strong> Profitez de fonctions avanc\u00e9es comme les filtres de visage AI et la traduction linguistique. Brisez les barri\u00e8res linguistiques et ajoutez une touche amusante \u00e0 vos conversations.<\/p>\n\n\n\n<p><strong>\ud83d\udcf1 Adapt\u00e9e aux mobiles :<\/strong> Emmenez Cam Match en d\u00e9placement ! Notre plateforme est optimis\u00e9e pour les appareils mobiles, garantissant une exp\u00e9rience de chat transparente o\u00f9 que vous soyez.<\/p>\n\n\n\n<div style=\"height:60px\" aria-hidden=\"true\" class=\"wp-block-spacer\"><\/div>\n\n\n\n<div class=\"wp-block-cover alignfull\"><img loading=\"lazy\" decoding=\"async\" width=\"1254\" height=\"836\" class=\"wp-block-cover__image-background wp-image-313\" alt=\"\" src=\"https:\/\/cammatch.io\/wp-content\/uploads\/2023\/11\/chatting.jpg\" data-object-fit=\"cover\" srcset=\"https:\/\/cammatch.io\/wp-content\/uploads\/2023\/11\/chatting.jpg 1254w, https:\/\/cammatch.io\/wp-content\/uploads\/2023\/11\/chatting-300x200.jpg 300w, https:\/\/cammatch.io\/wp-content\/uploads\/2023\/11\/chatting-1024x683.jpg 1024w, https:\/\/cammatch.io\/wp-content\/uploads\/2023\/11\/chatting-768x512.jpg 768w, https:\/\/cammatch.io\/wp-content\/uploads\/2023\/11\/chatting-60x40.jpg 60w, https:\/\/cammatch.io\/wp-content\/uploads\/2023\/11\/chatting-48x32.jpg 48w, https:\/\/cammatch.io\/wp-content\/uploads\/2023\/11\/chatting-120x80.jpg 120w, https:\/\/cammatch.io\/wp-content\/uploads\/2023\/11\/chatting-203x135.jpg 203w\" sizes=\"auto, (max-width: 1254px) 100vw, 1254px\" \/><span aria-hidden=\"true\" class=\"wp-block-cover__background has-background-dim-70 has-background-dim\"><\/span><div class=\"wp-block-cover__inner-container is-layout-flow wp-block-cover-is-layout-flow\">\n<div style=\"height:60px\" aria-hidden=\"true\" class=\"wp-block-spacer\"><\/div>\n\n\n\n<div style=\"height:60px\" aria-hidden=\"true\" class=\"wp-block-spacer\"><\/div>\n\n\n\n<h3 class=\"wp-block-heading\"><strong>Cam Match - O\u00f9 chaque clic est une nouvelle aventure !<\/strong><\/h3>\n\n\n\n<p>Embarquez d\u00e8s aujourd'hui pour un voyage de connexion et d'exploration. Rejoignez Cam Match - c'est gratuit, c'est amusant et c'est \u00e0 port\u00e9e de clic !<\/p>\n<\/div><\/div>\n\n\n\n<div style=\"height:60px\" aria-hidden=\"true\" class=\"wp-block-spacer\"><\/div>\n\n\n\n<h3 class=\"wp-block-heading\">Connectez-vous instantan\u00e9ment, discutez librement<\/h3>\n\n\n\n<p><strong>CamMatch.io<\/strong> est un portail qui permet d'organiser des rencontres spontan\u00e9es et individuelles. <a href=\"https:\/\/cammatch.io\/fr\/tandoo\/\">chats vid\u00e9o<\/a>. Oubliez les complexit\u00e9s des m\u00e9dias sociaux modernes et adoptez un moyen simple de rencontrer de nouvelles personnes dans le monde entier. Un processus simple et direct, sans conditions, juste une v\u00e9ritable connexion humaine.<\/p>\n\n\n\n<h4 class=\"wp-block-heading\">Pourquoi CamMatch.io ?<\/h4>\n\n\n\n<ul class=\"wp-block-list\">\n<li><strong>Connexion instantan\u00e9e :<\/strong> Sautez directement dans <a href=\"https:\/\/cammatch.io\/fr\/1v1-video-chat\/\">1v1<\/a> sans avoir \u00e0 s'inscrire longuement.<\/li>\n\n\n\n<li><strong>S\u00fbr et s\u00e9curis\u00e9 :<\/strong> Profitez d'un espace priv\u00e9 con\u00e7u pour votre s\u00e9curit\u00e9.<\/li>\n\n\n\n<li><strong>Facile \u00e0 utiliser :<\/strong> Notre plateforme intuitive ne comporte pas d'\u00e9tapes compliqu\u00e9es : il suffit de cliquer et de se connecter.<\/li>\n\n\n\n<li><strong>Communaut\u00e9 mondiale :<\/strong> Rencontrez des personnes diverses et int\u00e9ressantes pr\u00eates \u00e0 discuter n'importe quand et n'importe o\u00f9.<\/li>\n<\/ul>\n\n\n\n<h4 class=\"wp-block-heading\">Comment \u00e7a marche<\/h4>\n\n\n\n<ol class=\"wp-block-list\">\n<li><strong>Cliquez pour discuter :<\/strong> Appuyez sur le bouton \"Commencer le chat\" et vous serez imm\u00e9diatement mis en relation avec quelqu'un de nouveau.<\/li>\n\n\n\n<li><strong>Connectez-vous instantan\u00e9ment :<\/strong> Profitez d'une exp\u00e9rience de chat vid\u00e9o transparente avec des d\u00e9lais minimes.<\/li>\n\n\n\n<li><strong>Passer \u00e0 autre chose ou se connecter plus profond\u00e9ment :<\/strong> Mettez fin \u00e0 la conversation \u00e0 tout moment ou restez dans les parages pour \u00e9tablir un lien significatif.<\/li>\n<\/ol>\n\n\n\n<h4 class=\"wp-block-heading\">Rejoindre la r\u00e9volution<\/h4>\n\n\n\n<p>\u00c9loignez-vous des interactions sc\u00e9naris\u00e9es et plongez dans de vraies conversations. Que vous soyez \u00e0 la recherche d'un bonjour rapide ou d'une connexion plus profonde, <strong>CamMatch.io<\/strong> est votre destination de choix pour des chats vid\u00e9o 1v1 sans probl\u00e8me. Commencez votre voyage avec nous d\u00e8s aujourd'hui et d\u00e9couvrez la libert\u00e9 d'une connexion authentique et non filtr\u00e9e.<\/p>\n\n\n\n<p><strong>Pr\u00eat \u00e0 discuter ? Cliquez ci-dessous pour commencer votre aventure !<\/strong><\/p>\n\n\n\n<hr class=\"wp-block-separator has-alpha-channel-opacity\"\/>\n\n\n\n<p>D\u00e9couvrez l'avenir du chat vid\u00e9o al\u00e9atoire sur <strong>CamMatch.io<\/strong> - o\u00f9 chaque conversation est une nouvelle possibilit\u00e9.<\/p>\n\n\n\n<p><strong>Avis de non-responsabilit\u00e9 pour<\/strong> Cam Match<\/p>\n\n\n\n<ol class=\"wp-block-list\">\n<li><strong>Restriction d'\u00e2ge<\/strong>: Ce site est destin\u00e9 exclusivement aux utilisateurs \u00e2g\u00e9s de 18 ans ou plus. En acc\u00e9dant et en utilisant ce site, vous certifiez \u00eatre \u00e2g\u00e9 d'au moins 18 ans.<\/li>\n\n\n\n<li><strong>Aucune responsabilit\u00e9 pour les interactions avec les utilisateurs<\/strong>: Cam Match est une plateforme permettant aux utilisateurs adultes de participer \u00e0 des chats vid\u00e9o. Nous ne sommes pas responsables de la conduite d'un utilisateur sur ou en dehors du site. Les utilisateurs interagissent \u00e0 leurs propres risques.<\/li>\n\n\n\n<li>Contr\u00f4le et suppression du contenu : nous contr\u00f4lons avec diligence et supprimons rapidement tout contenu qui contrevient \u00e0 nos conditions d'utilisation ou qui est jug\u00e9 inappropri\u00e9 ou ill\u00e9gal. Faites confiance \u00e0 notre engagement \u00e0 maintenir un environnement en ligne s\u00fbr et respectueux.<\/li>\n\n\n\n<li><strong>Accord sur les conditions de service<\/strong>: En utilisant ce site, vous acceptez nos conditions d'utilisation. Il est de votre responsabilit\u00e9 de les consulter r\u00e9guli\u00e8rement.<\/li>\n\n\n\n<li><strong><a href=\"https:\/\/cammatch.io\/fr\/privacy-policy\/\">Politique de confidentialit\u00e9<\/a><\/strong>: La protection de votre vie priv\u00e9e est importante pour nous. Veuillez consulter notre politique de confidentialit\u00e9 pour comprendre comment vos informations sont utilis\u00e9es et prot\u00e9g\u00e9es.<\/li>\n\n\n\n<li><strong>Rapports et application de la loi<\/strong>: Les utilisateurs sont encourag\u00e9s \u00e0 signaler tout comportement ou contenu qui enfreint nos politiques. Nous prendrons les mesures qui s'imposent le cas \u00e9ch\u00e9ant.<\/li>\n\n\n\n<li><strong>Aucune garantie de service<\/strong>: Nous ne garantissons pas un fonctionnement ininterrompu ou sans erreur du site et ne sommes pas responsables des probl\u00e8mes techniques ou des temps d'arr\u00eat.<\/li>\n\n\n\n<li><strong>Amendements<\/strong>: La pr\u00e9sente clause de non-responsabilit\u00e9 est susceptible d'\u00eatre modifi\u00e9e sans pr\u00e9avis et il incombe \u00e0 l'utilisateur de se tenir inform\u00e9 de toute modification.<\/li>\n<\/ol>\n\n\n\n<p><strong>Utilisez ce site de mani\u00e8re responsable et \u00e0 vos propres risques.<\/strong><\/p>","protected":false},"excerpt":{"rendered":"<p>Ce site est destin\u00e9 exclusivement aux utilisateurs \u00e2g\u00e9s de 18 ans ou plus. En acc\u00e9dant \u00e0 ce site et en l'utilisant, vous certifiez que vous avez au moins 18 ans. Bienvenue sur Cam Match - L'exp\u00e9rience ultime du chat vid\u00e9o ! \ud83c\udf10 Connexions instantan\u00e9es dans le monde entier : Chez Cam Match, nous faisons tomber les barri\u00e8res g\u00e9ographiques. Connectez-vous avec des personnes de tous [...]<\/p>","protected":false},"author":1,"featured_media":0,"parent":0,"menu_order":0,"comment_status":"closed","ping_status":"open","template":"page-without-title.php","meta":{"footnotes":""},"class_list":["post-309","page","type-page","status-publish","hentry"],"yoast_head":"<!-- This site is optimized with the Yoast SEO plugin v26.8 - https:\/\/yoast.com\/product\/yoast-seo-wordpress\/ -->\n<title>CamMatch - Talk to Strangers Through Random Video Chat<\/title>\n<meta name=\"description\" content=\"Discover Cam Match \u2013 Your Gateway to Global Connections! Talk to strangers from across the world through random video chat.\" \/>\n<meta name=\"robots\" content=\"index, follow, max-snippet:-1, max-image-preview:large, max-video-preview:-1\" \/>\n<link rel=\"canonical\" href=\"https:\/\/cammatch.io\/fr\/\" \/>\n<meta property=\"og:locale\" content=\"fr_FR\" \/>\n<meta property=\"og:type\" content=\"article\" \/>\n<meta property=\"og:title\" content=\"CamMatch - Talk to Strangers Through Random Video Chat\" \/>\n<meta property=\"og:description\" content=\"Discover Cam Match \u2013 Your Gateway to Global Connections! Talk to strangers from across the world through random video chat.\" \/>\n<meta property=\"og:url\" content=\"https:\/\/cammatch.io\/fr\/\" \/>\n<meta property=\"og:site_name\" content=\"Cam Match\" \/>\n<meta property=\"article:modified_time\" content=\"2025-11-21T07:23:09+00:00\" \/>\n<meta property=\"og:image\" content=\"https:\/\/cammatch.io\/wp-content\/uploads\/2023\/11\/cam-match.jpg\" \/>\n\t<meta property=\"og:image:width\" content=\"1024\" \/>\n\t<meta property=\"og:image:height\" content=\"1024\" \/>\n\t<meta property=\"og:image:type\" content=\"image\/jpeg\" \/>\n<meta name=\"twitter:card\" content=\"summary_large_image\" \/>\n<meta name=\"twitter:label1\" content=\"Dur\u00e9e de lecture estim\u00e9e\" \/>\n\t<meta name=\"twitter:data1\" content=\"4 minutes\" \/>\n<script type=\"application\/ld+json\" class=\"yoast-schema-graph\">{\"@context\":\"https:\/\/schema.org\",\"@graph\":[{\"@type\":\"WebPage\",\"@id\":\"https:\/\/cammatch.io\/\",\"url\":\"https:\/\/cammatch.io\/\",\"name\":\"CamMatch - Talk to Strangers Through Random Video Chat\",\"isPartOf\":{\"@id\":\"https:\/\/cammatch.io\/#website\"},\"primaryImageOfPage\":{\"@id\":\"https:\/\/cammatch.io\/#primaryimage\"},\"image\":{\"@id\":\"https:\/\/cammatch.io\/#primaryimage\"},\"thumbnailUrl\":\"https:\/\/cammatch.io\/wp-content\/uploads\/2023\/11\/cam-match.jpg\",\"datePublished\":\"2022-11-06T19:44:28+00:00\",\"dateModified\":\"2025-11-21T07:23:09+00:00\",\"description\":\"Discover Cam Match \u2013 Your Gateway to Global Connections! Talk to strangers from across the world through random video chat.\",\"breadcrumb\":{\"@id\":\"https:\/\/cammatch.io\/#breadcrumb\"},\"inLanguage\":\"fr-FR\",\"potentialAction\":[{\"@type\":\"ReadAction\",\"target\":[\"https:\/\/cammatch.io\/\"]}]},{\"@type\":\"ImageObject\",\"inLanguage\":\"fr-FR\",\"@id\":\"https:\/\/cammatch.io\/#primaryimage\",\"url\":\"https:\/\/cammatch.io\/wp-content\/uploads\/2023\/11\/cam-match.jpg\",\"contentUrl\":\"https:\/\/cammatch.io\/wp-content\/uploads\/2023\/11\/cam-match.jpg\"},{\"@type\":\"BreadcrumbList\",\"@id\":\"https:\/\/cammatch.io\/#breadcrumb\",\"itemListElement\":[{\"@type\":\"ListItem\",\"position\":1,\"name\":\"Home\",\"item\":\"https:\/\/cammatch.io\/\"},{\"@type\":\"ListItem\",\"position\":2,\"name\":\"Home\"}]},{\"@type\":\"WebSite\",\"@id\":\"https:\/\/cammatch.io\/#website\",\"url\":\"https:\/\/cammatch.io\/\",\"name\":\"Cam Match\",\"description\":\"\",\"potentialAction\":[{\"@type\":\"SearchAction\",\"target\":{\"@type\":\"EntryPoint\",\"urlTemplate\":\"https:\/\/cammatch.io\/?s={search_term_string}\"},\"query-input\":{\"@type\":\"PropertyValueSpecification\",\"valueRequired\":true,\"valueName\":\"search_term_string\"}}],\"inLanguage\":\"fr-FR\"}]}<\/script>\n<!-- \/ Yoast SEO plugin. -->","yoast_head_json":{"title":"CamMatch - Parlez \u00e0 des inconnus par chat vid\u00e9o al\u00e9atoire","description":"D\u00e9couvrez Cam Match - Votre porte d'entr\u00e9e vers des connexions mondiales ! Discutez avec des inconnus du monde entier par le biais d'un chat vid\u00e9o al\u00e9atoire.","robots":{"index":"index","follow":"follow","max-snippet":"max-snippet:-1","max-image-preview":"max-image-preview:large","max-video-preview":"max-video-preview:-1"},"canonical":"https:\/\/cammatch.io\/fr\/","og_locale":"fr_FR","og_type":"article","og_title":"CamMatch - Talk to Strangers Through Random Video Chat","og_description":"Discover Cam Match \u2013 Your Gateway to Global Connections! Talk to strangers from across the world through random video chat.","og_url":"https:\/\/cammatch.io\/fr\/","og_site_name":"Cam Match","article_modified_time":"2025-11-21T07:23:09+00:00","og_image":[{"width":1024,"height":1024,"url":"https:\/\/cammatch.io\/wp-content\/uploads\/2023\/11\/cam-match.jpg","type":"image\/jpeg"}],"twitter_card":"summary_large_image","twitter_misc":{"Dur\u00e9e de lecture estim\u00e9e":"4 minutes"},"schema":{"@context":"https:\/\/schema.org","@graph":[{"@type":"WebPage","@id":"https:\/\/cammatch.io\/","url":"https:\/\/cammatch.io\/","name":"CamMatch - Parlez \u00e0 des inconnus par chat vid\u00e9o al\u00e9atoire","isPartOf":{"@id":"https:\/\/cammatch.io\/#website"},"primaryImageOfPage":{"@id":"https:\/\/cammatch.io\/#primaryimage"},"image":{"@id":"https:\/\/cammatch.io\/#primaryimage"},"thumbnailUrl":"https:\/\/cammatch.io\/wp-content\/uploads\/2023\/11\/cam-match.jpg","datePublished":"2022-11-06T19:44:28+00:00","dateModified":"2025-11-21T07:23:09+00:00","description":"D\u00e9couvrez Cam Match - Votre porte d'entr\u00e9e vers des connexions mondiales ! Discutez avec des inconnus du monde entier par le biais d'un chat vid\u00e9o al\u00e9atoire.","breadcrumb":{"@id":"https:\/\/cammatch.io\/#breadcrumb"},"inLanguage":"fr-FR","potentialAction":[{"@type":"ReadAction","target":["https:\/\/cammatch.io\/"]}]},{"@type":"ImageObject","inLanguage":"fr-FR","@id":"https:\/\/cammatch.io\/#primaryimage","url":"https:\/\/cammatch.io\/wp-content\/uploads\/2023\/11\/cam-match.jpg","contentUrl":"https:\/\/cammatch.io\/wp-content\/uploads\/2023\/11\/cam-match.jpg"},{"@type":"BreadcrumbList","@id":"https:\/\/cammatch.io\/#breadcrumb","itemListElement":[{"@type":"ListItem","position":1,"name":"Home","item":"https:\/\/cammatch.io\/"},{"@type":"ListItem","position":2,"name":"Home"}]},{"@type":"WebSite","@id":"https:\/\/cammatch.io\/#website","url":"https:\/\/cammatch.io\/","name":"Cam Match","description":"","potentialAction":[{"@type":"SearchAction","target":{"@type":"EntryPoint","urlTemplate":"https:\/\/cammatch.io\/?s={search_term_string}"},"query-input":{"@type":"PropertyValueSpecification","valueRequired":true,"valueName":"search_term_string"}}],"inLanguage":"fr-FR"}]}},"_links":{"self":[{"href":"https:\/\/cammatch.io\/fr\/wp-json\/wp\/v2\/pages\/309","targetHints":{"allow":["GET"]}}],"collection":[{"href":"https:\/\/cammatch.io\/fr\/wp-json\/wp\/v2\/pages"}],"about":[{"href":"https:\/\/cammatch.io\/fr\/wp-json\/wp\/v2\/types\/page"}],"author":[{"embeddable":true,"href":"https:\/\/cammatch.io\/fr\/wp-json\/wp\/v2\/users\/1"}],"replies":[{"embeddable":true,"href":"https:\/\/cammatch.io\/fr\/wp-json\/wp\/v2\/comments?post=309"}],"version-history":[{"count":5,"href":"https:\/\/cammatch.io\/fr\/wp-json\/wp\/v2\/pages\/309\/revisions"}],"predecessor-version":[{"id":928,"href":"https:\/\/cammatch.io\/fr\/wp-json\/wp\/v2\/pages\/309\/revisions\/928"}],"wp:attachment":[{"href":"https:\/\/cammatch.io\/fr\/wp-json\/wp\/v2\/media?parent=309"}],"curies":[{"name":"wp","href":"https:\/\/api.w.org\/{rel}","templated":true}]}}