{"id":802,"date":"2024-09-25T01:30:40","date_gmt":"2024-09-25T01:30:40","guid":{"rendered":"https:\/\/cammatch.io\/?page_id=802"},"modified":"2024-09-25T01:30:42","modified_gmt":"2024-09-25T01:30:42","slug":"about-us","status":"publish","type":"page","link":"https:\/\/cammatch.io\/fr\/about-us\/","title":{"rendered":"\u00c0 propos de nous"},"content":{"rendered":"<p>Bienvenue \u00e0 <strong>Cam Match<\/strong>-la premi\u00e8re plateforme con\u00e7ue pour <a href=\"https:\/\/cammatch.io\/fr\/bazoocam\/\">relier<\/a> avec les meilleurs <a href=\"https:\/\/cammatch.io\/fr\/wireclub\/\">chat cam<\/a> des sites adapt\u00e9s \u00e0 vos pr\u00e9f\u00e9rences. A l'\u00e8re du num\u00e9rique, il suffit d'un clic pour nouer des liens significatifs. Que vous soyez \u00e0 la recherche de nouvelles amiti\u00e9s, de conversations engageantes ou que vous exploriez le monde de la communication vid\u00e9o en ligne, Cam Match est l\u00e0 pour vous guider.<\/p>\n\n\n\n<p><strong>Notre mission<\/strong><\/p>\n\n\n\n<p>Chez Cam Match, notre mission est de simplifier votre recherche de la cam\u00e9ra id\u00e9ale. <a href=\"https:\/\/cammatch.io\/fr\/tohla\/\">chat<\/a> exp\u00e9rience. Nous comprenons qu'avec les innombrables options disponibles, il peut \u00eatre difficile de trouver la bonne plateforme. C'est la raison pour laquelle nous avons cr\u00e9\u00e9 un syst\u00e8me de <a href=\"https:\/\/cammatch.io\/fr\/luckycrush\/\">correspondance<\/a> pour vous mettre en relation avec des sites de cam chat qui correspondent \u00e0 vos int\u00e9r\u00eats et \u00e0 vos besoins.<\/p>\n\n\n\n<p><strong>Ce que nous faisons<\/strong><\/p>\n\n\n\n<ul class=\"wp-block-list\">\n<li><strong>Correspondance personnalis\u00e9e<\/strong>: Nos algorithmes avanc\u00e9s prennent en compte vos pr\u00e9f\u00e9rences pour vous mettre en relation avec des sites de cam chat qui offrent les exp\u00e9riences que vous recherchez.<\/li>\n\n\n\n<li><strong>S\u00e9lections choisies<\/strong>: Nous nous associons \u00e0 une vari\u00e9t\u00e9 de plateformes de cam chat r\u00e9put\u00e9es pour vous garantir l'acc\u00e8s \u00e0 des services s\u00fbrs, attrayants et de haute qualit\u00e9.<\/li>\n\n\n\n<li><strong>Critiques et \u00e9valuations des utilisateurs<\/strong>: B\u00e9n\u00e9ficiez des avis de notre communaut\u00e9. Lisez les avis et les \u00e9valuations de vrais utilisateurs pour prendre des d\u00e9cisions \u00e9clair\u00e9es.<\/li>\n<\/ul>\n\n\n\n<p><strong>Pourquoi choisir Cam Match<\/strong><\/p>\n\n\n\n<ul class=\"wp-block-list\">\n<li><strong>Conseils d'experts<\/strong>: Notre \u00e9quipe se consacre \u00e0 la recherche et au partenariat avec les meilleurs sites de cam chat.<\/li>\n\n\n\n<li><strong>Approche centr\u00e9e sur l'utilisateur<\/strong>: Votre satisfaction est notre priorit\u00e9. Nous am\u00e9liorons continuellement notre processus d'appariement en nous basant sur les commentaires des utilisateurs.<\/li>\n\n\n\n<li><strong>S\u00fbr et digne de confiance<\/strong>: Nous donnons la priorit\u00e9 \u00e0 votre s\u00e9curit\u00e9 en collaborant avec des plateformes qui respectent des normes strictes en mati\u00e8re de s\u00e9curit\u00e9 et de confidentialit\u00e9.<\/li>\n<\/ul>\n\n\n\n<p><strong>Rejoindre notre communaut\u00e9<\/strong><\/p>\n\n\n\n<p>Embarquez pour un voyage \u00e0 la d\u00e9couverte d'exp\u00e9riences de cam chat passionnantes. Avec Cam Match, vous pouvez explorer de nouvelles plateformes en toute confiance, en sachant que nous avons fait le travail de base pour garantir la qualit\u00e9 et la fiabilit\u00e9.<\/p>\n\n\n\n<p><strong>Connectez-vous \u00e0 votre fa\u00e7on<\/strong><\/p>\n\n\n\n<p>Que vous soyez int\u00e9ress\u00e9 par des chats occasionnels, des conversations approfondies ou des rencontres avec des personnes du monde entier, Cam Match vous ouvre les portes d'un monde de possibilit\u00e9s. Laissez-nous vous aider \u00e0 trouver le site de webcams qui vous convient le mieux.<\/p>\n\n\n\n<p><strong>Commencez d\u00e8s aujourd'hui<\/strong><\/p>\n\n\n\n<p>Pr\u00eat \u00e0 trouver la plateforme de chat cam id\u00e9ale ? Commencez votre processus d'appariement personnalis\u00e9 et commencez \u00e0 vous connecter comme jamais auparavant !<\/p>\n\n\n\n<hr class=\"wp-block-separator has-alpha-channel-opacity\"\/>\n\n\n\n<p>Merci d'avoir choisi Cam Match. Nous sommes ravis de faire partie de votre voyage vers des interactions en ligne significatives et agr\u00e9ables !<\/p>","protected":false},"excerpt":{"rendered":"<p>Bienvenue sur Cam Match, la premi\u00e8re plateforme con\u00e7ue pour vous mettre en relation avec les meilleurs sites de cam chat adapt\u00e9s \u00e0 vos pr\u00e9f\u00e9rences. Dans l'\u00e8re num\u00e9rique d'aujourd'hui, les connexions significatives sont \u00e0 port\u00e9e de clic. Que vous soyez \u00e0 la recherche de nouvelles amiti\u00e9s, de conversations engageantes, ou que vous exploriez le monde de la communication vid\u00e9o en ligne, Cam Match est l\u00e0 pour vous guider. Notre mission [...]<\/p>","protected":false},"author":1,"featured_media":0,"parent":0,"menu_order":0,"comment_status":"closed","ping_status":"closed","template":"page-no-sidebar.php","meta":{"footnotes":""},"class_list":["post-802","page","type-page","status-publish","hentry"],"yoast_head":"<!-- This site is optimized with the Yoast SEO plugin v26.8 - https:\/\/yoast.com\/product\/yoast-seo-wordpress\/ -->\n<title>About Us - Cam Match<\/title>\n<meta name=\"robots\" content=\"index, follow, max-snippet:-1, max-image-preview:large, max-video-preview:-1\" \/>\n<link rel=\"canonical\" href=\"https:\/\/cammatch.io\/fr\/about-us\/\" \/>\n<meta property=\"og:locale\" content=\"fr_FR\" \/>\n<meta property=\"og:type\" content=\"article\" \/>\n<meta property=\"og:title\" content=\"About Us - Cam Match\" \/>\n<meta property=\"og:description\" content=\"Welcome to Cam Match\u2014the premier platform designed to connect you with the best cam chat sites tailored to your preferences. In today&#8217;s digital age, meaningful connections are just a click away. Whether you&#8217;re seeking new friendships, engaging conversations, or exploring the world of online video communication, Cam Match is here to guide you. Our Mission [&hellip;]\" \/>\n<meta property=\"og:url\" content=\"https:\/\/cammatch.io\/fr\/about-us\/\" \/>\n<meta property=\"og:site_name\" content=\"Cam Match\" \/>\n<meta property=\"article:modified_time\" content=\"2024-09-25T01:30:42+00:00\" \/>\n<meta name=\"twitter:card\" content=\"summary_large_image\" \/>\n<meta name=\"twitter:label1\" content=\"Dur\u00e9e de lecture estim\u00e9e\" \/>\n\t<meta name=\"twitter:data1\" content=\"2 minutes\" \/>\n<script type=\"application\/ld+json\" class=\"yoast-schema-graph\">{\"@context\":\"https:\/\/schema.org\",\"@graph\":[{\"@type\":\"WebPage\",\"@id\":\"https:\/\/cammatch.io\/about-us\/\",\"url\":\"https:\/\/cammatch.io\/about-us\/\",\"name\":\"About Us - Cam Match\",\"isPartOf\":{\"@id\":\"https:\/\/cammatch.io\/#website\"},\"datePublished\":\"2024-09-25T01:30:40+00:00\",\"dateModified\":\"2024-09-25T01:30:42+00:00\",\"breadcrumb\":{\"@id\":\"https:\/\/cammatch.io\/about-us\/#breadcrumb\"},\"inLanguage\":\"fr-FR\",\"potentialAction\":[{\"@type\":\"ReadAction\",\"target\":[\"https:\/\/cammatch.io\/about-us\/\"]}]},{\"@type\":\"BreadcrumbList\",\"@id\":\"https:\/\/cammatch.io\/about-us\/#breadcrumb\",\"itemListElement\":[{\"@type\":\"ListItem\",\"position\":1,\"name\":\"Home\",\"item\":\"https:\/\/cammatch.io\/\"},{\"@type\":\"ListItem\",\"position\":2,\"name\":\"About Us\"}]},{\"@type\":\"WebSite\",\"@id\":\"https:\/\/cammatch.io\/#website\",\"url\":\"https:\/\/cammatch.io\/\",\"name\":\"Cam Match\",\"description\":\"\",\"potentialAction\":[{\"@type\":\"SearchAction\",\"target\":{\"@type\":\"EntryPoint\",\"urlTemplate\":\"https:\/\/cammatch.io\/?s={search_term_string}\"},\"query-input\":{\"@type\":\"PropertyValueSpecification\",\"valueRequired\":true,\"valueName\":\"search_term_string\"}}],\"inLanguage\":\"fr-FR\"}]}<\/script>\n<!-- \/ Yoast SEO plugin. -->","yoast_head_json":{"title":"\u00c0 propos de nous - Cam Match","robots":{"index":"index","follow":"follow","max-snippet":"max-snippet:-1","max-image-preview":"max-image-preview:large","max-video-preview":"max-video-preview:-1"},"canonical":"https:\/\/cammatch.io\/fr\/about-us\/","og_locale":"fr_FR","og_type":"article","og_title":"About Us - Cam Match","og_description":"Welcome to Cam Match\u2014the premier platform designed to connect you with the best cam chat sites tailored to your preferences. In today&#8217;s digital age, meaningful connections are just a click away. Whether you&#8217;re seeking new friendships, engaging conversations, or exploring the world of online video communication, Cam Match is here to guide you. Our Mission [&hellip;]","og_url":"https:\/\/cammatch.io\/fr\/about-us\/","og_site_name":"Cam Match","article_modified_time":"2024-09-25T01:30:42+00:00","twitter_card":"summary_large_image","twitter_misc":{"Dur\u00e9e de lecture estim\u00e9e":"2 minutes"},"schema":{"@context":"https:\/\/schema.org","@graph":[{"@type":"WebPage","@id":"https:\/\/cammatch.io\/about-us\/","url":"https:\/\/cammatch.io\/about-us\/","name":"\u00c0 propos de nous - Cam Match","isPartOf":{"@id":"https:\/\/cammatch.io\/#website"},"datePublished":"2024-09-25T01:30:40+00:00","dateModified":"2024-09-25T01:30:42+00:00","breadcrumb":{"@id":"https:\/\/cammatch.io\/about-us\/#breadcrumb"},"inLanguage":"fr-FR","potentialAction":[{"@type":"ReadAction","target":["https:\/\/cammatch.io\/about-us\/"]}]},{"@type":"BreadcrumbList","@id":"https:\/\/cammatch.io\/about-us\/#breadcrumb","itemListElement":[{"@type":"ListItem","position":1,"name":"Home","item":"https:\/\/cammatch.io\/"},{"@type":"ListItem","position":2,"name":"About Us"}]},{"@type":"WebSite","@id":"https:\/\/cammatch.io\/#website","url":"https:\/\/cammatch.io\/","name":"Cam Match","description":"","potentialAction":[{"@type":"SearchAction","target":{"@type":"EntryPoint","urlTemplate":"https:\/\/cammatch.io\/?s={search_term_string}"},"query-input":{"@type":"PropertyValueSpecification","valueRequired":true,"valueName":"search_term_string"}}],"inLanguage":"fr-FR"}]}},"_links":{"self":[{"href":"https:\/\/cammatch.io\/fr\/wp-json\/wp\/v2\/pages\/802","targetHints":{"allow":["GET"]}}],"collection":[{"href":"https:\/\/cammatch.io\/fr\/wp-json\/wp\/v2\/pages"}],"about":[{"href":"https:\/\/cammatch.io\/fr\/wp-json\/wp\/v2\/types\/page"}],"author":[{"embeddable":true,"href":"https:\/\/cammatch.io\/fr\/wp-json\/wp\/v2\/users\/1"}],"replies":[{"embeddable":true,"href":"https:\/\/cammatch.io\/fr\/wp-json\/wp\/v2\/comments?post=802"}],"version-history":[{"count":1,"href":"https:\/\/cammatch.io\/fr\/wp-json\/wp\/v2\/pages\/802\/revisions"}],"predecessor-version":[{"id":803,"href":"https:\/\/cammatch.io\/fr\/wp-json\/wp\/v2\/pages\/802\/revisions\/803"}],"wp:attachment":[{"href":"https:\/\/cammatch.io\/fr\/wp-json\/wp\/v2\/media?parent=802"}],"curies":[{"name":"wp","href":"https:\/\/api.w.org\/{rel}","templated":true}]}}