{"id":309,"date":"2022-11-06T19:44:28","date_gmt":"2022-11-06T19:44:28","guid":{"rendered":"https:\/\/export.mercurytheme.com\/001\/?page_id=2"},"modified":"2025-11-21T07:23:09","modified_gmt":"2025-11-21T07:23:09","slug":"home","status":"publish","type":"page","link":"https:\/\/cammatch.io\/hu\/","title":{"rendered":"Otthon"},"content":{"rendered":"<div class=\"wp-block-cover alignfull is-light\" style=\"min-height:600px;aspect-ratio:unset;\"><span aria-hidden=\"true\" class=\"wp-block-cover__background has-background-dim\"><\/span><img loading=\"lazy\" decoding=\"async\" width=\"1024\" height=\"1024\" class=\"wp-block-cover__image-background wp-image-315\" alt=\"\" src=\"https:\/\/cammatch.io\/wp-content\/uploads\/2023\/11\/cam-match.jpg\" data-object-fit=\"cover\" srcset=\"https:\/\/cammatch.io\/wp-content\/uploads\/2023\/11\/cam-match.jpg 1024w, https:\/\/cammatch.io\/wp-content\/uploads\/2023\/11\/cam-match-300x300.jpg 300w, https:\/\/cammatch.io\/wp-content\/uploads\/2023\/11\/cam-match-150x150.jpg 150w, https:\/\/cammatch.io\/wp-content\/uploads\/2023\/11\/cam-match-768x768.jpg 768w, https:\/\/cammatch.io\/wp-content\/uploads\/2023\/11\/cam-match-40x40.jpg 40w, https:\/\/cammatch.io\/wp-content\/uploads\/2023\/11\/cam-match-50x50.jpg 50w, https:\/\/cammatch.io\/wp-content\/uploads\/2023\/11\/cam-match-100x100.jpg 100w, https:\/\/cammatch.io\/wp-content\/uploads\/2023\/11\/cam-match-120x120.jpg 120w, https:\/\/cammatch.io\/wp-content\/uploads\/2023\/11\/cam-match-135x135.jpg 135w, https:\/\/cammatch.io\/wp-content\/uploads\/2023\/11\/cam-match-270x270.jpg 270w, https:\/\/cammatch.io\/wp-content\/uploads\/2023\/11\/cam-match-450x450.jpg 450w, https:\/\/cammatch.io\/wp-content\/uploads\/2023\/11\/cam-match-479x479.jpg 479w, https:\/\/cammatch.io\/wp-content\/uploads\/2023\/11\/cam-match-570x570.jpg 570w, https:\/\/cammatch.io\/wp-content\/uploads\/2023\/11\/cam-match-767x767.jpg 767w, https:\/\/cammatch.io\/wp-content\/uploads\/2023\/11\/cam-match-32x32.jpg 32w, https:\/\/cammatch.io\/wp-content\/uploads\/2023\/11\/cam-match-80x80.jpg 80w\" sizes=\"auto, (max-width: 1024px) 100vw, 1024px\" \/><div class=\"wp-block-cover__inner-container is-layout-flow wp-block-cover-is-layout-flow\">\n<div style=\"height:100px\" aria-hidden=\"true\" class=\"wp-block-spacer\"><\/div>\n\n\n\n<h2 class=\"wp-block-heading has-text-align-center\" style=\"font-size:51px;font-style:italic;font-weight:900\">V\u00e9letlenszer\u0171 1v1 vide\u00f3cseveg\u00e9s<\/h2>\n\n\n\n<p class=\"has-text-align-center\" style=\"font-style:normal;font-weight:100\">Egyezik a k\u00f6vetkez\u0151vel: <a href=\"https:\/\/cammatch.io\/hu\/talkwithstranger\/\">V\u00e9letlenszer\u0171 idegenek<\/a> a vil\u00e1g minden t\u00e1j\u00e1r\u00f3l <a href=\"https:\/\/cammatch.io\/hu\/wireclub\/\">vide\u00f3cseveg\u00e9s<\/a>.<\/p>\n\n\n\n<div class=\"wp-block-buttons is-layout-flex wp-block-buttons-is-layout-flex\">\n<div class=\"wp-block-button aligncenter\"><a class=\"wp-block-button__link has-mercury-white-color has-luminous-vivid-amber-background-color has-text-color has-background wp-element-button\" href=\"https:\/\/cammatch.io\/hu\/coomeet\/\">P\u00e1ros\u00edt\u00e1s ind\u00edt\u00e1sa<\/a><\/div>\n<\/div>\n\n\n\n<div style=\"height:100px\" aria-hidden=\"true\" class=\"wp-block-spacer\"><\/div>\n<\/div><\/div>\n\n\n\n\n\n<div style=\"height:30px\" aria-hidden=\"true\" class=\"wp-block-spacer\"><\/div>\n\n\n\n<p class=\"has-text-align-center has-text-color has-small-font-size\" style=\"color:#7f8c8d\">Ez az oldal kiz\u00e1r\u00f3lag 18 \u00e9ves vagy ann\u00e1l id\u0151sebb felhaszn\u00e1l\u00f3k sz\u00e1m\u00e1ra k\u00e9sz\u00fclt. Az oldal el\u00e9r\u00e9s\u00e9vel \u00e9s haszn\u00e1lat\u00e1val \u00d6n igazolja, hogy legal\u00e1bb 18 \u00e9ves.<\/p>\n\n\n\n<div style=\"height:30px\" aria-hidden=\"true\" class=\"wp-block-spacer\"><\/div>\n\n\n\n<h2 class=\"wp-block-heading\"><strong>\u00dcdv\u00f6zl\u00fcnk a Cam Match-ben \u2013 A legjobb vide\u00f3chat \u00e9lm\u00e9ny!<\/strong><\/h2>\n\n\n\n<p><strong>\ud83c\udf10 Azonnali kapcsolatok vil\u00e1gszerte:<\/strong> A Cam Match-n\u00e9l lebontjuk a f\u00f6ldrajzi korl\u00e1tokat. <a href=\"https:\/\/cammatch.io\/hu\/bazoocam\/\">Csatlakoz\u00e1s<\/a> a vil\u00e1g minden t\u00e1j\u00e1r\u00f3l \u00e9rkez\u0151 emberekkel egyetlen kattint\u00e1ssal. Ak\u00e1r bar\u00e1ts\u00e1gos t\u00e1rsas\u00e1got keresel, <a href=\"https:\/\/cammatch.io\/hu\/tohla\/\">cseveg\u00e9s<\/a>, kultur\u00e1lis csere, vagy b\u00e1rmi t\u00f6bb, a Cam Match azonnal elhozza a vil\u00e1got a k\u00e9perny\u0151dre.<\/p>\n\n\n\n<p><strong>\ud83c\udfad Teljes anonimit\u00e1s:<\/strong> Az \u00d6n adatainak v\u00e9delme a legfontosabb sz\u00e1munkra. \u00c9lvezze a besz\u00e9lget\u00e9seket an\u00e9lk\u00fcl, hogy agg\u00f3dnia kellene kil\u00e9te felfed\u00e9se miatt. Platformunk teljes anonimit\u00e1st biztos\u00edt \u2013 nincsenek szem\u00e9lyes adatok, nincsenek profilok, csak tiszta, spont\u00e1n interakci\u00f3.<\/p>\n\n\n\n<p><strong>\ud83c\udf1f K\u00f6nny\u0171 \u00e9s k\u00f6nnyen hozz\u00e1f\u00e9rhet\u0151:<\/strong> Nincsenek bonyolult regisztr\u00e1ci\u00f3k vagy let\u00f6lt\u00e9sek. A Cam Matchhez b\u00e1rmilyen internetkapcsolattal rendelkez\u0151 eszk\u00f6zr\u0151l hozz\u00e1f\u00e9rhetsz. Felhaszn\u00e1l\u00f3bar\u00e1t fel\u00fclet\u00fcnk\u00f6n mindenki sz\u00e1m\u00e1ra gyerekj\u00e1t\u00e9k a videocseveg\u00e9s.<\/p>\n\n\n\n<p><strong>\ud83d\udd12 Biztons\u00e1gos \u00e9s v\u00e9dett:<\/strong> Korszer\u0171 titkos\u00edt\u00e1si \u00e9s moder\u00e1l\u00e1si rendszer\u00fcnkkel az \u00d6n biztons\u00e1g\u00e1t helyezz\u00fck el\u0151t\u00e9rbe. \u00c9rezze mag\u00e1t biztons\u00e1gban, tudv\u00e1n, hogy besz\u00e9lget\u00e9sei \u00e9s adatai v\u00e9dve vannak.<\/p>\n\n\n\n<p><strong>\ud83c\udf08 Soksz\u00edn\u0171 k\u00f6z\u00f6ss\u00e9g:<\/strong> Mivel b\u00e1rmikor t\u00f6bb ezer felhaszn\u00e1l\u00f3 van online, <a href=\"https:\/\/cammatch.io\/hu\/meetskip\/\">tal\u00e1lkozik<\/a> sokf\u00e9le embert vonz, akik k\u00fcl\u00f6nb\u00f6z\u0151 h\u00e1tter\u0171ek, \u00e9rdekl\u0151d\u00e9s\u0171ek \u00e9s kult\u00far\u00e1j\u00faak. Minden besz\u00e9lget\u00e9s egy egyedi \u00e9s gazdag\u00edt\u00f3 \u00e9lm\u00e9nyt ny\u00fajt.<\/p>\n\n\n\n<p><strong>\ud83c\udfa5 Kiv\u00e1l\u00f3 min\u0151s\u00e9g\u0171 vide\u00f3 \u00e9s hang:<\/strong> Tapasztalja meg a krist\u00e1lytiszta vide\u00f3- \u00e9s hangmin\u0151s\u00e9get. Platformunk biztos\u00edtja, hogy besz\u00e9lget\u00e9sei a lehet\u0151 legval\u00f3s\u00e1gosabbak \u00e9s megszak\u00edt\u00e1smentesebbek legyenek.<\/p>\n\n\n\n<p><strong>\ud83c\udfb2 V\u00e9letlenszer\u0171 <a href=\"https:\/\/cammatch.io\/hu\/luckycrush\/\">Egyez\u00e9s<\/a> Algoritmus:<\/strong> B\u00edzd a sorsra, hogy kivel fogsz besz\u00e9lgetni. V\u00e9letlenszer\u0171 egyeztet\u00e9si algoritmusunk minden alkalommal, amikor a \u201eTov\u00e1bb\u201d gombra kattintasz, \u00faj \u00e9s \u00e9rdekes emberekkel k\u00f6t \u00f6ssze.<\/p>\n\n\n\n<p><strong>\ud83e\udd16 Mesters\u00e9ges intelligencia \u00e1ltal t\u00e1mogatott funkci\u00f3k:<\/strong> \u00c9lvezd a fejlett funkci\u00f3kat, mint a mesters\u00e9ges intelligencia \u00e1ltal vez\u00e9relt arcsz\u0171r\u0151k \u00e9s a nyelvi ford\u00edt\u00e1s. T\u00f6rd le a nyelvi akad\u00e1lyokat, \u00e9s adj sz\u00f3rakoztat\u00f3 csavart a besz\u00e9lget\u00e9seidhez.<\/p>\n\n\n\n<p><strong>\ud83d\udcf1 Mobilbar\u00e1t:<\/strong> Vidd magaddal a Cam Match-et \u00fatk\u00f6zben! Platformunk mobileszk\u00f6z\u00f6kre van optimaliz\u00e1lva, \u00edgy z\u00f6kken\u0151mentes cseveg\u00e9si \u00e9lm\u00e9nyt biztos\u00edt, b\u00e1rhol is legy\u00e9l.<\/p>\n\n\n\n<div style=\"height:60px\" aria-hidden=\"true\" class=\"wp-block-spacer\"><\/div>\n\n\n\n<div class=\"wp-block-cover alignfull\"><img loading=\"lazy\" decoding=\"async\" width=\"1254\" height=\"836\" class=\"wp-block-cover__image-background wp-image-313\" alt=\"\" src=\"https:\/\/cammatch.io\/wp-content\/uploads\/2023\/11\/chatting.jpg\" data-object-fit=\"cover\" srcset=\"https:\/\/cammatch.io\/wp-content\/uploads\/2023\/11\/chatting.jpg 1254w, https:\/\/cammatch.io\/wp-content\/uploads\/2023\/11\/chatting-300x200.jpg 300w, https:\/\/cammatch.io\/wp-content\/uploads\/2023\/11\/chatting-1024x683.jpg 1024w, https:\/\/cammatch.io\/wp-content\/uploads\/2023\/11\/chatting-768x512.jpg 768w, https:\/\/cammatch.io\/wp-content\/uploads\/2023\/11\/chatting-60x40.jpg 60w, https:\/\/cammatch.io\/wp-content\/uploads\/2023\/11\/chatting-48x32.jpg 48w, https:\/\/cammatch.io\/wp-content\/uploads\/2023\/11\/chatting-120x80.jpg 120w, https:\/\/cammatch.io\/wp-content\/uploads\/2023\/11\/chatting-203x135.jpg 203w\" sizes=\"auto, (max-width: 1254px) 100vw, 1254px\" \/><span aria-hidden=\"true\" class=\"wp-block-cover__background has-background-dim-70 has-background-dim\"><\/span><div class=\"wp-block-cover__inner-container is-layout-flow wp-block-cover-is-layout-flow\">\n<div style=\"height:60px\" aria-hidden=\"true\" class=\"wp-block-spacer\"><\/div>\n\n\n\n<div style=\"height:60px\" aria-hidden=\"true\" class=\"wp-block-spacer\"><\/div>\n\n\n\n<h3 class=\"wp-block-heading\"><strong>Cam Match \u2013 Ahol minden kattint\u00e1s egy \u00faj kaland!<\/strong><\/h3>\n\n\n\n<p>Indulj el a kapcsolatteremt\u00e9s \u00e9s a felfedez\u00e9s \u00fatj\u00e1ra m\u00e9g ma! Csatlakozz a Cam Match-hez \u2013 ingyenes, sz\u00f3rakoztat\u00f3, \u00e9s csak egy kattint\u00e1snyira van!<\/p>\n<\/div><\/div>\n\n\n\n<div style=\"height:60px\" aria-hidden=\"true\" class=\"wp-block-spacer\"><\/div>\n\n\n\n<h3 class=\"wp-block-heading\">Azonnali kapcsolatfelv\u00e9tel, szabad cseveg\u00e9s<\/h3>\n\n\n\n<p><strong>CamMatch.io<\/strong> egy gondtalan port\u00e1l a spont\u00e1n, egy\u00e9ni besz\u00e9lget\u00e9sekhez <a href=\"https:\/\/cammatch.io\/hu\/tandoo\/\">videobesz\u00e9lget\u00e9sek<\/a>Felejtsd el a modern k\u00f6z\u00f6ss\u00e9gi m\u00e9dia bonyolults\u00e1g\u00e1t, \u00e9s tal\u00e1lkozz \u00faj emberekkel a vil\u00e1g minden t\u00e1j\u00e1r\u00f3l egy egyszer\u0171 m\u00f3don. K\u00f6nny\u0171 \u00e9s egyenes folyamat, k\u00f6telezetts\u00e9gek n\u00e9lk\u00fcl \u2013 csak \u0151szinte emberi kapcsolat.<\/p>\n\n\n\n<h4 class=\"wp-block-heading\">Mi\u00e9rt pont a CamMatch.io?<\/h4>\n\n\n\n<ul class=\"wp-block-list\">\n<li><strong>Azonnali kapcsolat:<\/strong> Ugorj egyenesen bele <a href=\"https:\/\/cammatch.io\/hu\/1v1-video-chat\/\">1 az 1 ellen<\/a> cseveg\u00e9sek hosszas regisztr\u00e1ci\u00f3 n\u00e9lk\u00fcl.<\/li>\n\n\n\n<li><strong>Biztons\u00e1gos \u00e9s megb\u00edzhat\u00f3:<\/strong> \u00c9lvezze a priv\u00e1t teret, amelyet az \u00d6n biztons\u00e1g\u00e1t szem el\u0151tt tartva terveztek.<\/li>\n\n\n\n<li><strong>K\u00f6nnyen haszn\u00e1lhat\u00f3:<\/strong> Intuit\u00edv platformunknak k\u00f6sz\u00f6nhet\u0151en nincsenek bonyolult l\u00e9p\u00e9sek \u2013 csak kattints \u00e9s csatlakozz.<\/li>\n\n\n\n<li><strong>Glob\u00e1lis k\u00f6z\u00f6ss\u00e9g:<\/strong> Tal\u00e1lkozz soksz\u00edn\u0171, \u00e9rdekes emberekkel, akik b\u00e1rmikor, b\u00e1rhol k\u00e9szen \u00e1llnak a cseveg\u00e9sre.<\/li>\n<\/ul>\n\n\n\n<h4 class=\"wp-block-heading\">Hogyan m\u0171k\u00f6dik<\/h4>\n\n\n\n<ol class=\"wp-block-list\">\n<li><strong>Kattintson a cseveg\u00e9shez:<\/strong> Nyomd meg a \u201eCseveg\u00e9s ind\u00edt\u00e1sa\u201d gombot, \u00e9s azonnal p\u00e1ros\u00edtsd \u00f6ssze magad valakivel.<\/li>\n\n\n\n<li><strong>Azonnali csatlakoz\u00e1s:<\/strong> \u00c9lvezd a z\u00f6kken\u0151mentes videocseveg\u00e9st minim\u00e1lis k\u00e9s\u00e9ssel.<\/li>\n\n\n\n<li><strong>L\u00e9pj tov\u00e1bb, vagy kapcsol\u00f3dj m\u00e9lyebben:<\/strong> B\u00e1rmikor befejezheted a besz\u00e9lget\u00e9st, vagy maradhatsz egy tartalmas kapcsolat\u00e9rt.<\/li>\n<\/ol>\n\n\n\n<h4 class=\"wp-block-heading\">Csatlakozz a forradalomhoz<\/h4>\n\n\n\n<p>L\u00e9pj el a meg\u00edrt interakci\u00f3kt\u00f3l, \u00e9s mer\u00fclj el a val\u00f3di besz\u00e9lget\u00e9sekben. Ak\u00e1r egy gyors k\u00f6sz\u00f6n\u00e9sre, ak\u00e1r egy m\u00e9lyebb kapcsolatra v\u00e1gysz, <strong>CamMatch.io<\/strong> a gondtalan, 1 az 1 elleni videobesz\u00e9lget\u00e9sek ide\u00e1lis helysz\u00edne. Kezdje el vel\u00fcnk az utaz\u00e1st m\u00e9g ma, \u00e9s tapasztalja meg a val\u00f3di, sz\u0171r\u00e9s n\u00e9lk\u00fcli kapcsolat szabads\u00e1g\u00e1t.<\/p>\n\n\n\n<p><strong>K\u00e9szen \u00e1llsz a cseveg\u00e9sre? Kattints az al\u00e1bbi gombra, hogy elkezdhesd a kalandodat!<\/strong><\/p>\n\n\n\n<hr class=\"wp-block-separator has-alpha-channel-opacity\"\/>\n\n\n\n<p>Tapasztald meg a v\u00e9letlenszer\u0171 videocseveg\u00e9s j\u00f6v\u0151j\u00e9t itt: <strong>CamMatch.io<\/strong> \u2013 ahol minden besz\u00e9lget\u00e9s egy \u00faj lehet\u0151s\u00e9g.<\/p>\n\n\n\n<p><strong>Jogi nyilatkozat a k\u00f6vetkez\u0151h\u00f6z:<\/strong> Kameram\u00e9rk\u0151z\u00e9s<\/p>\n\n\n\n<ol class=\"wp-block-list\">\n<li><strong>Korhat\u00e1r<\/strong>Ez az oldal kiz\u00e1r\u00f3lag 18 \u00e9ves vagy ann\u00e1l id\u0151sebb felhaszn\u00e1l\u00f3k sz\u00e1m\u00e1ra k\u00e9sz\u00fclt. Az oldal el\u00e9r\u00e9s\u00e9vel \u00e9s haszn\u00e1lat\u00e1val \u00d6n igazolja, hogy legal\u00e1bb 18 \u00e9ves.<\/li>\n\n\n\n<li><strong>Nincs felel\u0151ss\u00e9g a felhaszn\u00e1l\u00f3i interakci\u00f3k\u00e9rt<\/strong>A Cam Match egy platform feln\u0151tt felhaszn\u00e1l\u00f3k sz\u00e1m\u00e1ra videocseveg\u00e9sre. Nem v\u00e1llalunk felel\u0151ss\u00e9get a felhaszn\u00e1l\u00f3k viselked\u00e9s\u00e9\u00e9rt sem az oldalon, sem azon k\u00edv\u00fcl. A felhaszn\u00e1l\u00f3k saj\u00e1t felel\u0151ss\u00e9g\u00fckre kommunik\u00e1lnak.<\/li>\n\n\n\n<li>Tartalomfigyel\u00e9s \u00e9s elt\u00e1vol\u00edt\u00e1s: gondosan figyelemmel k\u00eds\u00e9rj\u00fck \u00e9s halad\u00e9ktalanul elt\u00e1vol\u00edtunk minden olyan tartalmat, amely s\u00e9rti a szolg\u00e1ltat\u00e1si felt\u00e9teleinket, vagy amelyet nem megfelel\u0151nek vagy illeg\u00e1lisnak \u00edt\u00e9l\u00fcnk. B\u00edzzon elk\u00f6telezetts\u00e9g\u00fcnkben a biztons\u00e1gos \u00e9s tiszteletteljes online k\u00f6rnyezet fenntart\u00e1sa ir\u00e1nt.<\/li>\n\n\n\n<li><strong>Szolg\u00e1ltat\u00e1si Felt\u00e9telek<\/strong>A webhely haszn\u00e1lat\u00e1val \u00d6n elfogadja a Szolg\u00e1ltat\u00e1si Felt\u00e9teleinket. Az \u00d6n felel\u0151ss\u00e9ge, hogy rendszeresen \u00e1ttekintse ezeket a felt\u00e9teleket.<\/li>\n\n\n\n<li><strong><a href=\"https:\/\/cammatch.io\/hu\/privacy-policy\/\">Adatv\u00e9delmi ir\u00e1nyelvek<\/a><\/strong>Az \u00d6n adatainak v\u00e9delme fontos sz\u00e1munkra. K\u00e9rj\u00fck, tekintse \u00e1t Adatv\u00e9delmi ir\u00e1nyelveinket, hogy meg\u00e9rtse, hogyan haszn\u00e1ljuk fel \u00e9s v\u00e9dj\u00fck az adatait.<\/li>\n\n\n\n<li><strong>Jelent\u00e9st\u00e9tel \u00e9s v\u00e9grehajt\u00e1s<\/strong>A felhaszn\u00e1l\u00f3kat arra biztatjuk, hogy jelentsenek minden olyan viselked\u00e9st vagy tartalmat, amely s\u00e9rti az ir\u00e1nyelveinket. Sz\u00fcks\u00e9g eset\u00e9n megtessz\u00fck a megfelel\u0151 int\u00e9zked\u00e9seket.<\/li>\n\n\n\n<li><strong>Nincs szolg\u00e1ltat\u00e1si garancia<\/strong>Nem garant\u00e1ljuk az oldal zavartalan vagy hibamentes m\u0171k\u00f6d\u00e9s\u00e9t, \u00e9s nem v\u00e1llalunk felel\u0151ss\u00e9get semmilyen technikai probl\u00e9m\u00e1\u00e9rt vagy le\u00e1ll\u00e1s\u00e9rt.<\/li>\n\n\n\n<li><strong>M\u00f3dos\u00edt\u00e1sok<\/strong>Ez a jogi nyilatkozat el\u0151zetes \u00e9rtes\u00edt\u00e9s n\u00e9lk\u00fcl v\u00e1ltozhat, \u00e9s a felhaszn\u00e1l\u00f3 felel\u0151ss\u00e9ge, hogy t\u00e1j\u00e9kozott legyen a v\u00e1ltoz\u00e1sokr\u00f3l.<\/li>\n<\/ol>\n\n\n\n<p><strong>Haszn\u00e1lja ezt az oldalt felel\u0151ss\u00e9gteljesen \u00e9s saj\u00e1t felel\u0151ss\u00e9g\u00e9re.<\/strong><\/p>","protected":false},"excerpt":{"rendered":"<p>Ez az oldal kiz\u00e1r\u00f3lag 18 \u00e9ves vagy ann\u00e1l id\u0151sebb felhaszn\u00e1l\u00f3k sz\u00e1m\u00e1ra k\u00e9sz\u00fclt. Az oldal el\u00e9r\u00e9s\u00e9vel \u00e9s haszn\u00e1lat\u00e1val \u00d6n igazolja, hogy legal\u00e1bb 18 \u00e9ves. \u00dcdv\u00f6zl\u00fcnk a Cam Match oldalon \u2013 A t\u00f6k\u00e9letes vide\u00f3chat \u00e9lm\u00e9nyben! \ud83c\udf10 Azonnali kapcsolatok vil\u00e1gszerte: A Cam Match-n\u00e9l lebontjuk a f\u00f6ldrajzi korl\u00e1tokat. L\u00e9pjen kapcsolatba minden [\u2026]<\/p>","protected":false},"author":1,"featured_media":0,"parent":0,"menu_order":0,"comment_status":"closed","ping_status":"open","template":"page-without-title.php","meta":{"footnotes":""},"class_list":["post-309","page","type-page","status-publish","hentry"],"yoast_head":"<!-- This site is optimized with the Yoast SEO plugin v26.8 - https:\/\/yoast.com\/product\/yoast-seo-wordpress\/ -->\n<title>CamMatch - Talk to Strangers Through Random Video Chat<\/title>\n<meta name=\"description\" content=\"Discover Cam Match \u2013 Your Gateway to Global Connections! Talk to strangers from across the world through random video chat.\" \/>\n<meta name=\"robots\" content=\"index, follow, max-snippet:-1, max-image-preview:large, max-video-preview:-1\" \/>\n<link rel=\"canonical\" href=\"https:\/\/cammatch.io\/hu\/\" \/>\n<meta property=\"og:locale\" content=\"hu_HU\" \/>\n<meta property=\"og:type\" content=\"article\" \/>\n<meta property=\"og:title\" content=\"CamMatch - Talk to Strangers Through Random Video Chat\" \/>\n<meta property=\"og:description\" content=\"Discover Cam Match \u2013 Your Gateway to Global Connections! Talk to strangers from across the world through random video chat.\" \/>\n<meta property=\"og:url\" content=\"https:\/\/cammatch.io\/hu\/\" \/>\n<meta property=\"og:site_name\" content=\"Cam Match\" \/>\n<meta property=\"article:modified_time\" content=\"2025-11-21T07:23:09+00:00\" \/>\n<meta property=\"og:image\" content=\"https:\/\/cammatch.io\/wp-content\/uploads\/2023\/11\/cam-match.jpg\" \/>\n\t<meta property=\"og:image:width\" content=\"1024\" \/>\n\t<meta property=\"og:image:height\" content=\"1024\" \/>\n\t<meta property=\"og:image:type\" content=\"image\/jpeg\" \/>\n<meta name=\"twitter:card\" content=\"summary_large_image\" \/>\n<meta name=\"twitter:label1\" content=\"Becs\u00fclt olvas\u00e1si id\u0151\" \/>\n\t<meta name=\"twitter:data1\" content=\"4 perc\" \/>\n<script type=\"application\/ld+json\" class=\"yoast-schema-graph\">{\"@context\":\"https:\/\/schema.org\",\"@graph\":[{\"@type\":\"WebPage\",\"@id\":\"https:\/\/cammatch.io\/\",\"url\":\"https:\/\/cammatch.io\/\",\"name\":\"CamMatch - Talk to Strangers Through Random Video Chat\",\"isPartOf\":{\"@id\":\"https:\/\/cammatch.io\/#website\"},\"primaryImageOfPage\":{\"@id\":\"https:\/\/cammatch.io\/#primaryimage\"},\"image\":{\"@id\":\"https:\/\/cammatch.io\/#primaryimage\"},\"thumbnailUrl\":\"https:\/\/cammatch.io\/wp-content\/uploads\/2023\/11\/cam-match.jpg\",\"datePublished\":\"2022-11-06T19:44:28+00:00\",\"dateModified\":\"2025-11-21T07:23:09+00:00\",\"description\":\"Discover Cam Match \u2013 Your Gateway to Global Connections! Talk to strangers from across the world through random video chat.\",\"breadcrumb\":{\"@id\":\"https:\/\/cammatch.io\/#breadcrumb\"},\"inLanguage\":\"hu\",\"potentialAction\":[{\"@type\":\"ReadAction\",\"target\":[\"https:\/\/cammatch.io\/\"]}]},{\"@type\":\"ImageObject\",\"inLanguage\":\"hu\",\"@id\":\"https:\/\/cammatch.io\/#primaryimage\",\"url\":\"https:\/\/cammatch.io\/wp-content\/uploads\/2023\/11\/cam-match.jpg\",\"contentUrl\":\"https:\/\/cammatch.io\/wp-content\/uploads\/2023\/11\/cam-match.jpg\"},{\"@type\":\"BreadcrumbList\",\"@id\":\"https:\/\/cammatch.io\/#breadcrumb\",\"itemListElement\":[{\"@type\":\"ListItem\",\"position\":1,\"name\":\"Home\",\"item\":\"https:\/\/cammatch.io\/\"},{\"@type\":\"ListItem\",\"position\":2,\"name\":\"Home\"}]},{\"@type\":\"WebSite\",\"@id\":\"https:\/\/cammatch.io\/#website\",\"url\":\"https:\/\/cammatch.io\/\",\"name\":\"Cam Match\",\"description\":\"\",\"potentialAction\":[{\"@type\":\"SearchAction\",\"target\":{\"@type\":\"EntryPoint\",\"urlTemplate\":\"https:\/\/cammatch.io\/?s={search_term_string}\"},\"query-input\":{\"@type\":\"PropertyValueSpecification\",\"valueRequired\":true,\"valueName\":\"search_term_string\"}}],\"inLanguage\":\"hu\"}]}<\/script>\n<!-- \/ Yoast SEO plugin. -->","yoast_head_json":{"title":"CamMatch - Besz\u00e9lgess idegenekkel v\u00e9letlenszer\u0171 vide\u00f3cseveg\u00e9sen kereszt\u00fcl","description":"Fedezd fel a Cam Match-et \u2013 a glob\u00e1lis kapcsolatok kapuj\u00e1t! Besz\u00e9lgess idegenekkel a vil\u00e1g minden t\u00e1j\u00e1r\u00f3l v\u00e9letlenszer\u0171 vide\u00f3chaten kereszt\u00fcl.","robots":{"index":"index","follow":"follow","max-snippet":"max-snippet:-1","max-image-preview":"max-image-preview:large","max-video-preview":"max-video-preview:-1"},"canonical":"https:\/\/cammatch.io\/hu\/","og_locale":"hu_HU","og_type":"article","og_title":"CamMatch - Talk to Strangers Through Random Video Chat","og_description":"Discover Cam Match \u2013 Your Gateway to Global Connections! Talk to strangers from across the world through random video chat.","og_url":"https:\/\/cammatch.io\/hu\/","og_site_name":"Cam Match","article_modified_time":"2025-11-21T07:23:09+00:00","og_image":[{"width":1024,"height":1024,"url":"https:\/\/cammatch.io\/wp-content\/uploads\/2023\/11\/cam-match.jpg","type":"image\/jpeg"}],"twitter_card":"summary_large_image","twitter_misc":{"Becs\u00fclt olvas\u00e1si id\u0151":"4 perc"},"schema":{"@context":"https:\/\/schema.org","@graph":[{"@type":"WebPage","@id":"https:\/\/cammatch.io\/","url":"https:\/\/cammatch.io\/","name":"CamMatch - Besz\u00e9lgess idegenekkel v\u00e9letlenszer\u0171 vide\u00f3cseveg\u00e9sen kereszt\u00fcl","isPartOf":{"@id":"https:\/\/cammatch.io\/#website"},"primaryImageOfPage":{"@id":"https:\/\/cammatch.io\/#primaryimage"},"image":{"@id":"https:\/\/cammatch.io\/#primaryimage"},"thumbnailUrl":"https:\/\/cammatch.io\/wp-content\/uploads\/2023\/11\/cam-match.jpg","datePublished":"2022-11-06T19:44:28+00:00","dateModified":"2025-11-21T07:23:09+00:00","description":"Fedezd fel a Cam Match-et \u2013 a glob\u00e1lis kapcsolatok kapuj\u00e1t! Besz\u00e9lgess idegenekkel a vil\u00e1g minden t\u00e1j\u00e1r\u00f3l v\u00e9letlenszer\u0171 vide\u00f3chaten kereszt\u00fcl.","breadcrumb":{"@id":"https:\/\/cammatch.io\/#breadcrumb"},"inLanguage":"hu","potentialAction":[{"@type":"ReadAction","target":["https:\/\/cammatch.io\/"]}]},{"@type":"ImageObject","inLanguage":"hu","@id":"https:\/\/cammatch.io\/#primaryimage","url":"https:\/\/cammatch.io\/wp-content\/uploads\/2023\/11\/cam-match.jpg","contentUrl":"https:\/\/cammatch.io\/wp-content\/uploads\/2023\/11\/cam-match.jpg"},{"@type":"BreadcrumbList","@id":"https:\/\/cammatch.io\/#breadcrumb","itemListElement":[{"@type":"ListItem","position":1,"name":"Home","item":"https:\/\/cammatch.io\/"},{"@type":"ListItem","position":2,"name":"Home"}]},{"@type":"WebSite","@id":"https:\/\/cammatch.io\/#website","url":"https:\/\/cammatch.io\/","name":"Kameram\u00e9rk\u0151z\u00e9s","description":"","potentialAction":[{"@type":"SearchAction","target":{"@type":"EntryPoint","urlTemplate":"https:\/\/cammatch.io\/?s={search_term_string}"},"query-input":{"@type":"PropertyValueSpecification","valueRequired":true,"valueName":"search_term_string"}}],"inLanguage":"hu"}]}},"_links":{"self":[{"href":"https:\/\/cammatch.io\/hu\/wp-json\/wp\/v2\/pages\/309","targetHints":{"allow":["GET"]}}],"collection":[{"href":"https:\/\/cammatch.io\/hu\/wp-json\/wp\/v2\/pages"}],"about":[{"href":"https:\/\/cammatch.io\/hu\/wp-json\/wp\/v2\/types\/page"}],"author":[{"embeddable":true,"href":"https:\/\/cammatch.io\/hu\/wp-json\/wp\/v2\/users\/1"}],"replies":[{"embeddable":true,"href":"https:\/\/cammatch.io\/hu\/wp-json\/wp\/v2\/comments?post=309"}],"version-history":[{"count":5,"href":"https:\/\/cammatch.io\/hu\/wp-json\/wp\/v2\/pages\/309\/revisions"}],"predecessor-version":[{"id":928,"href":"https:\/\/cammatch.io\/hu\/wp-json\/wp\/v2\/pages\/309\/revisions\/928"}],"wp:attachment":[{"href":"https:\/\/cammatch.io\/hu\/wp-json\/wp\/v2\/media?parent=309"}],"curies":[{"name":"munkaf\u00fczet","href":"https:\/\/api.w.org\/{rel}","templated":true}]}}