{"id":802,"date":"2024-09-25T01:30:40","date_gmt":"2024-09-25T01:30:40","guid":{"rendered":"https:\/\/cammatch.io\/?page_id=802"},"modified":"2024-09-25T01:30:42","modified_gmt":"2024-09-25T01:30:42","slug":"about-us","status":"publish","type":"page","link":"https:\/\/cammatch.io\/hu\/about-us\/","title":{"rendered":"R\u00f3lunk"},"content":{"rendered":"<p>\u00dcdv\u00f6z\u00f6lj\u00fck a <strong>Kameram\u00e9rk\u0151z\u00e9s<\/strong>\u2014a kiemelked\u0151 platform, amelyet arra terveztek, hogy <a href=\"https:\/\/cammatch.io\/hu\/bazoocam\/\">kapcsol\u00f3dni<\/a> te a legjobbakkal <a href=\"https:\/\/cammatch.io\/hu\/wireclub\/\">kamer\u00e1s cseveg\u00e9s<\/a> Az \u00d6n preferenci\u00e1ira szabott oldalak. A mai digit\u00e1lis korban az \u00e9rtelmes kapcsolatok csak egy kattint\u00e1snyira vannak. Ak\u00e1r \u00faj bar\u00e1ts\u00e1gokat keres, ak\u00e1r tartalmas besz\u00e9lget\u00e9seket folytat, ak\u00e1r az online vide\u00f3kommunik\u00e1ci\u00f3 vil\u00e1g\u00e1t fedezi fel, a Cam Match itt van, hogy eligazodjon \u00d6nben.<\/p>\n\n\n\n<p><strong>K\u00fcldet\u00e9s\u00fcnk<\/strong><\/p>\n\n\n\n<p>A Cam Match-n\u00e9l k\u00fcldet\u00e9s\u00fcnk, hogy leegyszer\u0171s\u00edts\u00fck a t\u00f6k\u00e9letes kamera keres\u00e9s\u00e9t. <a href=\"https:\/\/cammatch.io\/hu\/tohla\/\">cseveg\u00e9s<\/a> \u00e9lm\u00e9ny. Meg\u00e9rtj\u00fck, hogy a sz\u00e1mtalan el\u00e9rhet\u0151 lehet\u0151s\u00e9g k\u00f6z\u00fcl a megfelel\u0151 platform megtal\u00e1l\u00e1sa ijeszt\u0151 lehet. Ez\u00e9rt hoztunk l\u00e9tre egy z\u00f6kken\u0151mentes <a href=\"https:\/\/cammatch.io\/hu\/luckycrush\/\">egyez\u00e9s<\/a> rendszer, amely olyan kamer\u00e1s cseveg\u0151oldalakkal k\u00f6t \u00f6ssze, amelyek megfelelnek az \u00e9rdekl\u0151d\u00e9si k\u00f6r\u00f6dnek \u00e9s ig\u00e9nyeidnek.<\/p>\n\n\n\n<p><strong>Mit csin\u00e1lunk<\/strong><\/p>\n\n\n\n<ul class=\"wp-block-list\">\n<li><strong>Szem\u00e9lyre szabott p\u00e1ros\u00edt\u00e1s<\/strong>Fejlett algoritmusaink figyelembe veszik a preferenci\u00e1idat, hogy olyan kamer\u00e1s cseveg\u0151oldalakat p\u00e1ros\u00edtsanak \u00f6ssze veled, amelyek a keresett \u00e9lm\u00e9nyeket k\u00edn\u00e1lj\u00e1k.<\/li>\n\n\n\n<li><strong>V\u00e1logatott v\u00e1logat\u00e1s<\/strong>Sz\u00e1mos j\u00f3 h\u00edr\u0171 kamer\u00e1s cseveg\u0151platformmal m\u0171k\u00f6d\u00fcnk egy\u00fctt, hogy biztons\u00e1gos, lebilincsel\u0151 \u00e9s kiv\u00e1l\u00f3 min\u0151s\u00e9g\u0171 szolg\u00e1ltat\u00e1sokat biztos\u00edtsunk sz\u00e1modra.<\/li>\n\n\n\n<li><strong>Felhaszn\u00e1l\u00f3i v\u00e9lem\u00e9nyek \u00e9s \u00e9rt\u00e9kel\u00e9sek<\/strong>: Haszn\u00e1lja ki k\u00f6z\u00f6ss\u00e9g\u00fcnk megl\u00e1t\u00e1sait. Olvasson val\u00f3di felhaszn\u00e1l\u00f3i v\u00e9lem\u00e9nyeket \u00e9s \u00e9rt\u00e9kel\u00e9seket, hogy megalapozott d\u00f6nt\u00e9seket hozhasson.<\/li>\n<\/ul>\n\n\n\n<p><strong>Mi\u00e9rt v\u00e1lassza a Cam Match-et?<\/strong><\/p>\n\n\n\n<ul class=\"wp-block-list\">\n<li><strong>Szak\u00e9rt\u0151i \u00fatmutat\u00e1s<\/strong>Csapatunk elk\u00f6telezett a legjobb kamer\u00e1s cseveg\u0151oldalak kutat\u00e1sa \u00e9s vel\u00fck val\u00f3 egy\u00fcttm\u0171k\u00f6d\u00e9s ir\u00e1nt.<\/li>\n\n\n\n<li><strong>Felhaszn\u00e1l\u00f3k\u00f6zpont\u00fa megk\u00f6zel\u00edt\u00e9s<\/strong>Az \u00d6n el\u00e9gedetts\u00e9ge a legfontosabb sz\u00e1munkra. A felhaszn\u00e1l\u00f3i visszajelz\u00e9sek alapj\u00e1n folyamatosan finom\u00edtjuk a p\u00e1ros\u00edt\u00e1si folyamatunkat.<\/li>\n\n\n\n<li><strong>Biztons\u00e1gos \u00e9s megb\u00edzhat\u00f3<\/strong>: Szigor\u00fa biztons\u00e1gi \u00e9s adatv\u00e9delmi szabv\u00e1nyokat betart\u00f3 platformokkal egy\u00fcttm\u0171k\u00f6dve az \u00d6n biztons\u00e1g\u00e1t helyezz\u00fck el\u0151t\u00e9rbe.<\/li>\n<\/ul>\n\n\n\n<p><strong>Csatlakozz a k\u00f6z\u00f6ss\u00e9g\u00fcnkh\u00f6z<\/strong><\/p>\n\n\n\n<p>Indulj el az izgalmas webkamer\u00e1s cseveg\u00e9si \u00e9lm\u00e9nyek felfedez\u00e9s\u00e9nek \u00fatj\u00e1ra. A Cam Match seg\u00edts\u00e9g\u00e9vel magabiztosan fedezhetsz fel \u00faj platformokat, tudv\u00e1n, hogy mindent megtett\u00fcnk a min\u0151s\u00e9g \u00e9s a megb\u00edzhat\u00f3s\u00e1g biztos\u00edt\u00e1sa \u00e9rdek\u00e9ben.<\/p>\n\n\n\n<p><strong>Csatlakozz a saj\u00e1t utadhoz<\/strong><\/p>\n\n\n\n<p>Ak\u00e1r laza cseveg\u00e9sekre, ak\u00e1r m\u00e9ly besz\u00e9lget\u00e9sekre v\u00e1gysz, ak\u00e1r a vil\u00e1g minden t\u00e1j\u00e1r\u00f3l \u00e9rkez\u0151 emberekkel szeretn\u00e9l tal\u00e1lkozni, a Cam Match megnyitja az ajt\u00f3t a lehet\u0151s\u00e9gek vil\u00e1ga el\u0151tt. Hadd seg\u00edts\u00fcnk megtal\u00e1lni a t\u00f6k\u00e9letes kamer\u00e1s cseveg\u0151oldalt, amelyik megtetszik.<\/p>\n\n\n\n<p><strong>Kezdje el m\u00e9g ma<\/strong><\/p>\n\n\n\n<p>K\u00e9szen \u00e1llsz megtal\u00e1lni az ide\u00e1lis webkamer\u00e1s cseveg\u0151platformodat? Kezdd el a szem\u00e9lyre szabott p\u00e1ros\u00edt\u00e1si folyamatot, \u00e9s ismerkedj meg \u00fagy, mint m\u00e9g soha!<\/p>\n\n\n\n<hr class=\"wp-block-separator has-alpha-channel-opacity\"\/>\n\n\n\n<p>K\u00f6sz\u00f6nj\u00fck, hogy a Cam Match-et v\u00e1lasztottad. Izgatottan v\u00e1rjuk, hogy r\u00e9szesei lehess\u00fcnk az \u00e9rtelmes \u00e9s \u00e9lvezetes online interakci\u00f3k fel\u00e9 vezet\u0151 utadon!<\/p>","protected":false},"excerpt":{"rendered":"<p>\u00dcdv\u00f6zl\u00fcnk a Cam Match-en \u2013 a legjobb platformon, amelyet az\u00e9rt tervezt\u00fcnk, hogy a legjobb, az \u00d6n preferenci\u00e1ira szabott kamer\u00e1s cseveg\u0151oldalakkal k\u00f6ss\u00f6n \u00f6ssze. A mai digit\u00e1lis korban az \u00e9rtelmes kapcsolatok csak egy kattint\u00e1snyira vannak. Ak\u00e1r \u00faj bar\u00e1ts\u00e1gokat, ak\u00e1r tartalmas besz\u00e9lget\u00e9seket keres, ak\u00e1r az online vide\u00f3kommunik\u00e1ci\u00f3 vil\u00e1g\u00e1t fedezi fel, a Cam Match itt van, hogy vezessen \u00d6nt. K\u00fcldet\u00e9s\u00fcnk [\u2026]<\/p>","protected":false},"author":1,"featured_media":0,"parent":0,"menu_order":0,"comment_status":"closed","ping_status":"closed","template":"page-no-sidebar.php","meta":{"footnotes":""},"class_list":["post-802","page","type-page","status-publish","hentry"],"yoast_head":"<!-- This site is optimized with the Yoast SEO plugin v26.8 - https:\/\/yoast.com\/product\/yoast-seo-wordpress\/ -->\n<title>About Us - Cam Match<\/title>\n<meta name=\"robots\" content=\"index, follow, max-snippet:-1, max-image-preview:large, max-video-preview:-1\" \/>\n<link rel=\"canonical\" href=\"https:\/\/cammatch.io\/hu\/about-us\/\" \/>\n<meta property=\"og:locale\" content=\"hu_HU\" \/>\n<meta property=\"og:type\" content=\"article\" \/>\n<meta property=\"og:title\" content=\"About Us - Cam Match\" \/>\n<meta property=\"og:description\" content=\"Welcome to Cam Match\u2014the premier platform designed to connect you with the best cam chat sites tailored to your preferences. In today&#8217;s digital age, meaningful connections are just a click away. Whether you&#8217;re seeking new friendships, engaging conversations, or exploring the world of online video communication, Cam Match is here to guide you. Our Mission [&hellip;]\" \/>\n<meta property=\"og:url\" content=\"https:\/\/cammatch.io\/hu\/about-us\/\" \/>\n<meta property=\"og:site_name\" content=\"Cam Match\" \/>\n<meta property=\"article:modified_time\" content=\"2024-09-25T01:30:42+00:00\" \/>\n<meta name=\"twitter:card\" content=\"summary_large_image\" \/>\n<meta name=\"twitter:label1\" content=\"Becs\u00fclt olvas\u00e1si id\u0151\" \/>\n\t<meta name=\"twitter:data1\" content=\"2 perc\" \/>\n<script type=\"application\/ld+json\" class=\"yoast-schema-graph\">{\"@context\":\"https:\/\/schema.org\",\"@graph\":[{\"@type\":\"WebPage\",\"@id\":\"https:\/\/cammatch.io\/about-us\/\",\"url\":\"https:\/\/cammatch.io\/about-us\/\",\"name\":\"About Us - Cam Match\",\"isPartOf\":{\"@id\":\"https:\/\/cammatch.io\/#website\"},\"datePublished\":\"2024-09-25T01:30:40+00:00\",\"dateModified\":\"2024-09-25T01:30:42+00:00\",\"breadcrumb\":{\"@id\":\"https:\/\/cammatch.io\/about-us\/#breadcrumb\"},\"inLanguage\":\"hu\",\"potentialAction\":[{\"@type\":\"ReadAction\",\"target\":[\"https:\/\/cammatch.io\/about-us\/\"]}]},{\"@type\":\"BreadcrumbList\",\"@id\":\"https:\/\/cammatch.io\/about-us\/#breadcrumb\",\"itemListElement\":[{\"@type\":\"ListItem\",\"position\":1,\"name\":\"Home\",\"item\":\"https:\/\/cammatch.io\/\"},{\"@type\":\"ListItem\",\"position\":2,\"name\":\"About Us\"}]},{\"@type\":\"WebSite\",\"@id\":\"https:\/\/cammatch.io\/#website\",\"url\":\"https:\/\/cammatch.io\/\",\"name\":\"Cam Match\",\"description\":\"\",\"potentialAction\":[{\"@type\":\"SearchAction\",\"target\":{\"@type\":\"EntryPoint\",\"urlTemplate\":\"https:\/\/cammatch.io\/?s={search_term_string}\"},\"query-input\":{\"@type\":\"PropertyValueSpecification\",\"valueRequired\":true,\"valueName\":\"search_term_string\"}}],\"inLanguage\":\"hu\"}]}<\/script>\n<!-- \/ Yoast SEO plugin. -->","yoast_head_json":{"title":"R\u00f3lunk - Cam Match","robots":{"index":"index","follow":"follow","max-snippet":"max-snippet:-1","max-image-preview":"max-image-preview:large","max-video-preview":"max-video-preview:-1"},"canonical":"https:\/\/cammatch.io\/hu\/about-us\/","og_locale":"hu_HU","og_type":"article","og_title":"About Us - Cam Match","og_description":"Welcome to Cam Match\u2014the premier platform designed to connect you with the best cam chat sites tailored to your preferences. In today&#8217;s digital age, meaningful connections are just a click away. Whether you&#8217;re seeking new friendships, engaging conversations, or exploring the world of online video communication, Cam Match is here to guide you. Our Mission [&hellip;]","og_url":"https:\/\/cammatch.io\/hu\/about-us\/","og_site_name":"Cam Match","article_modified_time":"2024-09-25T01:30:42+00:00","twitter_card":"summary_large_image","twitter_misc":{"Becs\u00fclt olvas\u00e1si id\u0151":"2 perc"},"schema":{"@context":"https:\/\/schema.org","@graph":[{"@type":"WebPage","@id":"https:\/\/cammatch.io\/about-us\/","url":"https:\/\/cammatch.io\/about-us\/","name":"R\u00f3lunk - Cam Match","isPartOf":{"@id":"https:\/\/cammatch.io\/#website"},"datePublished":"2024-09-25T01:30:40+00:00","dateModified":"2024-09-25T01:30:42+00:00","breadcrumb":{"@id":"https:\/\/cammatch.io\/about-us\/#breadcrumb"},"inLanguage":"hu","potentialAction":[{"@type":"ReadAction","target":["https:\/\/cammatch.io\/about-us\/"]}]},{"@type":"BreadcrumbList","@id":"https:\/\/cammatch.io\/about-us\/#breadcrumb","itemListElement":[{"@type":"ListItem","position":1,"name":"Home","item":"https:\/\/cammatch.io\/"},{"@type":"ListItem","position":2,"name":"About Us"}]},{"@type":"WebSite","@id":"https:\/\/cammatch.io\/#website","url":"https:\/\/cammatch.io\/","name":"Kameram\u00e9rk\u0151z\u00e9s","description":"","potentialAction":[{"@type":"SearchAction","target":{"@type":"EntryPoint","urlTemplate":"https:\/\/cammatch.io\/?s={search_term_string}"},"query-input":{"@type":"PropertyValueSpecification","valueRequired":true,"valueName":"search_term_string"}}],"inLanguage":"hu"}]}},"_links":{"self":[{"href":"https:\/\/cammatch.io\/hu\/wp-json\/wp\/v2\/pages\/802","targetHints":{"allow":["GET"]}}],"collection":[{"href":"https:\/\/cammatch.io\/hu\/wp-json\/wp\/v2\/pages"}],"about":[{"href":"https:\/\/cammatch.io\/hu\/wp-json\/wp\/v2\/types\/page"}],"author":[{"embeddable":true,"href":"https:\/\/cammatch.io\/hu\/wp-json\/wp\/v2\/users\/1"}],"replies":[{"embeddable":true,"href":"https:\/\/cammatch.io\/hu\/wp-json\/wp\/v2\/comments?post=802"}],"version-history":[{"count":1,"href":"https:\/\/cammatch.io\/hu\/wp-json\/wp\/v2\/pages\/802\/revisions"}],"predecessor-version":[{"id":803,"href":"https:\/\/cammatch.io\/hu\/wp-json\/wp\/v2\/pages\/802\/revisions\/803"}],"wp:attachment":[{"href":"https:\/\/cammatch.io\/hu\/wp-json\/wp\/v2\/media?parent=802"}],"curies":[{"name":"munkaf\u00fczet","href":"https:\/\/api.w.org\/{rel}","templated":true}]}}