{"id":309,"date":"2022-11-06T19:44:28","date_gmt":"2022-11-06T19:44:28","guid":{"rendered":"https:\/\/export.mercurytheme.com\/001\/?page_id=2"},"modified":"2025-11-21T07:23:09","modified_gmt":"2025-11-21T07:23:09","slug":"home","status":"publish","type":"page","link":"https:\/\/cammatch.io\/it\/","title":{"rendered":"Casa"},"content":{"rendered":"<div class=\"wp-block-cover alignfull is-light\" style=\"min-height:600px;aspect-ratio:unset;\"><span aria-hidden=\"true\" class=\"wp-block-cover__background has-background-dim\"><\/span><img loading=\"lazy\" decoding=\"async\" width=\"1024\" height=\"1024\" class=\"wp-block-cover__image-background wp-image-315\" alt=\"\" src=\"https:\/\/cammatch.io\/wp-content\/uploads\/2023\/11\/cam-match.jpg\" data-object-fit=\"cover\" srcset=\"https:\/\/cammatch.io\/wp-content\/uploads\/2023\/11\/cam-match.jpg 1024w, https:\/\/cammatch.io\/wp-content\/uploads\/2023\/11\/cam-match-300x300.jpg 300w, https:\/\/cammatch.io\/wp-content\/uploads\/2023\/11\/cam-match-150x150.jpg 150w, https:\/\/cammatch.io\/wp-content\/uploads\/2023\/11\/cam-match-768x768.jpg 768w, https:\/\/cammatch.io\/wp-content\/uploads\/2023\/11\/cam-match-40x40.jpg 40w, https:\/\/cammatch.io\/wp-content\/uploads\/2023\/11\/cam-match-50x50.jpg 50w, https:\/\/cammatch.io\/wp-content\/uploads\/2023\/11\/cam-match-100x100.jpg 100w, https:\/\/cammatch.io\/wp-content\/uploads\/2023\/11\/cam-match-120x120.jpg 120w, https:\/\/cammatch.io\/wp-content\/uploads\/2023\/11\/cam-match-135x135.jpg 135w, https:\/\/cammatch.io\/wp-content\/uploads\/2023\/11\/cam-match-270x270.jpg 270w, https:\/\/cammatch.io\/wp-content\/uploads\/2023\/11\/cam-match-450x450.jpg 450w, https:\/\/cammatch.io\/wp-content\/uploads\/2023\/11\/cam-match-479x479.jpg 479w, https:\/\/cammatch.io\/wp-content\/uploads\/2023\/11\/cam-match-570x570.jpg 570w, https:\/\/cammatch.io\/wp-content\/uploads\/2023\/11\/cam-match-767x767.jpg 767w, https:\/\/cammatch.io\/wp-content\/uploads\/2023\/11\/cam-match-32x32.jpg 32w, https:\/\/cammatch.io\/wp-content\/uploads\/2023\/11\/cam-match-80x80.jpg 80w\" sizes=\"auto, (max-width: 1024px) 100vw, 1024px\" \/><div class=\"wp-block-cover__inner-container is-layout-flow wp-block-cover-is-layout-flow\">\n<div style=\"height:100px\" aria-hidden=\"true\" class=\"wp-block-spacer\"><\/div>\n\n\n\n<h2 class=\"wp-block-heading has-text-align-center\" style=\"font-size:51px;font-style:italic;font-weight:900\">Chat video 1v1 casuale<\/h2>\n\n\n\n<p class=\"has-text-align-center\" style=\"font-style:normal;font-weight:100\">Abbinamento con <a href=\"https:\/\/cammatch.io\/it\/talkwithstranger\/\">Stranieri casuali<\/a> da tutto il mondo attraverso <a href=\"https:\/\/cammatch.io\/it\/wireclub\/\">video chat<\/a>.<\/p>\n\n\n\n<div class=\"wp-block-buttons is-layout-flex wp-block-buttons-is-layout-flex\">\n<div class=\"wp-block-button aligncenter\"><a class=\"wp-block-button__link has-mercury-white-color has-luminous-vivid-amber-background-color has-text-color has-background wp-element-button\" href=\"https:\/\/cammatch.io\/it\/coomeet\/\">Avviare la corrispondenza<\/a><\/div>\n<\/div>\n\n\n\n<div style=\"height:100px\" aria-hidden=\"true\" class=\"wp-block-spacer\"><\/div>\n<\/div><\/div>\n\n\n\n\n\n<div style=\"height:30px\" aria-hidden=\"true\" class=\"wp-block-spacer\"><\/div>\n\n\n\n<p class=\"has-text-align-center has-text-color has-small-font-size\" style=\"color:#7f8c8d\">Questo sito \u00e8 destinato esclusivamente a utenti di et\u00e0 pari o superiore a 18 anni. Accedendo e utilizzando questo sito, l'utente dichiara di avere almeno 18 anni.<\/p>\n\n\n\n<div style=\"height:30px\" aria-hidden=\"true\" class=\"wp-block-spacer\"><\/div>\n\n\n\n<h2 class=\"wp-block-heading\"><strong>Benvenuti a Cam Match - L'esperienza di video chat per eccellenza!<\/strong><\/h2>\n\n\n\n<p><strong>\ud83c\udf10 Connessioni istantanee in tutto il mondo:<\/strong> Noi di Cam Match abbattiamo le barriere geografiche. <a href=\"https:\/\/cammatch.io\/it\/bazoocam\/\">Collegare<\/a> con persone di ogni angolo del mondo con un semplice clic. Se siete alla ricerca di un'amichevole <a href=\"https:\/\/cammatch.io\/it\/tohla\/\">chat<\/a>Per uno scambio culturale o per qualcosa di pi\u00f9, Cam Match porta il mondo sul vostro schermo all'istante.<\/p>\n\n\n\n<p><strong>\ud83c\udfad Anonimato assoluto:<\/strong> La vostra privacy \u00e8 la nostra priorit\u00e0. Godetevi le conversazioni senza la preoccupazione di rivelare la vostra identit\u00e0. La nostra piattaforma garantisce il totale anonimato: nessuna informazione personale, nessun profilo, solo interazione pura e spontanea.<\/p>\n\n\n\n<p><strong>\ud83c\udf1f Facile e accessibile:<\/strong> Nessuna registrazione o download complicato. Accedete a Cam Match da qualsiasi dispositivo dotato di connessione a Internet. La nostra interfaccia facile da usare rende le video chat un gioco da ragazzi per tutti.<\/p>\n\n\n\n<p><strong>\ud83d\udd12 Sicuro e protetto:<\/strong> Diamo priorit\u00e0 alla vostra sicurezza con la nostra crittografia e moderazione all'avanguardia. Sentitevi sicuri sapendo che le vostre conversazioni e i vostri dati sono protetti.<\/p>\n\n\n\n<p><strong>\ud83c\udf08 Comunit\u00e0 diversificata:<\/strong> Con migliaia di utenti online in qualsiasi momento, potrete <a href=\"https:\/\/cammatch.io\/it\/meetskip\/\">incontrarsi<\/a> un'ampia gamma di persone con background, interessi e culture diverse. Ogni chat \u00e8 un'occasione per vivere un'esperienza unica e arricchente.<\/p>\n\n\n\n<p><strong>\ud83c\udfa5 Video e audio di alta qualit\u00e0:<\/strong> Sperimentate una qualit\u00e0 video e audio cristallina. La nostra piattaforma garantisce che le vostre conversazioni siano il pi\u00f9 possibile reali e ininterrotte.<\/p>\n\n\n\n<p><strong>\ud83c\udfb2 Casuale <a href=\"https:\/\/cammatch.io\/it\/luckycrush\/\">Abbinamento<\/a> Algoritmo:<\/strong> Lasciate che sia il destino a decidere il vostro prossimo interlocutore. Il nostro algoritmo di abbinamento casuale vi mette in contatto con persone nuove e interessanti ogni volta che cliccate su \"Avanti\".<\/p>\n\n\n\n<p><strong>\ud83e\udd16 Caratteristiche AI:<\/strong> Usufruite di funzioni avanzate come i filtri facciali AI e la traduzione linguistica. Rompete le barriere linguistiche e aggiungete un tocco divertente alle vostre conversazioni.<\/p>\n\n\n\n<p><strong>\ud83d\udcf1 Mobile-Friendly:<\/strong> Portate Cam Match in viaggio! La nostra piattaforma \u00e8 ottimizzata per i dispositivi mobili, garantendo un'esperienza di chat senza interruzioni, ovunque vi troviate.<\/p>\n\n\n\n<div style=\"height:60px\" aria-hidden=\"true\" class=\"wp-block-spacer\"><\/div>\n\n\n\n<div class=\"wp-block-cover alignfull\"><img loading=\"lazy\" decoding=\"async\" width=\"1254\" height=\"836\" class=\"wp-block-cover__image-background wp-image-313\" alt=\"\" src=\"https:\/\/cammatch.io\/wp-content\/uploads\/2023\/11\/chatting.jpg\" data-object-fit=\"cover\" srcset=\"https:\/\/cammatch.io\/wp-content\/uploads\/2023\/11\/chatting.jpg 1254w, https:\/\/cammatch.io\/wp-content\/uploads\/2023\/11\/chatting-300x200.jpg 300w, https:\/\/cammatch.io\/wp-content\/uploads\/2023\/11\/chatting-1024x683.jpg 1024w, https:\/\/cammatch.io\/wp-content\/uploads\/2023\/11\/chatting-768x512.jpg 768w, https:\/\/cammatch.io\/wp-content\/uploads\/2023\/11\/chatting-60x40.jpg 60w, https:\/\/cammatch.io\/wp-content\/uploads\/2023\/11\/chatting-48x32.jpg 48w, https:\/\/cammatch.io\/wp-content\/uploads\/2023\/11\/chatting-120x80.jpg 120w, https:\/\/cammatch.io\/wp-content\/uploads\/2023\/11\/chatting-203x135.jpg 203w\" sizes=\"auto, (max-width: 1254px) 100vw, 1254px\" \/><span aria-hidden=\"true\" class=\"wp-block-cover__background has-background-dim-70 has-background-dim\"><\/span><div class=\"wp-block-cover__inner-container is-layout-flow wp-block-cover-is-layout-flow\">\n<div style=\"height:60px\" aria-hidden=\"true\" class=\"wp-block-spacer\"><\/div>\n\n\n\n<div style=\"height:60px\" aria-hidden=\"true\" class=\"wp-block-spacer\"><\/div>\n\n\n\n<h3 class=\"wp-block-heading\"><strong>Cam Match - Dove ogni clic \u00e8 una nuova avventura!<\/strong><\/h3>\n\n\n\n<p>Intraprendi il tuo viaggio di connessione ed esplorazione oggi stesso. Unisciti a Cam Match: \u00e8 gratuito, divertente e a portata di clic!<\/p>\n<\/div><\/div>\n\n\n\n<div style=\"height:60px\" aria-hidden=\"true\" class=\"wp-block-spacer\"><\/div>\n\n\n\n<h3 class=\"wp-block-heading\">Connettersi istantaneamente, chattare liberamente<\/h3>\n\n\n\n<p><strong>CamMatch.io<\/strong> \u00e8 un portale senza problemi per la creazione spontanea di un'offerta individuale <a href=\"https:\/\/cammatch.io\/it\/tandoo\/\">chat video<\/a>. Dimenticate le complessit\u00e0 dei moderni social media e abbracciate un modo diretto di incontrare nuove persone da tutto il mondo. Un processo semplice e diretto, senza vincoli, ma solo un'autentica connessione umana.<\/p>\n\n\n\n<h4 class=\"wp-block-heading\">Perch\u00e9 CamMatch.io?<\/h4>\n\n\n\n<ul class=\"wp-block-list\">\n<li><strong>Connessione istantanea:<\/strong> Saltare direttamente in <a href=\"https:\/\/cammatch.io\/it\/1v1-video-chat\/\">1v1<\/a> chat senza la necessit\u00e0 di una lunga registrazione.<\/li>\n\n\n\n<li><strong>Sicuro e protetto:<\/strong> Godetevi uno spazio privato progettato pensando alla vostra sicurezza.<\/li>\n\n\n\n<li><strong>Facile da usare:<\/strong> La nostra piattaforma intuitiva non richiede passaggi complicati: basta un clic per connettersi.<\/li>\n\n\n\n<li><strong>Comunit\u00e0 globale:<\/strong> Incontra persone diverse e interessanti pronte a chattare in qualsiasi momento e ovunque.<\/li>\n<\/ul>\n\n\n\n<h4 class=\"wp-block-heading\">Come funziona<\/h4>\n\n\n\n<ol class=\"wp-block-list\">\n<li><strong>Fare clic per chattare:<\/strong> Premete il pulsante \"Avvia chat\" e sarete immediatamente abbinati a qualcuno di nuovo.<\/li>\n\n\n\n<li><strong>Connettersi istantaneamente:<\/strong> Godetevi un'esperienza di video chat senza interruzioni con ritardi minimi.<\/li>\n\n\n\n<li><strong>Andare avanti o approfondire la connessione:<\/strong> Chiudete la conversazione in qualsiasi momento o restate in attesa di una connessione significativa.<\/li>\n<\/ol>\n\n\n\n<h4 class=\"wp-block-heading\">Unisciti alla rivoluzione<\/h4>\n\n\n\n<p>Allontanatevi dalle interazioni programmate e immergetevi in conversazioni reali. Che si tratti di un saluto veloce o di una connessione pi\u00f9 profonda, <strong>CamMatch.io<\/strong> \u00e8 la destinazione ideale per le chat video 1v1 senza problemi. Iniziate il vostro viaggio con noi oggi stesso e sperimentate la libert\u00e0 di una connessione genuina e senza filtri.<\/p>\n\n\n\n<p><strong>Pronti a chattare? Cliccate qui sotto per iniziare la vostra avventura!<\/strong><\/p>\n\n\n\n<hr class=\"wp-block-separator has-alpha-channel-opacity\"\/>\n\n\n\n<p>Provate il futuro della chat video casuale su <strong>CamMatch.io<\/strong> - dove ogni conversazione \u00e8 una nuova possibilit\u00e0.<\/p>\n\n\n\n<p><strong>Disclaimer per<\/strong> Partita a camme<\/p>\n\n\n\n<ol class=\"wp-block-list\">\n<li><strong>Limiti di et\u00e0<\/strong>: Questo sito \u00e8 destinato esclusivamente agli utenti di et\u00e0 pari o superiore ai 18 anni. Accedendo e utilizzando questo sito, l'utente dichiara di avere almeno 18 anni.<\/li>\n\n\n\n<li><strong>Nessuna responsabilit\u00e0 per le interazioni degli utenti<\/strong>: Cam Match \u00e8 una piattaforma per gli utenti adulti per impegnarsi in video chat. Non siamo responsabili della condotta di alcun utente sul sito o al di fuori di esso. Gli utenti interagiscono a proprio rischio e pericolo.<\/li>\n\n\n\n<li>Monitoraggio e rimozione dei contenuti: monitoriamo diligentemente e rimuoviamo prontamente qualsiasi contenuto che contravvenga ai nostri termini di servizio o che sia ritenuto inappropriato o illegale. Confidate nel nostro impegno a mantenere un ambiente online sicuro e rispettoso.<\/li>\n\n\n\n<li><strong>Accordo sui termini di servizio<\/strong>: Utilizzando questo sito, l'utente accetta i nostri Termini di servizio. \u00c8 responsabilit\u00e0 dell'utente rivedere regolarmente tali termini.<\/li>\n\n\n\n<li><strong><a href=\"https:\/\/cammatch.io\/it\/privacy-policy\/\">Informativa sulla privacy<\/a><\/strong>: La vostra privacy \u00e8 importante per noi. Vi invitiamo a consultare la nostra Informativa sulla privacy per capire come vengono utilizzate e protette le vostre informazioni.<\/li>\n\n\n\n<li><strong>Segnalazione e applicazione<\/strong>: Gli utenti sono invitati a segnalare qualsiasi comportamento o contenuto che violi le nostre politiche. Se necessario, prenderemo provvedimenti adeguati.<\/li>\n\n\n\n<li><strong>Nessuna garanzia di servizio<\/strong>: Non garantiamo un funzionamento ininterrotto o privo di errori del sito e non siamo responsabili di eventuali problemi tecnici o tempi di inattivit\u00e0.<\/li>\n\n\n\n<li><strong>Emendamenti<\/strong>: La presente clausola di esclusione della responsabilit\u00e0 \u00e8 soggetta a modifiche senza preavviso ed \u00e8 responsabilit\u00e0 dell'utente rimanere informato su eventuali modifiche.<\/li>\n<\/ol>\n\n\n\n<p><strong>Utilizzate questo sito in modo responsabile e a vostro rischio.<\/strong><\/p>","protected":false},"excerpt":{"rendered":"<p>Questo sito \u00e8 destinato esclusivamente a utenti di et\u00e0 pari o superiore a 18 anni. Accedendo e utilizzando questo sito, l'utente certifica di avere almeno 18 anni. Benvenuti su Cam Match - L'esperienza di video chat per eccellenza! \ud83c\udf10 Connessioni istantanee in tutto il mondo: Su Cam Match, abbattiamo le barriere geografiche. Connettiti con persone di tutto il mondo [...]<\/p>","protected":false},"author":1,"featured_media":0,"parent":0,"menu_order":0,"comment_status":"closed","ping_status":"open","template":"page-without-title.php","meta":{"footnotes":""},"class_list":["post-309","page","type-page","status-publish","hentry"],"yoast_head":"<!-- This site is optimized with the Yoast SEO plugin v26.8 - https:\/\/yoast.com\/product\/yoast-seo-wordpress\/ -->\n<title>CamMatch - Talk to Strangers Through Random Video Chat<\/title>\n<meta name=\"description\" content=\"Discover Cam Match \u2013 Your Gateway to Global Connections! Talk to strangers from across the world through random video chat.\" \/>\n<meta name=\"robots\" content=\"index, follow, max-snippet:-1, max-image-preview:large, max-video-preview:-1\" \/>\n<link rel=\"canonical\" href=\"https:\/\/cammatch.io\/it\/\" \/>\n<meta property=\"og:locale\" content=\"it_IT\" \/>\n<meta property=\"og:type\" content=\"article\" \/>\n<meta property=\"og:title\" content=\"CamMatch - Talk to Strangers Through Random Video Chat\" \/>\n<meta property=\"og:description\" content=\"Discover Cam Match \u2013 Your Gateway to Global Connections! Talk to strangers from across the world through random video chat.\" \/>\n<meta property=\"og:url\" content=\"https:\/\/cammatch.io\/it\/\" \/>\n<meta property=\"og:site_name\" content=\"Cam Match\" \/>\n<meta property=\"article:modified_time\" content=\"2025-11-21T07:23:09+00:00\" \/>\n<meta property=\"og:image\" content=\"https:\/\/cammatch.io\/wp-content\/uploads\/2023\/11\/cam-match.jpg\" \/>\n\t<meta property=\"og:image:width\" content=\"1024\" \/>\n\t<meta property=\"og:image:height\" content=\"1024\" \/>\n\t<meta property=\"og:image:type\" content=\"image\/jpeg\" \/>\n<meta name=\"twitter:card\" content=\"summary_large_image\" \/>\n<meta name=\"twitter:label1\" content=\"Tempo di lettura stimato\" \/>\n\t<meta name=\"twitter:data1\" content=\"4 minuti\" \/>\n<script type=\"application\/ld+json\" class=\"yoast-schema-graph\">{\"@context\":\"https:\/\/schema.org\",\"@graph\":[{\"@type\":\"WebPage\",\"@id\":\"https:\/\/cammatch.io\/\",\"url\":\"https:\/\/cammatch.io\/\",\"name\":\"CamMatch - Talk to Strangers Through Random Video Chat\",\"isPartOf\":{\"@id\":\"https:\/\/cammatch.io\/#website\"},\"primaryImageOfPage\":{\"@id\":\"https:\/\/cammatch.io\/#primaryimage\"},\"image\":{\"@id\":\"https:\/\/cammatch.io\/#primaryimage\"},\"thumbnailUrl\":\"https:\/\/cammatch.io\/wp-content\/uploads\/2023\/11\/cam-match.jpg\",\"datePublished\":\"2022-11-06T19:44:28+00:00\",\"dateModified\":\"2025-11-21T07:23:09+00:00\",\"description\":\"Discover Cam Match \u2013 Your Gateway to Global Connections! Talk to strangers from across the world through random video chat.\",\"breadcrumb\":{\"@id\":\"https:\/\/cammatch.io\/#breadcrumb\"},\"inLanguage\":\"it-IT\",\"potentialAction\":[{\"@type\":\"ReadAction\",\"target\":[\"https:\/\/cammatch.io\/\"]}]},{\"@type\":\"ImageObject\",\"inLanguage\":\"it-IT\",\"@id\":\"https:\/\/cammatch.io\/#primaryimage\",\"url\":\"https:\/\/cammatch.io\/wp-content\/uploads\/2023\/11\/cam-match.jpg\",\"contentUrl\":\"https:\/\/cammatch.io\/wp-content\/uploads\/2023\/11\/cam-match.jpg\"},{\"@type\":\"BreadcrumbList\",\"@id\":\"https:\/\/cammatch.io\/#breadcrumb\",\"itemListElement\":[{\"@type\":\"ListItem\",\"position\":1,\"name\":\"Home\",\"item\":\"https:\/\/cammatch.io\/\"},{\"@type\":\"ListItem\",\"position\":2,\"name\":\"Home\"}]},{\"@type\":\"WebSite\",\"@id\":\"https:\/\/cammatch.io\/#website\",\"url\":\"https:\/\/cammatch.io\/\",\"name\":\"Cam Match\",\"description\":\"\",\"potentialAction\":[{\"@type\":\"SearchAction\",\"target\":{\"@type\":\"EntryPoint\",\"urlTemplate\":\"https:\/\/cammatch.io\/?s={search_term_string}\"},\"query-input\":{\"@type\":\"PropertyValueSpecification\",\"valueRequired\":true,\"valueName\":\"search_term_string\"}}],\"inLanguage\":\"it-IT\"}]}<\/script>\n<!-- \/ Yoast SEO plugin. -->","yoast_head_json":{"title":"CamMatch - Parlare con sconosciuti attraverso una chat video casuale","description":"Scopri Cam Match - La tua porta d'accesso alle connessioni globali! Parla con sconosciuti di tutto il mondo attraverso una chat video casuale.","robots":{"index":"index","follow":"follow","max-snippet":"max-snippet:-1","max-image-preview":"max-image-preview:large","max-video-preview":"max-video-preview:-1"},"canonical":"https:\/\/cammatch.io\/it\/","og_locale":"it_IT","og_type":"article","og_title":"CamMatch - Talk to Strangers Through Random Video Chat","og_description":"Discover Cam Match \u2013 Your Gateway to Global Connections! Talk to strangers from across the world through random video chat.","og_url":"https:\/\/cammatch.io\/it\/","og_site_name":"Cam Match","article_modified_time":"2025-11-21T07:23:09+00:00","og_image":[{"width":1024,"height":1024,"url":"https:\/\/cammatch.io\/wp-content\/uploads\/2023\/11\/cam-match.jpg","type":"image\/jpeg"}],"twitter_card":"summary_large_image","twitter_misc":{"Tempo di lettura stimato":"4 minuti"},"schema":{"@context":"https:\/\/schema.org","@graph":[{"@type":"WebPage","@id":"https:\/\/cammatch.io\/","url":"https:\/\/cammatch.io\/","name":"CamMatch - Parlare con sconosciuti attraverso una chat video casuale","isPartOf":{"@id":"https:\/\/cammatch.io\/#website"},"primaryImageOfPage":{"@id":"https:\/\/cammatch.io\/#primaryimage"},"image":{"@id":"https:\/\/cammatch.io\/#primaryimage"},"thumbnailUrl":"https:\/\/cammatch.io\/wp-content\/uploads\/2023\/11\/cam-match.jpg","datePublished":"2022-11-06T19:44:28+00:00","dateModified":"2025-11-21T07:23:09+00:00","description":"Scopri Cam Match - La tua porta d'accesso alle connessioni globali! Parla con sconosciuti di tutto il mondo attraverso una chat video casuale.","breadcrumb":{"@id":"https:\/\/cammatch.io\/#breadcrumb"},"inLanguage":"it-IT","potentialAction":[{"@type":"ReadAction","target":["https:\/\/cammatch.io\/"]}]},{"@type":"ImageObject","inLanguage":"it-IT","@id":"https:\/\/cammatch.io\/#primaryimage","url":"https:\/\/cammatch.io\/wp-content\/uploads\/2023\/11\/cam-match.jpg","contentUrl":"https:\/\/cammatch.io\/wp-content\/uploads\/2023\/11\/cam-match.jpg"},{"@type":"BreadcrumbList","@id":"https:\/\/cammatch.io\/#breadcrumb","itemListElement":[{"@type":"ListItem","position":1,"name":"Home","item":"https:\/\/cammatch.io\/"},{"@type":"ListItem","position":2,"name":"Home"}]},{"@type":"WebSite","@id":"https:\/\/cammatch.io\/#website","url":"https:\/\/cammatch.io\/","name":"Partita a camme","description":"","potentialAction":[{"@type":"SearchAction","target":{"@type":"EntryPoint","urlTemplate":"https:\/\/cammatch.io\/?s={search_term_string}"},"query-input":{"@type":"PropertyValueSpecification","valueRequired":true,"valueName":"search_term_string"}}],"inLanguage":"it-IT"}]}},"_links":{"self":[{"href":"https:\/\/cammatch.io\/it\/wp-json\/wp\/v2\/pages\/309","targetHints":{"allow":["GET"]}}],"collection":[{"href":"https:\/\/cammatch.io\/it\/wp-json\/wp\/v2\/pages"}],"about":[{"href":"https:\/\/cammatch.io\/it\/wp-json\/wp\/v2\/types\/page"}],"author":[{"embeddable":true,"href":"https:\/\/cammatch.io\/it\/wp-json\/wp\/v2\/users\/1"}],"replies":[{"embeddable":true,"href":"https:\/\/cammatch.io\/it\/wp-json\/wp\/v2\/comments?post=309"}],"version-history":[{"count":5,"href":"https:\/\/cammatch.io\/it\/wp-json\/wp\/v2\/pages\/309\/revisions"}],"predecessor-version":[{"id":928,"href":"https:\/\/cammatch.io\/it\/wp-json\/wp\/v2\/pages\/309\/revisions\/928"}],"wp:attachment":[{"href":"https:\/\/cammatch.io\/it\/wp-json\/wp\/v2\/media?parent=309"}],"curies":[{"name":"parola chiave","href":"https:\/\/api.w.org\/{rel}","templated":true}]}}