{"id":3,"date":"2023-11-11T10:42:44","date_gmt":"2023-11-11T10:42:44","guid":{"rendered":"https:\/\/cammatch.io\/?page_id=3"},"modified":"2024-04-11T17:30:02","modified_gmt":"2024-04-11T17:30:02","slug":"privacy-policy","status":"publish","type":"page","link":"https:\/\/cammatch.io\/sk\/privacy-policy\/","title":{"rendered":"Z\u00e1sady ochrany osobn\u00fdch \u00fadajov"},"content":{"rendered":"<h2 class=\"wp-block-heading\">Kto sme<\/h2>\n\n\n\n<p>Adresa na\u0161ej webovej str\u00e1nky je: https:\/\/cammatch.io.<\/p>\n\n\n\n<h2 class=\"wp-block-heading\">Koment\u00e1re<\/h2>\n\n\n\n<p>Ke\u010f n\u00e1v\u0161tevn\u00edci zanechaj\u00fa koment\u00e1re na str\u00e1nke, zhroma\u017e\u010fujeme \u00fadaje zobrazen\u00e9 vo formul\u00e1ri koment\u00e1rov, ako aj IP adresu n\u00e1v\u0161tevn\u00edka a re\u0165azec user agent prehliada\u010da, aby sme pomohli odhali\u0165 spam.<\/p>\n\n\n\n<p>Slu\u017ebe Gravatar m\u00f4\u017ee by\u0165 poskytnut\u00fd anonymizovan\u00fd re\u0165azec vytvoren\u00fd z va\u0161ej e-mailovej adresy (naz\u00fdvan\u00fd aj hash), aby sa zistilo, \u010di ju pou\u017e\u00edvate. Z\u00e1sady ochrany osobn\u00fdch \u00fadajov slu\u017eby Gravatar s\u00fa k dispoz\u00edcii tu: https:\/\/automattic.com\/privacy\/. Po schv\u00e1len\u00ed v\u00e1\u0161ho koment\u00e1ra bude v\u00e1\u0161 profilov\u00fd obr\u00e1zok verejne vidite\u013en\u00fd v kontexte v\u00e1\u0161ho koment\u00e1ra.<\/p>\n\n\n\n<h2 class=\"wp-block-heading\">M\u00e9di\u00e1<\/h2>\n\n\n\n<p>Ak nahr\u00e1vate obr\u00e1zky na webov\u00fa str\u00e1nku, mali by ste sa vyhn\u00fa\u0165 nahr\u00e1vaniu obr\u00e1zkov s vlo\u017een\u00fdmi \u00fadajmi o polohe (EXIF GPS). N\u00e1v\u0161tevn\u00edci webovej str\u00e1nky si m\u00f4\u017eu stiahnu\u0165 a extrahova\u0165 ak\u00e9ko\u013evek \u00fadaje o polohe z obr\u00e1zkov na webovej str\u00e1nke.<\/p>\n\n\n\n<h2 class=\"wp-block-heading\">S\u00fabory cookie<\/h2>\n\n\n\n<p>Ak zanech\u00e1te koment\u00e1r na na\u0161ej str\u00e1nke, m\u00f4\u017eete sa prihl\u00e1si\u0165 na ukladanie v\u00e1\u0161ho mena, e-mailovej adresy a webovej str\u00e1nky do s\u00faborov cookie. Tieto s\u00fabory sl\u00fa\u017eia pre va\u0161e pohodlie, aby ste nemuseli znova vyp\u013a\u0148a\u0165 svoje \u00fadaje pri zanech\u00e1van\u00ed \u010fal\u0161ieho koment\u00e1ra. Tieto s\u00fabory cookie zost\u00e1vaj\u00fa ulo\u017een\u00e9 jeden rok.<\/p>\n\n\n\n<p>Ak nav\u0161t\u00edvite na\u0161u prihlasovaciu str\u00e1nku, nastav\u00edme do\u010dasn\u00fd s\u00fabor cookie, aby sme zistili, \u010di v\u00e1\u0161 prehliada\u010d akceptuje s\u00fabory cookie. Tento s\u00fabor cookie neobsahuje \u017eiadne osobn\u00e9 \u00fadaje a po zatvoren\u00ed prehliada\u010da sa zahod\u00ed.<\/p>\n\n\n\n<p>Ke\u010f sa prihl\u00e1site, nastav\u00edme aj nieko\u013eko s\u00faborov cookie na ulo\u017eenie va\u0161ich prihlasovac\u00edch \u00fadajov a va\u0161ich nastaven\u00ed zobrazenia obrazovky. Prihlasovacie s\u00fabory cookie platia dva dni a s\u00fabory cookie s mo\u017enos\u0165ami obrazovky platia jeden rok. Ak vyberiete mo\u017enos\u0165 \u201eZapam\u00e4ta\u0165 si ma\u201c, va\u0161e prihl\u00e1senie zostane platn\u00e9 dva t\u00fd\u017edne. Ak sa odhl\u00e1site zo svojho \u00fa\u010dtu, prihlasovacie s\u00fabory cookie sa odstr\u00e1nia.<\/p>\n\n\n\n<p>Ak uprav\u00edte alebo publikujete \u010dl\u00e1nok, vo va\u0161om prehliada\u010di sa ulo\u017e\u00ed \u010fal\u0161\u00ed s\u00fabor cookie. Tento s\u00fabor cookie neobsahuje \u017eiadne osobn\u00e9 \u00fadaje a iba ozna\u010duje ID pr\u00edspevku \u010dl\u00e1nku, ktor\u00fd ste pr\u00e1ve upravili. Jeho platnos\u0165 vypr\u0161\u00ed po 1 dni.<\/p>\n\n\n\n<h2 class=\"wp-block-heading\">Vlo\u017een\u00fd obsah z in\u00fdch webov\u00fdch str\u00e1nok<\/h2>\n\n\n\n<p>\u010cl\u00e1nky na tejto str\u00e1nke m\u00f4\u017eu obsahova\u0165 vlo\u017een\u00fd obsah (napr. vide\u00e1, obr\u00e1zky, \u010dl\u00e1nky at\u010f.). Vlo\u017een\u00fd obsah z in\u00fdch webov\u00fdch str\u00e1nok sa spr\u00e1va \u00faplne rovnako, ako keby n\u00e1v\u0161tevn\u00edk nav\u0161t\u00edvil dan\u00fa in\u00fa webov\u00fa str\u00e1nku.<\/p>\n\n\n\n<p>Tieto webov\u00e9 str\u00e1nky m\u00f4\u017eu zhroma\u017e\u010fova\u0165 \u00fadaje o v\u00e1s, pou\u017e\u00edva\u0165 s\u00fabory cookie, vklada\u0165 \u010fal\u0161ie sledovanie tret\u00edch str\u00e1n a monitorova\u0165 va\u0161u interakciu s t\u00fdmto vlo\u017een\u00fdm obsahom vr\u00e1tane sledovania va\u0161ej interakcie s vlo\u017een\u00fdm obsahom, ak m\u00e1te \u00fa\u010det a ste prihl\u00e1sen\u00ed na danej webovej str\u00e1nke.<\/p>\n\n\n\n<h2 class=\"wp-block-heading\">S k\u00fdm zdie\u013eame va\u0161e \u00fadaje<\/h2>\n\n\n\n<p>Ak po\u017eiadate o obnovenie hesla, va\u0161a IP adresa bude uveden\u00e1 v e-maile s po\u017eiadavkou na obnovenie hesla.<\/p>\n\n\n\n<h2 class=\"wp-block-heading\">Ako dlho uchov\u00e1vame va\u0161e \u00fadaje<\/h2>\n\n\n\n<p>Ak zanech\u00e1te koment\u00e1r, koment\u00e1r a jeho metad\u00e1ta sa uchov\u00e1vaj\u00fa na neur\u010dito. Je to preto, aby sme mohli automaticky rozpozna\u0165 a schv\u00e1li\u0165 v\u0161etky n\u00e1sledn\u00e9 koment\u00e1re, namiesto toho, aby sme ich museli dr\u017ea\u0165 v porad\u00ed na moderovanie.<\/p>\n\n\n\n<p>Pre pou\u017e\u00edvate\u013eov, ktor\u00ed sa zaregistruj\u00fa na na\u0161ej webovej str\u00e1nke (ak existuj\u00fa), uklad\u00e1me aj osobn\u00e9 \u00fadaje, ktor\u00e9 poskytn\u00fa, do ich pou\u017e\u00edvate\u013esk\u00e9ho profilu. V\u0161etci pou\u017e\u00edvatelia si m\u00f4\u017eu kedyko\u013evek zobrazi\u0165, upravi\u0165 alebo vymaza\u0165 svoje osobn\u00e9 \u00fadaje (s v\u00fdnimkou mo\u017enosti zmeni\u0165 si pou\u017e\u00edvate\u013esk\u00e9 meno). Tieto inform\u00e1cie si m\u00f4\u017eu zobrazi\u0165 a upravi\u0165 aj spr\u00e1vcovia webov\u00fdch str\u00e1nok.<\/p>\n\n\n\n<h2 class=\"wp-block-heading\">Ak\u00e9 m\u00e1te pr\u00e1va t\u00fdkaj\u00face sa va\u0161ich \u00fadajov<\/h2>\n\n\n\n<p>Ak m\u00e1te na tejto str\u00e1nke \u00fa\u010det alebo ste zanechali koment\u00e1re, m\u00f4\u017eete po\u017eiada\u0165 o exportovan\u00fd s\u00fabor osobn\u00fdch \u00fadajov, ktor\u00e9 o v\u00e1s uchov\u00e1vame, vr\u00e1tane \u00fadajov, ktor\u00e9 ste n\u00e1m poskytli. M\u00f4\u017eete tie\u017e po\u017eiada\u0165 o vymazanie ak\u00fdchko\u013evek osobn\u00fdch \u00fadajov, ktor\u00e9 o v\u00e1s uchov\u00e1vame. Toto nezah\u0155\u0148a \u017eiadne \u00fadaje, ktor\u00e9 sme povinn\u00ed uchov\u00e1va\u0165 na administrat\u00edvne, pr\u00e1vne alebo bezpe\u010dnostn\u00e9 \u00fa\u010dely.<\/p>\n\n\n\n<h2 class=\"wp-block-heading\">Kam sa odosielaj\u00fa va\u0161e \u00fadaje<\/h2>\n\n\n\n<p>Koment\u00e1re n\u00e1v\u0161tevn\u00edkov m\u00f4\u017eu by\u0165 kontrolovan\u00e9 prostredn\u00edctvom automatizovanej slu\u017eby na detekciu spamu.<\/p>","protected":false},"excerpt":{"rendered":"<p>Kto sme Adresa na\u0161ej webovej str\u00e1nky je: https:\/\/cammatch.io. Koment\u00e1re Ke\u010f n\u00e1v\u0161tevn\u00edci zanechaj\u00fa koment\u00e1re na str\u00e1nke, zhroma\u017e\u010fujeme \u00fadaje zobrazen\u00e9 vo formul\u00e1ri koment\u00e1rov, ako aj IP adresu n\u00e1v\u0161tevn\u00edka a re\u0165azec user agent prehliada\u010da, ktor\u00e9 pom\u00e1haj\u00fa pri detekcii spamu. M\u00f4\u017ee by\u0165 poskytnut\u00fd anonymizovan\u00fd re\u0165azec vytvoren\u00fd z va\u0161ej e-mailovej adresy (naz\u00fdvan\u00fd aj hash) [\u2026]<\/p>","protected":false},"author":1,"featured_media":0,"parent":0,"menu_order":0,"comment_status":"closed","ping_status":"open","template":"","meta":{"footnotes":""},"class_list":["post-3","page","type-page","status-publish","hentry"],"yoast_head":"<!-- This site is optimized with the Yoast SEO plugin v26.8 - https:\/\/yoast.com\/product\/yoast-seo-wordpress\/ -->\n<title>Privacy Policy - Cam Match<\/title>\n<meta name=\"description\" content=\"Discover how we safeguard your information and ensure confidentiality throughout your online journey with us!\" \/>\n<meta name=\"robots\" content=\"index, follow, max-snippet:-1, max-image-preview:large, max-video-preview:-1\" \/>\n<link rel=\"canonical\" href=\"https:\/\/cammatch.io\/sk\/privacy-policy\/\" \/>\n<meta property=\"og:locale\" content=\"sk_SK\" \/>\n<meta property=\"og:type\" content=\"article\" \/>\n<meta property=\"og:title\" content=\"Privacy Policy - Cam Match\" \/>\n<meta property=\"og:description\" content=\"Discover how we safeguard your information and ensure confidentiality throughout your online journey with us!\" \/>\n<meta property=\"og:url\" content=\"https:\/\/cammatch.io\/sk\/privacy-policy\/\" \/>\n<meta property=\"og:site_name\" content=\"Cam Match\" \/>\n<meta property=\"article:modified_time\" content=\"2024-04-11T17:30:02+00:00\" \/>\n<meta name=\"twitter:card\" content=\"summary_large_image\" \/>\n<meta name=\"twitter:label1\" content=\"Predpokladan\u00fd \u010das \u010d\u00edtania\" \/>\n\t<meta name=\"twitter:data1\" content=\"3 min\u00faty\" \/>\n<script type=\"application\/ld+json\" class=\"yoast-schema-graph\">{\"@context\":\"https:\/\/schema.org\",\"@graph\":[{\"@type\":\"WebPage\",\"@id\":\"https:\/\/cammatch.io\/privacy-policy\/\",\"url\":\"https:\/\/cammatch.io\/privacy-policy\/\",\"name\":\"Privacy Policy - Cam Match\",\"isPartOf\":{\"@id\":\"https:\/\/cammatch.io\/#website\"},\"datePublished\":\"2023-11-11T10:42:44+00:00\",\"dateModified\":\"2024-04-11T17:30:02+00:00\",\"description\":\"Discover how we safeguard your information and ensure confidentiality throughout your online journey with us!\",\"breadcrumb\":{\"@id\":\"https:\/\/cammatch.io\/privacy-policy\/#breadcrumb\"},\"inLanguage\":\"sk-SK\",\"potentialAction\":[{\"@type\":\"ReadAction\",\"target\":[\"https:\/\/cammatch.io\/privacy-policy\/\"]}]},{\"@type\":\"BreadcrumbList\",\"@id\":\"https:\/\/cammatch.io\/privacy-policy\/#breadcrumb\",\"itemListElement\":[{\"@type\":\"ListItem\",\"position\":1,\"name\":\"Home\",\"item\":\"https:\/\/cammatch.io\/\"},{\"@type\":\"ListItem\",\"position\":2,\"name\":\"Privacy Policy\"}]},{\"@type\":\"WebSite\",\"@id\":\"https:\/\/cammatch.io\/#website\",\"url\":\"https:\/\/cammatch.io\/\",\"name\":\"Cam Match\",\"description\":\"\",\"potentialAction\":[{\"@type\":\"SearchAction\",\"target\":{\"@type\":\"EntryPoint\",\"urlTemplate\":\"https:\/\/cammatch.io\/?s={search_term_string}\"},\"query-input\":{\"@type\":\"PropertyValueSpecification\",\"valueRequired\":true,\"valueName\":\"search_term_string\"}}],\"inLanguage\":\"sk-SK\"}]}<\/script>\n<!-- \/ Yoast SEO plugin. -->","yoast_head_json":{"title":"Z\u00e1sady ochrany osobn\u00fdch \u00fadajov \u2013 Cam Match","description":"Zistite, ako chr\u00e1nime va\u0161e inform\u00e1cie a zais\u0165ujeme d\u00f4vernos\u0165 po\u010das celej va\u0161ej online interakcie s nami!","robots":{"index":"index","follow":"follow","max-snippet":"max-snippet:-1","max-image-preview":"max-image-preview:large","max-video-preview":"max-video-preview:-1"},"canonical":"https:\/\/cammatch.io\/sk\/privacy-policy\/","og_locale":"sk_SK","og_type":"article","og_title":"Privacy Policy - Cam Match","og_description":"Discover how we safeguard your information and ensure confidentiality throughout your online journey with us!","og_url":"https:\/\/cammatch.io\/sk\/privacy-policy\/","og_site_name":"Cam Match","article_modified_time":"2024-04-11T17:30:02+00:00","twitter_card":"summary_large_image","twitter_misc":{"Predpokladan\u00fd \u010das \u010d\u00edtania":"3 min\u00faty"},"schema":{"@context":"https:\/\/schema.org","@graph":[{"@type":"WebPage","@id":"https:\/\/cammatch.io\/privacy-policy\/","url":"https:\/\/cammatch.io\/privacy-policy\/","name":"Z\u00e1sady ochrany osobn\u00fdch \u00fadajov \u2013 Cam Match","isPartOf":{"@id":"https:\/\/cammatch.io\/#website"},"datePublished":"2023-11-11T10:42:44+00:00","dateModified":"2024-04-11T17:30:02+00:00","description":"Zistite, ako chr\u00e1nime va\u0161e inform\u00e1cie a zais\u0165ujeme d\u00f4vernos\u0165 po\u010das celej va\u0161ej online interakcie s nami!","breadcrumb":{"@id":"https:\/\/cammatch.io\/privacy-policy\/#breadcrumb"},"inLanguage":"sk-SK","potentialAction":[{"@type":"ReadAction","target":["https:\/\/cammatch.io\/privacy-policy\/"]}]},{"@type":"BreadcrumbList","@id":"https:\/\/cammatch.io\/privacy-policy\/#breadcrumb","itemListElement":[{"@type":"ListItem","position":1,"name":"Home","item":"https:\/\/cammatch.io\/"},{"@type":"ListItem","position":2,"name":"Privacy Policy"}]},{"@type":"WebSite","@id":"https:\/\/cammatch.io\/#website","url":"https:\/\/cammatch.io\/","name":"Zhoda kamery","description":"","potentialAction":[{"@type":"SearchAction","target":{"@type":"EntryPoint","urlTemplate":"https:\/\/cammatch.io\/?s={search_term_string}"},"query-input":{"@type":"PropertyValueSpecification","valueRequired":true,"valueName":"search_term_string"}}],"inLanguage":"sk-SK"}]}},"_links":{"self":[{"href":"https:\/\/cammatch.io\/sk\/wp-json\/wp\/v2\/pages\/3","targetHints":{"allow":["GET"]}}],"collection":[{"href":"https:\/\/cammatch.io\/sk\/wp-json\/wp\/v2\/pages"}],"about":[{"href":"https:\/\/cammatch.io\/sk\/wp-json\/wp\/v2\/types\/page"}],"author":[{"embeddable":true,"href":"https:\/\/cammatch.io\/sk\/wp-json\/wp\/v2\/users\/1"}],"replies":[{"embeddable":true,"href":"https:\/\/cammatch.io\/sk\/wp-json\/wp\/v2\/comments?post=3"}],"version-history":[{"count":1,"href":"https:\/\/cammatch.io\/sk\/wp-json\/wp\/v2\/pages\/3\/revisions"}],"predecessor-version":[{"id":335,"href":"https:\/\/cammatch.io\/sk\/wp-json\/wp\/v2\/pages\/3\/revisions\/335"}],"wp:attachment":[{"href":"https:\/\/cammatch.io\/sk\/wp-json\/wp\/v2\/media?parent=3"}],"curies":[{"name":"pracovn\u00fd list","href":"https:\/\/api.w.org\/{rel}","templated":true}]}}