{"id":309,"date":"2022-11-06T19:44:28","date_gmt":"2022-11-06T19:44:28","guid":{"rendered":"https:\/\/export.mercurytheme.com\/001\/?page_id=2"},"modified":"2025-11-21T07:23:09","modified_gmt":"2025-11-21T07:23:09","slug":"home","status":"publish","type":"page","link":"https:\/\/cammatch.io\/sk\/","title":{"rendered":"Domov"},"content":{"rendered":"<div class=\"wp-block-cover alignfull is-light\" style=\"min-height:600px;aspect-ratio:unset;\"><span aria-hidden=\"true\" class=\"wp-block-cover__background has-background-dim\"><\/span><img loading=\"lazy\" decoding=\"async\" width=\"1024\" height=\"1024\" class=\"wp-block-cover__image-background wp-image-315\" alt=\"\" src=\"https:\/\/cammatch.io\/wp-content\/uploads\/2023\/11\/cam-match.jpg\" data-object-fit=\"cover\" srcset=\"https:\/\/cammatch.io\/wp-content\/uploads\/2023\/11\/cam-match.jpg 1024w, https:\/\/cammatch.io\/wp-content\/uploads\/2023\/11\/cam-match-300x300.jpg 300w, https:\/\/cammatch.io\/wp-content\/uploads\/2023\/11\/cam-match-150x150.jpg 150w, https:\/\/cammatch.io\/wp-content\/uploads\/2023\/11\/cam-match-768x768.jpg 768w, https:\/\/cammatch.io\/wp-content\/uploads\/2023\/11\/cam-match-40x40.jpg 40w, https:\/\/cammatch.io\/wp-content\/uploads\/2023\/11\/cam-match-50x50.jpg 50w, https:\/\/cammatch.io\/wp-content\/uploads\/2023\/11\/cam-match-100x100.jpg 100w, https:\/\/cammatch.io\/wp-content\/uploads\/2023\/11\/cam-match-120x120.jpg 120w, https:\/\/cammatch.io\/wp-content\/uploads\/2023\/11\/cam-match-135x135.jpg 135w, https:\/\/cammatch.io\/wp-content\/uploads\/2023\/11\/cam-match-270x270.jpg 270w, https:\/\/cammatch.io\/wp-content\/uploads\/2023\/11\/cam-match-450x450.jpg 450w, https:\/\/cammatch.io\/wp-content\/uploads\/2023\/11\/cam-match-479x479.jpg 479w, https:\/\/cammatch.io\/wp-content\/uploads\/2023\/11\/cam-match-570x570.jpg 570w, https:\/\/cammatch.io\/wp-content\/uploads\/2023\/11\/cam-match-767x767.jpg 767w, https:\/\/cammatch.io\/wp-content\/uploads\/2023\/11\/cam-match-32x32.jpg 32w, https:\/\/cammatch.io\/wp-content\/uploads\/2023\/11\/cam-match-80x80.jpg 80w\" sizes=\"auto, (max-width: 1024px) 100vw, 1024px\" \/><div class=\"wp-block-cover__inner-container is-layout-flow wp-block-cover-is-layout-flow\">\n<div style=\"height:100px\" aria-hidden=\"true\" class=\"wp-block-spacer\"><\/div>\n\n\n\n<h2 class=\"wp-block-heading has-text-align-center\" style=\"font-size:51px;font-style:italic;font-weight:900\">N\u00e1hodn\u00fd videochat 1v1<\/h2>\n\n\n\n<p class=\"has-text-align-center\" style=\"font-style:normal;font-weight:100\">Zhoda s <a href=\"https:\/\/cammatch.io\/sk\/talkwithstranger\/\">N\u00e1hodn\u00ed cudzinci<\/a> z cel\u00e9ho sveta cez <a href=\"https:\/\/cammatch.io\/sk\/wireclub\/\">videohovor<\/a>.<\/p>\n\n\n\n<div class=\"wp-block-buttons is-layout-flex wp-block-buttons-is-layout-flex\">\n<div class=\"wp-block-button aligncenter\"><a class=\"wp-block-button__link has-mercury-white-color has-luminous-vivid-amber-background-color has-text-color has-background wp-element-button\" href=\"https:\/\/cammatch.io\/sk\/coomeet\/\">Za\u010da\u0165 h\u013eada\u0165 zhodu<\/a><\/div>\n<\/div>\n\n\n\n<div style=\"height:100px\" aria-hidden=\"true\" class=\"wp-block-spacer\"><\/div>\n<\/div><\/div>\n\n\n\n\n\n<div style=\"height:30px\" aria-hidden=\"true\" class=\"wp-block-spacer\"><\/div>\n\n\n\n<p class=\"has-text-align-center has-text-color has-small-font-size\" style=\"color:#7f8c8d\">T\u00e1to str\u00e1nka je ur\u010den\u00e1 v\u00fdhradne pre pou\u017e\u00edvate\u013eov vo veku 18 rokov a star\u0161\u00edch. Pr\u00edstupom na t\u00fato str\u00e1nku a jej pou\u017e\u00edvan\u00edm potvrdzujete, \u017ee m\u00e1te najmenej 18 rokov.<\/p>\n\n\n\n<div style=\"height:30px\" aria-hidden=\"true\" class=\"wp-block-spacer\"><\/div>\n\n\n\n<h2 class=\"wp-block-heading\"><strong>Vitajte na Cam Match \u2013 dokonalom z\u00e1\u017eitku z videochatu!<\/strong><\/h2>\n\n\n\n<p><strong>\ud83c\udf10 Okam\u017eit\u00e9 spojenia po celom svete:<\/strong> V Cam Match b\u00farame geografick\u00e9 bari\u00e9ry. <a href=\"https:\/\/cammatch.io\/sk\/bazoocam\/\">Pripoji\u0165<\/a> s \u013eu\u010fmi zo v\u0161etk\u00fdch k\u00fatov sveta jedin\u00fdm kliknut\u00edm. \u010ci u\u017e h\u013ead\u00e1te priate\u013esk\u00fa <a href=\"https:\/\/cammatch.io\/sk\/tohla\/\">chat<\/a>, kult\u00farnu v\u00fdmenu alebo nie\u010do viac, Cam Match okam\u017eite prin\u00e1\u0161a svet na va\u0161u obrazovku.<\/p>\n\n\n\n<p><strong>\ud83c\udfad Absol\u00fatna anonymita:<\/strong> Va\u0161e s\u00fakromie je na\u0161ou prioritou. U\u017e\u00edvajte si konverz\u00e1cie bez ob\u00e1v z odhalenia va\u0161ej identity. Na\u0161a platforma zaru\u010duje \u00fapln\u00fa anonymitu \u2013 \u017eiadne osobn\u00e9 \u00fadaje, \u017eiadne profily, len \u010dist\u00e1, spont\u00e1nna interakcia.<\/p>\n\n\n\n<p><strong>\ud83c\udf1f Jednoduch\u00e9 a dostupn\u00e9:<\/strong> \u017diadne zlo\u017eit\u00e9 registr\u00e1cie ani s\u0165ahovanie. Pr\u00edstup k Cam Match z ak\u00e9hoko\u013evek zariadenia s pripojen\u00edm na internet. Na\u0161e u\u017e\u00edvate\u013esky pr\u00edvetiv\u00e9 rozhranie rob\u00ed videochat hra\u010dkou pre ka\u017ed\u00e9ho.<\/p>\n\n\n\n<p><strong>\ud83d\udd12 Bezpe\u010dn\u00e9 a chr\u00e1nen\u00e9:<\/strong> Va\u0161a bezpe\u010dnos\u0165 je pre n\u00e1s prioritou v\u010faka n\u00e1\u0161mu najmodernej\u0161iemu \u0161ifrovaniu a moderovaniu. C\u00ed\u0165te sa bezpe\u010dne s vedom\u00edm, \u017ee va\u0161e konverz\u00e1cie a \u00fadaje s\u00fa chr\u00e1nen\u00e9.<\/p>\n\n\n\n<p><strong>\ud83c\udf08 Rozmanit\u00e1 komunita:<\/strong> S tis\u00edckami pou\u017e\u00edvate\u013eov online v ka\u017edom okamihu budete <a href=\"https:\/\/cammatch.io\/sk\/meetskip\/\">stretn\u00fa\u0165 sa<\/a> \u0161irok\u00e1 \u0161k\u00e1la \u013eud\u00ed z r\u00f4znych prostred\u00ed, z\u00e1ujmov a kult\u00far. Ka\u017ed\u00fd rozhovor je \u0161ancou na jedine\u010dn\u00fd a obohacuj\u00faci z\u00e1\u017eitok.<\/p>\n\n\n\n<p><strong>\ud83c\udfa5 Vysokokvalitn\u00e9 video a zvuk:<\/strong> Za\u017eite kri\u0161t\u00e1\u013eovo \u010dist\u00fa kvalitu videa a zvuku. Na\u0161a platforma zais\u0165uje, \u017ee va\u0161e konverz\u00e1cie bud\u00fa \u010do najre\u00e1lnej\u0161ie a neru\u0161en\u00e9.<\/p>\n\n\n\n<p><strong>\ud83c\udfb2 N\u00e1hodn\u00e9 <a href=\"https:\/\/cammatch.io\/sk\/luckycrush\/\">Zhoda<\/a> Algoritmus:<\/strong> Nechajte osud vybra\u0165 v\u00e1\u0161ho \u010fal\u0161ieho partnera do konverz\u00e1cie. N\u00e1\u0161 algoritmus n\u00e1hodn\u00e9ho p\u00e1rovania v\u00e1s spoj\u00ed s nov\u00fdmi a zauj\u00edmav\u00fdmi \u013eu\u010fmi v\u017edy, ke\u010f kliknete na tla\u010didlo \u201e\u010ealej\u201c.<\/p>\n\n\n\n<p><strong>\ud83e\udd16 Funkcie s umelou inteligenciou:<\/strong> Vychutnajte si pokro\u010dil\u00e9 funkcie, ako s\u00fa filtre tv\u00e1re s umelou inteligenciou a preklad jazykov. Prelomte jazykov\u00e9 bari\u00e9ry a pridajte z\u00e1bavn\u00fd n\u00e1dych do svojich konverz\u00e1ci\u00ed.<\/p>\n\n\n\n<p><strong>\ud83d\udcf1 Vhodn\u00e9 pre mobiln\u00e9 zariadenia:<\/strong> Vezmite si Cam Match so sebou! Na\u0161a platforma je optimalizovan\u00e1 pre mobiln\u00e9 zariadenia, \u010do zaru\u010duje bezprobl\u00e9mov\u00fd chat, nech ste kdeko\u013evek.<\/p>\n\n\n\n<div style=\"height:60px\" aria-hidden=\"true\" class=\"wp-block-spacer\"><\/div>\n\n\n\n<div class=\"wp-block-cover alignfull\"><img loading=\"lazy\" decoding=\"async\" width=\"1254\" height=\"836\" class=\"wp-block-cover__image-background wp-image-313\" alt=\"\" src=\"https:\/\/cammatch.io\/wp-content\/uploads\/2023\/11\/chatting.jpg\" data-object-fit=\"cover\" srcset=\"https:\/\/cammatch.io\/wp-content\/uploads\/2023\/11\/chatting.jpg 1254w, https:\/\/cammatch.io\/wp-content\/uploads\/2023\/11\/chatting-300x200.jpg 300w, https:\/\/cammatch.io\/wp-content\/uploads\/2023\/11\/chatting-1024x683.jpg 1024w, https:\/\/cammatch.io\/wp-content\/uploads\/2023\/11\/chatting-768x512.jpg 768w, https:\/\/cammatch.io\/wp-content\/uploads\/2023\/11\/chatting-60x40.jpg 60w, https:\/\/cammatch.io\/wp-content\/uploads\/2023\/11\/chatting-48x32.jpg 48w, https:\/\/cammatch.io\/wp-content\/uploads\/2023\/11\/chatting-120x80.jpg 120w, https:\/\/cammatch.io\/wp-content\/uploads\/2023\/11\/chatting-203x135.jpg 203w\" sizes=\"auto, (max-width: 1254px) 100vw, 1254px\" \/><span aria-hidden=\"true\" class=\"wp-block-cover__background has-background-dim-70 has-background-dim\"><\/span><div class=\"wp-block-cover__inner-container is-layout-flow wp-block-cover-is-layout-flow\">\n<div style=\"height:60px\" aria-hidden=\"true\" class=\"wp-block-spacer\"><\/div>\n\n\n\n<div style=\"height:60px\" aria-hidden=\"true\" class=\"wp-block-spacer\"><\/div>\n\n\n\n<h3 class=\"wp-block-heading\"><strong>Cam Match \u2013 Kde je ka\u017ed\u00e9 kliknutie nov\u00fdm dobrodru\u017estvom!<\/strong><\/h3>\n\n\n\n<p>Vydajte sa na svoju cestu pln\u00fa spozn\u00e1vania a objavovania e\u0161te dnes. Pridajte sa ku Cam Match \u2013 je to zadarmo, je to z\u00e1bavn\u00e9 a len jedno kliknutie!<\/p>\n<\/div><\/div>\n\n\n\n<div style=\"height:60px\" aria-hidden=\"true\" class=\"wp-block-spacer\"><\/div>\n\n\n\n<h3 class=\"wp-block-heading\">Okam\u017eite sa spojte, chatujte vo\u013ene<\/h3>\n\n\n\n<p><strong>CamMatch.io<\/strong> je bezprobl\u00e9mov\u00fd port\u00e1l pre spont\u00e1nne individu\u00e1lne stretnutia <a href=\"https:\/\/cammatch.io\/sk\/tandoo\/\">videohovory<\/a>Zabudnite na zlo\u017eitosti modern\u00fdch soci\u00e1lnych m\u00e9di\u00ed a osvojte si jednoduch\u00fd sp\u00f4sob, ako spozna\u0165 nov\u00fdch \u013eud\u00ed z cel\u00e9ho sveta. Jednoduch\u00fd a priamo\u010diary proces, \u017eiadne podmienky \u2013 len skuto\u010dn\u00e9 \u013eudsk\u00e9 spojenie.<\/p>\n\n\n\n<h4 class=\"wp-block-heading\">Pre\u010do CamMatch.io?<\/h4>\n\n\n\n<ul class=\"wp-block-list\">\n<li><strong>Okam\u017eit\u00e9 pripojenie:<\/strong> Sko\u010di\u0165 rovno do <a href=\"https:\/\/cammatch.io\/sk\/1v1-video-chat\/\">1v1<\/a> chaty bez nutnosti zd\u013ahavej registr\u00e1cie.<\/li>\n\n\n\n<li><strong>Bezpe\u010dn\u00e9 a chr\u00e1nen\u00e9:<\/strong> U\u017eite si s\u00fakromn\u00fd priestor navrhnut\u00fd s oh\u013eadom na va\u0161u bezpe\u010dnos\u0165.<\/li>\n\n\n\n<li><strong>Jednoduch\u00e9 pou\u017eitie:<\/strong> Na\u0161a intuit\u00edvna platforma znamen\u00e1 \u017eiadne zlo\u017eit\u00e9 kroky \u2013 sta\u010d\u00ed klikn\u00fa\u0165 a pripoji\u0165 sa.<\/li>\n\n\n\n<li><strong>Glob\u00e1lna komunita:<\/strong> Zozn\u00e1mte sa s r\u00f4znorod\u00fdmi a zauj\u00edmav\u00fdmi \u013eu\u010fmi, ktor\u00ed s\u00fa pripraven\u00ed na rozhovor kedyko\u013evek a kdeko\u013evek.<\/li>\n<\/ul>\n\n\n\n<h4 class=\"wp-block-heading\">Ako to funguje<\/h4>\n\n\n\n<ol class=\"wp-block-list\">\n<li><strong>Kliknite pre chat:<\/strong> Stla\u010dte tla\u010didlo \u201eSpusti\u0165 chat\u201c a okam\u017eite sa sp\u00e1rujte s niek\u00fdm nov\u00fdm.<\/li>\n\n\n\n<li><strong>Okam\u017eit\u00e9 pripojenie:<\/strong> U\u017eite si bezprobl\u00e9mov\u00fd videochat s minim\u00e1lnym oneskoren\u00edm.<\/li>\n\n\n\n<li><strong>Po\u010f \u010falej alebo sa spoj hlb\u0161ie:<\/strong> Kedyko\u013evek ukon\u010dite konverz\u00e1ciu alebo zosta\u0148te na zmyslupln\u00e9 spojenie.<\/li>\n<\/ol>\n\n\n\n<h4 class=\"wp-block-heading\">Pridajte sa k revol\u00facii<\/h4>\n\n\n\n<p>Odst\u00fapte od napl\u00e1novan\u00fdch interakci\u00ed a ponorte sa do skuto\u010dn\u00fdch konverz\u00e1ci\u00ed. \u010ci u\u017e h\u013ead\u00e1te r\u00fdchle pozdravenie alebo hlb\u0161ie spojenie, <strong>CamMatch.io<\/strong> je va\u0161\u00edm ide\u00e1lnym miestom pre bezprobl\u00e9mov\u00e9 videohovory 1 na 1. Za\u010dnite svoju cestu s nami e\u0161te dnes a za\u017eite slobodu skuto\u010dn\u00e9ho a nefiltrovan\u00e9ho pripojenia.<\/p>\n\n\n\n<p><strong>Ste pripraven\u00ed na rozhovor? Kliknite ni\u017e\u0161ie a za\u010dnite svoje dobrodru\u017estvo!<\/strong><\/p>\n\n\n\n<hr class=\"wp-block-separator has-alpha-channel-opacity\"\/>\n\n\n\n<p>Za\u017eite bud\u00facnos\u0165 n\u00e1hodn\u00e9ho videochatovania na <strong>CamMatch.io<\/strong> \u2013 kde ka\u017ed\u00fd rozhovor je novou mo\u017enos\u0165ou.<\/p>\n\n\n\n<p><strong>Vyhl\u00e1senie o odmietnut\u00ed zodpovednosti za<\/strong> Zhoda kamery<\/p>\n\n\n\n<ol class=\"wp-block-list\">\n<li><strong>Vekov\u00e9 obmedzenie<\/strong>T\u00e1to str\u00e1nka je ur\u010den\u00e1 v\u00fdhradne pre pou\u017e\u00edvate\u013eov vo veku 18 rokov a star\u0161\u00edch. Pr\u00edstupom na t\u00fato str\u00e1nku a jej pou\u017e\u00edvan\u00edm potvrdzujete, \u017ee m\u00e1te najmenej 18 rokov.<\/li>\n\n\n\n<li><strong>\u017diadna zodpovednos\u0165 za interakcie s pou\u017e\u00edvate\u013emi<\/strong>Cam Match je platforma pre dospel\u00fdch pou\u017e\u00edvate\u013eov, kde sa m\u00f4\u017eu zapoji\u0165 do videochatu. Nie sme zodpovedn\u00ed za spr\u00e1vanie \u017eiadneho pou\u017e\u00edvate\u013ea na str\u00e1nke ani mimo nej. Pou\u017e\u00edvatelia interaguj\u00fa na vlastn\u00e9 riziko.<\/li>\n\n\n\n<li>Monitorovanie a odstra\u0148ovanie obsahu: d\u00f4kladne monitorujeme a promptne odstra\u0148ujeme ak\u00fdko\u013evek obsah, ktor\u00fd je v rozpore s na\u0161imi podmienkami slu\u017eby alebo je pova\u017eovan\u00fd za nevhodn\u00fd \u010di nez\u00e1konn\u00fd. D\u00f4verujte n\u00e1\u0161mu z\u00e1v\u00e4zku udr\u017eiava\u0165 bezpe\u010dn\u00e9 a \u00factiv\u00e9 online prostredie.<\/li>\n\n\n\n<li><strong>Zmluva o podmienkach poskytovania slu\u017eieb<\/strong>Pou\u017e\u00edvan\u00edm tejto str\u00e1nky s\u00fahlas\u00edte s na\u0161imi Podmienkami slu\u017eby. Je va\u0161ou zodpovednos\u0165ou pravidelne si tieto podmienky prezera\u0165.<\/li>\n\n\n\n<li><strong><a href=\"https:\/\/cammatch.io\/sk\/privacy-policy\/\">Z\u00e1sady ochrany osobn\u00fdch \u00fadajov<\/a><\/strong>Va\u0161e s\u00fakromie je pre n\u00e1s d\u00f4le\u017eit\u00e9. Pre\u010d\u00edtajte si, pros\u00edm, na\u0161e Z\u00e1sady ochrany osobn\u00fdch \u00fadajov, aby ste pochopili, ako sa va\u0161e inform\u00e1cie pou\u017e\u00edvaj\u00fa a s\u00fa chr\u00e1nen\u00e9.<\/li>\n\n\n\n<li><strong>Hl\u00e1senie a presadzovanie<\/strong>Pou\u017e\u00edvate\u013eov vyz\u00fdvame, aby nahl\u00e1sili ak\u00e9ko\u013evek spr\u00e1vanie alebo obsah, ktor\u00fd poru\u0161uje na\u0161e pravidl\u00e1. V pr\u00edpade potreby podnikneme pr\u00edslu\u0161n\u00e9 kroky.<\/li>\n\n\n\n<li><strong>\u017diadna z\u00e1ruka slu\u017eby<\/strong>Nezaru\u010dujeme nepreru\u0161ovan\u00fa alebo bezchybn\u00fa prev\u00e1dzku str\u00e1nky a nezodpoved\u00e1me za \u017eiadne technick\u00e9 probl\u00e9my ani prestoje.<\/li>\n\n\n\n<li><strong>Zmeny a doplnenia<\/strong>Toto vyhl\u00e1senie o vyl\u00fa\u010den\u00ed zodpovednosti sa m\u00f4\u017ee zmeni\u0165 bez predch\u00e1dzaj\u00faceho upozornenia a je zodpovednos\u0165ou pou\u017e\u00edvate\u013ea, aby bol o v\u0161etk\u00fdch zmen\u00e1ch informovan\u00fd.<\/li>\n<\/ol>\n\n\n\n<p><strong>T\u00fato str\u00e1nku pou\u017e\u00edvajte zodpovedne a na vlastn\u00e9 riziko.<\/strong><\/p>","protected":false},"excerpt":{"rendered":"<p>T\u00e1to str\u00e1nka je ur\u010den\u00e1 v\u00fdhradne pre pou\u017e\u00edvate\u013eov vo veku 18 rokov a star\u0161\u00edch. Pr\u00edstupom na t\u00fato str\u00e1nku a jej pou\u017e\u00edvan\u00edm potvrdzujete, \u017ee m\u00e1te aspo\u0148 18 rokov. Vitajte na Cam Match \u2013 dokonalom z\u00e1\u017eitku z videochatu! \ud83c\udf10 Okam\u017eit\u00e9 spojenia po celom svete: V Cam Match b\u00farame geografick\u00e9 bari\u00e9ry. Spojte sa s \u013eu\u010fmi zo v\u0161etk\u00fdch [\u2026]<\/p>","protected":false},"author":1,"featured_media":0,"parent":0,"menu_order":0,"comment_status":"closed","ping_status":"open","template":"page-without-title.php","meta":{"footnotes":""},"class_list":["post-309","page","type-page","status-publish","hentry"],"yoast_head":"<!-- This site is optimized with the Yoast SEO plugin v26.8 - https:\/\/yoast.com\/product\/yoast-seo-wordpress\/ -->\n<title>CamMatch - Talk to Strangers Through Random Video Chat<\/title>\n<meta name=\"description\" content=\"Discover Cam Match \u2013 Your Gateway to Global Connections! Talk to strangers from across the world through random video chat.\" \/>\n<meta name=\"robots\" content=\"index, follow, max-snippet:-1, max-image-preview:large, max-video-preview:-1\" \/>\n<link rel=\"canonical\" href=\"https:\/\/cammatch.io\/sk\/\" \/>\n<meta property=\"og:locale\" content=\"sk_SK\" \/>\n<meta property=\"og:type\" content=\"article\" \/>\n<meta property=\"og:title\" content=\"CamMatch - Talk to Strangers Through Random Video Chat\" \/>\n<meta property=\"og:description\" content=\"Discover Cam Match \u2013 Your Gateway to Global Connections! Talk to strangers from across the world through random video chat.\" \/>\n<meta property=\"og:url\" content=\"https:\/\/cammatch.io\/sk\/\" \/>\n<meta property=\"og:site_name\" content=\"Cam Match\" \/>\n<meta property=\"article:modified_time\" content=\"2025-11-21T07:23:09+00:00\" \/>\n<meta property=\"og:image\" content=\"https:\/\/cammatch.io\/wp-content\/uploads\/2023\/11\/cam-match.jpg\" \/>\n\t<meta property=\"og:image:width\" content=\"1024\" \/>\n\t<meta property=\"og:image:height\" content=\"1024\" \/>\n\t<meta property=\"og:image:type\" content=\"image\/jpeg\" \/>\n<meta name=\"twitter:card\" content=\"summary_large_image\" \/>\n<meta name=\"twitter:label1\" content=\"Predpokladan\u00fd \u010das \u010d\u00edtania\" \/>\n\t<meta name=\"twitter:data1\" content=\"4 min\u00faty\" \/>\n<script type=\"application\/ld+json\" class=\"yoast-schema-graph\">{\"@context\":\"https:\/\/schema.org\",\"@graph\":[{\"@type\":\"WebPage\",\"@id\":\"https:\/\/cammatch.io\/\",\"url\":\"https:\/\/cammatch.io\/\",\"name\":\"CamMatch - Talk to Strangers Through Random Video Chat\",\"isPartOf\":{\"@id\":\"https:\/\/cammatch.io\/#website\"},\"primaryImageOfPage\":{\"@id\":\"https:\/\/cammatch.io\/#primaryimage\"},\"image\":{\"@id\":\"https:\/\/cammatch.io\/#primaryimage\"},\"thumbnailUrl\":\"https:\/\/cammatch.io\/wp-content\/uploads\/2023\/11\/cam-match.jpg\",\"datePublished\":\"2022-11-06T19:44:28+00:00\",\"dateModified\":\"2025-11-21T07:23:09+00:00\",\"description\":\"Discover Cam Match \u2013 Your Gateway to Global Connections! Talk to strangers from across the world through random video chat.\",\"breadcrumb\":{\"@id\":\"https:\/\/cammatch.io\/#breadcrumb\"},\"inLanguage\":\"sk-SK\",\"potentialAction\":[{\"@type\":\"ReadAction\",\"target\":[\"https:\/\/cammatch.io\/\"]}]},{\"@type\":\"ImageObject\",\"inLanguage\":\"sk-SK\",\"@id\":\"https:\/\/cammatch.io\/#primaryimage\",\"url\":\"https:\/\/cammatch.io\/wp-content\/uploads\/2023\/11\/cam-match.jpg\",\"contentUrl\":\"https:\/\/cammatch.io\/wp-content\/uploads\/2023\/11\/cam-match.jpg\"},{\"@type\":\"BreadcrumbList\",\"@id\":\"https:\/\/cammatch.io\/#breadcrumb\",\"itemListElement\":[{\"@type\":\"ListItem\",\"position\":1,\"name\":\"Home\",\"item\":\"https:\/\/cammatch.io\/\"},{\"@type\":\"ListItem\",\"position\":2,\"name\":\"Home\"}]},{\"@type\":\"WebSite\",\"@id\":\"https:\/\/cammatch.io\/#website\",\"url\":\"https:\/\/cammatch.io\/\",\"name\":\"Cam Match\",\"description\":\"\",\"potentialAction\":[{\"@type\":\"SearchAction\",\"target\":{\"@type\":\"EntryPoint\",\"urlTemplate\":\"https:\/\/cammatch.io\/?s={search_term_string}\"},\"query-input\":{\"@type\":\"PropertyValueSpecification\",\"valueRequired\":true,\"valueName\":\"search_term_string\"}}],\"inLanguage\":\"sk-SK\"}]}<\/script>\n<!-- \/ Yoast SEO plugin. -->","yoast_head_json":{"title":"CamMatch - Rozpr\u00e1vajte sa s cudz\u00edmi \u013eu\u010fmi prostredn\u00edctvom n\u00e1hodn\u00e9ho videochatu","description":"Objavte Cam Match \u2013 Va\u0161u br\u00e1nu ku glob\u00e1lnym kontaktom! Rozpr\u00e1vajte sa s cudz\u00edmi \u013eu\u010fmi z cel\u00e9ho sveta prostredn\u00edctvom n\u00e1hodn\u00e9ho videochatu.","robots":{"index":"index","follow":"follow","max-snippet":"max-snippet:-1","max-image-preview":"max-image-preview:large","max-video-preview":"max-video-preview:-1"},"canonical":"https:\/\/cammatch.io\/sk\/","og_locale":"sk_SK","og_type":"article","og_title":"CamMatch - Talk to Strangers Through Random Video Chat","og_description":"Discover Cam Match \u2013 Your Gateway to Global Connections! Talk to strangers from across the world through random video chat.","og_url":"https:\/\/cammatch.io\/sk\/","og_site_name":"Cam Match","article_modified_time":"2025-11-21T07:23:09+00:00","og_image":[{"width":1024,"height":1024,"url":"https:\/\/cammatch.io\/wp-content\/uploads\/2023\/11\/cam-match.jpg","type":"image\/jpeg"}],"twitter_card":"summary_large_image","twitter_misc":{"Predpokladan\u00fd \u010das \u010d\u00edtania":"4 min\u00faty"},"schema":{"@context":"https:\/\/schema.org","@graph":[{"@type":"WebPage","@id":"https:\/\/cammatch.io\/","url":"https:\/\/cammatch.io\/","name":"CamMatch - Rozpr\u00e1vajte sa s cudz\u00edmi \u013eu\u010fmi prostredn\u00edctvom n\u00e1hodn\u00e9ho videochatu","isPartOf":{"@id":"https:\/\/cammatch.io\/#website"},"primaryImageOfPage":{"@id":"https:\/\/cammatch.io\/#primaryimage"},"image":{"@id":"https:\/\/cammatch.io\/#primaryimage"},"thumbnailUrl":"https:\/\/cammatch.io\/wp-content\/uploads\/2023\/11\/cam-match.jpg","datePublished":"2022-11-06T19:44:28+00:00","dateModified":"2025-11-21T07:23:09+00:00","description":"Objavte Cam Match \u2013 Va\u0161u br\u00e1nu ku glob\u00e1lnym kontaktom! Rozpr\u00e1vajte sa s cudz\u00edmi \u013eu\u010fmi z cel\u00e9ho sveta prostredn\u00edctvom n\u00e1hodn\u00e9ho videochatu.","breadcrumb":{"@id":"https:\/\/cammatch.io\/#breadcrumb"},"inLanguage":"sk-SK","potentialAction":[{"@type":"ReadAction","target":["https:\/\/cammatch.io\/"]}]},{"@type":"ImageObject","inLanguage":"sk-SK","@id":"https:\/\/cammatch.io\/#primaryimage","url":"https:\/\/cammatch.io\/wp-content\/uploads\/2023\/11\/cam-match.jpg","contentUrl":"https:\/\/cammatch.io\/wp-content\/uploads\/2023\/11\/cam-match.jpg"},{"@type":"BreadcrumbList","@id":"https:\/\/cammatch.io\/#breadcrumb","itemListElement":[{"@type":"ListItem","position":1,"name":"Home","item":"https:\/\/cammatch.io\/"},{"@type":"ListItem","position":2,"name":"Home"}]},{"@type":"WebSite","@id":"https:\/\/cammatch.io\/#website","url":"https:\/\/cammatch.io\/","name":"Zhoda kamery","description":"","potentialAction":[{"@type":"SearchAction","target":{"@type":"EntryPoint","urlTemplate":"https:\/\/cammatch.io\/?s={search_term_string}"},"query-input":{"@type":"PropertyValueSpecification","valueRequired":true,"valueName":"search_term_string"}}],"inLanguage":"sk-SK"}]}},"_links":{"self":[{"href":"https:\/\/cammatch.io\/sk\/wp-json\/wp\/v2\/pages\/309","targetHints":{"allow":["GET"]}}],"collection":[{"href":"https:\/\/cammatch.io\/sk\/wp-json\/wp\/v2\/pages"}],"about":[{"href":"https:\/\/cammatch.io\/sk\/wp-json\/wp\/v2\/types\/page"}],"author":[{"embeddable":true,"href":"https:\/\/cammatch.io\/sk\/wp-json\/wp\/v2\/users\/1"}],"replies":[{"embeddable":true,"href":"https:\/\/cammatch.io\/sk\/wp-json\/wp\/v2\/comments?post=309"}],"version-history":[{"count":5,"href":"https:\/\/cammatch.io\/sk\/wp-json\/wp\/v2\/pages\/309\/revisions"}],"predecessor-version":[{"id":928,"href":"https:\/\/cammatch.io\/sk\/wp-json\/wp\/v2\/pages\/309\/revisions\/928"}],"wp:attachment":[{"href":"https:\/\/cammatch.io\/sk\/wp-json\/wp\/v2\/media?parent=309"}],"curies":[{"name":"pracovn\u00fd list","href":"https:\/\/api.w.org\/{rel}","templated":true}]}}