{"id":802,"date":"2024-09-25T01:30:40","date_gmt":"2024-09-25T01:30:40","guid":{"rendered":"https:\/\/cammatch.io\/?page_id=802"},"modified":"2024-09-25T01:30:42","modified_gmt":"2024-09-25T01:30:42","slug":"about-us","status":"publish","type":"page","link":"https:\/\/cammatch.io\/sk\/about-us\/","title":{"rendered":"O n\u00e1s"},"content":{"rendered":"<p>Vitajte na <strong>Zhoda kamery<\/strong>\u2014prv\u00e1 platforma navrhnut\u00e1 pre <a href=\"https:\/\/cammatch.io\/sk\/bazoocam\/\">pripoji\u0165<\/a> ty s t\u00fdm najlep\u0161\u00edm <a href=\"https:\/\/cammatch.io\/sk\/wireclub\/\">chat s kamerou<\/a> str\u00e1nky prisp\u00f4soben\u00e9 va\u0161im preferenci\u00e1m. V dne\u0161nej digit\u00e1lnej dobe s\u00fa zmyslupln\u00e9 kontakty vzdialen\u00e9 len jedno kliknutie. \u010ci u\u017e h\u013ead\u00e1te nov\u00e9 priate\u013estv\u00e1, p\u00fatav\u00e9 konverz\u00e1cie alebo objavujete svet online video komunik\u00e1cie, Cam Match je tu, aby v\u00e1s sprev\u00e1dzal.<\/p>\n\n\n\n<p><strong>Na\u0161e poslanie<\/strong><\/p>\n\n\n\n<p>V Cam Match je na\u0161\u00edm poslan\u00edm zjednodu\u0161i\u0165 v\u00e1m h\u013eadanie dokonalej kamery <a href=\"https:\/\/cammatch.io\/sk\/tohla\/\">chat<\/a> sk\u00fasenosti. Ch\u00e1peme, \u017ee pri nespo\u010detn\u00fdch dostupn\u00fdch mo\u017enostiach m\u00f4\u017ee by\u0165 n\u00e1jdenie tej spr\u00e1vnej platformy n\u00e1ro\u010dn\u00e9. Preto sme vytvorili bezprobl\u00e9mov\u00fd <a href=\"https:\/\/cammatch.io\/sk\/luckycrush\/\">zhoda<\/a> syst\u00e9m, ktor\u00fd v\u00e1s spoj\u00ed s webov\u00fdmi str\u00e1nkami s kamerami, ktor\u00e9 zodpovedaj\u00fa va\u0161im z\u00e1ujmom a potreb\u00e1m.<\/p>\n\n\n\n<p><strong>\u010co rob\u00edme<\/strong><\/p>\n\n\n\n<ul class=\"wp-block-list\">\n<li><strong>Personalizovan\u00e9 p\u00e1rovanie<\/strong>Na\u0161e pokro\u010dil\u00e9 algoritmy zoh\u013ead\u0148uj\u00fa va\u0161e preferencie, aby v\u00e1m pomohli n\u00e1js\u0165 str\u00e1nky s chatom cez kameru, ktor\u00e9 pon\u00fakaj\u00fa z\u00e1\u017eitky, ktor\u00e9 h\u013ead\u00e1te.<\/li>\n\n\n\n<li><strong>Vybran\u00e9 v\u00fdbery<\/strong>Spolupracujeme s r\u00f4znymi renomovan\u00fdmi platformami pre chat cez kameru, aby sme v\u00e1m zabezpe\u010dili pr\u00edstup k bezpe\u010dn\u00fdm, p\u00fatav\u00fdm a vysokokvalitn\u00fdm slu\u017eb\u00e1m.<\/li>\n\n\n\n<li><strong>Recenzie a hodnotenia pou\u017e\u00edvate\u013eov<\/strong>Vyu\u017eite poznatky na\u0161ej komunity. Pre\u010d\u00edtajte si recenzie a hodnotenia skuto\u010dn\u00fdch pou\u017e\u00edvate\u013eov, aby ste sa mohli informovane rozhodova\u0165.<\/li>\n<\/ul>\n\n\n\n<p><strong>Pre\u010do si vybra\u0165 Cam Match<\/strong><\/p>\n\n\n\n<ul class=\"wp-block-list\">\n<li><strong>Odborn\u00e9 poradenstvo<\/strong>N\u00e1\u0161 t\u00edm sa venuje v\u00fdskumu a spolupr\u00e1ci len s t\u00fdmi najlep\u0161\u00edmi str\u00e1nkami s chatom cez kameru.<\/li>\n\n\n\n<li><strong>Pr\u00edstup zameran\u00fd na pou\u017e\u00edvate\u013ea<\/strong>Va\u0161a spokojnos\u0165 je na\u0161ou prioritou. N\u00e1\u0161 proces p\u00e1rovania neust\u00e1le zdokona\u013eujeme na z\u00e1klade sp\u00e4tnej v\u00e4zby od pou\u017e\u00edvate\u013eov.<\/li>\n\n\n\n<li><strong>Bezpe\u010dn\u00e9 a d\u00f4veryhodn\u00e9<\/strong>Va\u0161a bezpe\u010dnos\u0165 je pre n\u00e1s prioritou spolupr\u00e1cou s platformami, ktor\u00e9 dodr\u017eiavaj\u00fa pr\u00edsne \u0161tandardy bezpe\u010dnosti a ochrany s\u00fakromia.<\/li>\n<\/ul>\n\n\n\n<p><strong>Pridajte sa k na\u0161ej komunite<\/strong><\/p>\n\n\n\n<p>Vydajte sa na cestu a objavte vzru\u0161uj\u00face z\u00e1\u017eitky z chatu s kamerou. S Cam Match m\u00f4\u017eete s istotou objavova\u0165 nov\u00e9 platformy s vedom\u00edm, \u017ee sme urobili v\u0161etko pre zabezpe\u010denie kvality a spo\u013eahlivosti.<\/p>\n\n\n\n<p><strong>Spojte sa pod\u013ea seba<\/strong><\/p>\n\n\n\n<p>\u010ci u\u017e m\u00e1te z\u00e1ujem o neform\u00e1lne chaty, hlbok\u00e9 konverz\u00e1cie alebo stret\u00e1vanie sa s \u013eu\u010fmi z cel\u00e9ho sveta, Cam Match otv\u00e1ra dvere do sveta mo\u017enost\u00ed. Pom\u00f4\u017eeme v\u00e1m n\u00e1js\u0165 perfektn\u00fa str\u00e1nku s chatom cez kameru, ktor\u00e1 v\u00e1m vyhovuje.<\/p>\n\n\n\n<p><strong>Za\u010dnite e\u0161te dnes<\/strong><\/p>\n\n\n\n<p>Ste pripraven\u00ed n\u00e1js\u0165 si ide\u00e1lnu platformu pre chat s kamerami? Za\u010dnite s procesom personalizovan\u00e9ho p\u00e1rovania a za\u010dnite sa sp\u00e1ja\u0165 ako nikdy predt\u00fdm!<\/p>\n\n\n\n<hr class=\"wp-block-separator has-alpha-channel-opacity\"\/>\n\n\n\n<p>\u010eakujeme, \u017ee ste si vybrali Cam Match. Sme radi, \u017ee m\u00f4\u017eeme by\u0165 s\u00fa\u010das\u0165ou va\u0161ej cesty k zmyslupln\u00fdm a pr\u00edjemn\u00fdm online interakci\u00e1m!<\/p>","protected":false},"excerpt":{"rendered":"<p>Vitajte na Cam Match \u2013 poprednej platforme, ktor\u00e1 v\u00e1m pom\u00f4\u017ee n\u00e1js\u0165 tie najlep\u0161ie str\u00e1nky s chatom cez kameru, ktor\u00e9 s\u00fa prisp\u00f4soben\u00e9 va\u0161im preferenci\u00e1m. V dne\u0161nej digit\u00e1lnej dobe s\u00fa zmyslupln\u00e9 kontakty vzdialen\u00e9 len jedno kliknutie. \u010ci u\u017e h\u013ead\u00e1te nov\u00e9 priate\u013estv\u00e1, p\u00fatav\u00e9 konverz\u00e1cie alebo objavujete svet online video komunik\u00e1cie, Cam Match je tu, aby v\u00e1s sprev\u00e1dzal. Na\u0161e poslanie [\u2026]<\/p>","protected":false},"author":1,"featured_media":0,"parent":0,"menu_order":0,"comment_status":"closed","ping_status":"closed","template":"page-no-sidebar.php","meta":{"footnotes":""},"class_list":["post-802","page","type-page","status-publish","hentry"],"yoast_head":"<!-- This site is optimized with the Yoast SEO plugin v26.8 - https:\/\/yoast.com\/product\/yoast-seo-wordpress\/ -->\n<title>About Us - Cam Match<\/title>\n<meta name=\"robots\" content=\"index, follow, max-snippet:-1, max-image-preview:large, max-video-preview:-1\" \/>\n<link rel=\"canonical\" href=\"https:\/\/cammatch.io\/sk\/about-us\/\" \/>\n<meta property=\"og:locale\" content=\"sk_SK\" \/>\n<meta property=\"og:type\" content=\"article\" \/>\n<meta property=\"og:title\" content=\"About Us - Cam Match\" \/>\n<meta property=\"og:description\" content=\"Welcome to Cam Match\u2014the premier platform designed to connect you with the best cam chat sites tailored to your preferences. In today&#8217;s digital age, meaningful connections are just a click away. Whether you&#8217;re seeking new friendships, engaging conversations, or exploring the world of online video communication, Cam Match is here to guide you. Our Mission [&hellip;]\" \/>\n<meta property=\"og:url\" content=\"https:\/\/cammatch.io\/sk\/about-us\/\" \/>\n<meta property=\"og:site_name\" content=\"Cam Match\" \/>\n<meta property=\"article:modified_time\" content=\"2024-09-25T01:30:42+00:00\" \/>\n<meta name=\"twitter:card\" content=\"summary_large_image\" \/>\n<meta name=\"twitter:label1\" content=\"Predpokladan\u00fd \u010das \u010d\u00edtania\" \/>\n\t<meta name=\"twitter:data1\" content=\"2 min\u00faty\" \/>\n<script type=\"application\/ld+json\" class=\"yoast-schema-graph\">{\"@context\":\"https:\/\/schema.org\",\"@graph\":[{\"@type\":\"WebPage\",\"@id\":\"https:\/\/cammatch.io\/about-us\/\",\"url\":\"https:\/\/cammatch.io\/about-us\/\",\"name\":\"About Us - Cam Match\",\"isPartOf\":{\"@id\":\"https:\/\/cammatch.io\/#website\"},\"datePublished\":\"2024-09-25T01:30:40+00:00\",\"dateModified\":\"2024-09-25T01:30:42+00:00\",\"breadcrumb\":{\"@id\":\"https:\/\/cammatch.io\/about-us\/#breadcrumb\"},\"inLanguage\":\"sk-SK\",\"potentialAction\":[{\"@type\":\"ReadAction\",\"target\":[\"https:\/\/cammatch.io\/about-us\/\"]}]},{\"@type\":\"BreadcrumbList\",\"@id\":\"https:\/\/cammatch.io\/about-us\/#breadcrumb\",\"itemListElement\":[{\"@type\":\"ListItem\",\"position\":1,\"name\":\"Home\",\"item\":\"https:\/\/cammatch.io\/\"},{\"@type\":\"ListItem\",\"position\":2,\"name\":\"About Us\"}]},{\"@type\":\"WebSite\",\"@id\":\"https:\/\/cammatch.io\/#website\",\"url\":\"https:\/\/cammatch.io\/\",\"name\":\"Cam Match\",\"description\":\"\",\"potentialAction\":[{\"@type\":\"SearchAction\",\"target\":{\"@type\":\"EntryPoint\",\"urlTemplate\":\"https:\/\/cammatch.io\/?s={search_term_string}\"},\"query-input\":{\"@type\":\"PropertyValueSpecification\",\"valueRequired\":true,\"valueName\":\"search_term_string\"}}],\"inLanguage\":\"sk-SK\"}]}<\/script>\n<!-- \/ Yoast SEO plugin. -->","yoast_head_json":{"title":"O n\u00e1s - Cam Match","robots":{"index":"index","follow":"follow","max-snippet":"max-snippet:-1","max-image-preview":"max-image-preview:large","max-video-preview":"max-video-preview:-1"},"canonical":"https:\/\/cammatch.io\/sk\/about-us\/","og_locale":"sk_SK","og_type":"article","og_title":"About Us - Cam Match","og_description":"Welcome to Cam Match\u2014the premier platform designed to connect you with the best cam chat sites tailored to your preferences. In today&#8217;s digital age, meaningful connections are just a click away. Whether you&#8217;re seeking new friendships, engaging conversations, or exploring the world of online video communication, Cam Match is here to guide you. Our Mission [&hellip;]","og_url":"https:\/\/cammatch.io\/sk\/about-us\/","og_site_name":"Cam Match","article_modified_time":"2024-09-25T01:30:42+00:00","twitter_card":"summary_large_image","twitter_misc":{"Predpokladan\u00fd \u010das \u010d\u00edtania":"2 min\u00faty"},"schema":{"@context":"https:\/\/schema.org","@graph":[{"@type":"WebPage","@id":"https:\/\/cammatch.io\/about-us\/","url":"https:\/\/cammatch.io\/about-us\/","name":"O n\u00e1s - Cam Match","isPartOf":{"@id":"https:\/\/cammatch.io\/#website"},"datePublished":"2024-09-25T01:30:40+00:00","dateModified":"2024-09-25T01:30:42+00:00","breadcrumb":{"@id":"https:\/\/cammatch.io\/about-us\/#breadcrumb"},"inLanguage":"sk-SK","potentialAction":[{"@type":"ReadAction","target":["https:\/\/cammatch.io\/about-us\/"]}]},{"@type":"BreadcrumbList","@id":"https:\/\/cammatch.io\/about-us\/#breadcrumb","itemListElement":[{"@type":"ListItem","position":1,"name":"Home","item":"https:\/\/cammatch.io\/"},{"@type":"ListItem","position":2,"name":"About Us"}]},{"@type":"WebSite","@id":"https:\/\/cammatch.io\/#website","url":"https:\/\/cammatch.io\/","name":"Zhoda kamery","description":"","potentialAction":[{"@type":"SearchAction","target":{"@type":"EntryPoint","urlTemplate":"https:\/\/cammatch.io\/?s={search_term_string}"},"query-input":{"@type":"PropertyValueSpecification","valueRequired":true,"valueName":"search_term_string"}}],"inLanguage":"sk-SK"}]}},"_links":{"self":[{"href":"https:\/\/cammatch.io\/sk\/wp-json\/wp\/v2\/pages\/802","targetHints":{"allow":["GET"]}}],"collection":[{"href":"https:\/\/cammatch.io\/sk\/wp-json\/wp\/v2\/pages"}],"about":[{"href":"https:\/\/cammatch.io\/sk\/wp-json\/wp\/v2\/types\/page"}],"author":[{"embeddable":true,"href":"https:\/\/cammatch.io\/sk\/wp-json\/wp\/v2\/users\/1"}],"replies":[{"embeddable":true,"href":"https:\/\/cammatch.io\/sk\/wp-json\/wp\/v2\/comments?post=802"}],"version-history":[{"count":1,"href":"https:\/\/cammatch.io\/sk\/wp-json\/wp\/v2\/pages\/802\/revisions"}],"predecessor-version":[{"id":803,"href":"https:\/\/cammatch.io\/sk\/wp-json\/wp\/v2\/pages\/802\/revisions\/803"}],"wp:attachment":[{"href":"https:\/\/cammatch.io\/sk\/wp-json\/wp\/v2\/media?parent=802"}],"curies":[{"name":"pracovn\u00fd list","href":"https:\/\/api.w.org\/{rel}","templated":true}]}}