{"id":3,"date":"2023-11-11T10:42:44","date_gmt":"2023-11-11T10:42:44","guid":{"rendered":"https:\/\/cammatch.io\/?page_id=3"},"modified":"2024-04-11T17:30:02","modified_gmt":"2024-04-11T17:30:02","slug":"privacy-policy","status":"publish","type":"page","link":"https:\/\/cammatch.io\/sl\/privacy-policy\/","title":{"rendered":"Pravilnik o zasebnosti"},"content":{"rendered":"<h2 class=\"wp-block-heading\">Kdo smo<\/h2>\n\n\n\n<p>Naslov na\u0161e spletne strani je: https:\/\/cammatch.io.<\/p>\n\n\n\n<h2 class=\"wp-block-heading\">Komentarji<\/h2>\n\n\n\n<p>Ko obiskovalci pustijo komentarje na spletnem mestu, zbiramo podatke, prikazane v obrazcu za komentarje, ter IP-naslov obiskovalca in niz uporabni\u0161kega agenta brskalnika, da bi la\u017eje odkrili ne\u017eeleno po\u0161to.<\/p>\n\n\n\n<p>Storitvi Gravatar se lahko posreduje anonimiziran niz, ustvarjen iz va\u0161ega e-po\u0161tnega naslova (imenovan tudi zgo\u0161\u010dena vrednost), da se preveri, ali jo uporabljate. Pravilnik o zasebnosti storitve Gravatar je na voljo tukaj: https:\/\/automattic.com\/privacy\/. Po odobritvi va\u0161ega komentarja je va\u0161a profilna slika vidna javnosti v kontekstu va\u0161ega komentarja.<\/p>\n\n\n\n<h2 class=\"wp-block-heading\">Mediji<\/h2>\n\n\n\n<p>\u010ce nalagate slike na spletno mesto, se izogibajte nalaganju slik z vdelanimi podatki o lokaciji (EXIF GPS). Obiskovalci spletnega mesta lahko prenesejo in izvle\u010dejo poljubne podatke o lokaciji s slik na spletnem mestu.<\/p>\n\n\n\n<h2 class=\"wp-block-heading\">Pi\u0161kotki<\/h2>\n\n\n\n<p>\u010ce na na\u0161i spletni strani pustite komentar, se lahko odlo\u010dite za shranjevanje svojega imena, e-po\u0161tnega naslova in spletnega mesta v pi\u0161kotkih. Ti pi\u0161kotki so namenjeni va\u0161emu udobju, da vam ni treba ponovno izpolnjevati svojih podatkov, ko pustite naslednji komentar. Ti pi\u0161kotki trajajo eno leto.<\/p>\n\n\n\n<p>\u010ce obi\u0161\u010dete na\u0161o prijavno stran, bomo nastavili za\u010dasni pi\u0161kotek, da ugotovimo, ali va\u0161 brskalnik sprejema pi\u0161kotke. Ta pi\u0161kotek ne vsebuje osebnih podatkov in se zavr\u017ee, ko zaprete brskalnik.<\/p>\n\n\n\n<p>Ko se prijavite, bomo nastavili tudi ve\u010d pi\u0161kotkov za shranjevanje va\u0161ih prijavnih podatkov in izbir prikaza zaslona. Prijavni pi\u0161kotki trajajo dva dni, pi\u0161kotki z mo\u017enostmi zaslona pa eno leto. \u010ce izberete \u00bbZapomni si me\u00ab, bo va\u0161a prijava trajala dva tedna. \u010ce se odjavite iz ra\u010duna, bodo prijavni pi\u0161kotki odstranjeni.<\/p>\n\n\n\n<p>\u010ce uredite ali objavite \u010dlanek, se v va\u0161em brskalniku shrani dodaten pi\u0161kotek. Ta pi\u0161kotek ne vsebuje osebnih podatkov in zgolj ozna\u010duje ID objave \u010dlanka, ki ste ga pravkar uredili. Pote\u010de po enem dnevu.<\/p>\n\n\n\n<h2 class=\"wp-block-heading\">Vdelana vsebina z drugih spletnih mest<\/h2>\n\n\n\n<p>\u010clanki na tem spletnem mestu lahko vsebujejo vdelano vsebino (npr. videoposnetke, slike, \u010dlanke itd.). Vdelana vsebina z drugih spletnih mest se obna\u0161a popolnoma enako, kot \u010de bi obiskovalec obiskal drugo spletno mesto.<\/p>\n\n\n\n<p>Ta spletna mesta lahko zbirajo podatke o vas, uporabljajo pi\u0161kotke, vgrajujejo dodatno sledenje tretjih oseb in spremljajo va\u0161o interakcijo s to vdelano vsebino, vklju\u010dno s sledenjem va\u0161e interakcije z vdelano vsebino, \u010de imate ra\u010dun in ste prijavljeni na tem spletnem mestu.<\/p>\n\n\n\n<h2 class=\"wp-block-heading\">S kom delimo va\u0161e podatke<\/h2>\n\n\n\n<p>\u010ce zahtevate ponastavitev gesla, bo va\u0161 IP-naslov vklju\u010den v e-po\u0161tno sporo\u010dilo za ponastavitev.<\/p>\n\n\n\n<h2 class=\"wp-block-heading\">Kako dolgo hranimo va\u0161e podatke<\/h2>\n\n\n\n<p>\u010ce pustite komentar, se komentar in njegovi metapodatki hranijo za nedolo\u010den \u010das. To je zato, da lahko samodejno prepoznamo in odobrimo morebitne nadaljnje komentarje, namesto da jih zadr\u017eimo v \u010dakalni vrsti za moderiranje.<\/p>\n\n\n\n<p>Za uporabnike, ki se registrirajo na na\u0161i spletni strani (\u010de obstajajo), shranimo tudi osebne podatke, ki jih posredujejo, v njihovem uporabni\u0161kem profilu. Vsi uporabniki si lahko kadar koli ogledajo, uredijo ali izbri\u0161ejo svoje osebne podatke (razen \u010de ne morejo spremeniti svojega uporabni\u0161kega imena). Tudi skrbniki spletne strani si lahko ogledajo in uredijo te podatke.<\/p>\n\n\n\n<h2 class=\"wp-block-heading\">Katere pravice imate glede svojih podatkov<\/h2>\n\n\n\n<p>\u010ce imate na tem spletnem mestu ra\u010dun ali ste pustili komentarje, lahko zahtevate prejem izvo\u017eene datoteke z osebnimi podatki, ki jih hranimo o vas, vklju\u010dno z vsemi podatki, ki ste nam jih posredovali. Zahtevate lahko tudi, da izbri\u0161emo vse osebne podatke, ki jih hranimo o vas. To ne vklju\u010duje podatkov, ki jih moramo hraniti za administrativne, pravne ali varnostne namene.<\/p>\n\n\n\n<h2 class=\"wp-block-heading\">Kam se po\u0161iljajo va\u0161i podatki<\/h2>\n\n\n\n<p>Komentarje obiskovalcev lahko preveri avtomatizirana storitev za zaznavanje ne\u017eelene po\u0161te.<\/p>","protected":false},"excerpt":{"rendered":"<p>Kdo smo Naslov na\u0161ega spletnega mesta je: https:\/\/cammatch.io. Komentarji Ko obiskovalci pustijo komentarje na spletnem mestu, zbiramo podatke, prikazane v obrazcu za komentarje, ter IP-naslov obiskovalca in niz uporabni\u0161kega agenta brskalnika, da bi la\u017eje odkrili ne\u017eeleno po\u0161to. Lahko se posreduje anonimiziran niz, ustvarjen iz va\u0161ega e-po\u0161tnega naslova (imenovan tudi zgo\u0161\u010dena vrednost) [\u2026]<\/p>","protected":false},"author":1,"featured_media":0,"parent":0,"menu_order":0,"comment_status":"closed","ping_status":"open","template":"","meta":{"footnotes":""},"class_list":["post-3","page","type-page","status-publish","hentry"],"yoast_head":"<!-- This site is optimized with the Yoast SEO plugin v26.8 - https:\/\/yoast.com\/product\/yoast-seo-wordpress\/ -->\n<title>Privacy Policy - Cam Match<\/title>\n<meta name=\"description\" content=\"Discover how we safeguard your information and ensure confidentiality throughout your online journey with us!\" \/>\n<meta name=\"robots\" content=\"index, follow, max-snippet:-1, max-image-preview:large, max-video-preview:-1\" \/>\n<link rel=\"canonical\" href=\"https:\/\/cammatch.io\/sl\/privacy-policy\/\" \/>\n<meta property=\"og:locale\" content=\"sl_SI\" \/>\n<meta property=\"og:type\" content=\"article\" \/>\n<meta property=\"og:title\" content=\"Privacy Policy - Cam Match\" \/>\n<meta property=\"og:description\" content=\"Discover how we safeguard your information and ensure confidentiality throughout your online journey with us!\" \/>\n<meta property=\"og:url\" content=\"https:\/\/cammatch.io\/sl\/privacy-policy\/\" \/>\n<meta property=\"og:site_name\" content=\"Cam Match\" \/>\n<meta property=\"article:modified_time\" content=\"2024-04-11T17:30:02+00:00\" \/>\n<meta name=\"twitter:card\" content=\"summary_large_image\" \/>\n<meta name=\"twitter:label1\" content=\"Est. reading time\" \/>\n\t<meta name=\"twitter:data1\" content=\"3 minute\" \/>\n<script type=\"application\/ld+json\" class=\"yoast-schema-graph\">{\"@context\":\"https:\/\/schema.org\",\"@graph\":[{\"@type\":\"WebPage\",\"@id\":\"https:\/\/cammatch.io\/privacy-policy\/\",\"url\":\"https:\/\/cammatch.io\/privacy-policy\/\",\"name\":\"Privacy Policy - Cam Match\",\"isPartOf\":{\"@id\":\"https:\/\/cammatch.io\/#website\"},\"datePublished\":\"2023-11-11T10:42:44+00:00\",\"dateModified\":\"2024-04-11T17:30:02+00:00\",\"description\":\"Discover how we safeguard your information and ensure confidentiality throughout your online journey with us!\",\"breadcrumb\":{\"@id\":\"https:\/\/cammatch.io\/privacy-policy\/#breadcrumb\"},\"inLanguage\":\"sl-SI\",\"potentialAction\":[{\"@type\":\"ReadAction\",\"target\":[\"https:\/\/cammatch.io\/privacy-policy\/\"]}]},{\"@type\":\"BreadcrumbList\",\"@id\":\"https:\/\/cammatch.io\/privacy-policy\/#breadcrumb\",\"itemListElement\":[{\"@type\":\"ListItem\",\"position\":1,\"name\":\"Home\",\"item\":\"https:\/\/cammatch.io\/\"},{\"@type\":\"ListItem\",\"position\":2,\"name\":\"Privacy Policy\"}]},{\"@type\":\"WebSite\",\"@id\":\"https:\/\/cammatch.io\/#website\",\"url\":\"https:\/\/cammatch.io\/\",\"name\":\"Cam Match\",\"description\":\"\",\"potentialAction\":[{\"@type\":\"SearchAction\",\"target\":{\"@type\":\"EntryPoint\",\"urlTemplate\":\"https:\/\/cammatch.io\/?s={search_term_string}\"},\"query-input\":{\"@type\":\"PropertyValueSpecification\",\"valueRequired\":true,\"valueName\":\"search_term_string\"}}],\"inLanguage\":\"sl-SI\"}]}<\/script>\n<!-- \/ Yoast SEO plugin. -->","yoast_head_json":{"title":"Pravilnik o zasebnosti - Cam Match","description":"Odkrijte, kako varujemo va\u0161e podatke in zagotavljamo zaupnost med va\u0161o spletno potjo z nami!","robots":{"index":"index","follow":"follow","max-snippet":"max-snippet:-1","max-image-preview":"max-image-preview:large","max-video-preview":"max-video-preview:-1"},"canonical":"https:\/\/cammatch.io\/sl\/privacy-policy\/","og_locale":"sl_SI","og_type":"article","og_title":"Privacy Policy - Cam Match","og_description":"Discover how we safeguard your information and ensure confidentiality throughout your online journey with us!","og_url":"https:\/\/cammatch.io\/sl\/privacy-policy\/","og_site_name":"Cam Match","article_modified_time":"2024-04-11T17:30:02+00:00","twitter_card":"summary_large_image","twitter_misc":{"Est. reading time":"3 minute"},"schema":{"@context":"https:\/\/schema.org","@graph":[{"@type":"WebPage","@id":"https:\/\/cammatch.io\/privacy-policy\/","url":"https:\/\/cammatch.io\/privacy-policy\/","name":"Pravilnik o zasebnosti - Cam Match","isPartOf":{"@id":"https:\/\/cammatch.io\/#website"},"datePublished":"2023-11-11T10:42:44+00:00","dateModified":"2024-04-11T17:30:02+00:00","description":"Odkrijte, kako varujemo va\u0161e podatke in zagotavljamo zaupnost med va\u0161o spletno potjo z nami!","breadcrumb":{"@id":"https:\/\/cammatch.io\/privacy-policy\/#breadcrumb"},"inLanguage":"sl-SI","potentialAction":[{"@type":"ReadAction","target":["https:\/\/cammatch.io\/privacy-policy\/"]}]},{"@type":"BreadcrumbList","@id":"https:\/\/cammatch.io\/privacy-policy\/#breadcrumb","itemListElement":[{"@type":"ListItem","position":1,"name":"Home","item":"https:\/\/cammatch.io\/"},{"@type":"ListItem","position":2,"name":"Privacy Policy"}]},{"@type":"WebSite","@id":"https:\/\/cammatch.io\/#website","url":"https:\/\/cammatch.io\/","name":"Ujemanje kamere","description":"","potentialAction":[{"@type":"SearchAction","target":{"@type":"EntryPoint","urlTemplate":"https:\/\/cammatch.io\/?s={search_term_string}"},"query-input":{"@type":"PropertyValueSpecification","valueRequired":true,"valueName":"search_term_string"}}],"inLanguage":"sl-SI"}]}},"_links":{"self":[{"href":"https:\/\/cammatch.io\/sl\/wp-json\/wp\/v2\/pages\/3","targetHints":{"allow":["GET"]}}],"collection":[{"href":"https:\/\/cammatch.io\/sl\/wp-json\/wp\/v2\/pages"}],"about":[{"href":"https:\/\/cammatch.io\/sl\/wp-json\/wp\/v2\/types\/page"}],"author":[{"embeddable":true,"href":"https:\/\/cammatch.io\/sl\/wp-json\/wp\/v2\/users\/1"}],"replies":[{"embeddable":true,"href":"https:\/\/cammatch.io\/sl\/wp-json\/wp\/v2\/comments?post=3"}],"version-history":[{"count":1,"href":"https:\/\/cammatch.io\/sl\/wp-json\/wp\/v2\/pages\/3\/revisions"}],"predecessor-version":[{"id":335,"href":"https:\/\/cammatch.io\/sl\/wp-json\/wp\/v2\/pages\/3\/revisions\/335"}],"wp:attachment":[{"href":"https:\/\/cammatch.io\/sl\/wp-json\/wp\/v2\/media?parent=3"}],"curies":[{"name":"delovni list","href":"https:\/\/api.w.org\/{rel}","templated":true}]}}