{"id":309,"date":"2022-11-06T19:44:28","date_gmt":"2022-11-06T19:44:28","guid":{"rendered":"https:\/\/export.mercurytheme.com\/001\/?page_id=2"},"modified":"2025-11-21T07:23:09","modified_gmt":"2025-11-21T07:23:09","slug":"home","status":"publish","type":"page","link":"https:\/\/cammatch.io\/sl\/","title":{"rendered":"Domov"},"content":{"rendered":"<div class=\"wp-block-cover alignfull is-light\" style=\"min-height:600px;aspect-ratio:unset;\"><span aria-hidden=\"true\" class=\"wp-block-cover__background has-background-dim\"><\/span><img loading=\"lazy\" decoding=\"async\" width=\"1024\" height=\"1024\" class=\"wp-block-cover__image-background wp-image-315\" alt=\"\" src=\"https:\/\/cammatch.io\/wp-content\/uploads\/2023\/11\/cam-match.jpg\" data-object-fit=\"cover\" srcset=\"https:\/\/cammatch.io\/wp-content\/uploads\/2023\/11\/cam-match.jpg 1024w, https:\/\/cammatch.io\/wp-content\/uploads\/2023\/11\/cam-match-300x300.jpg 300w, https:\/\/cammatch.io\/wp-content\/uploads\/2023\/11\/cam-match-150x150.jpg 150w, https:\/\/cammatch.io\/wp-content\/uploads\/2023\/11\/cam-match-768x768.jpg 768w, https:\/\/cammatch.io\/wp-content\/uploads\/2023\/11\/cam-match-40x40.jpg 40w, https:\/\/cammatch.io\/wp-content\/uploads\/2023\/11\/cam-match-50x50.jpg 50w, https:\/\/cammatch.io\/wp-content\/uploads\/2023\/11\/cam-match-100x100.jpg 100w, https:\/\/cammatch.io\/wp-content\/uploads\/2023\/11\/cam-match-120x120.jpg 120w, https:\/\/cammatch.io\/wp-content\/uploads\/2023\/11\/cam-match-135x135.jpg 135w, https:\/\/cammatch.io\/wp-content\/uploads\/2023\/11\/cam-match-270x270.jpg 270w, https:\/\/cammatch.io\/wp-content\/uploads\/2023\/11\/cam-match-450x450.jpg 450w, https:\/\/cammatch.io\/wp-content\/uploads\/2023\/11\/cam-match-479x479.jpg 479w, https:\/\/cammatch.io\/wp-content\/uploads\/2023\/11\/cam-match-570x570.jpg 570w, https:\/\/cammatch.io\/wp-content\/uploads\/2023\/11\/cam-match-767x767.jpg 767w, https:\/\/cammatch.io\/wp-content\/uploads\/2023\/11\/cam-match-32x32.jpg 32w, https:\/\/cammatch.io\/wp-content\/uploads\/2023\/11\/cam-match-80x80.jpg 80w\" sizes=\"auto, (max-width: 1024px) 100vw, 1024px\" \/><div class=\"wp-block-cover__inner-container is-layout-flow wp-block-cover-is-layout-flow\">\n<div style=\"height:100px\" aria-hidden=\"true\" class=\"wp-block-spacer\"><\/div>\n\n\n\n<h2 class=\"wp-block-heading has-text-align-center\" style=\"font-size:51px;font-style:italic;font-weight:900\">Naklju\u010dni video klepet 1 na 1<\/h2>\n\n\n\n<p class=\"has-text-align-center\" style=\"font-style:normal;font-weight:100\">Ujemanje z <a href=\"https:\/\/cammatch.io\/sl\/talkwithstranger\/\">Naklju\u010dni neznanci<\/a> z vsega sveta skozi <a href=\"https:\/\/cammatch.io\/sl\/wireclub\/\">video klepet<\/a>.<\/p>\n\n\n\n<div class=\"wp-block-buttons is-layout-flex wp-block-buttons-is-layout-flex\">\n<div class=\"wp-block-button aligncenter\"><a class=\"wp-block-button__link has-mercury-white-color has-luminous-vivid-amber-background-color has-text-color has-background wp-element-button\" href=\"https:\/\/cammatch.io\/sl\/coomeet\/\">Za\u010dni iskanje ujemanja<\/a><\/div>\n<\/div>\n\n\n\n<div style=\"height:100px\" aria-hidden=\"true\" class=\"wp-block-spacer\"><\/div>\n<\/div><\/div>\n\n\n\n\n\n<div style=\"height:30px\" aria-hidden=\"true\" class=\"wp-block-spacer\"><\/div>\n\n\n\n<p class=\"has-text-align-center has-text-color has-small-font-size\" style=\"color:#7f8c8d\">To spletno mesto je namenjeno izklju\u010dno uporabnikom, starim 18 let ali ve\u010d. Z dostopom do tega spletnega mesta in njegovo uporabo potrjujete, da ste stari vsaj 18 let.<\/p>\n\n\n\n<div style=\"height:30px\" aria-hidden=\"true\" class=\"wp-block-spacer\"><\/div>\n\n\n\n<h2 class=\"wp-block-heading\"><strong>Dobrodo\u0161li na Cam Match \u2013 vrhunska izku\u0161nja video klepeta!<\/strong><\/h2>\n\n\n\n<p><strong>\ud83c\udf10 Takoj\u0161nje povezave po vsem svetu:<\/strong> Pri Cam Matchu ru\u0161imo geografske ovire. <a href=\"https:\/\/cammatch.io\/sl\/bazoocam\/\">Pove\u017ei se<\/a> z ljudmi z vsega sveta z enim samim klikom. Ne glede na to, ali i\u0161\u010dete prijazno <a href=\"https:\/\/cammatch.io\/sl\/tohla\/\">klepet<\/a>, kulturno izmenjavo ali kaj ve\u010d, Cam Match vam svet v trenutku prinese na zaslon.<\/p>\n\n\n\n<p><strong>\ud83c\udfad Popolna anonimnost:<\/strong> Va\u0161a zasebnost je na\u0161a prioriteta. U\u017eivajte v pogovorih brez skrbi, da bi razkrili svojo identiteto. Na\u0161a platforma zagotavlja popolno anonimnost \u2013 brez osebnih podatkov, brez profilov, le \u010dista, spontana interakcija.<\/p>\n\n\n\n<p><strong>\ud83c\udf1f Enostavno in dostopno:<\/strong> Brez zapletenih registracij ali prenosov. Dostopajte do Cam Match iz katere koli naprave z internetno povezavo. Na\u0161 uporabniku prijazen vmesnik omogo\u010da enostaven video klepet za vsakogar.<\/p>\n\n\n\n<p><strong>\ud83d\udd12 Varno in za\u0161\u010diteno:<\/strong> Z na\u0161im najsodobnej\u0161im \u0161ifriranjem in moderiranjem dajemo prednost va\u0161i varnosti. Bodite varni, saj veste, da so va\u0161i pogovori in podatki za\u0161\u010diteni.<\/p>\n\n\n\n<p><strong>\ud83c\udf08 Raznolika skupnost:<\/strong> Z na tiso\u010de uporabniki na spletu v vsakem trenutku boste <a href=\"https:\/\/cammatch.io\/sl\/meetskip\/\">sre\u010dati<\/a> \u0161irok nabor posameznikov iz razli\u010dnih okolij, interesov in kultur. Vsak klepet je prilo\u017enost za edinstveno in bogato izku\u0161njo.<\/p>\n\n\n\n<p><strong>\ud83c\udfa5 Visokokakovosten video in zvok:<\/strong> Izkusite kristalno \u010disto kakovost videa in zvoka. Na\u0161a platforma zagotavlja, da so va\u0161i pogovori kar se da pristni in neprekinjeni.<\/p>\n\n\n\n<p><strong>\ud83c\udfb2 Naklju\u010dno <a href=\"https:\/\/cammatch.io\/sl\/luckycrush\/\">Ujemanje<\/a> Algoritem:<\/strong> Naj usoda izbere va\u0161ega naslednjega sogovornika. Na\u0161 algoritem za naklju\u010dno ujemanje vas vsaki\u010d, ko kliknete \u00bbNaprej\u00ab, pove\u017ee z novimi in zanimivimi ljudmi.<\/p>\n\n\n\n<p><strong>\ud83e\udd16 Funkcije, ki jih poganja umetna inteligenca:<\/strong> U\u017eivajte v naprednih funkcijah, kot so filtri za obraz z umetno inteligenco in prevajanje jezikov. Premagajte jezikovne ovire in dodajte svojim pogovorom zabaven pridih.<\/p>\n\n\n\n<p><strong>\ud83d\udcf1 Prijazno mobilnim napravam:<\/strong> Vzemite Cam Match s seboj! Na\u0161a platforma je optimizirana za mobilne naprave, kar zagotavlja nemoteno klepetalno izku\u0161njo, kjer koli \u017ee ste.<\/p>\n\n\n\n<div style=\"height:60px\" aria-hidden=\"true\" class=\"wp-block-spacer\"><\/div>\n\n\n\n<div class=\"wp-block-cover alignfull\"><img loading=\"lazy\" decoding=\"async\" width=\"1254\" height=\"836\" class=\"wp-block-cover__image-background wp-image-313\" alt=\"\" src=\"https:\/\/cammatch.io\/wp-content\/uploads\/2023\/11\/chatting.jpg\" data-object-fit=\"cover\" srcset=\"https:\/\/cammatch.io\/wp-content\/uploads\/2023\/11\/chatting.jpg 1254w, https:\/\/cammatch.io\/wp-content\/uploads\/2023\/11\/chatting-300x200.jpg 300w, https:\/\/cammatch.io\/wp-content\/uploads\/2023\/11\/chatting-1024x683.jpg 1024w, https:\/\/cammatch.io\/wp-content\/uploads\/2023\/11\/chatting-768x512.jpg 768w, https:\/\/cammatch.io\/wp-content\/uploads\/2023\/11\/chatting-60x40.jpg 60w, https:\/\/cammatch.io\/wp-content\/uploads\/2023\/11\/chatting-48x32.jpg 48w, https:\/\/cammatch.io\/wp-content\/uploads\/2023\/11\/chatting-120x80.jpg 120w, https:\/\/cammatch.io\/wp-content\/uploads\/2023\/11\/chatting-203x135.jpg 203w\" sizes=\"auto, (max-width: 1254px) 100vw, 1254px\" \/><span aria-hidden=\"true\" class=\"wp-block-cover__background has-background-dim-70 has-background-dim\"><\/span><div class=\"wp-block-cover__inner-container is-layout-flow wp-block-cover-is-layout-flow\">\n<div style=\"height:60px\" aria-hidden=\"true\" class=\"wp-block-spacer\"><\/div>\n\n\n\n<div style=\"height:60px\" aria-hidden=\"true\" class=\"wp-block-spacer\"><\/div>\n\n\n\n<h3 class=\"wp-block-heading\"><strong>Cam Match \u2013 Kjer je vsak klik nova pustolov\u0161\u010dina!<\/strong><\/h3>\n\n\n\n<p>Podajte se na svojo pot povezovanja in raziskovanja \u0161e danes. Pridru\u017eite se Cam Matchu \u2013 brezpla\u010dno je, zabavno in le en klik stran!<\/p>\n<\/div><\/div>\n\n\n\n<div style=\"height:60px\" aria-hidden=\"true\" class=\"wp-block-spacer\"><\/div>\n\n\n\n<h3 class=\"wp-block-heading\">Takoj\u0161nja povezava, prosto klepet<\/h3>\n\n\n\n<p><strong>CamMatch.io<\/strong> je portal brez te\u017eav za spontana, individualna sre\u010danja <a href=\"https:\/\/cammatch.io\/sl\/tandoo\/\">video klepeti<\/a>Pozabite na kompleksnost sodobnih dru\u017ebenih medijev in sprejmite preprost na\u010din za spoznavanje novih ljudi z vsega sveta. Enostaven in jasen postopek, brez obveznosti \u2013 samo pristna \u010dlove\u0161ka povezava.<\/p>\n\n\n\n<h4 class=\"wp-block-heading\">Zakaj CamMatch.io?<\/h4>\n\n\n\n<ul class=\"wp-block-list\">\n<li><strong>Takoj\u0161nja povezava:<\/strong> Sko\u010di naravnost v <a href=\"https:\/\/cammatch.io\/sl\/1v1-video-chat\/\">1 na 1<\/a> klepeti brez potrebe po dolgotrajni registraciji.<\/li>\n\n\n\n<li><strong>Varno in za\u0161\u010diteno:<\/strong> U\u017eivajte v zasebnem prostoru, zasnovanem z mislijo na va\u0161o varnost.<\/li>\n\n\n\n<li><strong>Enostavna uporaba:<\/strong> Na\u0161a intuitivna platforma pomeni, da ni zapletenih korakov \u2013 samo kliknite in se pove\u017eite.<\/li>\n\n\n\n<li><strong>Globalna skupnost:<\/strong> Spoznajte raznolike, zanimive ljudi, pripravljene na klepet kadarkoli in kjerkoli.<\/li>\n<\/ul>\n\n\n\n<h4 class=\"wp-block-heading\">Kako deluje<\/h4>\n\n\n\n<ol class=\"wp-block-list\">\n<li><strong>Kliknite za klepet:<\/strong> Kliknite gumb \u00bbZa\u010dni klepet\u00ab in takoj se pove\u017eite z nekom novim.<\/li>\n\n\n\n<li><strong>Takoj\u0161nja povezava:<\/strong> U\u017eivajte v brezhibni izku\u0161nji video klepeta z minimalnimi zamudami.<\/li>\n\n\n\n<li><strong>Pojdi naprej ali se pove\u017ei globlje:<\/strong> Pogovor lahko kadar koli kon\u010date ali pa ostanete na voljo za smiselno povezavo.<\/li>\n<\/ol>\n\n\n\n<h4 class=\"wp-block-heading\">Pridru\u017eite se revoluciji<\/h4>\n\n\n\n<p>Odmaknite se od vnaprej na\u010drtovanih interakcij in se poglobite v resni\u010dne pogovore. Ne glede na to, ali i\u0161\u010dete hiter pozdrav ali globljo povezavo, <strong>CamMatch.io<\/strong> je va\u0161a idealna destinacija za brezskrbne video klepete 1 na 1. Za\u010dnite svojo pot z nami \u0161e danes in izkusite svobodo pristne, nefiltrirane povezave.<\/p>\n\n\n\n<p><strong>Ste pripravljeni na klepet? Kliknite spodaj, da za\u010dnete svojo pustolov\u0161\u010dino!<\/strong><\/p>\n\n\n\n<hr class=\"wp-block-separator has-alpha-channel-opacity\"\/>\n\n\n\n<p>Do\u017eivite prihodnost naklju\u010dnega video klepeta na <strong>CamMatch.io<\/strong> \u2013 kjer je vsak pogovor nova mo\u017enost.<\/p>\n\n\n\n<p><strong>Izjava o omejitvi odgovornosti za<\/strong> Ujemanje kamere<\/p>\n\n\n\n<ol class=\"wp-block-list\">\n<li><strong>Starostna omejitev<\/strong>: To spletno mesto je namenjeno izklju\u010dno uporabnikom, starim 18 let ali ve\u010d. Z dostopom do tega spletnega mesta in njegovo uporabo potrjujete, da ste stari vsaj 18 let.<\/li>\n\n\n\n<li><strong>Brez odgovornosti za interakcije uporabnikov<\/strong>Cam Match je platforma za video klepet odraslih uporabnikov. Ne odgovarjamo za vedenje uporabnikov na spletnem mestu ali zunaj njega. Uporabniki komunicirajo na lastno odgovornost.<\/li>\n\n\n\n<li>Spremljanje in odstranjevanje vsebine: skrbno spremljamo in nemudoma odstranjujemo vsako vsebino, ki kr\u0161i na\u0161e pogoje storitve ali se \u0161teje za neprimerno ali nezakonito. Zaupajte na\u0161i zavezanosti k ohranjanju varnega in spo\u0161tljivega spletnega okolja.<\/li>\n\n\n\n<li><strong>Pogoji storitve<\/strong>Z uporabo te strani se strinjate z na\u0161imi pogoji storitve. Va\u0161a odgovornost je, da te pogoje redno pregledujete.<\/li>\n\n\n\n<li><strong><a href=\"https:\/\/cammatch.io\/sl\/privacy-policy\/\">Pravilnik o zasebnosti<\/a><\/strong>Va\u0161a zasebnost nam je pomembna. Prosimo, preglejte na\u0161o politiko zasebnosti, da boste razumeli, kako uporabljamo in varujemo va\u0161e podatke.<\/li>\n\n\n\n<li><strong>Poro\u010danje in izvr\u0161evanje<\/strong>Uporabnike spodbujamo, da prijavijo vsako vedenje ali vsebino, ki kr\u0161i na\u0161e pravilnike. Po potrebi bomo ustrezno ukrepali.<\/li>\n\n\n\n<li><strong>Brez jamstva za storitev<\/strong>Ne zagotavljamo nemotenega ali brezhibnega delovanja spletnega mesta in ne odgovarjamo za morebitne tehni\u010dne te\u017eave ali izpade.<\/li>\n\n\n\n<li><strong>Spremembe<\/strong>: Ta izjava o omejitvi odgovornosti se lahko spremeni brez predhodnega obvestila in uporabnik je odgovoren za to, da ostane obve\u0161\u010den o vseh spremembah.<\/li>\n<\/ol>\n\n\n\n<p><strong>To spletno mesto uporabljajte odgovorno in na lastno odgovornost.<\/strong><\/p>","protected":false},"excerpt":{"rendered":"<p>To spletno mesto je namenjeno izklju\u010dno uporabnikom, starim 18 let ali ve\u010d. Z dostopom do tega spletnega mesta in njegovo uporabo potrjujete, da ste stari vsaj 18 let. Dobrodo\u0161li na Cam Match \u2013 vrhunska izku\u0161nja video klepeta! \ud83c\udf10 Takoj\u0161nje povezave po vsem svetu: Pri Cam Match ru\u0161imo geografske ovire. Pove\u017eite se z ljudmi iz vseh [\u2026]<\/p>","protected":false},"author":1,"featured_media":0,"parent":0,"menu_order":0,"comment_status":"closed","ping_status":"open","template":"page-without-title.php","meta":{"footnotes":""},"class_list":["post-309","page","type-page","status-publish","hentry"],"yoast_head":"<!-- This site is optimized with the Yoast SEO plugin v26.8 - https:\/\/yoast.com\/product\/yoast-seo-wordpress\/ -->\n<title>CamMatch - Talk to Strangers Through Random Video Chat<\/title>\n<meta name=\"description\" content=\"Discover Cam Match \u2013 Your Gateway to Global Connections! Talk to strangers from across the world through random video chat.\" \/>\n<meta name=\"robots\" content=\"index, follow, max-snippet:-1, max-image-preview:large, max-video-preview:-1\" \/>\n<link rel=\"canonical\" href=\"https:\/\/cammatch.io\/sl\/\" \/>\n<meta property=\"og:locale\" content=\"sl_SI\" \/>\n<meta property=\"og:type\" content=\"article\" \/>\n<meta property=\"og:title\" content=\"CamMatch - Talk to Strangers Through Random Video Chat\" \/>\n<meta property=\"og:description\" content=\"Discover Cam Match \u2013 Your Gateway to Global Connections! Talk to strangers from across the world through random video chat.\" \/>\n<meta property=\"og:url\" content=\"https:\/\/cammatch.io\/sl\/\" \/>\n<meta property=\"og:site_name\" content=\"Cam Match\" \/>\n<meta property=\"article:modified_time\" content=\"2025-11-21T07:23:09+00:00\" \/>\n<meta property=\"og:image\" content=\"https:\/\/cammatch.io\/wp-content\/uploads\/2023\/11\/cam-match.jpg\" \/>\n\t<meta property=\"og:image:width\" content=\"1024\" \/>\n\t<meta property=\"og:image:height\" content=\"1024\" \/>\n\t<meta property=\"og:image:type\" content=\"image\/jpeg\" \/>\n<meta name=\"twitter:card\" content=\"summary_large_image\" \/>\n<meta name=\"twitter:label1\" content=\"Est. reading time\" \/>\n\t<meta name=\"twitter:data1\" content=\"4 minute\" \/>\n<script type=\"application\/ld+json\" class=\"yoast-schema-graph\">{\"@context\":\"https:\/\/schema.org\",\"@graph\":[{\"@type\":\"WebPage\",\"@id\":\"https:\/\/cammatch.io\/\",\"url\":\"https:\/\/cammatch.io\/\",\"name\":\"CamMatch - Talk to Strangers Through Random Video Chat\",\"isPartOf\":{\"@id\":\"https:\/\/cammatch.io\/#website\"},\"primaryImageOfPage\":{\"@id\":\"https:\/\/cammatch.io\/#primaryimage\"},\"image\":{\"@id\":\"https:\/\/cammatch.io\/#primaryimage\"},\"thumbnailUrl\":\"https:\/\/cammatch.io\/wp-content\/uploads\/2023\/11\/cam-match.jpg\",\"datePublished\":\"2022-11-06T19:44:28+00:00\",\"dateModified\":\"2025-11-21T07:23:09+00:00\",\"description\":\"Discover Cam Match \u2013 Your Gateway to Global Connections! Talk to strangers from across the world through random video chat.\",\"breadcrumb\":{\"@id\":\"https:\/\/cammatch.io\/#breadcrumb\"},\"inLanguage\":\"sl-SI\",\"potentialAction\":[{\"@type\":\"ReadAction\",\"target\":[\"https:\/\/cammatch.io\/\"]}]},{\"@type\":\"ImageObject\",\"inLanguage\":\"sl-SI\",\"@id\":\"https:\/\/cammatch.io\/#primaryimage\",\"url\":\"https:\/\/cammatch.io\/wp-content\/uploads\/2023\/11\/cam-match.jpg\",\"contentUrl\":\"https:\/\/cammatch.io\/wp-content\/uploads\/2023\/11\/cam-match.jpg\"},{\"@type\":\"BreadcrumbList\",\"@id\":\"https:\/\/cammatch.io\/#breadcrumb\",\"itemListElement\":[{\"@type\":\"ListItem\",\"position\":1,\"name\":\"Home\",\"item\":\"https:\/\/cammatch.io\/\"},{\"@type\":\"ListItem\",\"position\":2,\"name\":\"Home\"}]},{\"@type\":\"WebSite\",\"@id\":\"https:\/\/cammatch.io\/#website\",\"url\":\"https:\/\/cammatch.io\/\",\"name\":\"Cam Match\",\"description\":\"\",\"potentialAction\":[{\"@type\":\"SearchAction\",\"target\":{\"@type\":\"EntryPoint\",\"urlTemplate\":\"https:\/\/cammatch.io\/?s={search_term_string}\"},\"query-input\":{\"@type\":\"PropertyValueSpecification\",\"valueRequired\":true,\"valueName\":\"search_term_string\"}}],\"inLanguage\":\"sl-SI\"}]}<\/script>\n<!-- \/ Yoast SEO plugin. -->","yoast_head_json":{"title":"CamMatch - Pogovarjajte se z neznanci prek naklju\u010dnega video klepeta","description":"Odkrijte Cam Match \u2013 va\u0161a vrata do globalnih povezav! Pogovarjajte se z neznanci z vsega sveta prek naklju\u010dnega video klepeta.","robots":{"index":"index","follow":"follow","max-snippet":"max-snippet:-1","max-image-preview":"max-image-preview:large","max-video-preview":"max-video-preview:-1"},"canonical":"https:\/\/cammatch.io\/sl\/","og_locale":"sl_SI","og_type":"article","og_title":"CamMatch - Talk to Strangers Through Random Video Chat","og_description":"Discover Cam Match \u2013 Your Gateway to Global Connections! Talk to strangers from across the world through random video chat.","og_url":"https:\/\/cammatch.io\/sl\/","og_site_name":"Cam Match","article_modified_time":"2025-11-21T07:23:09+00:00","og_image":[{"width":1024,"height":1024,"url":"https:\/\/cammatch.io\/wp-content\/uploads\/2023\/11\/cam-match.jpg","type":"image\/jpeg"}],"twitter_card":"summary_large_image","twitter_misc":{"Est. reading time":"4 minute"},"schema":{"@context":"https:\/\/schema.org","@graph":[{"@type":"WebPage","@id":"https:\/\/cammatch.io\/","url":"https:\/\/cammatch.io\/","name":"CamMatch - Pogovarjajte se z neznanci prek naklju\u010dnega video klepeta","isPartOf":{"@id":"https:\/\/cammatch.io\/#website"},"primaryImageOfPage":{"@id":"https:\/\/cammatch.io\/#primaryimage"},"image":{"@id":"https:\/\/cammatch.io\/#primaryimage"},"thumbnailUrl":"https:\/\/cammatch.io\/wp-content\/uploads\/2023\/11\/cam-match.jpg","datePublished":"2022-11-06T19:44:28+00:00","dateModified":"2025-11-21T07:23:09+00:00","description":"Odkrijte Cam Match \u2013 va\u0161a vrata do globalnih povezav! Pogovarjajte se z neznanci z vsega sveta prek naklju\u010dnega video klepeta.","breadcrumb":{"@id":"https:\/\/cammatch.io\/#breadcrumb"},"inLanguage":"sl-SI","potentialAction":[{"@type":"ReadAction","target":["https:\/\/cammatch.io\/"]}]},{"@type":"ImageObject","inLanguage":"sl-SI","@id":"https:\/\/cammatch.io\/#primaryimage","url":"https:\/\/cammatch.io\/wp-content\/uploads\/2023\/11\/cam-match.jpg","contentUrl":"https:\/\/cammatch.io\/wp-content\/uploads\/2023\/11\/cam-match.jpg"},{"@type":"BreadcrumbList","@id":"https:\/\/cammatch.io\/#breadcrumb","itemListElement":[{"@type":"ListItem","position":1,"name":"Home","item":"https:\/\/cammatch.io\/"},{"@type":"ListItem","position":2,"name":"Home"}]},{"@type":"WebSite","@id":"https:\/\/cammatch.io\/#website","url":"https:\/\/cammatch.io\/","name":"Ujemanje kamere","description":"","potentialAction":[{"@type":"SearchAction","target":{"@type":"EntryPoint","urlTemplate":"https:\/\/cammatch.io\/?s={search_term_string}"},"query-input":{"@type":"PropertyValueSpecification","valueRequired":true,"valueName":"search_term_string"}}],"inLanguage":"sl-SI"}]}},"_links":{"self":[{"href":"https:\/\/cammatch.io\/sl\/wp-json\/wp\/v2\/pages\/309","targetHints":{"allow":["GET"]}}],"collection":[{"href":"https:\/\/cammatch.io\/sl\/wp-json\/wp\/v2\/pages"}],"about":[{"href":"https:\/\/cammatch.io\/sl\/wp-json\/wp\/v2\/types\/page"}],"author":[{"embeddable":true,"href":"https:\/\/cammatch.io\/sl\/wp-json\/wp\/v2\/users\/1"}],"replies":[{"embeddable":true,"href":"https:\/\/cammatch.io\/sl\/wp-json\/wp\/v2\/comments?post=309"}],"version-history":[{"count":5,"href":"https:\/\/cammatch.io\/sl\/wp-json\/wp\/v2\/pages\/309\/revisions"}],"predecessor-version":[{"id":928,"href":"https:\/\/cammatch.io\/sl\/wp-json\/wp\/v2\/pages\/309\/revisions\/928"}],"wp:attachment":[{"href":"https:\/\/cammatch.io\/sl\/wp-json\/wp\/v2\/media?parent=309"}],"curies":[{"name":"delovni list","href":"https:\/\/api.w.org\/{rel}","templated":true}]}}