{"id":802,"date":"2024-09-25T01:30:40","date_gmt":"2024-09-25T01:30:40","guid":{"rendered":"https:\/\/cammatch.io\/?page_id=802"},"modified":"2024-09-25T01:30:42","modified_gmt":"2024-09-25T01:30:42","slug":"about-us","status":"publish","type":"page","link":"https:\/\/cammatch.io\/sl\/about-us\/","title":{"rendered":"O nas"},"content":{"rendered":"<p>Dobrodo\u0161li v <strong>Ujemanje kamere<\/strong>\u2014vrhunska platforma, zasnovana za <a href=\"https:\/\/cammatch.io\/sl\/bazoocam\/\">povezati<\/a> ti z najbolj\u0161imi <a href=\"https:\/\/cammatch.io\/sl\/wireclub\/\">klepet prek kamere<\/a> spletna mesta, prilagojena va\u0161im \u017eeljam. V dana\u0161nji digitalni dobi so smiselne povezave oddaljene le en klik. Ne glede na to, ali i\u0161\u010dete nova prijateljstva, zanimive pogovore ali raziskujete svet spletne video komunikacije, vam je Cam Match na voljo.<\/p>\n\n\n\n<p><strong>Na\u0161e poslanstvo<\/strong><\/p>\n\n\n\n<p>Pri Cam Matchu je na\u0161e poslanstvo poenostaviti va\u0161e iskanje popolne kamere <a href=\"https:\/\/cammatch.io\/sl\/tohla\/\">klepet<\/a> izku\u0161nje. Razumemo, da je lahko iskanje prave platforme ob ne\u0161tetih mo\u017enostih izjemno zahtevno. Zato smo ustvarili brezhibno <a href=\"https:\/\/cammatch.io\/sl\/luckycrush\/\">ujemanje<\/a> sistem, ki vas pove\u017ee s spletnimi mesti za klepet s kamerami, ki ustrezajo va\u0161im interesom in potrebam.<\/p>\n\n\n\n<p><strong>Kaj po\u010dnemo<\/strong><\/p>\n\n\n\n<ul class=\"wp-block-list\">\n<li><strong>Prilagojeno ujemanje<\/strong>Na\u0161i napredni algoritmi upo\u0161tevajo va\u0161e nastavitve, da vam pomagajo najti spletna mesta za klepet s kamerami, ki ponujajo izku\u0161nje, ki jih i\u0161\u010dete.<\/li>\n\n\n\n<li><strong>Izbrani izbori<\/strong>Sodelujemo z razli\u010dnimi uglednimi platformami za klepet s kamerami, da vam zagotovimo dostop do varnih, privla\u010dnih in visokokakovostnih storitev.<\/li>\n\n\n\n<li><strong>Uporabni\u0161ke ocene in mnenja<\/strong>Izkoristite vpoglede na\u0161e skupnosti. Preberite mnenja in ocene resni\u010dnih uporabnikov, da se boste lahko informirano odlo\u010dali.<\/li>\n<\/ul>\n\n\n\n<p><strong>Zakaj izbrati Cam Match<\/strong><\/p>\n\n\n\n<ul class=\"wp-block-list\">\n<li><strong>Strokovno vodenje<\/strong>Na\u0161a ekipa je predana raziskovanju in sodelovanju le z najbolj\u0161imi spletnimi mesti za klepet s kamerami.<\/li>\n\n\n\n<li><strong>Uporabni\u0161ko usmerjen pristop<\/strong>Va\u0161e zadovoljstvo je na\u0161a prioriteta. Na\u0161 postopek ujemanja nenehno izbolj\u0161ujemo na podlagi povratnih informacij uporabnikov.<\/li>\n\n\n\n<li><strong>Varno in zaupanja vredno<\/strong>Va\u0161o varnost dajemo prednost sodelovanju s platformami, ki spo\u0161tujejo stroge varnostne in zasebnostne standarde.<\/li>\n<\/ul>\n\n\n\n<p><strong>Pridru\u017eite se na\u0161i skupnosti<\/strong><\/p>\n\n\n\n<p>Podajte se na pot in odkrijte vznemirljive izku\u0161nje s klepetom s kamero. S Cam Match lahko samozavestno raziskujete nove platforme, saj veste, da smo opravili temeljito delo za zagotovitev kakovosti in zanesljivosti.<\/p>\n\n\n\n<p><strong>Pove\u017eite se na svoj na\u010din<\/strong><\/p>\n\n\n\n<p>Ne glede na to, ali vas zanimajo spro\u0161\u010deni klepeti, poglobljeni pogovori ali sre\u010danja z ljudmi z vsega sveta, vam Cam Match odpira vrata v svet mo\u017enosti. Naj vam pomagamo najti popolno spletno mesto za klepet s kamero, ki vam ustreza.<\/p>\n\n\n\n<p><strong>Za\u010dnite \u0161e danes<\/strong><\/p>\n\n\n\n<p>Ste pripravljeni najti svojo idealno platformo za klepet s kamero? Za\u010dnite svoj prilagojen postopek povezovanja in se pove\u017eite kot \u0161e nikoli prej!<\/p>\n\n\n\n<hr class=\"wp-block-separator has-alpha-channel-opacity\"\/>\n\n\n\n<p>Hvala, ker ste izbrali Cam Match. Veseli nas, da smo del va\u0161e poti do smiselnih in prijetnih spletnih interakcij!<\/p>","protected":false},"excerpt":{"rendered":"<p>Dobrodo\u0161li na Cam Match \u2013 vodilni platformi, zasnovani tako, da vas pove\u017ee z najbolj\u0161imi spletnimi mesti za klepet s kamerami, prilagojenimi va\u0161im \u017eeljam. V dana\u0161nji digitalni dobi so smiselne povezave oddaljene le en klik. Ne glede na to, ali i\u0161\u010dete nova prijateljstva, zanimive pogovore ali raziskujete svet spletne video komunikacije, je Cam Match tu, da vas vodi. Na\u0161e poslanstvo [\u2026]<\/p>","protected":false},"author":1,"featured_media":0,"parent":0,"menu_order":0,"comment_status":"closed","ping_status":"closed","template":"page-no-sidebar.php","meta":{"footnotes":""},"class_list":["post-802","page","type-page","status-publish","hentry"],"yoast_head":"<!-- This site is optimized with the Yoast SEO plugin v26.8 - https:\/\/yoast.com\/product\/yoast-seo-wordpress\/ -->\n<title>About Us - Cam Match<\/title>\n<meta name=\"robots\" content=\"index, follow, max-snippet:-1, max-image-preview:large, max-video-preview:-1\" \/>\n<link rel=\"canonical\" href=\"https:\/\/cammatch.io\/sl\/about-us\/\" \/>\n<meta property=\"og:locale\" content=\"sl_SI\" \/>\n<meta property=\"og:type\" content=\"article\" \/>\n<meta property=\"og:title\" content=\"About Us - Cam Match\" \/>\n<meta property=\"og:description\" content=\"Welcome to Cam Match\u2014the premier platform designed to connect you with the best cam chat sites tailored to your preferences. In today&#8217;s digital age, meaningful connections are just a click away. Whether you&#8217;re seeking new friendships, engaging conversations, or exploring the world of online video communication, Cam Match is here to guide you. Our Mission [&hellip;]\" \/>\n<meta property=\"og:url\" content=\"https:\/\/cammatch.io\/sl\/about-us\/\" \/>\n<meta property=\"og:site_name\" content=\"Cam Match\" \/>\n<meta property=\"article:modified_time\" content=\"2024-09-25T01:30:42+00:00\" \/>\n<meta name=\"twitter:card\" content=\"summary_large_image\" \/>\n<meta name=\"twitter:label1\" content=\"Est. reading time\" \/>\n\t<meta name=\"twitter:data1\" content=\"2 minuti\" \/>\n<script type=\"application\/ld+json\" class=\"yoast-schema-graph\">{\"@context\":\"https:\/\/schema.org\",\"@graph\":[{\"@type\":\"WebPage\",\"@id\":\"https:\/\/cammatch.io\/about-us\/\",\"url\":\"https:\/\/cammatch.io\/about-us\/\",\"name\":\"About Us - Cam Match\",\"isPartOf\":{\"@id\":\"https:\/\/cammatch.io\/#website\"},\"datePublished\":\"2024-09-25T01:30:40+00:00\",\"dateModified\":\"2024-09-25T01:30:42+00:00\",\"breadcrumb\":{\"@id\":\"https:\/\/cammatch.io\/about-us\/#breadcrumb\"},\"inLanguage\":\"sl-SI\",\"potentialAction\":[{\"@type\":\"ReadAction\",\"target\":[\"https:\/\/cammatch.io\/about-us\/\"]}]},{\"@type\":\"BreadcrumbList\",\"@id\":\"https:\/\/cammatch.io\/about-us\/#breadcrumb\",\"itemListElement\":[{\"@type\":\"ListItem\",\"position\":1,\"name\":\"Home\",\"item\":\"https:\/\/cammatch.io\/\"},{\"@type\":\"ListItem\",\"position\":2,\"name\":\"About Us\"}]},{\"@type\":\"WebSite\",\"@id\":\"https:\/\/cammatch.io\/#website\",\"url\":\"https:\/\/cammatch.io\/\",\"name\":\"Cam Match\",\"description\":\"\",\"potentialAction\":[{\"@type\":\"SearchAction\",\"target\":{\"@type\":\"EntryPoint\",\"urlTemplate\":\"https:\/\/cammatch.io\/?s={search_term_string}\"},\"query-input\":{\"@type\":\"PropertyValueSpecification\",\"valueRequired\":true,\"valueName\":\"search_term_string\"}}],\"inLanguage\":\"sl-SI\"}]}<\/script>\n<!-- \/ Yoast SEO plugin. -->","yoast_head_json":{"title":"O nas - Cam Match","robots":{"index":"index","follow":"follow","max-snippet":"max-snippet:-1","max-image-preview":"max-image-preview:large","max-video-preview":"max-video-preview:-1"},"canonical":"https:\/\/cammatch.io\/sl\/about-us\/","og_locale":"sl_SI","og_type":"article","og_title":"About Us - Cam Match","og_description":"Welcome to Cam Match\u2014the premier platform designed to connect you with the best cam chat sites tailored to your preferences. In today&#8217;s digital age, meaningful connections are just a click away. Whether you&#8217;re seeking new friendships, engaging conversations, or exploring the world of online video communication, Cam Match is here to guide you. Our Mission [&hellip;]","og_url":"https:\/\/cammatch.io\/sl\/about-us\/","og_site_name":"Cam Match","article_modified_time":"2024-09-25T01:30:42+00:00","twitter_card":"summary_large_image","twitter_misc":{"Est. reading time":"2 minuti"},"schema":{"@context":"https:\/\/schema.org","@graph":[{"@type":"WebPage","@id":"https:\/\/cammatch.io\/about-us\/","url":"https:\/\/cammatch.io\/about-us\/","name":"O nas - Cam Match","isPartOf":{"@id":"https:\/\/cammatch.io\/#website"},"datePublished":"2024-09-25T01:30:40+00:00","dateModified":"2024-09-25T01:30:42+00:00","breadcrumb":{"@id":"https:\/\/cammatch.io\/about-us\/#breadcrumb"},"inLanguage":"sl-SI","potentialAction":[{"@type":"ReadAction","target":["https:\/\/cammatch.io\/about-us\/"]}]},{"@type":"BreadcrumbList","@id":"https:\/\/cammatch.io\/about-us\/#breadcrumb","itemListElement":[{"@type":"ListItem","position":1,"name":"Home","item":"https:\/\/cammatch.io\/"},{"@type":"ListItem","position":2,"name":"About Us"}]},{"@type":"WebSite","@id":"https:\/\/cammatch.io\/#website","url":"https:\/\/cammatch.io\/","name":"Ujemanje kamere","description":"","potentialAction":[{"@type":"SearchAction","target":{"@type":"EntryPoint","urlTemplate":"https:\/\/cammatch.io\/?s={search_term_string}"},"query-input":{"@type":"PropertyValueSpecification","valueRequired":true,"valueName":"search_term_string"}}],"inLanguage":"sl-SI"}]}},"_links":{"self":[{"href":"https:\/\/cammatch.io\/sl\/wp-json\/wp\/v2\/pages\/802","targetHints":{"allow":["GET"]}}],"collection":[{"href":"https:\/\/cammatch.io\/sl\/wp-json\/wp\/v2\/pages"}],"about":[{"href":"https:\/\/cammatch.io\/sl\/wp-json\/wp\/v2\/types\/page"}],"author":[{"embeddable":true,"href":"https:\/\/cammatch.io\/sl\/wp-json\/wp\/v2\/users\/1"}],"replies":[{"embeddable":true,"href":"https:\/\/cammatch.io\/sl\/wp-json\/wp\/v2\/comments?post=802"}],"version-history":[{"count":1,"href":"https:\/\/cammatch.io\/sl\/wp-json\/wp\/v2\/pages\/802\/revisions"}],"predecessor-version":[{"id":803,"href":"https:\/\/cammatch.io\/sl\/wp-json\/wp\/v2\/pages\/802\/revisions\/803"}],"wp:attachment":[{"href":"https:\/\/cammatch.io\/sl\/wp-json\/wp\/v2\/media?parent=802"}],"curies":[{"name":"delovni list","href":"https:\/\/api.w.org\/{rel}","templated":true}]}}