{"id":3,"date":"2023-11-11T10:42:44","date_gmt":"2023-11-11T10:42:44","guid":{"rendered":"https:\/\/cammatch.io\/?page_id=3"},"modified":"2024-04-11T17:30:02","modified_gmt":"2024-04-11T17:30:02","slug":"privacy-policy","status":"publish","type":"page","link":"https:\/\/cammatch.io\/sv\/privacy-policy\/","title":{"rendered":"Integritetspolicy"},"content":{"rendered":"<h2 class=\"wp-block-heading\">Vilka vi \u00e4r<\/h2>\n\n\n\n<p>V\u00e5r webbplatsadress \u00e4r: https:\/\/cammatch.io.<\/p>\n\n\n\n<h2 class=\"wp-block-heading\">Kommentarer<\/h2>\n\n\n\n<p>N\u00e4r bes\u00f6kare l\u00e4mnar kommentarer p\u00e5 webbplatsen samlar vi in informationen som visas i kommentarsformul\u00e4ret, samt bes\u00f6karens IP-adress och webbl\u00e4sarens user agent-str\u00e4ng f\u00f6r att hj\u00e4lpa till med att uppt\u00e4cka skr\u00e4ppost.<\/p>\n\n\n\n<p>En anonymiserad str\u00e4ng som skapats fr\u00e5n din e-postadress (\u00e4ven kallad hash) kan komma att tillhandah\u00e5llas Gravatar-tj\u00e4nsten f\u00f6r att se om du anv\u00e4nder den. Gravatar-tj\u00e4nstens integritetspolicy finns h\u00e4r: https:\/\/automattic.com\/privacy\/. Efter att din kommentar har godk\u00e4nts \u00e4r din profilbild synlig f\u00f6r allm\u00e4nheten i samband med din kommentar.<\/p>\n\n\n\n<h2 class=\"wp-block-heading\">Media<\/h2>\n\n\n\n<p>Om du laddar upp bilder till webbplatsen b\u00f6r du undvika att ladda upp bilder med inb\u00e4ddad platsdata (EXIF GPS). Bes\u00f6kare p\u00e5 webbplatsen kan ladda ner och extrahera platsdata fr\u00e5n bilder p\u00e5 webbplatsen.<\/p>\n\n\n\n<h2 class=\"wp-block-heading\">Sm\u00e5kakor<\/h2>\n\n\n\n<p>Om du l\u00e4mnar en kommentar p\u00e5 v\u00e5r webbplats kan du v\u00e4lja att spara ditt namn, din e-postadress och webbplats i cookies. Dessa \u00e4r till f\u00f6r din bekv\u00e4mlighet s\u00e5 att du inte beh\u00f6ver fylla i dina uppgifter igen n\u00e4r du l\u00e4mnar en annan kommentar. Dessa cookies \u00e4r giltiga i ett \u00e5r.<\/p>\n\n\n\n<p>Om du bes\u00f6ker v\u00e5r inloggningssida kommer vi att placera en tillf\u00e4llig cookie f\u00f6r att avg\u00f6ra om din webbl\u00e4sare accepterar cookies. Denna cookie inneh\u00e5ller inga personuppgifter och raderas n\u00e4r du st\u00e4nger din webbl\u00e4sare.<\/p>\n\n\n\n<p>N\u00e4r du loggar in kommer vi ocks\u00e5 att st\u00e4lla in flera cookies f\u00f6r att spara din inloggningsinformation och dina sk\u00e4rmvisningsval. Inloggningscookies varar i tv\u00e5 dagar och cookies f\u00f6r sk\u00e4rminst\u00e4llningar varar i ett \u00e5r. Om du v\u00e4ljer &quot;Kom ih\u00e5g mig&quot; kommer din inloggning att finnas kvar i tv\u00e5 veckor. Om du loggar ut fr\u00e5n ditt konto kommer inloggningscookies att tas bort.<\/p>\n\n\n\n<p>Om du redigerar eller publicerar en artikel sparas en extra cookie i din webbl\u00e4sare. Denna cookie inneh\u00e5ller inga personuppgifter och anger helt enkelt inl\u00e4ggs-ID:t f\u00f6r den artikel du just redigerade. Den upph\u00f6r att g\u00e4lla efter 1 dag.<\/p>\n\n\n\n<h2 class=\"wp-block-heading\">Inb\u00e4ddat inneh\u00e5ll fr\u00e5n andra webbplatser<\/h2>\n\n\n\n<p>Artiklar p\u00e5 denna webbplats kan inneh\u00e5lla inb\u00e4ddat inneh\u00e5ll (t.ex. videor, bilder, artiklar etc.). Inb\u00e4ddat inneh\u00e5ll fr\u00e5n andra webbplatser beter sig p\u00e5 exakt samma s\u00e4tt som om bes\u00f6karen har bes\u00f6kt den andra webbplatsen.<\/p>\n\n\n\n<p>Dessa webbplatser kan samla in data om dig, anv\u00e4nda cookies, b\u00e4dda in ytterligare sp\u00e5rning fr\u00e5n tredje part och \u00f6vervaka din interaktion med det inb\u00e4ddade inneh\u00e5llet, inklusive att sp\u00e5ra din interaktion med det inb\u00e4ddade inneh\u00e5llet om du har ett konto och \u00e4r inloggad p\u00e5 webbplatsen.<\/p>\n\n\n\n<h2 class=\"wp-block-heading\">Vilka vi delar dina uppgifter med<\/h2>\n\n\n\n<p>Om du beg\u00e4r en l\u00f6senords\u00e5terst\u00e4llning kommer din IP-adress att inkluderas i \u00e5terst\u00e4llningsmejlet.<\/p>\n\n\n\n<h2 class=\"wp-block-heading\">Hur l\u00e4nge vi sparar dina uppgifter<\/h2>\n\n\n\n<p>Om du l\u00e4mnar en kommentar sparas kommentaren och dess metadata p\u00e5 obest\u00e4md tid. Detta g\u00f6r att vi kan k\u00e4nna igen och godk\u00e4nna eventuella uppf\u00f6ljningskommentarer automatiskt ist\u00e4llet f\u00f6r att h\u00e5lla dem i en modereringsk\u00f6.<\/p>\n\n\n\n<p>F\u00f6r anv\u00e4ndare som registrerar sig p\u00e5 v\u00e5r webbplats (om n\u00e5gon) lagrar vi \u00e4ven den personliga information de anger i sin anv\u00e4ndarprofil. Alla anv\u00e4ndare kan se, redigera eller radera sin personliga information n\u00e4r som helst (f\u00f6rutom att de inte kan \u00e4ndra sitt anv\u00e4ndarnamn). Webbplatsadministrat\u00f6rer kan ocks\u00e5 se och redigera den informationen.<\/p>\n\n\n\n<h2 class=\"wp-block-heading\">Vilka r\u00e4ttigheter du har \u00f6ver dina uppgifter<\/h2>\n\n\n\n<p>Om du har ett konto p\u00e5 den h\u00e4r webbplatsen, eller har l\u00e4mnat kommentarer, kan du beg\u00e4ra att f\u00e5 en exporterad fil med de personuppgifter vi har om dig, inklusive alla uppgifter du har l\u00e4mnat till oss. Du kan ocks\u00e5 beg\u00e4ra att vi raderar alla personuppgifter vi har om dig. Detta inkluderar inte uppgifter som vi \u00e4r skyldiga att beh\u00e5lla av administrativa, juridiska eller s\u00e4kerhetsm\u00e4ssiga sk\u00e4l.<\/p>\n\n\n\n<h2 class=\"wp-block-heading\">Vart dina uppgifter skickas<\/h2>\n\n\n\n<p>Bes\u00f6kares kommentarer kan kontrolleras via en automatiserad skr\u00e4ppostdetekteringstj\u00e4nst.<\/p>","protected":false},"excerpt":{"rendered":"<p>Vilka vi \u00e4r V\u00e5r webbplatsadress \u00e4r: https:\/\/cammatch.io. Kommentarer N\u00e4r bes\u00f6kare l\u00e4mnar kommentarer p\u00e5 webbplatsen samlar vi in de uppgifter som visas i kommentarsformul\u00e4ret, samt bes\u00f6karens IP-adress och webbl\u00e4sarens anv\u00e4ndaragentstr\u00e4ng f\u00f6r att hj\u00e4lpa till med att uppt\u00e4cka skr\u00e4ppost. En anonymiserad str\u00e4ng skapad fr\u00e5n din e-postadress (\u00e4ven kallad hash) kan tillhandah\u00e5llas [\u2026]<\/p>","protected":false},"author":1,"featured_media":0,"parent":0,"menu_order":0,"comment_status":"closed","ping_status":"open","template":"","meta":{"footnotes":""},"class_list":["post-3","page","type-page","status-publish","hentry"],"yoast_head":"<!-- This site is optimized with the Yoast SEO plugin v26.8 - https:\/\/yoast.com\/product\/yoast-seo-wordpress\/ -->\n<title>Privacy Policy - Cam Match<\/title>\n<meta name=\"description\" content=\"Discover how we safeguard your information and ensure confidentiality throughout your online journey with us!\" \/>\n<meta name=\"robots\" content=\"index, follow, max-snippet:-1, max-image-preview:large, max-video-preview:-1\" \/>\n<link rel=\"canonical\" href=\"https:\/\/cammatch.io\/sv\/privacy-policy\/\" \/>\n<meta property=\"og:locale\" content=\"sv_SE\" \/>\n<meta property=\"og:type\" content=\"article\" \/>\n<meta property=\"og:title\" content=\"Privacy Policy - Cam Match\" \/>\n<meta property=\"og:description\" content=\"Discover how we safeguard your information and ensure confidentiality throughout your online journey with us!\" \/>\n<meta property=\"og:url\" content=\"https:\/\/cammatch.io\/sv\/privacy-policy\/\" \/>\n<meta property=\"og:site_name\" content=\"Cam Match\" \/>\n<meta property=\"article:modified_time\" content=\"2024-04-11T17:30:02+00:00\" \/>\n<meta name=\"twitter:card\" content=\"summary_large_image\" \/>\n<meta name=\"twitter:label1\" content=\"Ber\u00e4knad l\u00e4stid\" \/>\n\t<meta name=\"twitter:data1\" content=\"3 minuter\" \/>\n<script type=\"application\/ld+json\" class=\"yoast-schema-graph\">{\"@context\":\"https:\/\/schema.org\",\"@graph\":[{\"@type\":\"WebPage\",\"@id\":\"https:\/\/cammatch.io\/privacy-policy\/\",\"url\":\"https:\/\/cammatch.io\/privacy-policy\/\",\"name\":\"Privacy Policy - Cam Match\",\"isPartOf\":{\"@id\":\"https:\/\/cammatch.io\/#website\"},\"datePublished\":\"2023-11-11T10:42:44+00:00\",\"dateModified\":\"2024-04-11T17:30:02+00:00\",\"description\":\"Discover how we safeguard your information and ensure confidentiality throughout your online journey with us!\",\"breadcrumb\":{\"@id\":\"https:\/\/cammatch.io\/privacy-policy\/#breadcrumb\"},\"inLanguage\":\"sv-SE\",\"potentialAction\":[{\"@type\":\"ReadAction\",\"target\":[\"https:\/\/cammatch.io\/privacy-policy\/\"]}]},{\"@type\":\"BreadcrumbList\",\"@id\":\"https:\/\/cammatch.io\/privacy-policy\/#breadcrumb\",\"itemListElement\":[{\"@type\":\"ListItem\",\"position\":1,\"name\":\"Home\",\"item\":\"https:\/\/cammatch.io\/\"},{\"@type\":\"ListItem\",\"position\":2,\"name\":\"Privacy Policy\"}]},{\"@type\":\"WebSite\",\"@id\":\"https:\/\/cammatch.io\/#website\",\"url\":\"https:\/\/cammatch.io\/\",\"name\":\"Cam Match\",\"description\":\"\",\"potentialAction\":[{\"@type\":\"SearchAction\",\"target\":{\"@type\":\"EntryPoint\",\"urlTemplate\":\"https:\/\/cammatch.io\/?s={search_term_string}\"},\"query-input\":{\"@type\":\"PropertyValueSpecification\",\"valueRequired\":true,\"valueName\":\"search_term_string\"}}],\"inLanguage\":\"sv-SE\"}]}<\/script>\n<!-- \/ Yoast SEO plugin. -->","yoast_head_json":{"title":"Integritetspolicy - Cam Match","description":"Uppt\u00e4ck hur vi skyddar din information och s\u00e4kerst\u00e4ller sekretess under hela din online-resa med oss!","robots":{"index":"index","follow":"follow","max-snippet":"max-snippet:-1","max-image-preview":"max-image-preview:large","max-video-preview":"max-video-preview:-1"},"canonical":"https:\/\/cammatch.io\/sv\/privacy-policy\/","og_locale":"sv_SE","og_type":"article","og_title":"Privacy Policy - Cam Match","og_description":"Discover how we safeguard your information and ensure confidentiality throughout your online journey with us!","og_url":"https:\/\/cammatch.io\/sv\/privacy-policy\/","og_site_name":"Cam Match","article_modified_time":"2024-04-11T17:30:02+00:00","twitter_card":"summary_large_image","twitter_misc":{"Ber\u00e4knad l\u00e4stid":"3 minuter"},"schema":{"@context":"https:\/\/schema.org","@graph":[{"@type":"WebPage","@id":"https:\/\/cammatch.io\/privacy-policy\/","url":"https:\/\/cammatch.io\/privacy-policy\/","name":"Integritetspolicy - Cam Match","isPartOf":{"@id":"https:\/\/cammatch.io\/#website"},"datePublished":"2023-11-11T10:42:44+00:00","dateModified":"2024-04-11T17:30:02+00:00","description":"Uppt\u00e4ck hur vi skyddar din information och s\u00e4kerst\u00e4ller sekretess under hela din online-resa med oss!","breadcrumb":{"@id":"https:\/\/cammatch.io\/privacy-policy\/#breadcrumb"},"inLanguage":"sv-SE","potentialAction":[{"@type":"ReadAction","target":["https:\/\/cammatch.io\/privacy-policy\/"]}]},{"@type":"BreadcrumbList","@id":"https:\/\/cammatch.io\/privacy-policy\/#breadcrumb","itemListElement":[{"@type":"ListItem","position":1,"name":"Home","item":"https:\/\/cammatch.io\/"},{"@type":"ListItem","position":2,"name":"Privacy Policy"}]},{"@type":"WebSite","@id":"https:\/\/cammatch.io\/#website","url":"https:\/\/cammatch.io\/","name":"Cam Match","description":"","potentialAction":[{"@type":"SearchAction","target":{"@type":"EntryPoint","urlTemplate":"https:\/\/cammatch.io\/?s={search_term_string}"},"query-input":{"@type":"PropertyValueSpecification","valueRequired":true,"valueName":"search_term_string"}}],"inLanguage":"sv-SE"}]}},"_links":{"self":[{"href":"https:\/\/cammatch.io\/sv\/wp-json\/wp\/v2\/pages\/3","targetHints":{"allow":["GET"]}}],"collection":[{"href":"https:\/\/cammatch.io\/sv\/wp-json\/wp\/v2\/pages"}],"about":[{"href":"https:\/\/cammatch.io\/sv\/wp-json\/wp\/v2\/types\/page"}],"author":[{"embeddable":true,"href":"https:\/\/cammatch.io\/sv\/wp-json\/wp\/v2\/users\/1"}],"replies":[{"embeddable":true,"href":"https:\/\/cammatch.io\/sv\/wp-json\/wp\/v2\/comments?post=3"}],"version-history":[{"count":1,"href":"https:\/\/cammatch.io\/sv\/wp-json\/wp\/v2\/pages\/3\/revisions"}],"predecessor-version":[{"id":335,"href":"https:\/\/cammatch.io\/sv\/wp-json\/wp\/v2\/pages\/3\/revisions\/335"}],"wp:attachment":[{"href":"https:\/\/cammatch.io\/sv\/wp-json\/wp\/v2\/media?parent=3"}],"curies":[{"name":"wp","href":"https:\/\/api.w.org\/{rel}","templated":true}]}}