{"id":309,"date":"2022-11-06T19:44:28","date_gmt":"2022-11-06T19:44:28","guid":{"rendered":"https:\/\/export.mercurytheme.com\/001\/?page_id=2"},"modified":"2025-11-21T07:23:09","modified_gmt":"2025-11-21T07:23:09","slug":"home","status":"publish","type":"page","link":"https:\/\/cammatch.io\/sv\/","title":{"rendered":"Hem"},"content":{"rendered":"<div class=\"wp-block-cover alignfull is-light\" style=\"min-height:600px;aspect-ratio:unset;\"><span aria-hidden=\"true\" class=\"wp-block-cover__background has-background-dim\"><\/span><img loading=\"lazy\" decoding=\"async\" width=\"1024\" height=\"1024\" class=\"wp-block-cover__image-background wp-image-315\" alt=\"\" src=\"https:\/\/cammatch.io\/wp-content\/uploads\/2023\/11\/cam-match.jpg\" data-object-fit=\"cover\" srcset=\"https:\/\/cammatch.io\/wp-content\/uploads\/2023\/11\/cam-match.jpg 1024w, https:\/\/cammatch.io\/wp-content\/uploads\/2023\/11\/cam-match-300x300.jpg 300w, https:\/\/cammatch.io\/wp-content\/uploads\/2023\/11\/cam-match-150x150.jpg 150w, https:\/\/cammatch.io\/wp-content\/uploads\/2023\/11\/cam-match-768x768.jpg 768w, https:\/\/cammatch.io\/wp-content\/uploads\/2023\/11\/cam-match-40x40.jpg 40w, https:\/\/cammatch.io\/wp-content\/uploads\/2023\/11\/cam-match-50x50.jpg 50w, https:\/\/cammatch.io\/wp-content\/uploads\/2023\/11\/cam-match-100x100.jpg 100w, https:\/\/cammatch.io\/wp-content\/uploads\/2023\/11\/cam-match-120x120.jpg 120w, https:\/\/cammatch.io\/wp-content\/uploads\/2023\/11\/cam-match-135x135.jpg 135w, https:\/\/cammatch.io\/wp-content\/uploads\/2023\/11\/cam-match-270x270.jpg 270w, https:\/\/cammatch.io\/wp-content\/uploads\/2023\/11\/cam-match-450x450.jpg 450w, https:\/\/cammatch.io\/wp-content\/uploads\/2023\/11\/cam-match-479x479.jpg 479w, https:\/\/cammatch.io\/wp-content\/uploads\/2023\/11\/cam-match-570x570.jpg 570w, https:\/\/cammatch.io\/wp-content\/uploads\/2023\/11\/cam-match-767x767.jpg 767w, https:\/\/cammatch.io\/wp-content\/uploads\/2023\/11\/cam-match-32x32.jpg 32w, https:\/\/cammatch.io\/wp-content\/uploads\/2023\/11\/cam-match-80x80.jpg 80w\" sizes=\"auto, (max-width: 1024px) 100vw, 1024px\" \/><div class=\"wp-block-cover__inner-container is-layout-flow wp-block-cover-is-layout-flow\">\n<div style=\"height:100px\" aria-hidden=\"true\" class=\"wp-block-spacer\"><\/div>\n\n\n\n<h2 class=\"wp-block-heading has-text-align-center\" style=\"font-size:51px;font-style:italic;font-weight:900\">Slumpm\u00e4ssig 1v1-videochatt<\/h2>\n\n\n\n<p class=\"has-text-align-center\" style=\"font-style:normal;font-weight:100\">Matcha med <a href=\"https:\/\/cammatch.io\/sv\/talkwithstranger\/\">Slumpm\u00e4ssiga fr\u00e4mlingar<\/a> fr\u00e5n hela v\u00e4rlden genom <a href=\"https:\/\/cammatch.io\/sv\/wireclub\/\">videochatt<\/a>.<\/p>\n\n\n\n<div class=\"wp-block-buttons is-layout-flex wp-block-buttons-is-layout-flex\">\n<div class=\"wp-block-button aligncenter\"><a class=\"wp-block-button__link has-mercury-white-color has-luminous-vivid-amber-background-color has-text-color has-background wp-element-button\" href=\"https:\/\/cammatch.io\/sv\/coomeet\/\">B\u00f6rja matcha<\/a><\/div>\n<\/div>\n\n\n\n<div style=\"height:100px\" aria-hidden=\"true\" class=\"wp-block-spacer\"><\/div>\n<\/div><\/div>\n\n\n\n\n\n<div style=\"height:30px\" aria-hidden=\"true\" class=\"wp-block-spacer\"><\/div>\n\n\n\n<p class=\"has-text-align-center has-text-color has-small-font-size\" style=\"color:#7f8c8d\">Denna webbplats \u00e4r uteslutande avsedd f\u00f6r anv\u00e4ndare som \u00e4r 18 \u00e5r eller \u00e4ldre. Genom att bes\u00f6ka och anv\u00e4nda denna webbplats intygar du att du \u00e4r minst 18 \u00e5r gammal.<\/p>\n\n\n\n<div style=\"height:30px\" aria-hidden=\"true\" class=\"wp-block-spacer\"><\/div>\n\n\n\n<h2 class=\"wp-block-heading\"><strong>V\u00e4lkommen till Cam Match \u2013 Den ultimata videochattupplevelsen!<\/strong><\/h2>\n\n\n\n<p><strong>\ud83c\udf10 Omedelbara kontakter v\u00e4rlden \u00f6ver:<\/strong> P\u00e5 Cam Match bryter vi ner geografiska barri\u00e4rer. <a href=\"https:\/\/cammatch.io\/sv\/bazoocam\/\">Ansluta<\/a> med m\u00e4nniskor fr\u00e5n v\u00e4rldens alla h\u00f6rn med bara ett klick. Oavsett om du letar efter en v\u00e4nlig <a href=\"https:\/\/cammatch.io\/sv\/tohla\/\">chatt<\/a>, ett kulturellt utbyte eller n\u00e5got mer, s\u00e5 tar Cam Match v\u00e4rlden direkt till din sk\u00e4rm.<\/p>\n\n\n\n<p><strong>\ud83c\udfad Absolut anonymitet:<\/strong> Din integritet \u00e4r v\u00e5r prioritet. Njut av konversationer utan att beh\u00f6va oroa dig f\u00f6r att avsl\u00f6ja din identitet. V\u00e5r plattform garanterar total anonymitet \u2013 ingen personlig information, inga profiler, bara ren, spontan interaktion.<\/p>\n\n\n\n<p><strong>\ud83c\udf1f Enkelt och l\u00e4ttillg\u00e4ngligt:<\/strong> Inga komplicerade registreringar eller nedladdningar. F\u00e5 tillg\u00e5ng till Cam Match fr\u00e5n vilken enhet som helst med internetanslutning. V\u00e5rt anv\u00e4ndarv\u00e4nliga gr\u00e4nssnitt g\u00f6r videochatt till en barnlek f\u00f6r alla.<\/p>\n\n\n\n<p><strong>\ud83d\udd12 S\u00e4kert och tryggt:<\/strong> Vi prioriterar din s\u00e4kerhet med v\u00e5r toppmoderna kryptering och moderering. K\u00e4nn dig trygg i vetskapen om att dina konversationer och data \u00e4r skyddade.<\/p>\n\n\n\n<p><strong>\ud83c\udf08 M\u00e5ngfaldig gemenskap:<\/strong> Med tusentals anv\u00e4ndare online vid varje given tidpunkt kommer du att <a href=\"https:\/\/cammatch.io\/sv\/meetskip\/\">m\u00f6ta<\/a> ett brett spektrum av individer fr\u00e5n olika bakgrunder, intressen och kulturer. Varje chatt \u00e4r en chans till en unik och berikande upplevelse.<\/p>\n\n\n\n<p><strong>\ud83c\udfa5 H\u00f6gkvalitativ video och ljud:<\/strong> Upplev kristallklar video- och ljudkvalitet. V\u00e5r plattform s\u00e4kerst\u00e4ller att dina samtal \u00e4r s\u00e5 verkliga och oavbrutna som m\u00f6jligt.<\/p>\n\n\n\n<p><strong>\ud83c\udfb2 Slumpm\u00e4ssig <a href=\"https:\/\/cammatch.io\/sv\/luckycrush\/\">Motsvarande<\/a> Algoritm:<\/strong> L\u00e5t \u00f6det avg\u00f6ra din n\u00e4sta samtalspartner. V\u00e5r slumpm\u00e4ssiga matchningsalgoritm kopplar dig till nya och intressanta m\u00e4nniskor varje g\u00e5ng du klickar p\u00e5 &quot;N\u00e4sta&quot;.<\/p>\n\n\n\n<p><strong>\ud83e\udd16 AI-drivna funktioner:<\/strong> Njut av avancerade funktioner som AI-ansiktsfilter och spr\u00e5k\u00f6vers\u00e4ttning. Bryt spr\u00e5kbarri\u00e4rer och l\u00e4gg till en rolig twist i dina samtal.<\/p>\n\n\n\n<p><strong>\ud83d\udcf1 Mobilv\u00e4nlig:<\/strong> Ta Cam Match med dig n\u00e4r du \u00e4r p\u00e5 spr\u00e5ng! V\u00e5r plattform \u00e4r optimerad f\u00f6r mobila enheter, vilket garanterar en s\u00f6ml\u00f6s chattupplevelse var du \u00e4n \u00e4r.<\/p>\n\n\n\n<div style=\"height:60px\" aria-hidden=\"true\" class=\"wp-block-spacer\"><\/div>\n\n\n\n<div class=\"wp-block-cover alignfull\"><img loading=\"lazy\" decoding=\"async\" width=\"1254\" height=\"836\" class=\"wp-block-cover__image-background wp-image-313\" alt=\"\" src=\"https:\/\/cammatch.io\/wp-content\/uploads\/2023\/11\/chatting.jpg\" data-object-fit=\"cover\" srcset=\"https:\/\/cammatch.io\/wp-content\/uploads\/2023\/11\/chatting.jpg 1254w, https:\/\/cammatch.io\/wp-content\/uploads\/2023\/11\/chatting-300x200.jpg 300w, https:\/\/cammatch.io\/wp-content\/uploads\/2023\/11\/chatting-1024x683.jpg 1024w, https:\/\/cammatch.io\/wp-content\/uploads\/2023\/11\/chatting-768x512.jpg 768w, https:\/\/cammatch.io\/wp-content\/uploads\/2023\/11\/chatting-60x40.jpg 60w, https:\/\/cammatch.io\/wp-content\/uploads\/2023\/11\/chatting-48x32.jpg 48w, https:\/\/cammatch.io\/wp-content\/uploads\/2023\/11\/chatting-120x80.jpg 120w, https:\/\/cammatch.io\/wp-content\/uploads\/2023\/11\/chatting-203x135.jpg 203w\" sizes=\"auto, (max-width: 1254px) 100vw, 1254px\" \/><span aria-hidden=\"true\" class=\"wp-block-cover__background has-background-dim-70 has-background-dim\"><\/span><div class=\"wp-block-cover__inner-container is-layout-flow wp-block-cover-is-layout-flow\">\n<div style=\"height:60px\" aria-hidden=\"true\" class=\"wp-block-spacer\"><\/div>\n\n\n\n<div style=\"height:60px\" aria-hidden=\"true\" class=\"wp-block-spacer\"><\/div>\n\n\n\n<h3 class=\"wp-block-heading\"><strong>Cam Match \u2013 D\u00e4r varje klick \u00e4r ett nytt \u00e4ventyr!<\/strong><\/h3>\n\n\n\n<p>Ge dig ut p\u00e5 din resa av kontakt och utforskning idag. G\u00e5 med i Cam Match \u2013 det \u00e4r gratis, det \u00e4r roligt och det \u00e4r bara ett klick bort!<\/p>\n<\/div><\/div>\n\n\n\n<div style=\"height:60px\" aria-hidden=\"true\" class=\"wp-block-spacer\"><\/div>\n\n\n\n<h3 class=\"wp-block-heading\">Anslut direkt, chatta fritt<\/h3>\n\n\n\n<p><strong>CamMatch.io<\/strong> \u00e4r en problemfri portal f\u00f6r spontana, en-mot-en-m\u00f6ten <a href=\"https:\/\/cammatch.io\/sv\/tandoo\/\">videochattar<\/a>Gl\u00f6m komplexiteten i moderna sociala medier och omfamna ett enkelt s\u00e4tt att tr\u00e4ffa nya m\u00e4nniskor fr\u00e5n hela v\u00e4rlden. Enkel och okomplicerad process, inga f\u00f6rpliktelser \u2013 bara genuin m\u00e4nsklig kontakt.<\/p>\n\n\n\n<h4 class=\"wp-block-heading\">Varf\u00f6r CamMatch.io?<\/h4>\n\n\n\n<ul class=\"wp-block-list\">\n<li><strong>Omedelbar anslutning:<\/strong> Hoppa rakt in <a href=\"https:\/\/cammatch.io\/sv\/1v1-video-chat\/\">1v1<\/a> chattar utan behov av l\u00e5ng registrering.<\/li>\n\n\n\n<li><strong>S\u00e4kert och tryggt:<\/strong> Njut av ett privat utrymme utformat med din s\u00e4kerhet i \u00e5tanke.<\/li>\n\n\n\n<li><strong>L\u00e4tt att anv\u00e4nda:<\/strong> V\u00e5r intuitiva plattform inneb\u00e4r inga komplicerade steg \u2013 bara klicka och anslut.<\/li>\n\n\n\n<li><strong>Global gemenskap:<\/strong> M\u00f6t olika, intressanta m\u00e4nniskor som \u00e4r redo att chatta n\u00e4r som helst, var som helst.<\/li>\n<\/ul>\n\n\n\n<h4 class=\"wp-block-heading\">Hur det fungerar<\/h4>\n\n\n\n<ol class=\"wp-block-list\">\n<li><strong>Klicka f\u00f6r att chatta:<\/strong> Tryck p\u00e5 knappen &quot;Starta chatt&quot; och bli kopplad till n\u00e5gon ny direkt.<\/li>\n\n\n\n<li><strong>Anslut direkt:<\/strong> Njut av en s\u00f6ml\u00f6s videochattupplevelse med minimala f\u00f6rdr\u00f6jningar.<\/li>\n\n\n\n<li><strong>G\u00e5 vidare eller knyt djupare kontakt:<\/strong> Avsluta samtalet n\u00e4r som helst eller stanna kvar f\u00f6r en meningsfull kontakt.<\/li>\n<\/ol>\n\n\n\n<h4 class=\"wp-block-heading\">G\u00e5 med i revolutionen<\/h4>\n\n\n\n<p>G\u00e5 bort fr\u00e5n skriptade interaktioner och dyk ner i riktiga samtal. Oavsett om du letar efter ett snabbt hej eller en djupare kontakt, <strong>CamMatch.io<\/strong> \u00e4r din favoritdestination f\u00f6r problemfria videochattar 1 mot 1. B\u00f6rja din resa med oss idag och upplev friheten med en genuin, ofiltrerad kontakt.<\/p>\n\n\n\n<p><strong>Redo att chatta? Klicka nedan f\u00f6r att b\u00f6rja ditt \u00e4ventyr!<\/strong><\/p>\n\n\n\n<hr class=\"wp-block-separator has-alpha-channel-opacity\"\/>\n\n\n\n<p>Upplev framtiden f\u00f6r slumpm\u00e4ssig videochatt p\u00e5 <strong>CamMatch.io<\/strong> \u2013 d\u00e4r varje samtal \u00e4r en ny m\u00f6jlighet.<\/p>\n\n\n\n<p><strong>Friskrivningsklausul f\u00f6r<\/strong> Cam Match<\/p>\n\n\n\n<ol class=\"wp-block-list\">\n<li><strong>\u00c5ldersgr\u00e4ns<\/strong>Denna webbplats \u00e4r uteslutande avsedd f\u00f6r anv\u00e4ndare som \u00e4r 18 \u00e5r eller \u00e4ldre. Genom att bes\u00f6ka och anv\u00e4nda denna webbplats intygar du att du \u00e4r minst 18 \u00e5r gammal.<\/li>\n\n\n\n<li><strong>Inget ansvar f\u00f6r anv\u00e4ndarinteraktioner<\/strong>Cam Match \u00e4r en plattform f\u00f6r vuxna anv\u00e4ndare att delta i videochatt. Vi ansvarar inte f\u00f6r n\u00e5gon anv\u00e4ndares beteende p\u00e5 eller utanf\u00f6r webbplatsen. Anv\u00e4ndare interagerar p\u00e5 egen risk.<\/li>\n\n\n\n<li>\u00d6vervakning och borttagning av inneh\u00e5ll: Vi \u00f6vervakar noggrant och tar omedelbart bort allt inneh\u00e5ll som strider mot v\u00e5ra anv\u00e4ndarvillkor eller som anses ol\u00e4mpligt eller olagligt. Lita p\u00e5 v\u00e5rt engagemang f\u00f6r att uppr\u00e4tth\u00e5lla en s\u00e4ker och respektfull onlinemilj\u00f6.<\/li>\n\n\n\n<li><strong>Anv\u00e4ndarvillkor<\/strong>Genom att anv\u00e4nda den h\u00e4r webbplatsen godk\u00e4nner du v\u00e5ra anv\u00e4ndarvillkor. Det \u00e4r ditt ansvar att regelbundet granska dessa villkor.<\/li>\n\n\n\n<li><strong><a href=\"https:\/\/cammatch.io\/sv\/privacy-policy\/\">Integritetspolicy<\/a><\/strong>Din integritet \u00e4r viktig f\u00f6r oss. V\u00e4nligen granska v\u00e5r integritetspolicy f\u00f6r att f\u00f6rst\u00e5 hur din information anv\u00e4nds och skyddas.<\/li>\n\n\n\n<li><strong>Rapportering och verkst\u00e4llighet<\/strong>Anv\u00e4ndare uppmanas att rapportera allt beteende eller inneh\u00e5ll som bryter mot v\u00e5ra policyer. Vi kommer att vidta l\u00e4mpliga \u00e5tg\u00e4rder d\u00e4r det beh\u00f6vs.<\/li>\n\n\n\n<li><strong>Ingen garanti f\u00f6r service<\/strong>Vi garanterar inte oavbruten eller felfri drift av webbplatsen och ansvarar inte f\u00f6r eventuella tekniska problem eller driftstopp.<\/li>\n\n\n\n<li><strong>\u00c4ndringar<\/strong>Denna ansvarsfriskrivning kan komma att \u00e4ndras utan f\u00f6reg\u00e5ende meddelande, och det \u00e4r anv\u00e4ndarens ansvar att h\u00e5lla sig informerad om eventuella \u00e4ndringar.<\/li>\n<\/ol>\n\n\n\n<p><strong>Anv\u00e4nd denna webbplats ansvarsfullt och p\u00e5 egen risk.<\/strong><\/p>","protected":false},"excerpt":{"rendered":"<p>Denna webbplats \u00e4r uteslutande avsedd f\u00f6r anv\u00e4ndare som \u00e4r 18 \u00e5r eller \u00e4ldre. Genom att bes\u00f6ka och anv\u00e4nda denna webbplats intygar du att du \u00e4r minst 18 \u00e5r gammal. V\u00e4lkommen till Cam Match \u2013 Den ultimata videochattupplevelsen! \ud83c\udf10 Omedelbara kontakter \u00f6ver hela v\u00e4rlden: P\u00e5 Cam Match bryter vi ner geografiska barri\u00e4rer. F\u00e5 kontakt med m\u00e4nniskor fr\u00e5n alla [\u2026]<\/p>","protected":false},"author":1,"featured_media":0,"parent":0,"menu_order":0,"comment_status":"closed","ping_status":"open","template":"page-without-title.php","meta":{"footnotes":""},"class_list":["post-309","page","type-page","status-publish","hentry"],"yoast_head":"<!-- This site is optimized with the Yoast SEO plugin v26.8 - https:\/\/yoast.com\/product\/yoast-seo-wordpress\/ -->\n<title>CamMatch - Talk to Strangers Through Random Video Chat<\/title>\n<meta name=\"description\" content=\"Discover Cam Match \u2013 Your Gateway to Global Connections! Talk to strangers from across the world through random video chat.\" \/>\n<meta name=\"robots\" content=\"index, follow, max-snippet:-1, max-image-preview:large, max-video-preview:-1\" \/>\n<link rel=\"canonical\" href=\"https:\/\/cammatch.io\/sv\/\" \/>\n<meta property=\"og:locale\" content=\"sv_SE\" \/>\n<meta property=\"og:type\" content=\"article\" \/>\n<meta property=\"og:title\" content=\"CamMatch - Talk to Strangers Through Random Video Chat\" \/>\n<meta property=\"og:description\" content=\"Discover Cam Match \u2013 Your Gateway to Global Connections! Talk to strangers from across the world through random video chat.\" \/>\n<meta property=\"og:url\" content=\"https:\/\/cammatch.io\/sv\/\" \/>\n<meta property=\"og:site_name\" content=\"Cam Match\" \/>\n<meta property=\"article:modified_time\" content=\"2025-11-21T07:23:09+00:00\" \/>\n<meta property=\"og:image\" content=\"https:\/\/cammatch.io\/wp-content\/uploads\/2023\/11\/cam-match.jpg\" \/>\n\t<meta property=\"og:image:width\" content=\"1024\" \/>\n\t<meta property=\"og:image:height\" content=\"1024\" \/>\n\t<meta property=\"og:image:type\" content=\"image\/jpeg\" \/>\n<meta name=\"twitter:card\" content=\"summary_large_image\" \/>\n<meta name=\"twitter:label1\" content=\"Ber\u00e4knad l\u00e4stid\" \/>\n\t<meta name=\"twitter:data1\" content=\"4 minuter\" \/>\n<script type=\"application\/ld+json\" class=\"yoast-schema-graph\">{\"@context\":\"https:\/\/schema.org\",\"@graph\":[{\"@type\":\"WebPage\",\"@id\":\"https:\/\/cammatch.io\/\",\"url\":\"https:\/\/cammatch.io\/\",\"name\":\"CamMatch - Talk to Strangers Through Random Video Chat\",\"isPartOf\":{\"@id\":\"https:\/\/cammatch.io\/#website\"},\"primaryImageOfPage\":{\"@id\":\"https:\/\/cammatch.io\/#primaryimage\"},\"image\":{\"@id\":\"https:\/\/cammatch.io\/#primaryimage\"},\"thumbnailUrl\":\"https:\/\/cammatch.io\/wp-content\/uploads\/2023\/11\/cam-match.jpg\",\"datePublished\":\"2022-11-06T19:44:28+00:00\",\"dateModified\":\"2025-11-21T07:23:09+00:00\",\"description\":\"Discover Cam Match \u2013 Your Gateway to Global Connections! Talk to strangers from across the world through random video chat.\",\"breadcrumb\":{\"@id\":\"https:\/\/cammatch.io\/#breadcrumb\"},\"inLanguage\":\"sv-SE\",\"potentialAction\":[{\"@type\":\"ReadAction\",\"target\":[\"https:\/\/cammatch.io\/\"]}]},{\"@type\":\"ImageObject\",\"inLanguage\":\"sv-SE\",\"@id\":\"https:\/\/cammatch.io\/#primaryimage\",\"url\":\"https:\/\/cammatch.io\/wp-content\/uploads\/2023\/11\/cam-match.jpg\",\"contentUrl\":\"https:\/\/cammatch.io\/wp-content\/uploads\/2023\/11\/cam-match.jpg\"},{\"@type\":\"BreadcrumbList\",\"@id\":\"https:\/\/cammatch.io\/#breadcrumb\",\"itemListElement\":[{\"@type\":\"ListItem\",\"position\":1,\"name\":\"Home\",\"item\":\"https:\/\/cammatch.io\/\"},{\"@type\":\"ListItem\",\"position\":2,\"name\":\"Home\"}]},{\"@type\":\"WebSite\",\"@id\":\"https:\/\/cammatch.io\/#website\",\"url\":\"https:\/\/cammatch.io\/\",\"name\":\"Cam Match\",\"description\":\"\",\"potentialAction\":[{\"@type\":\"SearchAction\",\"target\":{\"@type\":\"EntryPoint\",\"urlTemplate\":\"https:\/\/cammatch.io\/?s={search_term_string}\"},\"query-input\":{\"@type\":\"PropertyValueSpecification\",\"valueRequired\":true,\"valueName\":\"search_term_string\"}}],\"inLanguage\":\"sv-SE\"}]}<\/script>\n<!-- \/ Yoast SEO plugin. -->","yoast_head_json":{"title":"CamMatch - Prata med fr\u00e4mlingar via slumpm\u00e4ssig videochatt","description":"Uppt\u00e4ck Cam Match \u2013 Din port till globala kontakter! Prata med fr\u00e4mlingar fr\u00e5n hela v\u00e4rlden via slumpm\u00e4ssig videochatt.","robots":{"index":"index","follow":"follow","max-snippet":"max-snippet:-1","max-image-preview":"max-image-preview:large","max-video-preview":"max-video-preview:-1"},"canonical":"https:\/\/cammatch.io\/sv\/","og_locale":"sv_SE","og_type":"article","og_title":"CamMatch - Talk to Strangers Through Random Video Chat","og_description":"Discover Cam Match \u2013 Your Gateway to Global Connections! Talk to strangers from across the world through random video chat.","og_url":"https:\/\/cammatch.io\/sv\/","og_site_name":"Cam Match","article_modified_time":"2025-11-21T07:23:09+00:00","og_image":[{"width":1024,"height":1024,"url":"https:\/\/cammatch.io\/wp-content\/uploads\/2023\/11\/cam-match.jpg","type":"image\/jpeg"}],"twitter_card":"summary_large_image","twitter_misc":{"Ber\u00e4knad l\u00e4stid":"4 minuter"},"schema":{"@context":"https:\/\/schema.org","@graph":[{"@type":"WebPage","@id":"https:\/\/cammatch.io\/","url":"https:\/\/cammatch.io\/","name":"CamMatch - Prata med fr\u00e4mlingar via slumpm\u00e4ssig videochatt","isPartOf":{"@id":"https:\/\/cammatch.io\/#website"},"primaryImageOfPage":{"@id":"https:\/\/cammatch.io\/#primaryimage"},"image":{"@id":"https:\/\/cammatch.io\/#primaryimage"},"thumbnailUrl":"https:\/\/cammatch.io\/wp-content\/uploads\/2023\/11\/cam-match.jpg","datePublished":"2022-11-06T19:44:28+00:00","dateModified":"2025-11-21T07:23:09+00:00","description":"Uppt\u00e4ck Cam Match \u2013 Din port till globala kontakter! Prata med fr\u00e4mlingar fr\u00e5n hela v\u00e4rlden via slumpm\u00e4ssig videochatt.","breadcrumb":{"@id":"https:\/\/cammatch.io\/#breadcrumb"},"inLanguage":"sv-SE","potentialAction":[{"@type":"ReadAction","target":["https:\/\/cammatch.io\/"]}]},{"@type":"ImageObject","inLanguage":"sv-SE","@id":"https:\/\/cammatch.io\/#primaryimage","url":"https:\/\/cammatch.io\/wp-content\/uploads\/2023\/11\/cam-match.jpg","contentUrl":"https:\/\/cammatch.io\/wp-content\/uploads\/2023\/11\/cam-match.jpg"},{"@type":"BreadcrumbList","@id":"https:\/\/cammatch.io\/#breadcrumb","itemListElement":[{"@type":"ListItem","position":1,"name":"Home","item":"https:\/\/cammatch.io\/"},{"@type":"ListItem","position":2,"name":"Home"}]},{"@type":"WebSite","@id":"https:\/\/cammatch.io\/#website","url":"https:\/\/cammatch.io\/","name":"Cam Match","description":"","potentialAction":[{"@type":"SearchAction","target":{"@type":"EntryPoint","urlTemplate":"https:\/\/cammatch.io\/?s={search_term_string}"},"query-input":{"@type":"PropertyValueSpecification","valueRequired":true,"valueName":"search_term_string"}}],"inLanguage":"sv-SE"}]}},"_links":{"self":[{"href":"https:\/\/cammatch.io\/sv\/wp-json\/wp\/v2\/pages\/309","targetHints":{"allow":["GET"]}}],"collection":[{"href":"https:\/\/cammatch.io\/sv\/wp-json\/wp\/v2\/pages"}],"about":[{"href":"https:\/\/cammatch.io\/sv\/wp-json\/wp\/v2\/types\/page"}],"author":[{"embeddable":true,"href":"https:\/\/cammatch.io\/sv\/wp-json\/wp\/v2\/users\/1"}],"replies":[{"embeddable":true,"href":"https:\/\/cammatch.io\/sv\/wp-json\/wp\/v2\/comments?post=309"}],"version-history":[{"count":5,"href":"https:\/\/cammatch.io\/sv\/wp-json\/wp\/v2\/pages\/309\/revisions"}],"predecessor-version":[{"id":928,"href":"https:\/\/cammatch.io\/sv\/wp-json\/wp\/v2\/pages\/309\/revisions\/928"}],"wp:attachment":[{"href":"https:\/\/cammatch.io\/sv\/wp-json\/wp\/v2\/media?parent=309"}],"curies":[{"name":"wp","href":"https:\/\/api.w.org\/{rel}","templated":true}]}}