{"id":802,"date":"2024-09-25T01:30:40","date_gmt":"2024-09-25T01:30:40","guid":{"rendered":"https:\/\/cammatch.io\/?page_id=802"},"modified":"2024-09-25T01:30:42","modified_gmt":"2024-09-25T01:30:42","slug":"about-us","status":"publish","type":"page","link":"https:\/\/cammatch.io\/sv\/about-us\/","title":{"rendered":"Om oss"},"content":{"rendered":"<p>V\u00e4lkommen till <strong>Cam Match<\/strong>\u2014den fr\u00e4msta plattformen utformad f\u00f6r att <a href=\"https:\/\/cammatch.io\/sv\/bazoocam\/\">ansluta<\/a> du med det b\u00e4sta <a href=\"https:\/\/cammatch.io\/sv\/wireclub\/\">kamerachatt<\/a> webbplatser skr\u00e4ddarsydda efter dina preferenser. I dagens digitala tids\u00e5lder \u00e4r meningsfulla kontakter bara ett klick bort. Oavsett om du s\u00f6ker nya v\u00e4nskaper, engagerande samtal eller utforskar v\u00e4rlden av onlinevideokommunikation, finns Cam Match h\u00e4r f\u00f6r att v\u00e4gleda dig.<\/p>\n\n\n\n<p><strong>V\u00e5rt uppdrag<\/strong><\/p>\n\n\n\n<p>P\u00e5 Cam Match \u00e4r v\u00e5rt uppdrag att f\u00f6renkla ditt s\u00f6kande efter den perfekta kameran <a href=\"https:\/\/cammatch.io\/sv\/tohla\/\">chatt<\/a> erfarenhet. Vi f\u00f6rst\u00e5r att med otaliga tillg\u00e4ngliga alternativ kan det vara \u00f6verv\u00e4ldigande att hitta r\u00e4tt plattform. D\u00e4rf\u00f6r har vi skapat en s\u00f6ml\u00f6s <a href=\"https:\/\/cammatch.io\/sv\/luckycrush\/\">motsvarande<\/a> system f\u00f6r att koppla dig till camchattsajter som passar dina intressen och behov.<\/p>\n\n\n\n<p><strong>Vad vi g\u00f6r<\/strong><\/p>\n\n\n\n<ul class=\"wp-block-list\">\n<li><strong>Personlig matchning<\/strong>V\u00e5ra avancerade algoritmer tar h\u00e4nsyn till dina preferenser f\u00f6r att matcha dig med camchattsajter som erbjuder de upplevelser du letar efter.<\/li>\n\n\n\n<li><strong>Utvalda val<\/strong>Vi samarbetar med en m\u00e4ngd olika v\u00e4lrenommerade camchattplattformar f\u00f6r att s\u00e4kerst\u00e4lla att du har tillg\u00e5ng till s\u00e4kra, engagerande och h\u00f6gkvalitativa tj\u00e4nster.<\/li>\n\n\n\n<li><strong>Anv\u00e4ndarrecensioner och betyg<\/strong>Dra nytta av v\u00e5r communitys insikter. L\u00e4s riktiga anv\u00e4ndarrecensioner och betyg f\u00f6r att fatta v\u00e4lgrundade beslut.<\/li>\n<\/ul>\n\n\n\n<p><strong>Varf\u00f6r v\u00e4lja Cam Match<\/strong><\/p>\n\n\n\n<ul class=\"wp-block-list\">\n<li><strong>Expertv\u00e4gledning<\/strong>V\u00e5rt team \u00e4r dedikerat till att unders\u00f6ka och samarbeta med endast de b\u00e4sta camchattsajterna.<\/li>\n\n\n\n<li><strong>Anv\u00e4ndarcentrerad metod<\/strong>Din tillfredsst\u00e4llelse \u00e4r v\u00e5r prioritet. Vi f\u00f6rfinar kontinuerligt v\u00e5r matchningsprocess baserat p\u00e5 anv\u00e4ndarfeedback.<\/li>\n\n\n\n<li><strong>S\u00e4ker och p\u00e5litlig<\/strong>Vi prioriterar din s\u00e4kerhet genom att samarbeta med plattformar som uppr\u00e4tth\u00e5ller strikta s\u00e4kerhets- och integritetsstandarder.<\/li>\n<\/ul>\n\n\n\n<p><strong>G\u00e5 med i v\u00e5r gemenskap<\/strong><\/p>\n\n\n\n<p>Ge dig ut p\u00e5 din resa f\u00f6r att uppt\u00e4cka sp\u00e4nnande camchattupplevelser. Med Cam Match kan du utforska nya plattformar med sj\u00e4lvf\u00f6rtroende, i vetskap om att vi har gjort grundarbetet f\u00f6r att garantera kvalitet och p\u00e5litlighet.<\/p>\n\n\n\n<p><strong>Anslut p\u00e5 ditt s\u00e4tt<\/strong><\/p>\n\n\n\n<p>Oavsett om du \u00e4r intresserad av avslappnade chattar, djupa samtal eller att tr\u00e4ffa m\u00e4nniskor fr\u00e5n hela v\u00e4rlden, \u00f6ppnar Cam Match d\u00f6rren till en v\u00e4rld av m\u00f6jligheter. L\u00e5t oss hj\u00e4lpa dig att hitta den perfekta camchattsajten som resonerar med dig.<\/p>\n\n\n\n<p><strong>Kom ig\u00e5ng idag<\/strong><\/p>\n\n\n\n<p>Redo att hitta din ideala camchattplattform? B\u00f6rja din personliga matchningsprocess och b\u00f6rja f\u00e5 kontakt som aldrig f\u00f6rr!<\/p>\n\n\n\n<hr class=\"wp-block-separator has-alpha-channel-opacity\"\/>\n\n\n\n<p>Tack f\u00f6r att du valde Cam Match. Vi ser fram emot att vara en del av din resa mot meningsfulla och trevliga online-interaktioner!<\/p>","protected":false},"excerpt":{"rendered":"<p>V\u00e4lkommen till Cam Match \u2013 den fr\u00e4msta plattformen som \u00e4r utformad f\u00f6r att koppla ihop dig med de b\u00e4sta camchattsajterna, skr\u00e4ddarsydda efter dina preferenser. I dagens digitala tids\u00e5lder \u00e4r meningsfulla kontakter bara ett klick bort. Oavsett om du s\u00f6ker nya v\u00e4nskaper, engagerande samtal eller utforskar v\u00e4rlden av onlinevideokommunikation, finns Cam Match h\u00e4r f\u00f6r att v\u00e4gleda dig. V\u00e5rt uppdrag [\u2026]<\/p>","protected":false},"author":1,"featured_media":0,"parent":0,"menu_order":0,"comment_status":"closed","ping_status":"closed","template":"page-no-sidebar.php","meta":{"footnotes":""},"class_list":["post-802","page","type-page","status-publish","hentry"],"yoast_head":"<!-- This site is optimized with the Yoast SEO plugin v26.8 - https:\/\/yoast.com\/product\/yoast-seo-wordpress\/ -->\n<title>About Us - Cam Match<\/title>\n<meta name=\"robots\" content=\"index, follow, max-snippet:-1, max-image-preview:large, max-video-preview:-1\" \/>\n<link rel=\"canonical\" href=\"https:\/\/cammatch.io\/sv\/about-us\/\" \/>\n<meta property=\"og:locale\" content=\"sv_SE\" \/>\n<meta property=\"og:type\" content=\"article\" \/>\n<meta property=\"og:title\" content=\"About Us - Cam Match\" \/>\n<meta property=\"og:description\" content=\"Welcome to Cam Match\u2014the premier platform designed to connect you with the best cam chat sites tailored to your preferences. In today&#8217;s digital age, meaningful connections are just a click away. Whether you&#8217;re seeking new friendships, engaging conversations, or exploring the world of online video communication, Cam Match is here to guide you. Our Mission [&hellip;]\" \/>\n<meta property=\"og:url\" content=\"https:\/\/cammatch.io\/sv\/about-us\/\" \/>\n<meta property=\"og:site_name\" content=\"Cam Match\" \/>\n<meta property=\"article:modified_time\" content=\"2024-09-25T01:30:42+00:00\" \/>\n<meta name=\"twitter:card\" content=\"summary_large_image\" \/>\n<meta name=\"twitter:label1\" content=\"Ber\u00e4knad l\u00e4stid\" \/>\n\t<meta name=\"twitter:data1\" content=\"2 minuter\" \/>\n<script type=\"application\/ld+json\" class=\"yoast-schema-graph\">{\"@context\":\"https:\/\/schema.org\",\"@graph\":[{\"@type\":\"WebPage\",\"@id\":\"https:\/\/cammatch.io\/about-us\/\",\"url\":\"https:\/\/cammatch.io\/about-us\/\",\"name\":\"About Us - Cam Match\",\"isPartOf\":{\"@id\":\"https:\/\/cammatch.io\/#website\"},\"datePublished\":\"2024-09-25T01:30:40+00:00\",\"dateModified\":\"2024-09-25T01:30:42+00:00\",\"breadcrumb\":{\"@id\":\"https:\/\/cammatch.io\/about-us\/#breadcrumb\"},\"inLanguage\":\"sv-SE\",\"potentialAction\":[{\"@type\":\"ReadAction\",\"target\":[\"https:\/\/cammatch.io\/about-us\/\"]}]},{\"@type\":\"BreadcrumbList\",\"@id\":\"https:\/\/cammatch.io\/about-us\/#breadcrumb\",\"itemListElement\":[{\"@type\":\"ListItem\",\"position\":1,\"name\":\"Home\",\"item\":\"https:\/\/cammatch.io\/\"},{\"@type\":\"ListItem\",\"position\":2,\"name\":\"About Us\"}]},{\"@type\":\"WebSite\",\"@id\":\"https:\/\/cammatch.io\/#website\",\"url\":\"https:\/\/cammatch.io\/\",\"name\":\"Cam Match\",\"description\":\"\",\"potentialAction\":[{\"@type\":\"SearchAction\",\"target\":{\"@type\":\"EntryPoint\",\"urlTemplate\":\"https:\/\/cammatch.io\/?s={search_term_string}\"},\"query-input\":{\"@type\":\"PropertyValueSpecification\",\"valueRequired\":true,\"valueName\":\"search_term_string\"}}],\"inLanguage\":\"sv-SE\"}]}<\/script>\n<!-- \/ Yoast SEO plugin. -->","yoast_head_json":{"title":"Om oss - Cam Match","robots":{"index":"index","follow":"follow","max-snippet":"max-snippet:-1","max-image-preview":"max-image-preview:large","max-video-preview":"max-video-preview:-1"},"canonical":"https:\/\/cammatch.io\/sv\/about-us\/","og_locale":"sv_SE","og_type":"article","og_title":"About Us - Cam Match","og_description":"Welcome to Cam Match\u2014the premier platform designed to connect you with the best cam chat sites tailored to your preferences. In today&#8217;s digital age, meaningful connections are just a click away. Whether you&#8217;re seeking new friendships, engaging conversations, or exploring the world of online video communication, Cam Match is here to guide you. Our Mission [&hellip;]","og_url":"https:\/\/cammatch.io\/sv\/about-us\/","og_site_name":"Cam Match","article_modified_time":"2024-09-25T01:30:42+00:00","twitter_card":"summary_large_image","twitter_misc":{"Ber\u00e4knad l\u00e4stid":"2 minuter"},"schema":{"@context":"https:\/\/schema.org","@graph":[{"@type":"WebPage","@id":"https:\/\/cammatch.io\/about-us\/","url":"https:\/\/cammatch.io\/about-us\/","name":"Om oss - Cam Match","isPartOf":{"@id":"https:\/\/cammatch.io\/#website"},"datePublished":"2024-09-25T01:30:40+00:00","dateModified":"2024-09-25T01:30:42+00:00","breadcrumb":{"@id":"https:\/\/cammatch.io\/about-us\/#breadcrumb"},"inLanguage":"sv-SE","potentialAction":[{"@type":"ReadAction","target":["https:\/\/cammatch.io\/about-us\/"]}]},{"@type":"BreadcrumbList","@id":"https:\/\/cammatch.io\/about-us\/#breadcrumb","itemListElement":[{"@type":"ListItem","position":1,"name":"Home","item":"https:\/\/cammatch.io\/"},{"@type":"ListItem","position":2,"name":"About Us"}]},{"@type":"WebSite","@id":"https:\/\/cammatch.io\/#website","url":"https:\/\/cammatch.io\/","name":"Cam Match","description":"","potentialAction":[{"@type":"SearchAction","target":{"@type":"EntryPoint","urlTemplate":"https:\/\/cammatch.io\/?s={search_term_string}"},"query-input":{"@type":"PropertyValueSpecification","valueRequired":true,"valueName":"search_term_string"}}],"inLanguage":"sv-SE"}]}},"_links":{"self":[{"href":"https:\/\/cammatch.io\/sv\/wp-json\/wp\/v2\/pages\/802","targetHints":{"allow":["GET"]}}],"collection":[{"href":"https:\/\/cammatch.io\/sv\/wp-json\/wp\/v2\/pages"}],"about":[{"href":"https:\/\/cammatch.io\/sv\/wp-json\/wp\/v2\/types\/page"}],"author":[{"embeddable":true,"href":"https:\/\/cammatch.io\/sv\/wp-json\/wp\/v2\/users\/1"}],"replies":[{"embeddable":true,"href":"https:\/\/cammatch.io\/sv\/wp-json\/wp\/v2\/comments?post=802"}],"version-history":[{"count":1,"href":"https:\/\/cammatch.io\/sv\/wp-json\/wp\/v2\/pages\/802\/revisions"}],"predecessor-version":[{"id":803,"href":"https:\/\/cammatch.io\/sv\/wp-json\/wp\/v2\/pages\/802\/revisions\/803"}],"wp:attachment":[{"href":"https:\/\/cammatch.io\/sv\/wp-json\/wp\/v2\/media?parent=802"}],"curies":[{"name":"wp","href":"https:\/\/api.w.org\/{rel}","templated":true}]}}