{"id":265,"date":"2022-11-10T14:32:49","date_gmt":"2022-11-10T14:32:49","guid":{"rendered":"https:\/\/export.mercurytheme.com\/001\/?page_id=265"},"modified":"2022-11-10T14:32:49","modified_gmt":"2022-11-10T14:32:49","slug":"terms-and-conditions","status":"publish","type":"page","link":"https:\/\/cammatch.io\/tr\/terms-and-conditions\/","title":{"rendered":"\u015eartlar ve ko\u015fullar"},"content":{"rendered":"<h2 class=\"wp-block-heading\">Demo Web Sitesine Ho\u015f Geldiniz<\/h2>\n\n\n\n<p>Nam id mi sollicitudin magna dictum pellentesque non ac purus. Etiam leo nibh, finibus eget porttitor sit amet, consequat ac lacus. Quisque ornare, arcu quis lacinia hendrerit, quam metus hendrerit mauris, sit amet luctus turpis sem nec diam. Aliquam feugiat nibh tortor, ba\u015fka yerde s\u0131n\u0131fland\u0131r\u0131lmam\u0131\u015f \u00e7e\u015fitli leo tristique. Curabitur dignissim aliquet d\u00f6nemi, in elementum nisi dignissim ba\u015fka yerde s\u0131n\u0131fland\u0131r\u0131lmam\u0131\u015f. Curabitur id vulputate elit, pulvinar felis. Etiam tristique et turpis a laoreet. Nunc consectetur odio methodus, non rutrum elit viverra non. Aliquam, \u00f6zg\u00fcrl\u00fc\u011fe kavu\u015ftu. Duis mi nulla, elementum non varius lobortis, aliquam ut massa. Porttitor laoreet nibh bir tincidunt&#039;ta. Yeni bir \u00f6zg\u00fcrl\u00fc\u011fe kavu\u015ftuk. Cras vitae Ert Congue Lacus Feugiat Ara\u00e7 Mauris&#039;te. Nunc bibendum sagittis scelerisque. Sed sem sapien, tristique eget mollis non, fringilla lobortis orci. Luctus leo&#039;yu ge\u00e7ici olarak ask\u0131ya al\u0131n, \u00f6zge\u00e7mi\u015finizi bir araya getirin.<\/p>\n\n\n\n<p>Donec scelerisque fermentum sem, vel feugiat massa egestas tristique. Ut semper vulputate est. Proin sodales libero nec lectus vitae ex ultricies egestas. Mauris vitae i\u015fkenceciyi vulputate ediyor. Fusce maleuada auctor quam, eu cursus urna placerat in. Aliquam sit amet dignissim tellus, non porta massa. Fusce rhoncus ornare dui facilisis&#039;te.<\/p>\n\n\n\n<h2 class=\"wp-block-heading\">Sorumluluk Reddi ve S\u0131n\u0131rlamalar<\/h2>\n\n\n\n<p>Duis libero sapien, vestibulum sed sodales ut, malesuada finibus orci. Mauris ac pretium magna, sed feugiat ex. Donec aliquam euismod fringilla. Donec pulvinar malesuada auctor. Aenean semper dictum enim nec vestibulum. Pellentesque sakini morbi tristique senectus et netus et malesuada, turpis egestas ile \u00fcnl\u00fcd\u00fcr. Ut ut elementum felis, quis tempus sem. Cras sit amet elementum turpis. Sed, i\u015fkence d\u00f6neminin bir sonucu olarak, ultrices elit condimentum vitae&#039;yi su\u00e7lad\u0131. Donec ut leo nec purus volutpat luctus. Curabitur faucibus efficitur interdum. Aliquam ve elit, enim ultrices fringilla eu vel nulla&#039;y\u0131 tercih etti.<\/p>\n\n\n\n<p>Nam id mi sollicitudin magna dictum pellentesque non ac purus. Etiam leo nibh, finibus eget porttitor sit amet, consequat ac lacus. Quisque ornare, arcu quis lacinia hendrerit, quam metus hendrerit mauris, sit amet luctus turpis sem nec diam. Aliquam feugiat nibh tortor, ba\u015fka yerde s\u0131n\u0131fland\u0131r\u0131lmam\u0131\u015f \u00e7e\u015fitli leo tristique. Curabitur dignissim aliquet d\u00f6nemi, in elementum nisi dignissim ba\u015fka yerde s\u0131n\u0131fland\u0131r\u0131lmam\u0131\u015f. Curabitur id vulputate elit, pulvinar felis. Etiam tristique et turpis a laoreet. Nunc consectetur odio methodus, non rutrum elit viverra non. Aliquam, \u00f6zg\u00fcrl\u00fc\u011fe kavu\u015ftu. Duis mi nulla, elementum non varius lobortis, aliquam ut massa. Porttitor laoreet nibh bir tincidunt&#039;ta. Yeni bir \u00f6zg\u00fcrl\u00fc\u011fe kavu\u015ftuk. Cras vitae Ert Congue Lacus Feugiat Ara\u00e7 Mauris&#039;te. Nunc bibendum sagittis scelerisque. Sed sem sapien, tristique eget mollis non, fringilla lobortis orci. Luctus leo&#039;yu ge\u00e7ici olarak ask\u0131ya al\u0131n, \u00f6zge\u00e7mi\u015finizi bir araya getirin.<\/p>\n\n\n\n<h2 class=\"wp-block-heading\">Fesih<\/h2>\n\n\n\n<p>Donec scelerisque fermentum sem, vel feugiat massa egestas tristique. Ut semper vulputate est. Proin sodales libero ac egestas lobortis. Fusce nec lectus vitae ex ultricies egestas. Mauris vitae i\u015fkenceciyi vulputate ediyor. Fusce maleuada auctor quam, eu cursus urna placerat in. Aliquam sit amet dignissim tellus, non porta massa. Fusce rhoncus ornare dui facilisis&#039;te.<\/p>\n\n\n\n<p>Phasellus augue Erat, pellentesque in massa eget, tincidunt interdum sapien. Etiam tincidunt interdum risus. Curabitur vitae imperdiet elit, vel imperdiet tellus. Sadece adil bir \u015fekilde oturun ve \u00e7e\u015fitli \u015fekillerde yan\u0131t vermeden \u00f6nce. Donec nec interdum tortor, ac auctor turpis. Vivamus non dolor sed turpis interdum sodales ab id turpis. Sed vel ligula ve mauris fringilla malesuada non ac ligula. \u00c7ok k\u0131sa bir s\u00fcre sonra. Vestibulum pretium, justo et eleifend hendrerit, elit magna fringilla ante, convallis volutpat arcu metus non ipsum. Vivamus ve libero lobortis, mattis elit sit amet, rutrum lorem. Quisque sed risus ara\u00e7, faucibus orci nec, dignissim elit.<\/p>\n\n\n\n<h2 class=\"wp-block-heading\">Genel<\/h2>\n\n\n\n<p>Phasellus augue Erat, pellentesque in massa eget, tincidunt interdum sapien. Etiam tincidunt interdum risus. Curabitur vitae imperdiet elit, vel imperdiet tellus. Sadece adil bir \u015fekilde oturun ve \u00e7e\u015fitli \u015fekillerde yan\u0131t vermeden \u00f6nce. Donec nec interdum tortor, ac auctor turpis. Vivamus non dolor sed turpis interdum sodales ab id turpis. Sed vel ligula ve mauris fringilla malesuada non ac ligula. \u00c7ok k\u0131sa bir s\u00fcre sonra. Vestibulum pretium, justo et eleifend hendrerit, elit magna fringilla ante, convallis volutpat arcu metus non ipsum. Vivamus ve libero lobortis, mattis elit sit amet, rutrum lorem. Quisque sed risus ara\u00e7, faucibus orci nec, dignissim elit.<\/p>\n\n\n\n<p>Suspendisse interdum nisl, lacus mattis pretium&#039;da. Mauris&#039;in kimli\u011fi dolor nunc. Nulla a mollis lectus, sit amet condimentum magna. Nullam solllicitudin turpis ipsum, sit amet \u00e7e\u015fitli tortor interdum vitae. Pellentesque fringilla nec nunc et lacinia. Donec luctus, arcu in accumsan auctor, ligula ante dictum lectus, lobortis pellentesque tellus magna quis felis. Vestibulum ba\u015fka yerde s\u0131n\u0131fland\u0131r\u0131lmam\u0131\u015f. Duis consequat ut turpis Commodo&#039;da. Vestibulum ante ipsum primis in faucibus orci luctus et ultrices posuere cubilia Curae; Sed hendrerit libero eros, ut faucibus ante pulvinar in. Tamsay\u0131 d\u00f6nemi sem, aliquam at eros sed, gravida lobortis elit. Ask\u0131ya alma y\u00f6ntemi, onur ve eleifend a, malesuada vel tortor. Nulla sit amet velit quis tellus convallis facilisis a et mi.<\/p>\n\n\n\n<h2 class=\"wp-block-heading\">Telif Hakk\u0131 ve Ticari Marka Bildirimleri<\/h2>\n\n\n\n<p>Donec scelerisque fermentum sem, vel feugiat massa egestas tristique. Ut semper vulputate est. Proin sodales libero ac egestas lobortis. Fusce nec lectus vitae ex ultricies egestas. Mauris vitae i\u015fkenceciyi vulputate ediyor. Fusce maleuada auctor quam, eu cursus urna placerat in. Aliquam sit amet dignissim tellus, non porta massa. Fusce rhoncus ornare dui facilisis&#039;te.<\/p>","protected":false},"excerpt":{"rendered":"<p>Demo Web Sitesine Ho\u015f Geldiniz Nam id mi sollicitudin magna dictum pellentesque non ac purus. Etiam leo nibh, finibus eget porttitor sit amet, consequat ac lacus. Quisque ornare, arcu quis lacinia hendrerit, quam metus hendrerit mauris, sit amet luctus turpis sem nec diam. Aliquam feugiat nibh tortor, ba\u015fka yerde s\u0131n\u0131fland\u0131r\u0131lmam\u0131\u015f \u00e7e\u015fitli leo tristique. Curabitur dignissim aliquet d\u00f6nemi, [\u2026]<\/p>","protected":false},"author":1,"featured_media":0,"parent":0,"menu_order":0,"comment_status":"closed","ping_status":"closed","template":"page-no-sidebar.php","meta":{"footnotes":""},"class_list":["post-265","page","type-page","status-publish","hentry"],"yoast_head":"<!-- This site is optimized with the Yoast SEO plugin v26.8 - https:\/\/yoast.com\/product\/yoast-seo-wordpress\/ -->\n<title>Terms and Conditions - Cam Match<\/title>\n<meta name=\"robots\" content=\"index, follow, max-snippet:-1, max-image-preview:large, max-video-preview:-1\" \/>\n<link rel=\"canonical\" href=\"https:\/\/cammatch.io\/tr\/terms-and-conditions\/\" \/>\n<meta property=\"og:locale\" content=\"tr_TR\" \/>\n<meta property=\"og:type\" content=\"article\" \/>\n<meta property=\"og:title\" content=\"Terms and Conditions - Cam Match\" \/>\n<meta property=\"og:description\" content=\"Welcome to Demo Website Nam id mi sollicitudin magna dictum pellentesque non ac purus. Etiam leo nibh, finibus eget porttitor sit amet, consequat ac lacus. Quisque ornare, arcu quis lacinia hendrerit, quam metus hendrerit mauris, sit amet luctus turpis sem nec diam. Aliquam feugiat nibh tortor, a varius leo tristique nec. Curabitur dignissim aliquet erat, [&hellip;]\" \/>\n<meta property=\"og:url\" content=\"https:\/\/cammatch.io\/tr\/terms-and-conditions\/\" \/>\n<meta property=\"og:site_name\" content=\"Cam Match\" \/>\n<meta name=\"twitter:card\" content=\"summary_large_image\" \/>\n<meta name=\"twitter:label1\" content=\"Tahmini okuma s\u00fcresi\" \/>\n\t<meta name=\"twitter:data1\" content=\"4 dakika\" \/>\n<script type=\"application\/ld+json\" class=\"yoast-schema-graph\">{\"@context\":\"https:\/\/schema.org\",\"@graph\":[{\"@type\":\"WebPage\",\"@id\":\"https:\/\/cammatch.io\/terms-and-conditions\/\",\"url\":\"https:\/\/cammatch.io\/terms-and-conditions\/\",\"name\":\"Terms and Conditions - Cam Match\",\"isPartOf\":{\"@id\":\"https:\/\/cammatch.io\/#website\"},\"datePublished\":\"2022-11-10T14:32:49+00:00\",\"breadcrumb\":{\"@id\":\"https:\/\/cammatch.io\/terms-and-conditions\/#breadcrumb\"},\"inLanguage\":\"tr\",\"potentialAction\":[{\"@type\":\"ReadAction\",\"target\":[\"https:\/\/cammatch.io\/terms-and-conditions\/\"]}]},{\"@type\":\"BreadcrumbList\",\"@id\":\"https:\/\/cammatch.io\/terms-and-conditions\/#breadcrumb\",\"itemListElement\":[{\"@type\":\"ListItem\",\"position\":1,\"name\":\"Home\",\"item\":\"https:\/\/cammatch.io\/\"},{\"@type\":\"ListItem\",\"position\":2,\"name\":\"Terms and Conditions\"}]},{\"@type\":\"WebSite\",\"@id\":\"https:\/\/cammatch.io\/#website\",\"url\":\"https:\/\/cammatch.io\/\",\"name\":\"Cam Match\",\"description\":\"\",\"potentialAction\":[{\"@type\":\"SearchAction\",\"target\":{\"@type\":\"EntryPoint\",\"urlTemplate\":\"https:\/\/cammatch.io\/?s={search_term_string}\"},\"query-input\":{\"@type\":\"PropertyValueSpecification\",\"valueRequired\":true,\"valueName\":\"search_term_string\"}}],\"inLanguage\":\"tr\"}]}<\/script>\n<!-- \/ Yoast SEO plugin. -->","yoast_head_json":{"title":"\u015eartlar ve Ko\u015fullar - Cam Match","robots":{"index":"index","follow":"follow","max-snippet":"max-snippet:-1","max-image-preview":"max-image-preview:large","max-video-preview":"max-video-preview:-1"},"canonical":"https:\/\/cammatch.io\/tr\/terms-and-conditions\/","og_locale":"tr_TR","og_type":"article","og_title":"Terms and Conditions - Cam Match","og_description":"Welcome to Demo Website Nam id mi sollicitudin magna dictum pellentesque non ac purus. Etiam leo nibh, finibus eget porttitor sit amet, consequat ac lacus. Quisque ornare, arcu quis lacinia hendrerit, quam metus hendrerit mauris, sit amet luctus turpis sem nec diam. Aliquam feugiat nibh tortor, a varius leo tristique nec. Curabitur dignissim aliquet erat, [&hellip;]","og_url":"https:\/\/cammatch.io\/tr\/terms-and-conditions\/","og_site_name":"Cam Match","twitter_card":"summary_large_image","twitter_misc":{"Tahmini okuma s\u00fcresi":"4 dakika"},"schema":{"@context":"https:\/\/schema.org","@graph":[{"@type":"WebPage","@id":"https:\/\/cammatch.io\/terms-and-conditions\/","url":"https:\/\/cammatch.io\/terms-and-conditions\/","name":"\u015eartlar ve Ko\u015fullar - Cam Match","isPartOf":{"@id":"https:\/\/cammatch.io\/#website"},"datePublished":"2022-11-10T14:32:49+00:00","breadcrumb":{"@id":"https:\/\/cammatch.io\/terms-and-conditions\/#breadcrumb"},"inLanguage":"tr","potentialAction":[{"@type":"ReadAction","target":["https:\/\/cammatch.io\/terms-and-conditions\/"]}]},{"@type":"BreadcrumbList","@id":"https:\/\/cammatch.io\/terms-and-conditions\/#breadcrumb","itemListElement":[{"@type":"ListItem","position":1,"name":"Home","item":"https:\/\/cammatch.io\/"},{"@type":"ListItem","position":2,"name":"Terms and Conditions"}]},{"@type":"WebSite","@id":"https:\/\/cammatch.io\/#website","url":"https:\/\/cammatch.io\/","name":"Kameral\u0131 Ma\u00e7","description":"","potentialAction":[{"@type":"SearchAction","target":{"@type":"EntryPoint","urlTemplate":"https:\/\/cammatch.io\/?s={search_term_string}"},"query-input":{"@type":"PropertyValueSpecification","valueRequired":true,"valueName":"search_term_string"}}],"inLanguage":"tr"}]}},"_links":{"self":[{"href":"https:\/\/cammatch.io\/tr\/wp-json\/wp\/v2\/pages\/265","targetHints":{"allow":["GET"]}}],"collection":[{"href":"https:\/\/cammatch.io\/tr\/wp-json\/wp\/v2\/pages"}],"about":[{"href":"https:\/\/cammatch.io\/tr\/wp-json\/wp\/v2\/types\/page"}],"author":[{"embeddable":true,"href":"https:\/\/cammatch.io\/tr\/wp-json\/wp\/v2\/users\/1"}],"replies":[{"embeddable":true,"href":"https:\/\/cammatch.io\/tr\/wp-json\/wp\/v2\/comments?post=265"}],"version-history":[{"count":0,"href":"https:\/\/cammatch.io\/tr\/wp-json\/wp\/v2\/pages\/265\/revisions"}],"wp:attachment":[{"href":"https:\/\/cammatch.io\/tr\/wp-json\/wp\/v2\/media?parent=265"}],"curies":[{"name":"wp","href":"https:\/\/api.w.org\/{rel}","templated":true}]}}