{"id":309,"date":"2022-11-06T19:44:28","date_gmt":"2022-11-06T19:44:28","guid":{"rendered":"https:\/\/export.mercurytheme.com\/001\/?page_id=2"},"modified":"2025-11-21T07:23:09","modified_gmt":"2025-11-21T07:23:09","slug":"home","status":"publish","type":"page","link":"https:\/\/cammatch.io\/tr\/","title":{"rendered":"Ev"},"content":{"rendered":"<div class=\"wp-block-cover alignfull is-light\" style=\"min-height:600px;aspect-ratio:unset;\"><span aria-hidden=\"true\" class=\"wp-block-cover__background has-background-dim\"><\/span><img loading=\"lazy\" decoding=\"async\" width=\"1024\" height=\"1024\" class=\"wp-block-cover__image-background wp-image-315\" alt=\"\" src=\"https:\/\/cammatch.io\/wp-content\/uploads\/2023\/11\/cam-match.jpg\" data-object-fit=\"cover\" srcset=\"https:\/\/cammatch.io\/wp-content\/uploads\/2023\/11\/cam-match.jpg 1024w, https:\/\/cammatch.io\/wp-content\/uploads\/2023\/11\/cam-match-300x300.jpg 300w, https:\/\/cammatch.io\/wp-content\/uploads\/2023\/11\/cam-match-150x150.jpg 150w, https:\/\/cammatch.io\/wp-content\/uploads\/2023\/11\/cam-match-768x768.jpg 768w, https:\/\/cammatch.io\/wp-content\/uploads\/2023\/11\/cam-match-40x40.jpg 40w, https:\/\/cammatch.io\/wp-content\/uploads\/2023\/11\/cam-match-50x50.jpg 50w, https:\/\/cammatch.io\/wp-content\/uploads\/2023\/11\/cam-match-100x100.jpg 100w, https:\/\/cammatch.io\/wp-content\/uploads\/2023\/11\/cam-match-120x120.jpg 120w, https:\/\/cammatch.io\/wp-content\/uploads\/2023\/11\/cam-match-135x135.jpg 135w, https:\/\/cammatch.io\/wp-content\/uploads\/2023\/11\/cam-match-270x270.jpg 270w, https:\/\/cammatch.io\/wp-content\/uploads\/2023\/11\/cam-match-450x450.jpg 450w, https:\/\/cammatch.io\/wp-content\/uploads\/2023\/11\/cam-match-479x479.jpg 479w, https:\/\/cammatch.io\/wp-content\/uploads\/2023\/11\/cam-match-570x570.jpg 570w, https:\/\/cammatch.io\/wp-content\/uploads\/2023\/11\/cam-match-767x767.jpg 767w, https:\/\/cammatch.io\/wp-content\/uploads\/2023\/11\/cam-match-32x32.jpg 32w, https:\/\/cammatch.io\/wp-content\/uploads\/2023\/11\/cam-match-80x80.jpg 80w\" sizes=\"auto, (max-width: 1024px) 100vw, 1024px\" \/><div class=\"wp-block-cover__inner-container is-layout-flow wp-block-cover-is-layout-flow\">\n<div style=\"height:100px\" aria-hidden=\"true\" class=\"wp-block-spacer\"><\/div>\n\n\n\n<h2 class=\"wp-block-heading has-text-align-center\" style=\"font-size:51px;font-style:italic;font-weight:900\">Rastgele 1v1 Video Sohbeti<\/h2>\n\n\n\n<p class=\"has-text-align-center\" style=\"font-style:normal;font-weight:100\">E\u015fle\u015ftir <a href=\"https:\/\/cammatch.io\/tr\/talkwithstranger\/\">Rastgele Yabanc\u0131lar<\/a> d\u00fcnyan\u0131n her yerinden <a href=\"https:\/\/cammatch.io\/tr\/wireclub\/\">g\u00f6r\u00fcnt\u00fcl\u00fc sohbet<\/a>.<\/p>\n\n\n\n<div class=\"wp-block-buttons is-layout-flex wp-block-buttons-is-layout-flex\">\n<div class=\"wp-block-button aligncenter\"><a class=\"wp-block-button__link has-mercury-white-color has-luminous-vivid-amber-background-color has-text-color has-background wp-element-button\" href=\"https:\/\/cammatch.io\/tr\/coomeet\/\">E\u015fle\u015ftirmeye Ba\u015fla<\/a><\/div>\n<\/div>\n\n\n\n<div style=\"height:100px\" aria-hidden=\"true\" class=\"wp-block-spacer\"><\/div>\n<\/div><\/div>\n\n\n\n\n\n<div style=\"height:30px\" aria-hidden=\"true\" class=\"wp-block-spacer\"><\/div>\n\n\n\n<p class=\"has-text-align-center has-text-color has-small-font-size\" style=\"color:#7f8c8d\">Bu site yaln\u0131zca 18 ya\u015f ve \u00fczeri kullan\u0131c\u0131lar i\u00e7in tasarlanm\u0131\u015ft\u0131r. Bu siteye eri\u015ferek ve kullanarak en az 18 ya\u015f\u0131nda oldu\u011funuzu onaylam\u0131\u015f olursunuz.<\/p>\n\n\n\n<div style=\"height:30px\" aria-hidden=\"true\" class=\"wp-block-spacer\"><\/div>\n\n\n\n<h2 class=\"wp-block-heading\"><strong>Cam Match&#039;e Ho\u015f Geldiniz - En \u0130yi G\u00f6r\u00fcnt\u00fcl\u00fc Sohbet Deneyimi!<\/strong><\/h2>\n\n\n\n<p><strong>\ud83c\udf10 D\u00fcnya \u00c7ap\u0131nda An\u0131nda Ba\u011flant\u0131lar:<\/strong> Cam Match&#039;te co\u011frafi engelleri ortadan kald\u0131r\u0131yoruz. <a href=\"https:\/\/cammatch.io\/tr\/bazoocam\/\">Ba\u011flamak<\/a> d\u00fcnyan\u0131n her k\u00f6\u015fesinden insanlarla tek bir t\u0131klamayla tan\u0131\u015fabilirsiniz. \u0130ster dost canl\u0131s\u0131 bir <a href=\"https:\/\/cammatch.io\/tr\/tohla\/\">sohbet<\/a>, k\u00fclt\u00fcrel bir de\u011fi\u015fim veya daha fazlas\u0131, Cam Match d\u00fcnyay\u0131 an\u0131nda ekran\u0131n\u0131za getiriyor.<\/p>\n\n\n\n<p><strong>\ud83c\udfad Mutlak Anonimlik:<\/strong> Gizlili\u011finiz bizim \u00f6nceli\u011fimizdir. Kimli\u011finizi if\u015fa etme endi\u015fesi olmadan sohbetlerin tad\u0131n\u0131 \u00e7\u0131kar\u0131n. Platformumuz tam anonimlik sa\u011flar - ki\u015fisel bilgi yok, profil yok, sadece saf, spontane etkile\u015fim.<\/p>\n\n\n\n<p><strong>\ud83c\udf1f Kolay ve Eri\u015filebilir:<\/strong> Karma\u015f\u0131k kay\u0131tlar veya indirmeler yok. \u0130nternet ba\u011flant\u0131s\u0131 olan herhangi bir cihazdan Cam Match&#039;e eri\u015fin. Kullan\u0131c\u0131 dostu aray\u00fcz\u00fcm\u00fcz, g\u00f6r\u00fcnt\u00fcl\u00fc sohbeti herkes i\u00e7in \u00e7ocuk oyunca\u011f\u0131 haline getirir.<\/p>\n\n\n\n<p><strong>\ud83d\udd12 G\u00fcvenli ve Emniyetli:<\/strong> En son teknoloji \u015fifreleme ve moderasyonumuzla g\u00fcvenli\u011finizi \u00f6n planda tutuyoruz. Konu\u015fmalar\u0131n\u0131z\u0131n ve verilerinizin korundu\u011funu bilerek kendinizi g\u00fcvende hissedin.<\/p>\n\n\n\n<p><strong>\ud83c\udf08 \u00c7e\u015fitli Topluluk:<\/strong> Herhangi bir anda binlerce kullan\u0131c\u0131 \u00e7evrimi\u00e7i oldu\u011funda, <a href=\"https:\/\/cammatch.io\/tr\/meetskip\/\">tan\u0131\u015fmak<\/a> \u00e7e\u015fitli ge\u00e7mi\u015flere, ilgi alanlar\u0131na ve k\u00fclt\u00fcrlere sahip geni\u015f bir yelpazedeki bireyler. Her sohbet benzersiz ve zenginle\u015ftirici bir deneyim i\u00e7in bir \u015fanst\u0131r.<\/p>\n\n\n\n<p><strong>\ud83c\udfa5 Y\u00fcksek Kaliteli Video ve Ses:<\/strong> Kristal netli\u011finde video ve ses kalitesini deneyimleyin. Platformumuz, konu\u015fmalar\u0131n\u0131z\u0131n olabildi\u011fince ger\u00e7ek ve kesintisiz olmas\u0131n\u0131 sa\u011flar.<\/p>\n\n\n\n<p><strong>\ud83c\udfb2 Rastgele <a href=\"https:\/\/cammatch.io\/tr\/luckycrush\/\">E\u015fle\u015ftirme<\/a> Algoritma:<\/strong> Kaderin bir sonraki sohbet partnerinizi belirlemesine izin verin. Rastgele e\u015fle\u015ftirme algoritmam\u0131z, &#039;\u0130leri&#039;ye her t\u0131klad\u0131\u011f\u0131n\u0131zda sizi yeni ve ilgin\u00e7 insanlarla bulu\u015fturur.<\/p>\n\n\n\n<p><strong>\ud83e\udd16 Yapay Zeka Destekli \u00d6zellikler:<\/strong> AI y\u00fcz filtreleri ve dil \u00e7evirisi gibi geli\u015fmi\u015f \u00f6zelliklerin keyfini \u00e7\u0131kar\u0131n. Dil engellerini a\u015f\u0131n ve konu\u015fmalar\u0131n\u0131za e\u011flenceli bir dokunu\u015f kat\u0131n.<\/p>\n\n\n\n<p><strong>\ud83d\udcf1 Mobil Uyumlu:<\/strong> Cam Match&#039;i yan\u0131n\u0131zda ta\u015f\u0131y\u0131n! Platformumuz mobil cihazlar i\u00e7in optimize edilmi\u015ftir ve nerede olursan\u0131z olun kusursuz bir sohbet deneyimi sa\u011flar.<\/p>\n\n\n\n<div style=\"height:60px\" aria-hidden=\"true\" class=\"wp-block-spacer\"><\/div>\n\n\n\n<div class=\"wp-block-cover alignfull\"><img loading=\"lazy\" decoding=\"async\" width=\"1254\" height=\"836\" class=\"wp-block-cover__image-background wp-image-313\" alt=\"\" src=\"https:\/\/cammatch.io\/wp-content\/uploads\/2023\/11\/chatting.jpg\" data-object-fit=\"cover\" srcset=\"https:\/\/cammatch.io\/wp-content\/uploads\/2023\/11\/chatting.jpg 1254w, https:\/\/cammatch.io\/wp-content\/uploads\/2023\/11\/chatting-300x200.jpg 300w, https:\/\/cammatch.io\/wp-content\/uploads\/2023\/11\/chatting-1024x683.jpg 1024w, https:\/\/cammatch.io\/wp-content\/uploads\/2023\/11\/chatting-768x512.jpg 768w, https:\/\/cammatch.io\/wp-content\/uploads\/2023\/11\/chatting-60x40.jpg 60w, https:\/\/cammatch.io\/wp-content\/uploads\/2023\/11\/chatting-48x32.jpg 48w, https:\/\/cammatch.io\/wp-content\/uploads\/2023\/11\/chatting-120x80.jpg 120w, https:\/\/cammatch.io\/wp-content\/uploads\/2023\/11\/chatting-203x135.jpg 203w\" sizes=\"auto, (max-width: 1254px) 100vw, 1254px\" \/><span aria-hidden=\"true\" class=\"wp-block-cover__background has-background-dim-70 has-background-dim\"><\/span><div class=\"wp-block-cover__inner-container is-layout-flow wp-block-cover-is-layout-flow\">\n<div style=\"height:60px\" aria-hidden=\"true\" class=\"wp-block-spacer\"><\/div>\n\n\n\n<div style=\"height:60px\" aria-hidden=\"true\" class=\"wp-block-spacer\"><\/div>\n\n\n\n<h3 class=\"wp-block-heading\"><strong>Cam Match \u2013 Her T\u0131klaman\u0131n Yeni Bir Macera Oldu\u011fu Yer!<\/strong><\/h3>\n\n\n\n<p>Ba\u011flant\u0131 ve ke\u015fif yolculu\u011funuza bug\u00fcn ba\u015flay\u0131n. Cam Match&#039;e kat\u0131l\u0131n - \u00fccretsiz, e\u011flenceli ve sadece bir t\u0131k uza\u011f\u0131n\u0131zda!<\/p>\n<\/div><\/div>\n\n\n\n<div style=\"height:60px\" aria-hidden=\"true\" class=\"wp-block-spacer\"><\/div>\n\n\n\n<h3 class=\"wp-block-heading\">An\u0131nda Ba\u011flan\u0131n, \u00d6zg\u00fcrce Sohbet Edin<\/h3>\n\n\n\n<p><strong>CamMatch.io<\/strong> kendili\u011finden, bire bir g\u00f6r\u00fc\u015fmeler i\u00e7in zahmetsiz bir portald\u0131r <a href=\"https:\/\/cammatch.io\/tr\/tandoo\/\">g\u00f6r\u00fcnt\u00fcl\u00fc sohbetler<\/a>. Modern sosyal medyan\u0131n karma\u015f\u0131kl\u0131klar\u0131n\u0131 unutun ve d\u00fcnyan\u0131n d\u00f6rt bir yan\u0131ndan yeni insanlarla tan\u0131\u015fman\u0131n basit bir yolunu benimseyin. Kolay ve do\u011frudan bir s\u00fcre\u00e7, hi\u00e7bir ko\u015ful yok\u2014sadece ger\u00e7ek insan ba\u011flant\u0131s\u0131.<\/p>\n\n\n\n<h4 class=\"wp-block-heading\">Neden CamMatch.io?<\/h4>\n\n\n\n<ul class=\"wp-block-list\">\n<li><strong>An\u0131nda Ba\u011flant\u0131:<\/strong> Do\u011frudan atla <a href=\"https:\/\/cammatch.io\/tr\/1v1-video-chat\/\">1&#039;e 1<\/a> Uzun s\u00fcreli kay\u0131t i\u015flemlerine gerek kalmadan sohbet edin.<\/li>\n\n\n\n<li><strong>G\u00fcvenli ve Emniyetli:<\/strong> G\u00fcvenli\u011finiz d\u00fc\u015f\u00fcn\u00fclerek tasarlanm\u0131\u015f \u00f6zel bir alan\u0131n keyfini \u00e7\u0131kar\u0131n.<\/li>\n\n\n\n<li><strong>Kullan\u0131m\u0131 Kolay:<\/strong> Sezgisel platformumuz sayesinde karma\u015f\u0131k ad\u0131mlara gerek duymadan, sadece t\u0131klay\u0131p ba\u011flanabilirsiniz.<\/li>\n\n\n\n<li><strong>K\u00fcresel Topluluk:<\/strong> Her zaman, her yerde sohbet etmeye haz\u0131r, farkl\u0131 ve ilgin\u00e7 insanlarla tan\u0131\u015f\u0131n.<\/li>\n<\/ul>\n\n\n\n<h4 class=\"wp-block-heading\">Nas\u0131l \u00c7al\u0131\u015f\u0131r<\/h4>\n\n\n\n<ol class=\"wp-block-list\">\n<li><strong>Sohbet Etmek \u0130\u00e7in T\u0131klay\u0131n:<\/strong> &quot;Sohbete Ba\u015fla&quot; butonuna t\u0131klay\u0131n ve hemen yeni biriyle e\u015fle\u015ftirilin.<\/li>\n\n\n\n<li><strong>An\u0131nda Ba\u011flan\u0131n:<\/strong> Minimum gecikmeyle kesintisiz bir g\u00f6r\u00fcnt\u00fcl\u00fc sohbet deneyiminin tad\u0131n\u0131 \u00e7\u0131kar\u0131n.<\/li>\n\n\n\n<li><strong>Devam Et veya Daha Derin Ba\u011flan:<\/strong> Konu\u015fmay\u0131 istedi\u011finiz zaman sonland\u0131r\u0131n veya anlaml\u0131 bir ba\u011flant\u0131 i\u00e7in etrafta kal\u0131n.<\/li>\n<\/ol>\n\n\n\n<h4 class=\"wp-block-heading\">Devrime Kat\u0131l\u0131n<\/h4>\n\n\n\n<p>Senaryolu etkile\u015fimlerden uzakla\u015f\u0131n ve ger\u00e7ek konu\u015fmalara dal\u0131n. \u0130ster h\u0131zl\u0131 bir merhaba, ister daha derin bir ba\u011f ar\u0131yor olun, <strong>CamMatch.io<\/strong> sorunsuz, 1&#039;e 1 g\u00f6r\u00fcnt\u00fcl\u00fc sohbetler i\u00e7in gidece\u011finiz yer. Yolculu\u011funuza bug\u00fcn bizimle ba\u015flay\u0131n ve ger\u00e7ek, filtresiz ba\u011flant\u0131n\u0131n \u00f6zg\u00fcrl\u00fc\u011f\u00fcn\u00fc deneyimleyin.<\/p>\n\n\n\n<p><strong>Sohbet etmeye haz\u0131r m\u0131s\u0131n\u0131z? Maceran\u0131za ba\u015flamak i\u00e7in a\u015fa\u011f\u0131ya t\u0131klay\u0131n!<\/strong><\/p>\n\n\n\n<hr class=\"wp-block-separator has-alpha-channel-opacity\"\/>\n\n\n\n<p>Rastgele g\u00f6r\u00fcnt\u00fcl\u00fc sohbetin gelece\u011fini deneyimleyin <strong>CamMatch.io<\/strong> \u2013 her konu\u015fman\u0131n yeni bir olas\u0131l\u0131k oldu\u011fu.<\/p>\n\n\n\n<p><strong>Sorumluluk reddi beyan\u0131<\/strong> Kameral\u0131 Ma\u00e7<\/p>\n\n\n\n<ol class=\"wp-block-list\">\n<li><strong>Ya\u015f S\u0131n\u0131rlamas\u0131<\/strong>: Bu site yaln\u0131zca 18 ya\u015f ve \u00fczeri kullan\u0131c\u0131lar i\u00e7in tasarlanm\u0131\u015ft\u0131r. Bu siteye eri\u015ferek ve kullanarak en az 18 ya\u015f\u0131nda oldu\u011funuzu onaylam\u0131\u015f olursunuz.<\/li>\n\n\n\n<li><strong>Kullan\u0131c\u0131 Etkile\u015fimlerinden Sorumlu De\u011filim<\/strong>: Cam Match, yeti\u015fkin kullan\u0131c\u0131lar\u0131n g\u00f6r\u00fcnt\u00fcl\u00fc sohbete kat\u0131lmas\u0131 i\u00e7in bir platformdur. Sitede veya site d\u0131\u015f\u0131nda herhangi bir kullan\u0131c\u0131n\u0131n davran\u0131\u015flar\u0131ndan sorumlu de\u011filiz. Kullan\u0131c\u0131lar kendi riskleri alt\u0131nda etkile\u015fimde bulunurlar.<\/li>\n\n\n\n<li>\u0130\u00e7erik \u0130zleme ve Kald\u0131rma: Hizmet \u015fartlar\u0131m\u0131z\u0131 ihlal eden veya uygunsuz veya yasad\u0131\u015f\u0131 oldu\u011fu d\u00fc\u015f\u00fcn\u00fclen t\u00fcm i\u00e7erikleri titizlikle izliyor ve derhal kald\u0131r\u0131yoruz. G\u00fcvenli ve sayg\u0131l\u0131 bir \u00e7evrimi\u00e7i ortam\u0131 koruma taahh\u00fcd\u00fcm\u00fcze g\u00fcvenin.<\/li>\n\n\n\n<li><strong>Hizmet \u015eartlar\u0131 S\u00f6zle\u015fmesi<\/strong>: Bu siteyi kullanarak, Hizmet \u015eartlar\u0131m\u0131z\u0131 kabul etmi\u015f olursunuz. Bu \u015fartlar\u0131 d\u00fczenli olarak g\u00f6zden ge\u00e7irmek sizin sorumlulu\u011funuzdad\u0131r.<\/li>\n\n\n\n<li><strong><a href=\"https:\/\/cammatch.io\/tr\/privacy-policy\/\">Gizlilik Politikas\u0131<\/a><\/strong>: Gizlili\u011finiz bizim i\u00e7in \u00f6nemlidir. Bilgilerinizin nas\u0131l kullan\u0131ld\u0131\u011f\u0131n\u0131 ve korundu\u011funu anlamak i\u00e7in l\u00fctfen Gizlilik Politikam\u0131z\u0131 inceleyin.<\/li>\n\n\n\n<li><strong>Bildirim ve Uygulama<\/strong>: Kullan\u0131c\u0131lar\u0131n politikalar\u0131m\u0131z\u0131 ihlal eden herhangi bir davran\u0131\u015f veya i\u00e7eri\u011fi bildirmeleri te\u015fvik edilir. Gerekti\u011finde uygun i\u015flemi yapaca\u011f\u0131z.<\/li>\n\n\n\n<li><strong>Hizmet Garantisi Yok<\/strong>:Sitenin kesintisiz veya hatas\u0131z \u00e7al\u0131\u015fmas\u0131n\u0131 garanti etmiyoruz ve herhangi bir teknik sorun veya aksama durumundan sorumlu de\u011filiz.<\/li>\n\n\n\n<li><strong>De\u011fi\u015fiklikler<\/strong>: Bu feragatname \u00f6nceden haber verilmeksizin de\u011fi\u015ftirilebilir ve herhangi bir de\u011fi\u015fiklikten haberdar olmak kullan\u0131c\u0131n\u0131n sorumlulu\u011fundad\u0131r.<\/li>\n<\/ol>\n\n\n\n<p><strong>Bu siteyi sorumlu bir \u015fekilde ve kendi riskinizle kullan\u0131n.<\/strong><\/p>","protected":false},"excerpt":{"rendered":"<p>Bu site yaln\u0131zca 18 ya\u015f ve \u00fczeri kullan\u0131c\u0131lar i\u00e7in tasarlanm\u0131\u015ft\u0131r. Bu siteye eri\u015ferek ve kullanarak en az 18 ya\u015f\u0131nda oldu\u011funuzu onayl\u0131yorsunuz. Cam Match&#039;e Ho\u015f Geldiniz - En \u0130yi Video Sohbet Deneyimi! \ud83c\udf10 D\u00fcnya \u00c7ap\u0131nda An\u0131nda Ba\u011flant\u0131lar: Cam Match&#039;te co\u011frafi engelleri ortadan kald\u0131r\u0131yoruz. Her yerden insanlarla ba\u011flant\u0131 kurun [\u2026]<\/p>","protected":false},"author":1,"featured_media":0,"parent":0,"menu_order":0,"comment_status":"closed","ping_status":"open","template":"page-without-title.php","meta":{"footnotes":""},"class_list":["post-309","page","type-page","status-publish","hentry"],"yoast_head":"<!-- This site is optimized with the Yoast SEO plugin v26.8 - https:\/\/yoast.com\/product\/yoast-seo-wordpress\/ -->\n<title>CamMatch - Talk to Strangers Through Random Video Chat<\/title>\n<meta name=\"description\" content=\"Discover Cam Match \u2013 Your Gateway to Global Connections! Talk to strangers from across the world through random video chat.\" \/>\n<meta name=\"robots\" content=\"index, follow, max-snippet:-1, max-image-preview:large, max-video-preview:-1\" \/>\n<link rel=\"canonical\" href=\"https:\/\/cammatch.io\/tr\/\" \/>\n<meta property=\"og:locale\" content=\"tr_TR\" \/>\n<meta property=\"og:type\" content=\"article\" \/>\n<meta property=\"og:title\" content=\"CamMatch - Talk to Strangers Through Random Video Chat\" \/>\n<meta property=\"og:description\" content=\"Discover Cam Match \u2013 Your Gateway to Global Connections! Talk to strangers from across the world through random video chat.\" \/>\n<meta property=\"og:url\" content=\"https:\/\/cammatch.io\/tr\/\" \/>\n<meta property=\"og:site_name\" content=\"Cam Match\" \/>\n<meta property=\"article:modified_time\" content=\"2025-11-21T07:23:09+00:00\" \/>\n<meta property=\"og:image\" content=\"https:\/\/cammatch.io\/wp-content\/uploads\/2023\/11\/cam-match.jpg\" \/>\n\t<meta property=\"og:image:width\" content=\"1024\" \/>\n\t<meta property=\"og:image:height\" content=\"1024\" \/>\n\t<meta property=\"og:image:type\" content=\"image\/jpeg\" \/>\n<meta name=\"twitter:card\" content=\"summary_large_image\" \/>\n<meta name=\"twitter:label1\" content=\"Tahmini okuma s\u00fcresi\" \/>\n\t<meta name=\"twitter:data1\" content=\"4 dakika\" \/>\n<script type=\"application\/ld+json\" class=\"yoast-schema-graph\">{\"@context\":\"https:\/\/schema.org\",\"@graph\":[{\"@type\":\"WebPage\",\"@id\":\"https:\/\/cammatch.io\/\",\"url\":\"https:\/\/cammatch.io\/\",\"name\":\"CamMatch - Talk to Strangers Through Random Video Chat\",\"isPartOf\":{\"@id\":\"https:\/\/cammatch.io\/#website\"},\"primaryImageOfPage\":{\"@id\":\"https:\/\/cammatch.io\/#primaryimage\"},\"image\":{\"@id\":\"https:\/\/cammatch.io\/#primaryimage\"},\"thumbnailUrl\":\"https:\/\/cammatch.io\/wp-content\/uploads\/2023\/11\/cam-match.jpg\",\"datePublished\":\"2022-11-06T19:44:28+00:00\",\"dateModified\":\"2025-11-21T07:23:09+00:00\",\"description\":\"Discover Cam Match \u2013 Your Gateway to Global Connections! Talk to strangers from across the world through random video chat.\",\"breadcrumb\":{\"@id\":\"https:\/\/cammatch.io\/#breadcrumb\"},\"inLanguage\":\"tr\",\"potentialAction\":[{\"@type\":\"ReadAction\",\"target\":[\"https:\/\/cammatch.io\/\"]}]},{\"@type\":\"ImageObject\",\"inLanguage\":\"tr\",\"@id\":\"https:\/\/cammatch.io\/#primaryimage\",\"url\":\"https:\/\/cammatch.io\/wp-content\/uploads\/2023\/11\/cam-match.jpg\",\"contentUrl\":\"https:\/\/cammatch.io\/wp-content\/uploads\/2023\/11\/cam-match.jpg\"},{\"@type\":\"BreadcrumbList\",\"@id\":\"https:\/\/cammatch.io\/#breadcrumb\",\"itemListElement\":[{\"@type\":\"ListItem\",\"position\":1,\"name\":\"Home\",\"item\":\"https:\/\/cammatch.io\/\"},{\"@type\":\"ListItem\",\"position\":2,\"name\":\"Home\"}]},{\"@type\":\"WebSite\",\"@id\":\"https:\/\/cammatch.io\/#website\",\"url\":\"https:\/\/cammatch.io\/\",\"name\":\"Cam Match\",\"description\":\"\",\"potentialAction\":[{\"@type\":\"SearchAction\",\"target\":{\"@type\":\"EntryPoint\",\"urlTemplate\":\"https:\/\/cammatch.io\/?s={search_term_string}\"},\"query-input\":{\"@type\":\"PropertyValueSpecification\",\"valueRequired\":true,\"valueName\":\"search_term_string\"}}],\"inLanguage\":\"tr\"}]}<\/script>\n<!-- \/ Yoast SEO plugin. -->","yoast_head_json":{"title":"CamMatch - Rastgele G\u00f6r\u00fcnt\u00fcl\u00fc Sohbet Yoluyla Yabanc\u0131larla Konu\u015fun","description":"Cam Match&#039;i ke\u015ffedin \u2013 K\u00fcresel Ba\u011flant\u0131lara A\u00e7\u0131lan Kap\u0131n\u0131z! Rastgele g\u00f6r\u00fcnt\u00fcl\u00fc sohbet yoluyla d\u00fcnyan\u0131n d\u00f6rt bir yan\u0131ndaki yabanc\u0131larla konu\u015fun.","robots":{"index":"index","follow":"follow","max-snippet":"max-snippet:-1","max-image-preview":"max-image-preview:large","max-video-preview":"max-video-preview:-1"},"canonical":"https:\/\/cammatch.io\/tr\/","og_locale":"tr_TR","og_type":"article","og_title":"CamMatch - Talk to Strangers Through Random Video Chat","og_description":"Discover Cam Match \u2013 Your Gateway to Global Connections! Talk to strangers from across the world through random video chat.","og_url":"https:\/\/cammatch.io\/tr\/","og_site_name":"Cam Match","article_modified_time":"2025-11-21T07:23:09+00:00","og_image":[{"width":1024,"height":1024,"url":"https:\/\/cammatch.io\/wp-content\/uploads\/2023\/11\/cam-match.jpg","type":"image\/jpeg"}],"twitter_card":"summary_large_image","twitter_misc":{"Tahmini okuma s\u00fcresi":"4 dakika"},"schema":{"@context":"https:\/\/schema.org","@graph":[{"@type":"WebPage","@id":"https:\/\/cammatch.io\/","url":"https:\/\/cammatch.io\/","name":"CamMatch - Rastgele G\u00f6r\u00fcnt\u00fcl\u00fc Sohbet Yoluyla Yabanc\u0131larla Konu\u015fun","isPartOf":{"@id":"https:\/\/cammatch.io\/#website"},"primaryImageOfPage":{"@id":"https:\/\/cammatch.io\/#primaryimage"},"image":{"@id":"https:\/\/cammatch.io\/#primaryimage"},"thumbnailUrl":"https:\/\/cammatch.io\/wp-content\/uploads\/2023\/11\/cam-match.jpg","datePublished":"2022-11-06T19:44:28+00:00","dateModified":"2025-11-21T07:23:09+00:00","description":"Cam Match&#039;i ke\u015ffedin \u2013 K\u00fcresel Ba\u011flant\u0131lara A\u00e7\u0131lan Kap\u0131n\u0131z! Rastgele g\u00f6r\u00fcnt\u00fcl\u00fc sohbet yoluyla d\u00fcnyan\u0131n d\u00f6rt bir yan\u0131ndaki yabanc\u0131larla konu\u015fun.","breadcrumb":{"@id":"https:\/\/cammatch.io\/#breadcrumb"},"inLanguage":"tr","potentialAction":[{"@type":"ReadAction","target":["https:\/\/cammatch.io\/"]}]},{"@type":"ImageObject","inLanguage":"tr","@id":"https:\/\/cammatch.io\/#primaryimage","url":"https:\/\/cammatch.io\/wp-content\/uploads\/2023\/11\/cam-match.jpg","contentUrl":"https:\/\/cammatch.io\/wp-content\/uploads\/2023\/11\/cam-match.jpg"},{"@type":"BreadcrumbList","@id":"https:\/\/cammatch.io\/#breadcrumb","itemListElement":[{"@type":"ListItem","position":1,"name":"Home","item":"https:\/\/cammatch.io\/"},{"@type":"ListItem","position":2,"name":"Home"}]},{"@type":"WebSite","@id":"https:\/\/cammatch.io\/#website","url":"https:\/\/cammatch.io\/","name":"Kameral\u0131 Ma\u00e7","description":"","potentialAction":[{"@type":"SearchAction","target":{"@type":"EntryPoint","urlTemplate":"https:\/\/cammatch.io\/?s={search_term_string}"},"query-input":{"@type":"PropertyValueSpecification","valueRequired":true,"valueName":"search_term_string"}}],"inLanguage":"tr"}]}},"_links":{"self":[{"href":"https:\/\/cammatch.io\/tr\/wp-json\/wp\/v2\/pages\/309","targetHints":{"allow":["GET"]}}],"collection":[{"href":"https:\/\/cammatch.io\/tr\/wp-json\/wp\/v2\/pages"}],"about":[{"href":"https:\/\/cammatch.io\/tr\/wp-json\/wp\/v2\/types\/page"}],"author":[{"embeddable":true,"href":"https:\/\/cammatch.io\/tr\/wp-json\/wp\/v2\/users\/1"}],"replies":[{"embeddable":true,"href":"https:\/\/cammatch.io\/tr\/wp-json\/wp\/v2\/comments?post=309"}],"version-history":[{"count":5,"href":"https:\/\/cammatch.io\/tr\/wp-json\/wp\/v2\/pages\/309\/revisions"}],"predecessor-version":[{"id":928,"href":"https:\/\/cammatch.io\/tr\/wp-json\/wp\/v2\/pages\/309\/revisions\/928"}],"wp:attachment":[{"href":"https:\/\/cammatch.io\/tr\/wp-json\/wp\/v2\/media?parent=309"}],"curies":[{"name":"wp","href":"https:\/\/api.w.org\/{rel}","templated":true}]}}