{"id":802,"date":"2024-09-25T01:30:40","date_gmt":"2024-09-25T01:30:40","guid":{"rendered":"https:\/\/cammatch.io\/?page_id=802"},"modified":"2024-09-25T01:30:42","modified_gmt":"2024-09-25T01:30:42","slug":"about-us","status":"publish","type":"page","link":"https:\/\/cammatch.io\/tr\/about-us\/","title":{"rendered":"Hakk\u0131m\u0131zda"},"content":{"rendered":"<p>Ho\u015f geldiniz <strong>Kameral\u0131 Ma\u00e7<\/strong>\u2014tasarlanm\u0131\u015f birinci s\u0131n\u0131f platform <a href=\"https:\/\/cammatch.io\/tr\/bazoocam\/\">ba\u011flamak<\/a> en iyisiyle sen <a href=\"https:\/\/cammatch.io\/tr\/wireclub\/\">kameral\u0131 sohbet<\/a> Tercihlerinize g\u00f6re uyarlanm\u0131\u015f siteler. G\u00fcn\u00fcm\u00fcz\u00fcn dijital \u00e7a\u011f\u0131nda, anlaml\u0131 ba\u011flant\u0131lar sadece bir t\u0131k uza\u011f\u0131n\u0131zda. Yeni arkada\u015fl\u0131klar, ilgi \u00e7ekici sohbetler veya \u00e7evrimi\u00e7i video ileti\u015fim d\u00fcnyas\u0131n\u0131 ke\u015ffetmek istiyorsan\u0131z, Cam Match size rehberlik etmek i\u00e7in burada.<\/p>\n\n\n\n<p><strong>Misyonumuz<\/strong><\/p>\n\n\n\n<p>Cam Match&#039;te misyonumuz, m\u00fckemmel kameray\u0131 araman\u0131z\u0131 kolayla\u015ft\u0131rmakt\u0131r <a href=\"https:\/\/cammatch.io\/tr\/tohla\/\">sohbet<\/a> deneyim. Say\u0131s\u0131z se\u00e7ene\u011fin mevcut oldu\u011funu ve do\u011fru platformu bulman\u0131n bunalt\u0131c\u0131 olabilece\u011fini anl\u0131yoruz. Bu y\u00fczden kusursuz bir <a href=\"https:\/\/cammatch.io\/tr\/luckycrush\/\">e\u015fle\u015fen<\/a> \u0130lgi ve ihtiya\u00e7lar\u0131n\u0131za uygun kameral\u0131 sohbet siteleriyle sizi bulu\u015fturan sistem.<\/p>\n\n\n\n<p><strong>Ne Yap\u0131yoruz<\/strong><\/p>\n\n\n\n<ul class=\"wp-block-list\">\n<li><strong>Ki\u015fiselle\u015ftirilmi\u015f E\u015fle\u015ftirme<\/strong>:Geli\u015fmi\u015f algoritmalar\u0131m\u0131z tercihlerinizi g\u00f6z \u00f6n\u00fcnde bulundurarak arad\u0131\u011f\u0131n\u0131z deneyimleri sunan kameral\u0131 sohbet siteleriyle sizi e\u015fle\u015ftirir.<\/li>\n\n\n\n<li><strong>Se\u00e7ilmi\u015f Se\u00e7imler<\/strong>:G\u00fcvenli, ilgi \u00e7ekici ve y\u00fcksek kaliteli hizmetlere eri\u015febilmenizi sa\u011flamak i\u00e7in \u00e7e\u015fitli sayg\u0131n kameral\u0131 sohbet platformlar\u0131yla ortakl\u0131k kuruyoruz.<\/li>\n\n\n\n<li><strong>Kullan\u0131c\u0131 Yorumlar\u0131 ve Puanlar\u0131<\/strong>: Toplulu\u011fumuzun i\u00e7g\u00f6r\u00fclerinden yararlan\u0131n. Bilin\u00e7li kararlar almak i\u00e7in ger\u00e7ek kullan\u0131c\u0131 yorumlar\u0131n\u0131 ve derecelendirmelerini okuyun.<\/li>\n<\/ul>\n\n\n\n<p><strong>Neden Cam Match&#039;i Se\u00e7melisiniz<\/strong><\/p>\n\n\n\n<ul class=\"wp-block-list\">\n<li><strong>Uzman Rehberli\u011fi<\/strong>: Ekibimiz yaln\u0131zca en iyi kameral\u0131 sohbet sitelerini ara\u015ft\u0131rmaya ve onlarla ortakl\u0131k kurmaya adam\u0131\u015ft\u0131r.<\/li>\n\n\n\n<li><strong>Kullan\u0131c\u0131 Merkezli Yakla\u015f\u0131m<\/strong>: Memnuniyetiniz bizim \u00f6nceli\u011fimizdir. E\u015fle\u015ftirme s\u00fcrecimizi kullan\u0131c\u0131 geri bildirimlerine g\u00f6re s\u00fcrekli olarak iyile\u015ftiriyoruz.<\/li>\n\n\n\n<li><strong>G\u00fcvenli ve G\u00fcvenilir<\/strong>:G\u00fcvenlik ve gizlilik standartlar\u0131n\u0131 s\u0131k\u0131 bir \u015fekilde koruyan platformlarla i\u015f birli\u011fi yaparak g\u00fcvenli\u011finizi \u00f6n planda tutuyoruz.<\/li>\n<\/ul>\n\n\n\n<p><strong>Toplulu\u011fumuza Kat\u0131l\u0131n<\/strong><\/p>\n\n\n\n<p>Heyecan verici kameral\u0131 sohbet deneyimlerini ke\u015ffetme yolculu\u011funuza \u00e7\u0131k\u0131n. Cam Match ile kalite ve g\u00fcvenilirli\u011fi sa\u011flamak i\u00e7in gerekli \u00e7al\u0131\u015fmalar\u0131 yapt\u0131\u011f\u0131m\u0131z\u0131 bilerek yeni platformlar\u0131 g\u00fcvenle ke\u015ffedebilirsiniz.<\/p>\n\n\n\n<p><strong>Yolunuzu Ba\u011flay\u0131n<\/strong><\/p>\n\n\n\n<p>\u0130ster s\u0131radan sohbetlerle, ister derin sohbetlerle veya d\u00fcnyan\u0131n d\u00f6rt bir yan\u0131ndan insanlarla tan\u0131\u015fmakla ilgilenin, Cam Match olas\u0131l\u0131klar d\u00fcnyas\u0131n\u0131n kap\u0131lar\u0131n\u0131 a\u00e7ar. Sizinle uyumlu m\u00fckemmel kamera sohbet sitesini bulman\u0131za yard\u0131mc\u0131 olal\u0131m.<\/p>\n\n\n\n<p><strong>Bug\u00fcn Ba\u015flay\u0131n<\/strong><\/p>\n\n\n\n<p>\u0130deal kameral\u0131 sohbet platformunuzu bulmaya haz\u0131r m\u0131s\u0131n\u0131z? Ki\u015fiselle\u015ftirilmi\u015f e\u015fle\u015ftirme s\u00fcrecinizi ba\u015flat\u0131n ve daha \u00f6nce hi\u00e7 olmad\u0131\u011f\u0131 gibi ba\u011flant\u0131 kurmaya ba\u015flay\u0131n!<\/p>\n\n\n\n<hr class=\"wp-block-separator has-alpha-channel-opacity\"\/>\n\n\n\n<p>Cam Match&#039;i se\u00e7ti\u011finiz i\u00e7in te\u015fekk\u00fcr ederiz. Anlaml\u0131 ve keyifli \u00e7evrimi\u00e7i etkile\u015fimlere do\u011fru yolculu\u011funuzun bir par\u00e7as\u0131 olmaktan heyecan duyuyoruz!<\/p>","protected":false},"excerpt":{"rendered":"<p>Cam Match&#039;e ho\u015f geldiniz\u2014tercihlerinize g\u00f6re uyarlanm\u0131\u015f en iyi kamera sohbet siteleriyle sizi bulu\u015fturmak i\u00e7in tasarlanm\u0131\u015f birinci s\u0131n\u0131f platform. G\u00fcn\u00fcm\u00fcz\u00fcn dijital \u00e7a\u011f\u0131nda, anlaml\u0131 ba\u011flant\u0131lar sadece bir t\u0131k uza\u011f\u0131n\u0131zda. \u0130ster yeni arkada\u015fl\u0131klar, ilgi \u00e7ekici sohbetler ar\u0131yor olun, ister \u00e7evrimi\u00e7i video ileti\u015fim d\u00fcnyas\u0131n\u0131 ke\u015ffetmek istiyor olun, Cam Match size rehberlik etmek i\u00e7in burada. Misyonumuz [\u2026]<\/p>","protected":false},"author":1,"featured_media":0,"parent":0,"menu_order":0,"comment_status":"closed","ping_status":"closed","template":"page-no-sidebar.php","meta":{"footnotes":""},"class_list":["post-802","page","type-page","status-publish","hentry"],"yoast_head":"<!-- This site is optimized with the Yoast SEO plugin v26.8 - https:\/\/yoast.com\/product\/yoast-seo-wordpress\/ -->\n<title>About Us - Cam Match<\/title>\n<meta name=\"robots\" content=\"index, follow, max-snippet:-1, max-image-preview:large, max-video-preview:-1\" \/>\n<link rel=\"canonical\" href=\"https:\/\/cammatch.io\/tr\/about-us\/\" \/>\n<meta property=\"og:locale\" content=\"tr_TR\" \/>\n<meta property=\"og:type\" content=\"article\" \/>\n<meta property=\"og:title\" content=\"About Us - Cam Match\" \/>\n<meta property=\"og:description\" content=\"Welcome to Cam Match\u2014the premier platform designed to connect you with the best cam chat sites tailored to your preferences. In today&#8217;s digital age, meaningful connections are just a click away. Whether you&#8217;re seeking new friendships, engaging conversations, or exploring the world of online video communication, Cam Match is here to guide you. Our Mission [&hellip;]\" \/>\n<meta property=\"og:url\" content=\"https:\/\/cammatch.io\/tr\/about-us\/\" \/>\n<meta property=\"og:site_name\" content=\"Cam Match\" \/>\n<meta property=\"article:modified_time\" content=\"2024-09-25T01:30:42+00:00\" \/>\n<meta name=\"twitter:card\" content=\"summary_large_image\" \/>\n<meta name=\"twitter:label1\" content=\"Tahmini okuma s\u00fcresi\" \/>\n\t<meta name=\"twitter:data1\" content=\"2 dakika\" \/>\n<script type=\"application\/ld+json\" class=\"yoast-schema-graph\">{\"@context\":\"https:\/\/schema.org\",\"@graph\":[{\"@type\":\"WebPage\",\"@id\":\"https:\/\/cammatch.io\/about-us\/\",\"url\":\"https:\/\/cammatch.io\/about-us\/\",\"name\":\"About Us - Cam Match\",\"isPartOf\":{\"@id\":\"https:\/\/cammatch.io\/#website\"},\"datePublished\":\"2024-09-25T01:30:40+00:00\",\"dateModified\":\"2024-09-25T01:30:42+00:00\",\"breadcrumb\":{\"@id\":\"https:\/\/cammatch.io\/about-us\/#breadcrumb\"},\"inLanguage\":\"tr\",\"potentialAction\":[{\"@type\":\"ReadAction\",\"target\":[\"https:\/\/cammatch.io\/about-us\/\"]}]},{\"@type\":\"BreadcrumbList\",\"@id\":\"https:\/\/cammatch.io\/about-us\/#breadcrumb\",\"itemListElement\":[{\"@type\":\"ListItem\",\"position\":1,\"name\":\"Home\",\"item\":\"https:\/\/cammatch.io\/\"},{\"@type\":\"ListItem\",\"position\":2,\"name\":\"About Us\"}]},{\"@type\":\"WebSite\",\"@id\":\"https:\/\/cammatch.io\/#website\",\"url\":\"https:\/\/cammatch.io\/\",\"name\":\"Cam Match\",\"description\":\"\",\"potentialAction\":[{\"@type\":\"SearchAction\",\"target\":{\"@type\":\"EntryPoint\",\"urlTemplate\":\"https:\/\/cammatch.io\/?s={search_term_string}\"},\"query-input\":{\"@type\":\"PropertyValueSpecification\",\"valueRequired\":true,\"valueName\":\"search_term_string\"}}],\"inLanguage\":\"tr\"}]}<\/script>\n<!-- \/ Yoast SEO plugin. -->","yoast_head_json":{"title":"Hakk\u0131m\u0131zda - Cam Match","robots":{"index":"index","follow":"follow","max-snippet":"max-snippet:-1","max-image-preview":"max-image-preview:large","max-video-preview":"max-video-preview:-1"},"canonical":"https:\/\/cammatch.io\/tr\/about-us\/","og_locale":"tr_TR","og_type":"article","og_title":"About Us - Cam Match","og_description":"Welcome to Cam Match\u2014the premier platform designed to connect you with the best cam chat sites tailored to your preferences. In today&#8217;s digital age, meaningful connections are just a click away. Whether you&#8217;re seeking new friendships, engaging conversations, or exploring the world of online video communication, Cam Match is here to guide you. Our Mission [&hellip;]","og_url":"https:\/\/cammatch.io\/tr\/about-us\/","og_site_name":"Cam Match","article_modified_time":"2024-09-25T01:30:42+00:00","twitter_card":"summary_large_image","twitter_misc":{"Tahmini okuma s\u00fcresi":"2 dakika"},"schema":{"@context":"https:\/\/schema.org","@graph":[{"@type":"WebPage","@id":"https:\/\/cammatch.io\/about-us\/","url":"https:\/\/cammatch.io\/about-us\/","name":"Hakk\u0131m\u0131zda - Cam Match","isPartOf":{"@id":"https:\/\/cammatch.io\/#website"},"datePublished":"2024-09-25T01:30:40+00:00","dateModified":"2024-09-25T01:30:42+00:00","breadcrumb":{"@id":"https:\/\/cammatch.io\/about-us\/#breadcrumb"},"inLanguage":"tr","potentialAction":[{"@type":"ReadAction","target":["https:\/\/cammatch.io\/about-us\/"]}]},{"@type":"BreadcrumbList","@id":"https:\/\/cammatch.io\/about-us\/#breadcrumb","itemListElement":[{"@type":"ListItem","position":1,"name":"Home","item":"https:\/\/cammatch.io\/"},{"@type":"ListItem","position":2,"name":"About Us"}]},{"@type":"WebSite","@id":"https:\/\/cammatch.io\/#website","url":"https:\/\/cammatch.io\/","name":"Kameral\u0131 Ma\u00e7","description":"","potentialAction":[{"@type":"SearchAction","target":{"@type":"EntryPoint","urlTemplate":"https:\/\/cammatch.io\/?s={search_term_string}"},"query-input":{"@type":"PropertyValueSpecification","valueRequired":true,"valueName":"search_term_string"}}],"inLanguage":"tr"}]}},"_links":{"self":[{"href":"https:\/\/cammatch.io\/tr\/wp-json\/wp\/v2\/pages\/802","targetHints":{"allow":["GET"]}}],"collection":[{"href":"https:\/\/cammatch.io\/tr\/wp-json\/wp\/v2\/pages"}],"about":[{"href":"https:\/\/cammatch.io\/tr\/wp-json\/wp\/v2\/types\/page"}],"author":[{"embeddable":true,"href":"https:\/\/cammatch.io\/tr\/wp-json\/wp\/v2\/users\/1"}],"replies":[{"embeddable":true,"href":"https:\/\/cammatch.io\/tr\/wp-json\/wp\/v2\/comments?post=802"}],"version-history":[{"count":1,"href":"https:\/\/cammatch.io\/tr\/wp-json\/wp\/v2\/pages\/802\/revisions"}],"predecessor-version":[{"id":803,"href":"https:\/\/cammatch.io\/tr\/wp-json\/wp\/v2\/pages\/802\/revisions\/803"}],"wp:attachment":[{"href":"https:\/\/cammatch.io\/tr\/wp-json\/wp\/v2\/media?parent=802"}],"curies":[{"name":"wp","href":"https:\/\/api.w.org\/{rel}","templated":true}]}}